{"id":1299,"date":"2026-03-05T23:40:53","date_gmt":"2026-03-05T22:40:53","guid":{"rendered":"https:\/\/studio48nord.de\/agb\/"},"modified":"2026-03-18T22:54:57","modified_gmt":"2026-03-18T21:54:57","slug":"agb","status":"publish","type":"page","link":"https:\/\/studio48nord.de\/es\/agb\/","title":{"rendered":"AGB"},"content":{"rendered":"\t\t<div data-elementor-type=\"wp-page\" data-elementor-id=\"1299\" class=\"elementor elementor-1299 elementor-1283\" data-elementor-post-type=\"page\">\n\t\t\t\t<div class=\"elementor-element elementor-element-e5e5d36 e-flex e-con-boxed e-con e-parent\" data-id=\"e5e5d36\" data-element_type=\"container\" data-e-type=\"container\">\n\t\t\t\t\t<div class=\"e-con-inner\">\n\t\t\t\t<div class=\"elementor-element elementor-element-cc968a5 elementor-widget elementor-widget-html\" data-id=\"cc968a5\" data-element_type=\"widget\" data-e-type=\"widget\" data-widget_type=\"html.default\">\n\t\t\t\t\t<h2>Condiciones Generales (AGB)<\/h2>\n\n<h3>\u00a7 1 \u00c1mbito de aplicaci\u00f3n<\/h3>\n<p>Los siguientes t\u00e9rminos y condiciones se aplican a todos los pedidos realizados a trav\u00e9s de nuestra tienda online por consumidores y empresarios.<\/p>\n<p>Un consumidor es cualquier persona f\u00edsica que celebre un negocio jur\u00eddico con fines predominantemente ajenos a su actividad comercial, empresarial o profesional. Un empresario es una persona f\u00edsica o jur\u00eddica o una sociedad con capacidad jur\u00eddica que, al celebrar un negocio jur\u00eddico, act\u00faa en ejercicio de su actividad comercial, empresarial o profesional. <\/p>\n\n<h3>\u00a7 2 Contractual partner, conclusi\u00f3n del contrato<\/h3>\n<p>El contrato de compra se celebra con <strong>Studio48\u00b0Nord, Max Fraunhofer, Konradinstra\u00dfe 18, 81543 M\u00fanich.<\/strong><\/p>\n<p>La presentaci\u00f3n de los productos en la tienda online no constituye una oferta jur\u00eddicamente vinculante, sino un cat\u00e1logo online no vinculante. Al hacer clic en el bot\u00f3n de pedido, realizas un pedido vinculante de los productos contenidos en la cesta de la compra. La confirmaci\u00f3n de la recepci\u00f3n del pedido se env\u00eda junto con la aceptaci\u00f3n del mismo inmediatamente despu\u00e9s de su env\u00edo mediante un correo electr\u00f3nico automatizado. El contrato de compra se perfecciona con esta confirmaci\u00f3n por correo electr\u00f3nico.   <\/p>\n\n<h3>\u00a7 3 Lenguaje contractual, almacenamiento de texto contractual<\/h3>\n<p>La lengua disponible para la celebraci\u00f3n del contrato es el alem\u00e1n.<\/p>\n<p>Guardamos el texto del contrato y te enviamos los datos del pedido y nuestras condiciones generales por correo electr\u00f3nico. Por motivos de seguridad, el texto del contrato ya no es accesible a trav\u00e9s de Internet. <\/p>\n\n<h3>\u00a7 4 Condiciones de entrega<\/h3>\n<p>Pueden aplicarse gastos de env\u00edo adem\u00e1s de los precios indicados de los productos. Puedes obtener m\u00e1s informaci\u00f3n sobre los gastos de env\u00edo en las ofertas. <\/p>\n<p>S\u00f3lo realizamos entregas por env\u00edo. Lamentablemente, no es posible recoger la mercanc\u00eda t\u00fa mismo. <\/p>\n\n<h3>\u00a7 5 Pago<\/h3>\n<p>En nuestra tienda est\u00e1n disponibles los siguientes m\u00e9todos de pago:<\/p>\n<ul>\n    <li><strong>PayPal:<\/strong> Durante el proceso de pedido, ser\u00e1s redirigido a la p\u00e1gina web del proveedor online PayPal. Para poder pagar el importe de la factura a trav\u00e9s de PayPal, debes estar registrado all\u00ed o registrarte primero, legitimarte con tus datos de acceso y confirmarnos la instrucci\u00f3n de pago. Tras realizar el pedido en la tienda, solicitaremos a PayPal que inicie la transacci\u00f3n de pago.  <\/li>\n    <li>Tarjeta de <strong>cr\u00e9dito:<\/strong> Cuando realizas tu pedido, tambi\u00e9n nos env\u00edas los datos de tu tarjeta de cr\u00e9dito. Una vez que te hayamos legitimado como titular leg\u00edtimo de la tarjeta, pediremos a la entidad emisora de la tarjeta de cr\u00e9dito que inicie la operaci\u00f3n de pago inmediatamente despu\u00e9s de realizar el pedido. <\/li>\n    <li><strong>Apple Pay \/ Google Pay:<\/strong> Puedes utilizar los servicios de pago integrados para pagar el importe de la factura de forma c\u00f3moda y segura utilizando el m\u00e9todo de pago almacenado en tu dispositivo. El pago se procesa inmediatamente despu\u00e9s de que hayas realizado y confirmado el pedido a trav\u00e9s de tu dispositivo respectivo. <\/li>\n<\/ul>\n<p>Todos los precios son precios totales. El impuesto sobre el valor a\u00f1adido no se indica de acuerdo con el art\u00edculo 19 de la UStG. <\/p>\n\n<h3>\u00a7 6 Derecho de cancelaci\u00f3n y condiciones de devoluci\u00f3n<\/h3>\n<p>Los consumidores tienen derecho al derecho legal de cancelaci\u00f3n. Tienes derecho a desistir del presente contrato en un plazo de catorce d\u00edas sin necesidad de justificaci\u00f3n. El plazo de desistimiento es de catorce d\u00edas a partir del d\u00eda en que t\u00fa o un tercero nombrado por ti tomasteis posesi\u00f3n de los bienes.  <\/p>\n<p>Para ejercer el derecho de desistimiento, debes informarnos (Studio48\u00b0Nord, Max Fraunhofer, Konradinstra\u00dfe 18, 81543 M\u00fcnchen, E-Mail: mail@studio48nord.de) de tu decisi\u00f3n de desistir del presente contrato mediante una declaraci\u00f3n clara.<\/p>\n<p><strong>Devoluciones y costes:<\/strong><br>Deber\u00e1s devolvernos o entregarnos los bienes inmediatamente y, en cualquier caso, en el plazo m\u00e1ximo de catorce d\u00edas a partir del d\u00eda en que nos comuniques la resoluci\u00f3n del presente contrato. Correr\u00e1s con los gastos directos de devoluci\u00f3n de los bienes. <\/p>\n<p><strong>Reembolso y estado de los bienes:<\/strong><br>Si cancelas este contrato, debemos reembolsarte todos los pagos que hayamos recibido de ti (incluidos los gastos de env\u00edo) sin demora y, a m\u00e1s tardar, en un plazo de catorce d\u00edas a partir del d\u00eda en que recibamos la notificaci\u00f3n de tu cancelaci\u00f3n. Podemos negarnos a reembolsarte hasta que hayamos recibido los bienes de vuelta. S\u00f3lo ser\u00e1s responsable de la disminuci\u00f3n de valor de los bienes resultante de una manipulaci\u00f3n distinta a la necesaria para establecer la naturaleza, las caracter\u00edsticas y el funcionamiento de los bienes.  <\/p>\n<p>A los empresarios no se les concede un derecho voluntario de cancelaci\u00f3n.<\/p>\n\n<h3>\u00a7 7 Reserva de dominio<\/h3>\n<p>La mercanc\u00eda seguir\u00e1 siendo de nuestra propiedad hasta que hayamos recibido el pago completo.<\/p>\n\n<h3>\u00a7 8 Da\u00f1os de transporte<\/h3>\n<p><strong>Lo siguiente se aplica a los consumidores:<\/strong> Si la mercanc\u00eda se entrega con da\u00f1os evidentes de transporte, reclama dichos defectos al repartidor lo antes posible y ponte en contacto con nosotros inmediatamente. El hecho de no presentar una reclamaci\u00f3n o de no ponerte en contacto con nosotros no tiene consecuencias para tus reclamaciones legales y su aplicaci\u00f3n, en particular tus derechos de garant\u00eda. Sin embargo, nos ayudar\u00e1 a poder hacer valer nuestras propias reclamaciones contra el transportista o la compa\u00f1\u00eda de seguros de transporte.  <\/p>\n\n<h3>\u00a7 9 Garant\u00eda<\/h3>\n<p>A menos que se acuerde expresamente lo contrario a continuaci\u00f3n, se aplicar\u00e1 la responsabilidad legal por defectos.<\/p>\n<p>Encontrar\u00e1s informaci\u00f3n sobre las garant\u00edas adicionales que puedan aplicarse y sus condiciones exactas junto con el producto y en las p\u00e1ginas de informaci\u00f3n especial de la tienda online.<\/p>\n\n<h3>\u00a7 10 Resoluci\u00f3n de conflictos<\/h3>\n<p>La Comisi\u00f3n Europea proporciona una plataforma para la resoluci\u00f3n de litigios en l\u00ednea (OS), que puedes encontrar aqu\u00ed: <a href=\"https:\/\/ec.europa.eu\/consumers\/odr\/\" target=\"_blank\" rel=\"noopener noreferrer\">https:\/\/ec.europa.eu\/consumers\/odr\/<\/a>.<\/p>\n<p>No estamos dispuestos ni obligados a participar en procedimientos de resoluci\u00f3n de litigios ante una junta de arbitraje de consumo.<\/p>\t\t\t\t<\/div>\n\t\t\t\t\t<\/div>\n\t\t\t\t<\/div>\n\t\t\t\t<\/div>\n\t\t","protected":false},"excerpt":{"rendered":"<p>Condiciones Generales (AGB) \u00a7 1 \u00c1mbito de aplicaci\u00f3n Los siguientes t\u00e9rminos y condiciones se aplican a todos los pedidos realizados a trav\u00e9s de nuestra tienda online por consumidores y empresarios. Un consumidor es cualquier persona f\u00edsica que celebre un negocio jur\u00eddico con fines predominantemente ajenos a su actividad comercial, empresarial o profesional. Un empresario es [&hellip;]<\/p>\n","protected":false},"author":1,"featured_media":0,"parent":0,"menu_order":0,"comment_status":"closed","ping_status":"closed","template":"","meta":{"footnotes":""},"class_list":["post-1299","page","type-page","status-publish","hentry"],"yoast_head":"<!-- This site is optimized with the Yoast SEO plugin v27.3 - https:\/\/yoast.com\/product\/yoast-seo-wordpress\/ -->\n<title>AGB - studio48nord.de<\/title>\n<meta name=\"robots\" content=\"index, follow, max-snippet:-1, max-image-preview:large, max-video-preview:-1\" \/>\n<link rel=\"canonical\" href=\"https:\/\/studio48nord.de\/es\/agb\/\" \/>\n<meta property=\"og:locale\" content=\"es_ES\" \/>\n<meta property=\"og:type\" content=\"article\" \/>\n<meta property=\"og:title\" content=\"AGB - studio48nord.de\" \/>\n<meta property=\"og:description\" content=\"Condiciones Generales (AGB) \u00a7 1 \u00c1mbito de aplicaci\u00f3n Los siguientes t\u00e9rminos y condiciones se aplican a todos los pedidos realizados a trav\u00e9s de nuestra tienda online por consumidores y empresarios. Un consumidor es cualquier persona f\u00edsica que celebre un negocio jur\u00eddico con fines predominantemente ajenos a su actividad comercial, empresarial o profesional. Un empresario es [&hellip;]\" \/>\n<meta property=\"og:url\" content=\"https:\/\/studio48nord.de\/es\/agb\/\" \/>\n<meta property=\"og:site_name\" content=\"studio48nord.de\" \/>\n<meta property=\"article:modified_time\" content=\"2026-03-18T21:54:57+00:00\" \/>\n<meta name=\"twitter:card\" content=\"summary_large_image\" \/>\n<meta name=\"twitter:label1\" content=\"Tiempo de lectura\" \/>\n\t<meta name=\"twitter:data1\" content=\"5 minutos\" \/>\n<script type=\"application\/ld+json\" class=\"yoast-schema-graph\">{\"@context\":\"https:\\\/\\\/schema.org\",\"@graph\":[{\"@type\":\"WebPage\",\"@id\":\"https:\\\/\\\/studio48nord.de\\\/es\\\/agb\\\/\",\"url\":\"https:\\\/\\\/studio48nord.de\\\/es\\\/agb\\\/\",\"name\":\"AGB - studio48nord.de\",\"isPartOf\":{\"@id\":\"https:\\\/\\\/studio48nord.de\\\/es\\\/#website\"},\"datePublished\":\"2026-03-05T22:40:53+00:00\",\"dateModified\":\"2026-03-18T21:54:57+00:00\",\"breadcrumb\":{\"@id\":\"https:\\\/\\\/studio48nord.de\\\/es\\\/agb\\\/#breadcrumb\"},\"inLanguage\":\"es\",\"potentialAction\":[{\"@type\":\"ReadAction\",\"target\":[\"https:\\\/\\\/studio48nord.de\\\/es\\\/agb\\\/\"]}]},{\"@type\":\"BreadcrumbList\",\"@id\":\"https:\\\/\\\/studio48nord.de\\\/es\\\/agb\\\/#breadcrumb\",\"itemListElement\":[{\"@type\":\"ListItem\",\"position\":1,\"name\":\"Start\",\"item\":\"https:\\\/\\\/studio48nord.de\\\/es\\\/\"},{\"@type\":\"ListItem\",\"position\":2,\"name\":\"AGB\"}]},{\"@type\":\"WebSite\",\"@id\":\"https:\\\/\\\/studio48nord.de\\\/es\\\/#website\",\"url\":\"https:\\\/\\\/studio48nord.de\\\/es\\\/\",\"name\":\"Studio48Nord| 3D Druck individuell, einzigartig praktisch und lokal\",\"description\":\"\",\"publisher\":{\"@id\":\"https:\\\/\\\/studio48nord.de\\\/es\\\/#organization\"},\"potentialAction\":[{\"@type\":\"SearchAction\",\"target\":{\"@type\":\"EntryPoint\",\"urlTemplate\":\"https:\\\/\\\/studio48nord.de\\\/es\\\/?s={search_term_string}\"},\"query-input\":{\"@type\":\"PropertyValueSpecification\",\"valueRequired\":true,\"valueName\":\"search_term_string\"}}],\"inLanguage\":\"es\"},{\"@type\":\"Organization\",\"@id\":\"https:\\\/\\\/studio48nord.de\\\/es\\\/#organization\",\"name\":\"studio48nord.de\",\"url\":\"https:\\\/\\\/studio48nord.de\\\/es\\\/\",\"logo\":{\"@type\":\"ImageObject\",\"inLanguage\":\"es\",\"@id\":\"https:\\\/\\\/studio48nord.de\\\/es\\\/#\\\/schema\\\/logo\\\/image\\\/\",\"url\":\"https:\\\/\\\/studio48nord.de\\\/wp-content\\\/uploads\\\/2025\\\/10\\\/Zwischenuberschrift-1.svg\",\"contentUrl\":\"https:\\\/\\\/studio48nord.de\\\/wp-content\\\/uploads\\\/2025\\\/10\\\/Zwischenuberschrift-1.svg\",\"width\":900,\"height\":119,\"caption\":\"studio48nord.de\"},\"image\":{\"@id\":\"https:\\\/\\\/studio48nord.de\\\/es\\\/#\\\/schema\\\/logo\\\/image\\\/\"}}]}<\/script>\n<!-- \/ Yoast SEO plugin. -->","yoast_head_json":{"title":"AGB - studio48nord.de","robots":{"index":"index","follow":"follow","max-snippet":"max-snippet:-1","max-image-preview":"max-image-preview:large","max-video-preview":"max-video-preview:-1"},"canonical":"https:\/\/studio48nord.de\/es\/agb\/","og_locale":"es_ES","og_type":"article","og_title":"AGB - studio48nord.de","og_description":"Condiciones Generales (AGB) \u00a7 1 \u00c1mbito de aplicaci\u00f3n Los siguientes t\u00e9rminos y condiciones se aplican a todos los pedidos realizados a trav\u00e9s de nuestra tienda online por consumidores y empresarios. Un consumidor es cualquier persona f\u00edsica que celebre un negocio jur\u00eddico con fines predominantemente ajenos a su actividad comercial, empresarial o profesional. Un empresario es [&hellip;]","og_url":"https:\/\/studio48nord.de\/es\/agb\/","og_site_name":"studio48nord.de","article_modified_time":"2026-03-18T21:54:57+00:00","twitter_card":"summary_large_image","twitter_misc":{"Tiempo de lectura":"5 minutos"},"schema":{"@context":"https:\/\/schema.org","@graph":[{"@type":"WebPage","@id":"https:\/\/studio48nord.de\/es\/agb\/","url":"https:\/\/studio48nord.de\/es\/agb\/","name":"AGB - studio48nord.de","isPartOf":{"@id":"https:\/\/studio48nord.de\/es\/#website"},"datePublished":"2026-03-05T22:40:53+00:00","dateModified":"2026-03-18T21:54:57+00:00","breadcrumb":{"@id":"https:\/\/studio48nord.de\/es\/agb\/#breadcrumb"},"inLanguage":"es","potentialAction":[{"@type":"ReadAction","target":["https:\/\/studio48nord.de\/es\/agb\/"]}]},{"@type":"BreadcrumbList","@id":"https:\/\/studio48nord.de\/es\/agb\/#breadcrumb","itemListElement":[{"@type":"ListItem","position":1,"name":"Start","item":"https:\/\/studio48nord.de\/es\/"},{"@type":"ListItem","position":2,"name":"AGB"}]},{"@type":"WebSite","@id":"https:\/\/studio48nord.de\/es\/#website","url":"https:\/\/studio48nord.de\/es\/","name":"Studio48Nord| 3D Druck individuell, einzigartig praktisch und lokal","description":"","publisher":{"@id":"https:\/\/studio48nord.de\/es\/#organization"},"potentialAction":[{"@type":"SearchAction","target":{"@type":"EntryPoint","urlTemplate":"https:\/\/studio48nord.de\/es\/?s={search_term_string}"},"query-input":{"@type":"PropertyValueSpecification","valueRequired":true,"valueName":"search_term_string"}}],"inLanguage":"es"},{"@type":"Organization","@id":"https:\/\/studio48nord.de\/es\/#organization","name":"studio48nord.de","url":"https:\/\/studio48nord.de\/es\/","logo":{"@type":"ImageObject","inLanguage":"es","@id":"https:\/\/studio48nord.de\/es\/#\/schema\/logo\/image\/","url":"https:\/\/studio48nord.de\/wp-content\/uploads\/2025\/10\/Zwischenuberschrift-1.svg","contentUrl":"https:\/\/studio48nord.de\/wp-content\/uploads\/2025\/10\/Zwischenuberschrift-1.svg","width":900,"height":119,"caption":"studio48nord.de"},"image":{"@id":"https:\/\/studio48nord.de\/es\/#\/schema\/logo\/image\/"}}]}},"jetpack_sharing_enabled":true,"_links":{"self":[{"href":"https:\/\/studio48nord.de\/es\/wp-json\/wp\/v2\/pages\/1299","targetHints":{"allow":["GET"]}}],"collection":[{"href":"https:\/\/studio48nord.de\/es\/wp-json\/wp\/v2\/pages"}],"about":[{"href":"https:\/\/studio48nord.de\/es\/wp-json\/wp\/v2\/types\/page"}],"author":[{"embeddable":true,"href":"https:\/\/studio48nord.de\/es\/wp-json\/wp\/v2\/users\/1"}],"replies":[{"embeddable":true,"href":"https:\/\/studio48nord.de\/es\/wp-json\/wp\/v2\/comments?post=1299"}],"version-history":[{"count":2,"href":"https:\/\/studio48nord.de\/es\/wp-json\/wp\/v2\/pages\/1299\/revisions"}],"predecessor-version":[{"id":1455,"href":"https:\/\/studio48nord.de\/es\/wp-json\/wp\/v2\/pages\/1299\/revisions\/1455"}],"wp:attachment":[{"href":"https:\/\/studio48nord.de\/es\/wp-json\/wp\/v2\/media?parent=1299"}],"curies":[{"name":"wp","href":"https:\/\/api.w.org\/{rel}","templated":true}]}}