{"id":747,"date":"2025-10-23T14:45:13","date_gmt":"2025-10-23T13:45:13","guid":{"rendered":"https:\/\/studio48nord.de\/pie-de-imprenta\/"},"modified":"2026-03-25T22:01:07","modified_gmt":"2026-03-25T21:01:07","slug":"pie-de-imprenta","status":"publish","type":"page","link":"https:\/\/studio48nord.de\/es\/pie-de-imprenta\/","title":{"rendered":"Pie de imprenta"},"content":{"rendered":"\t\t<div data-elementor-type=\"wp-page\" data-elementor-id=\"747\" class=\"elementor elementor-747 elementor-77\" data-elementor-post-type=\"page\">\n\t\t\t\t<div class=\"elementor-element elementor-element-b7bbab4 e-flex e-con-boxed e-con e-parent\" data-id=\"b7bbab4\" data-element_type=\"container\" data-e-type=\"container\">\n\t\t\t\t\t<div class=\"e-con-inner\">\n\t\t\t\t<div class=\"elementor-element elementor-element-4d20745 elementor-widget elementor-widget-html\" data-id=\"4d20745\" data-element_type=\"widget\" data-e-type=\"widget\" data-widget_type=\"html.default\">\n\t\t\t\t\t<h1>Pie de imprenta<\/h1>\n\n<h2>Informaci\u00f3n seg\u00fan \u00a7 5 TMG<\/h2>\n<p>\nStudio48\u00b0Nord<br>Propietario: <br>Maximilian Fraunhofer<br>Konradinstra\u00dfe 18<br>81543 M\u00fanich<br>Alemania\nDE352519926\n<\/p>\n\n<h2>Contacta con nosotros<\/h2>\n<p>\nTel\u00e9fono: 0173 \/ 3243525<br>Correo electr\u00f3nico: <a href=\"mailto:mail@studio48nord.de\">mail@studio48nord.de<\/a>\n<\/p>\n\n<h2>Impuesto sobre el valor a\u00f1adido<\/h2>\n<p>De acuerdo con el art\u00edculo 19 de la UStG, no se cobra impuesto sobre las ventas (estatus de peque\u00f1a empresa).<\/p>\n\n<h2>Responsable del contenido seg\u00fan \u00a7 55 Abs. 2 RStV<\/h2>\n<p>\nMaximilian Fraunhofer<br>Konradinstra\u00dfe 18<br>81543 M\u00fanich\n<\/p>\n\n<h2>Responsabilidad por el contenido<\/h2>\n<p>\nComo proveedor de servicios, estamos obligados seg\u00fan el \u00a7 7 p\u00e1rr. 1 TMG para contenidos propios en estas p\u00e1ginas de acuerdo con las leyes generales.  \nSin embargo, seg\u00fan los \u00a7\u00a7 8 a 10 de la TMG, como proveedor de servicios no estamos obligados a controlar la informaci\u00f3n de terceros transmitida o almacenada ni a investigar circunstancias que indiquen una actividad ilegal.  \nEsto no afecta a las obligaciones de eliminar o bloquear el uso de informaci\u00f3n de acuerdo con la legislaci\u00f3n general.  \nSin embargo, la responsabilidad a este respecto s\u00f3lo es posible a partir del momento en que se tiene conocimiento de una infracci\u00f3n concreta.  \nTan pronto como tengamos conocimiento de tales infracciones, eliminaremos este contenido inmediatamente.\n<\/p>\n\n<h2>Responsabilidad de los enlaces<\/h2>\n<p>\nNuestro sitio web contiene enlaces a sitios web externos de terceros sobre cuyo contenido no tenemos ninguna influencia.  \nPor lo tanto, no podemos aceptar ninguna responsabilidad por este contenido de terceros.  \nEl respectivo proveedor u operador de las p\u00e1ginas es siempre responsable del contenido de las p\u00e1ginas enlazadas.  \nLas p\u00e1ginas enlazadas se comprobaron para detectar posibles infracciones legales en el momento de enlazarlas.  \nLos contenidos ilegales no eran reconocibles en el momento del enlace.  \nSin embargo, la vigilancia permanente del contenido de las p\u00e1ginas enlazadas no es razonable sin pruebas concretas de una infracci\u00f3n.  \nSi tenemos conocimiento de alguna infracci\u00f3n legal, eliminaremos dichos enlaces inmediatamente.\n<\/p>\n\n<h2>Derechos de autor<\/h2>\n<p>\nEl contenido y las obras creadas por los operadores del sitio en estas p\u00e1ginas est\u00e1n sujetos a la legislaci\u00f3n alemana sobre derechos de autor. \nLa duplicaci\u00f3n, procesamiento, distribuci\u00f3n y cualquier tipo de utilizaci\u00f3n fuera de los l\u00edmites de la ley de derechos de autor requieren el consentimiento por escrito del respectivo autor o creador. \nLas descargas y copias de este sitio s\u00f3lo est\u00e1n permitidas para uso privado y no comercial. \nEn la medida en que el contenido de este sitio no haya sido creado por el operador, se respetan los derechos de autor de terceros. \nEn particular, el contenido de terceros est\u00e1 etiquetado como tal. \nNo obstante, si tuvieras conocimiento de una infracci\u00f3n de los derechos de autor, te rogamos que nos lo comuniques. \nSi tenemos conocimiento de alguna infracci\u00f3n, eliminaremos dicho contenido inmediatamente.\n<\/p>\n\n<h2>Resoluci\u00f3n de conflictos<\/h2>\n<p>\nLa Comisi\u00f3n Europea ofrece una plataforma para la resoluci\u00f3n de litigios en l\u00ednea (OS): \n<a href=\"https:\/\/ec.europa.eu\/consumers\/odr\" target=\"_blank\" rel=\"noopener noreferrer\">https:\/\/ec.europa.eu\/consumers\/odr.<\/a><br>Puedes encontrar nuestra direcci\u00f3n de correo electr\u00f3nico en el aviso legal anterior.\n<\/p>\n<p>\nNo estamos dispuestos ni obligados a participar en procedimientos de resoluci\u00f3n de litigios ante una junta de arbitraje de consumo.\n<\/p>\n\n<p><strong>Estado:<\/strong> Octubre de 2025<\/p>\n\t\t\t\t<\/div>\n\t\t\t\t\t<\/div>\n\t\t\t\t<\/div>\n\t\t\t\t<\/div>\n\t\t","protected":false},"excerpt":{"rendered":"<p>Pie de imprenta Informaci\u00f3n seg\u00fan \u00a7 5 TMG Studio48\u00b0NordPropietario: Maximilian FraunhoferKonradinstra\u00dfe 1881543 M\u00fanichAlemania DE352519926 Contacta con nosotros Tel\u00e9fono: 0173 \/ 3243525Correo electr\u00f3nico: mail@studio48nord.de Impuesto sobre el valor a\u00f1adido De acuerdo con el art\u00edculo 19 de la UStG, no se cobra impuesto sobre las ventas (estatus de peque\u00f1a empresa). Responsable del contenido seg\u00fan \u00a7 55 Abs. [&hellip;]<\/p>\n","protected":false},"author":1,"featured_media":0,"parent":0,"menu_order":0,"comment_status":"closed","ping_status":"closed","template":"","meta":{"footnotes":""},"class_list":["post-747","page","type-page","status-publish","hentry"],"yoast_head":"<!-- This site is optimized with the Yoast SEO plugin v27.3 - https:\/\/yoast.com\/product\/yoast-seo-wordpress\/ -->\n<title>Pie de imprenta - studio48nord.de<\/title>\n<meta name=\"robots\" content=\"index, follow, max-snippet:-1, max-image-preview:large, max-video-preview:-1\" \/>\n<link rel=\"canonical\" href=\"https:\/\/studio48nord.de\/es\/pie-de-imprenta\/\" \/>\n<meta property=\"og:locale\" content=\"es_ES\" \/>\n<meta property=\"og:type\" content=\"article\" \/>\n<meta property=\"og:title\" content=\"Pie de imprenta - studio48nord.de\" \/>\n<meta property=\"og:description\" content=\"Pie de imprenta Informaci\u00f3n seg\u00fan \u00a7 5 TMG Studio48\u00b0NordPropietario: Maximilian FraunhoferKonradinstra\u00dfe 1881543 M\u00fanichAlemania DE352519926 Contacta con nosotros Tel\u00e9fono: 0173 \/ 3243525Correo electr\u00f3nico: mail@studio48nord.de Impuesto sobre el valor a\u00f1adido De acuerdo con el art\u00edculo 19 de la UStG, no se cobra impuesto sobre las ventas (estatus de peque\u00f1a empresa). Responsable del contenido seg\u00fan \u00a7 55 Abs. [&hellip;]\" \/>\n<meta property=\"og:url\" content=\"https:\/\/studio48nord.de\/es\/pie-de-imprenta\/\" \/>\n<meta property=\"og:site_name\" content=\"studio48nord.de\" \/>\n<meta property=\"article:modified_time\" content=\"2026-03-25T21:01:07+00:00\" \/>\n<meta name=\"twitter:card\" content=\"summary_large_image\" \/>\n<meta name=\"twitter:label1\" content=\"Tiempo de lectura\" \/>\n\t<meta name=\"twitter:data1\" content=\"3 minutos\" \/>\n<script type=\"application\/ld+json\" class=\"yoast-schema-graph\">{\"@context\":\"https:\\\/\\\/schema.org\",\"@graph\":[{\"@type\":\"WebPage\",\"@id\":\"https:\\\/\\\/studio48nord.de\\\/es\\\/pie-de-imprenta\\\/\",\"url\":\"https:\\\/\\\/studio48nord.de\\\/es\\\/pie-de-imprenta\\\/\",\"name\":\"Pie de imprenta - studio48nord.de\",\"isPartOf\":{\"@id\":\"https:\\\/\\\/studio48nord.de\\\/es\\\/#website\"},\"datePublished\":\"2025-10-23T13:45:13+00:00\",\"dateModified\":\"2026-03-25T21:01:07+00:00\",\"breadcrumb\":{\"@id\":\"https:\\\/\\\/studio48nord.de\\\/es\\\/pie-de-imprenta\\\/#breadcrumb\"},\"inLanguage\":\"es\",\"potentialAction\":[{\"@type\":\"ReadAction\",\"target\":[\"https:\\\/\\\/studio48nord.de\\\/es\\\/pie-de-imprenta\\\/\"]}]},{\"@type\":\"BreadcrumbList\",\"@id\":\"https:\\\/\\\/studio48nord.de\\\/es\\\/pie-de-imprenta\\\/#breadcrumb\",\"itemListElement\":[{\"@type\":\"ListItem\",\"position\":1,\"name\":\"Start\",\"item\":\"https:\\\/\\\/studio48nord.de\\\/es\\\/\"},{\"@type\":\"ListItem\",\"position\":2,\"name\":\"Pie de imprenta\"}]},{\"@type\":\"WebSite\",\"@id\":\"https:\\\/\\\/studio48nord.de\\\/es\\\/#website\",\"url\":\"https:\\\/\\\/studio48nord.de\\\/es\\\/\",\"name\":\"Studio48Nord| 3D Druck individuell, einzigartig praktisch und lokal\",\"description\":\"\",\"publisher\":{\"@id\":\"https:\\\/\\\/studio48nord.de\\\/es\\\/#organization\"},\"potentialAction\":[{\"@type\":\"SearchAction\",\"target\":{\"@type\":\"EntryPoint\",\"urlTemplate\":\"https:\\\/\\\/studio48nord.de\\\/es\\\/?s={search_term_string}\"},\"query-input\":{\"@type\":\"PropertyValueSpecification\",\"valueRequired\":true,\"valueName\":\"search_term_string\"}}],\"inLanguage\":\"es\"},{\"@type\":\"Organization\",\"@id\":\"https:\\\/\\\/studio48nord.de\\\/es\\\/#organization\",\"name\":\"studio48nord.de\",\"url\":\"https:\\\/\\\/studio48nord.de\\\/es\\\/\",\"logo\":{\"@type\":\"ImageObject\",\"inLanguage\":\"es\",\"@id\":\"https:\\\/\\\/studio48nord.de\\\/es\\\/#\\\/schema\\\/logo\\\/image\\\/\",\"url\":\"https:\\\/\\\/studio48nord.de\\\/wp-content\\\/uploads\\\/2025\\\/10\\\/Zwischenuberschrift-1.svg\",\"contentUrl\":\"https:\\\/\\\/studio48nord.de\\\/wp-content\\\/uploads\\\/2025\\\/10\\\/Zwischenuberschrift-1.svg\",\"width\":900,\"height\":119,\"caption\":\"studio48nord.de\"},\"image\":{\"@id\":\"https:\\\/\\\/studio48nord.de\\\/es\\\/#\\\/schema\\\/logo\\\/image\\\/\"}}]}<\/script>\n<!-- \/ Yoast SEO plugin. -->","yoast_head_json":{"title":"Pie de imprenta - studio48nord.de","robots":{"index":"index","follow":"follow","max-snippet":"max-snippet:-1","max-image-preview":"max-image-preview:large","max-video-preview":"max-video-preview:-1"},"canonical":"https:\/\/studio48nord.de\/es\/pie-de-imprenta\/","og_locale":"es_ES","og_type":"article","og_title":"Pie de imprenta - studio48nord.de","og_description":"Pie de imprenta Informaci\u00f3n seg\u00fan \u00a7 5 TMG Studio48\u00b0NordPropietario: Maximilian FraunhoferKonradinstra\u00dfe 1881543 M\u00fanichAlemania DE352519926 Contacta con nosotros Tel\u00e9fono: 0173 \/ 3243525Correo electr\u00f3nico: mail@studio48nord.de Impuesto sobre el valor a\u00f1adido De acuerdo con el art\u00edculo 19 de la UStG, no se cobra impuesto sobre las ventas (estatus de peque\u00f1a empresa). Responsable del contenido seg\u00fan \u00a7 55 Abs. [&hellip;]","og_url":"https:\/\/studio48nord.de\/es\/pie-de-imprenta\/","og_site_name":"studio48nord.de","article_modified_time":"2026-03-25T21:01:07+00:00","twitter_card":"summary_large_image","twitter_misc":{"Tiempo de lectura":"3 minutos"},"schema":{"@context":"https:\/\/schema.org","@graph":[{"@type":"WebPage","@id":"https:\/\/studio48nord.de\/es\/pie-de-imprenta\/","url":"https:\/\/studio48nord.de\/es\/pie-de-imprenta\/","name":"Pie de imprenta - studio48nord.de","isPartOf":{"@id":"https:\/\/studio48nord.de\/es\/#website"},"datePublished":"2025-10-23T13:45:13+00:00","dateModified":"2026-03-25T21:01:07+00:00","breadcrumb":{"@id":"https:\/\/studio48nord.de\/es\/pie-de-imprenta\/#breadcrumb"},"inLanguage":"es","potentialAction":[{"@type":"ReadAction","target":["https:\/\/studio48nord.de\/es\/pie-de-imprenta\/"]}]},{"@type":"BreadcrumbList","@id":"https:\/\/studio48nord.de\/es\/pie-de-imprenta\/#breadcrumb","itemListElement":[{"@type":"ListItem","position":1,"name":"Start","item":"https:\/\/studio48nord.de\/es\/"},{"@type":"ListItem","position":2,"name":"Pie de imprenta"}]},{"@type":"WebSite","@id":"https:\/\/studio48nord.de\/es\/#website","url":"https:\/\/studio48nord.de\/es\/","name":"Studio48Nord| 3D Druck individuell, einzigartig praktisch und lokal","description":"","publisher":{"@id":"https:\/\/studio48nord.de\/es\/#organization"},"potentialAction":[{"@type":"SearchAction","target":{"@type":"EntryPoint","urlTemplate":"https:\/\/studio48nord.de\/es\/?s={search_term_string}"},"query-input":{"@type":"PropertyValueSpecification","valueRequired":true,"valueName":"search_term_string"}}],"inLanguage":"es"},{"@type":"Organization","@id":"https:\/\/studio48nord.de\/es\/#organization","name":"studio48nord.de","url":"https:\/\/studio48nord.de\/es\/","logo":{"@type":"ImageObject","inLanguage":"es","@id":"https:\/\/studio48nord.de\/es\/#\/schema\/logo\/image\/","url":"https:\/\/studio48nord.de\/wp-content\/uploads\/2025\/10\/Zwischenuberschrift-1.svg","contentUrl":"https:\/\/studio48nord.de\/wp-content\/uploads\/2025\/10\/Zwischenuberschrift-1.svg","width":900,"height":119,"caption":"studio48nord.de"},"image":{"@id":"https:\/\/studio48nord.de\/es\/#\/schema\/logo\/image\/"}}]}},"jetpack_sharing_enabled":true,"_links":{"self":[{"href":"https:\/\/studio48nord.de\/es\/wp-json\/wp\/v2\/pages\/747","targetHints":{"allow":["GET"]}}],"collection":[{"href":"https:\/\/studio48nord.de\/es\/wp-json\/wp\/v2\/pages"}],"about":[{"href":"https:\/\/studio48nord.de\/es\/wp-json\/wp\/v2\/types\/page"}],"author":[{"embeddable":true,"href":"https:\/\/studio48nord.de\/es\/wp-json\/wp\/v2\/users\/1"}],"replies":[{"embeddable":true,"href":"https:\/\/studio48nord.de\/es\/wp-json\/wp\/v2\/comments?post=747"}],"version-history":[{"count":2,"href":"https:\/\/studio48nord.de\/es\/wp-json\/wp\/v2\/pages\/747\/revisions"}],"predecessor-version":[{"id":1595,"href":"https:\/\/studio48nord.de\/es\/wp-json\/wp\/v2\/pages\/747\/revisions\/1595"}],"wp:attachment":[{"href":"https:\/\/studio48nord.de\/es\/wp-json\/wp\/v2\/media?parent=747"}],"curies":[{"name":"wp","href":"https:\/\/api.w.org\/{rel}","templated":true}]}}