{"id":839,"date":"2025-10-23T14:42:47","date_gmt":"2025-10-23T13:42:47","guid":{"rendered":"https:\/\/studio48nord.de\/proteccion-de-datos\/"},"modified":"2026-02-24T10:28:15","modified_gmt":"2026-02-24T09:28:15","slug":"proteccion-de-datos","status":"publish","type":"page","link":"https:\/\/studio48nord.de\/es\/proteccion-de-datos\/","title":{"rendered":"Protecci\u00f3n de datos"},"content":{"rendered":"\t\t<div data-elementor-type=\"wp-page\" data-elementor-id=\"839\" class=\"elementor elementor-839 elementor-71\" data-elementor-post-type=\"page\">\n\t\t\t\t<div class=\"elementor-element elementor-element-4cc217d e-flex e-con-boxed e-con e-parent\" data-id=\"4cc217d\" data-element_type=\"container\" data-e-type=\"container\">\n\t\t\t\t\t<div class=\"e-con-inner\">\n\t\t\t\t<div class=\"elementor-element elementor-element-2ffae49 elementor-widget elementor-widget-html\" data-id=\"2ffae49\" data-element_type=\"widget\" data-e-type=\"widget\" data-widget_type=\"html.default\">\n\t\t\t\t\t<h1>Pol\u00edtica de privacidad<\/h1>\n<h2>1. la protecci\u00f3n de datos de un vistazo<\/h2>\n<h3>Informaci\u00f3n general<\/h3>\nLa siguiente informaci\u00f3n proporciona una visi\u00f3n sencilla de lo que ocurre con tus datos personales cuando visitas este sitio web. Por datos personales se entiende cualquier dato que pueda utilizarse para identificarte personalmente. Puedes encontrar informaci\u00f3n detallada sobre el tema de la protecci\u00f3n de datos en nuestra declaraci\u00f3n de protecci\u00f3n de datos que aparece debajo de este texto.  \n<h3>Recogida de datos en este sitio web<\/h3>\n<h4>\u00bfQui\u00e9n es responsable de la recogida de datos en este sitio web?<\/h4>\nEl tratamiento de datos en este sitio web lo lleva a cabo el operador del sitio web. Puedes encontrar los datos de contacto del operador en la secci\u00f3n \"Informaci\u00f3n sobre el responsable del tratamiento\" de esta pol\u00edtica de privacidad. \n<h4>\u00bfC\u00f3mo recogemos tus datos?<\/h4>\nPor un lado, tus datos se recogen cuando nos los proporcionas. Puede tratarse, por ejemplo, de datos que introduces en un formulario de contacto. Otros datos son recogidos autom\u00e1ticamente o con tu consentimiento por nuestros sistemas inform\u00e1ticos cuando visitas el sitio web. Se trata principalmente de datos t\u00e9cnicos (por ejemplo, navegador de Internet, sistema operativo o tiempo de visualizaci\u00f3n de la p\u00e1gina). Estos datos se recogen autom\u00e1ticamente en cuanto entras en este sitio web.    \n<h4>\u00bfPara qu\u00e9 utilizamos tus datos?<\/h4>\nAlgunos de los datos se recogen para garantizar que el sitio web se proporciona sin errores. Otros datos pueden utilizarse para analizar tu comportamiento como usuario. Si se pueden concluir o iniciar contratos a trav\u00e9s del sitio web, los datos transmitidos tambi\u00e9n se procesar\u00e1n para ofertas de contratos, pedidos u otras consultas de pedidos.  \n<h4>\u00bfQu\u00e9 derechos tienes en relaci\u00f3n con tus datos?<\/h4>\nTienes derecho a recibir informaci\u00f3n sobre el origen, destinatario y finalidad de tus datos personales almacenados de forma gratuita en cualquier momento. Tambi\u00e9n tienes derecho a solicitar la correcci\u00f3n o eliminaci\u00f3n de estos datos. Si has dado tu consentimiento al tratamiento de datos, puedes revocarlo en cualquier momento para el futuro. Tambi\u00e9n tienes derecho a solicitar la restricci\u00f3n del tratamiento de tus datos personales en determinadas circunstancias. Tambi\u00e9n tienes derecho a presentar una reclamaci\u00f3n ante la autoridad de control competente. Puedes ponerte en contacto con nosotros en cualquier momento en relaci\u00f3n con \u00e9sta y otras cuestiones sobre el tema de la protecci\u00f3n de datos.     \n<h3>Herramientas de an\u00e1lisis y herramientas de terceros proveedores<\/h3>\nCuando visitas este sitio web, tu comportamiento de navegaci\u00f3n puede ser evaluado estad\u00edsticamente. Esto se hace principalmente utilizando los llamados programas de an\u00e1lisis. Puedes encontrar informaci\u00f3n detallada sobre estos programas de an\u00e1lisis en la siguiente pol\u00edtica de privacidad.  \n<h2>2. alojamiento<\/h2>\n<h3>Todo-Inkl<\/h3>\nEl proveedor es ALL-INKL.COM - Neue Medien M\u00fcnnich, propietario Ren\u00e9 M\u00fcnnich, Hauptstra\u00dfe 68, 02742 Friedersdorf (en adelante, \"All-Inkl\"). Puedes encontrar m\u00e1s detalles en la pol\u00edtica de privacidad de All-Inkl: <a href=\"https:\/\/all-inkl.com\/datenschutzinformationen\/\" target=\"_blank\" rel=\"noopener noreferrer\">https:\/\/all-inkl.com\/datenschutzinformationen\/.<\/a>  \n\nEl uso de All-Inkl se basa en el Art. 6 p\u00e1rr. 1 lit. f GDPR. Tenemos un inter\u00e9s leg\u00edtimo en mostrar nuestro sitio web de la forma m\u00e1s fiable posible. Si se ha solicitado el correspondiente consentimiento, el tratamiento se lleva a cabo exclusivamente sobre la base del Art. 6 p\u00e1rr. 1 lit. a GDPR y del \u00a7 25 p\u00e1rr. 1 TDDDG. El consentimiento puede revocarse en cualquier momento.        \n<h4>Tramitaci\u00f3n de pedidos<\/h4>\nHemos celebrado un contrato de tramitaci\u00f3n de pedidos (AVV) con el proveedor mencionado.\n<h2>3 Notas generales e informaci\u00f3n obligatoria<\/h2>\n<h3>Protecci\u00f3n de datos<\/h3>\nLos operadores de estas p\u00e1ginas se toman muy en serio la protecci\u00f3n de tus datos personales. Tratamos tus datos personales confidencialmente y de acuerdo con las normas legales de protecci\u00f3n de datos y esta pol\u00edtica de privacidad. \n<h3>Nota sobre el organismo responsable<\/h3>\nEl responsable del tratamiento de datos en este sitio web es:\nMax Fraunhofer\nStudio48\u00b0Nord\nKonradinstr. 18\n81543 Munich\nTel\u00e9fono: 0173 \/ 3243525\nCorreo electr\u00f3nico: legal@Studio48Nord.de \n<h3>Duraci\u00f3n del almacenamiento<\/h3>\nA menos que se haya especificado un periodo de almacenamiento m\u00e1s concreto en esta pol\u00edtica de privacidad, tus datos personales permanecer\u00e1n con nosotros hasta que la finalidad del tratamiento de datos deje de ser aplicable o hasta que realices una solicitud justificada de supresi\u00f3n.\n<h3>Base jur\u00eddica<\/h3>\nSi has dado tu consentimiento para el procesamiento de datos, procesamos tus datos personales sobre la base del Art. 6 p\u00e1rr. 1 lit. a GDPR o del Art. 9 p\u00e1rr. 2 lit. a GDPR. Si tus datos son necesarios para el cumplimiento del contrato, el tratamiento se realiza sobre la base del Art. 6 p\u00e1rr. 1 lit. b GDPR. Otras bases resultan del Art. 6 p\u00e1rr. 1 lit. c y f GDPR.          \n<h3>Destinatarios de los datos personales<\/h3>\nComo parte de nuestras actividades empresariales, colaboramos con partes externas, por ejemplo, proveedores de servicios t\u00e9cnicos, proveedores de pagos o plataformas. Los datos personales s\u00f3lo se transmiten si existe la base jur\u00eddica correspondiente. \n<h3>Revocaci\u00f3n de tu consentimiento<\/h3>\nPuedes revocar cualquier consentimiento que ya hayas dado en cualquier momento. Esto no afecta a la legalidad del tratamiento realizado antes de la revocaci\u00f3n. \n<h3>Derecho de oposici\u00f3n a la publicidad directa<\/h3>\nSi tus datos personales se procesan con fines de marketing directo, puedes oponerte a ello en cualquier momento. Tus datos dejar\u00e1n de utilizarse con este fin. \n<h3>Derecho de recurso<\/h3>\nEn caso de infracci\u00f3n del GDPR, tienes derecho a presentar una reclamaci\u00f3n ante la autoridad supervisora competente.\n<h3>Encriptaci\u00f3n SSL\/TLS<\/h3>\nEste sitio utiliza encriptaci\u00f3n SSL\/TLS. Puedes reconocer una conexi\u00f3n encriptada por \"https:\/\/\" y el s\u00edmbolo del candado en el navegador. \n<h2>4. recogida de datos en este sitio web<\/h2>\n<h3>Cookies<\/h3>\nNuestro sitio web utiliza cookies. Las cookies son peque\u00f1os paquetes de datos que se almacenan en tu dispositivo final. La base jur\u00eddica es el art. 6 p\u00e1rr. 1 lit. a GDPR o el art. 25 p\u00e1rr. 1 TDDDG, en la medida en que se requiera el consentimiento.     \n<h3>Consulta por correo electr\u00f3nico o tel\u00e9fono<\/h3>\nCuando te pones en contacto con nosotros, almacenamos tu consulta incluyendo datos personales para su procesamiento. La base es el Art. 6 p\u00e1rr. 1 lit. b GDPR o lit. f GDPR.    \n<h2>5\u00ba Bolet\u00edn<\/h2>\nSi te suscribes a nuestro bolet\u00edn, necesitamos tu direcci\u00f3n de correo electr\u00f3nico. El tratamiento se realiza exclusivamente sobre la base de tu consentimiento (Art. 6 p\u00e1rr. 1 lit. a GDPR). Puedes darte de baja en cualquier momento.  \n<h2>6. plugins y herramientas<\/h2>\n<h3>Conformidad<\/h3>\nUtilizamos la herramienta de gesti\u00f3n del consentimiento \"Complianz\" de Complianz B.V., Kalmarweg 14-5, 9723 JG Groningen, Pa\u00edses Bajos. Complianz se utiliza para obtener y gestionar el consentimiento para el tratamiento de datos. La base jur\u00eddica es el Art. 6 p\u00e1rr. 1 lit. c GDPR y el Art. 6 p\u00e1rr. 1 lit. f GDPR.      \n\nPol\u00edtica de privacidad: <a href=\"https:\/\/complianz.io\/privacy-statement\" target=\"_blank\" rel=\"noopener\">https:\/\/complianz.io\/privacy-statement<\/a>\n<h3>Google Tag Manager<\/h3>\nEste sitio web utiliza el Google Tag Manager de Google Ireland Limited, Gordon House, Barrow Street, Dubl\u00edn 4, Irlanda. La herramienta gestiona las etiquetas del sitio web, pero no recopila datos personales por s\u00ed misma. Base jur\u00eddica: Art. 6 p\u00e1rr. 1 lit. f GDPR.    \n<h3>Google Analytics<\/h3>\nEste sitio web utiliza Google Analytics (proveedor: Google Ireland Limited). Google Analytics utiliza cookies para analizar el comportamiento de los usuarios. Los datos pueden ser transferidos a EE.UU. Base jur\u00eddica: Tu consentimiento (Art. 6 p\u00e1rr. 1 lit. a GDPR, \u00a7 25 p\u00e1rr. 1 TDDDG). Pol\u00edtica de privacidad: <a href=\"https:\/\/policies.google.com\/privacy\" target=\"_blank\" rel=\"noopener\">https:\/\/policies.google.com\/privacy<\/a>    \n<h3>Google Ads y Seguimiento de Conversiones<\/h3>\nUtilizamos Google Ads para colocar anuncios y el seguimiento de conversiones asociado para medir el \u00e9xito de estas campa\u00f1as. Proveedor: Google Ireland Limited. Base jur\u00eddica: Tu consentimiento (Art. 6 p\u00e1rr. 1 lit. a GDPR, \u00a7 25 p\u00e1rr. 1 TDDDG). Pol\u00edtica de privacidad: <a href=\"https:\/\/policies.google.com\/privacy\" target=\"_blank\" rel=\"noopener\">https:\/\/policies.google.com\/privacy<\/a>   \n<h3>Google Ads Remarketing<\/h3>\nEste sitio web utiliza Google Ads Remarketing para reorientar a los visitantes con publicidad personalizada. Base jur\u00eddica: Art. 6 p\u00e1rr. 1 lit. a GDPR. M\u00e1s informaci\u00f3n: <a href=\"https:\/\/policies.google.com\/technologies\/ads\" target=\"_blank\" rel=\"noopener\">https:\/\/policies.google.com\/technologies\/ads<\/a>    \n<h3>Google AdSense<\/h3>\nNuestro sitio web utiliza Google AdSense de Google Ireland Limited para mostrar anuncios. Para ello se utilizan cookies. Base jur\u00eddica: Art. 6 p\u00e1rr. 1 lit. a GDPR. Pol\u00edtica de privacidad: <a href=\"https:\/\/policies.google.com\/privacy\" target=\"_blank\" rel=\"noopener\">https:\/\/policies.google.com\/privacy<\/a>     \n<h3>API de meta p\u00edxeles y meta conversi\u00f3n<\/h3>\nUtilizamos el Meta Pixel y la Meta Conversion API de Meta Platforms Ireland Ltd, 4 Grand Canal Square, Dubl\u00edn 2, Irlanda. Estas herramientas nos permiten seguir el comportamiento de los visitantes del sitio web que han llegado a nosotros a trav\u00e9s de anuncios de Facebook o Instagram. Base jur\u00eddica: Art. 6 p\u00e1rr. 1 lit. a GDPR. Pol\u00edtica de privacidad:  <a href=\"https:\/\/www.facebook.com\/about\/privacy\" target=\"_blank\" rel=\"noopener\">https:\/\/www.facebook.com\/about\/privacy<\/a>\n<h3>Meta P\u00fablicos personalizados<\/h3>\nUtilizamos Meta Custom Audiences para colocar publicidad dirigida en metaplataformas. Base jur\u00eddica: Art. 6 p\u00e1rr. 1 lit. a GDPR.   \n<h3>Tratamiento de datos de clientes y contratos<\/h3>\nTratamos los datos personales de los clientes para el cumplimiento de las relaciones contractuales y las medidas precontractuales de conformidad con el art. 6 p\u00e1rr. 1 lit. b GDPR.  \n<h3>Transmisi\u00f3n de datos al celebrar un contrato para tiendas en l\u00ednea, minoristas y env\u00edo de mercanc\u00edas<\/h3>\nS\u00f3lo transferimos datos personales a terceros si es necesario para el cumplimiento del contrato (por ejemplo, a proveedores de servicios log\u00edsticos o de pago). Base jur\u00eddica: Art. 6 p\u00e1rr. 1 lit. b GDPR.   \n<h3>Transmisi\u00f3n de datos al celebrar un contrato de servicios y contenidos digitales<\/h3>\nLos datos personales s\u00f3lo se transmitir\u00e1n a terceros si es necesario para el cumplimiento del contrato o si existe una obligaci\u00f3n legal de hacerlo.\n<h3>Servicios de pago<\/h3>\nIntegramos proveedores externos de servicios de pago (por ejemplo, PayPal, Stripe, etc.) a trav\u00e9s de los cuales se procesan los pagos. Los datos de la transacci\u00f3n se transmiten en el proceso. Base jur\u00eddica: Art. 6 p\u00e1rr. 1 lit. b GDPR. Para obtener informaci\u00f3n sobre las respectivas disposiciones de protecci\u00f3n de datos, consulta los sitios web de los proveedores.     \n<h3>Tiendas TikTok<\/h3>\nNuestro sitio web utiliza funciones de Tiendas TikTok. El proveedor es TikTok Technology Limited, 10 Earlsfort Terrace, Dubl\u00edn, D02 T380, Irlanda. TikTok procesa datos personales para proporcionar funciones de tienda y pago. Base jur\u00eddica: Art. 6 p\u00e1rr. 1 lit. b GDPR para el cumplimiento del contrato y Art. 6 p\u00e1rr. 1 lit. a GDPR para el consentimiento. Pol\u00edtica de privacidad: <a href=\"https:\/\/www.tiktok.com\/legal\/privacy-policy-eea?lang=de\" target=\"_blank\" rel=\"noopener\">https:\/\/www.tiktok.com\/legal\/privacy-policy-eea?lang=de<\/a>        \n<h3>Wordfence<\/h3>\nUtilizamos Wordfence (Defiant Inc., 800 5th Ave Ste 4100, Seattle, WA 98104, USA) para proteger nuestro sitio web. Base jur\u00eddica: Art. 6 p\u00e1rr. 1 lit. f GDPR. Pol\u00edtica de privacidad: <a href=\"https:\/\/www.wordfence.com\/help\/general-data-protection-regulation\/\" target=\"_blank\" rel=\"noopener\">https:\/\/www.wordfence.com\/help\/general-data-protection-regulation\/<\/a>\n\nFuente: <a href=\"https:\/\/www.e-recht24.de\" target=\"_blank\" rel=\"noopener\">https:\/\/www.e-recht24.de<\/a>\t\t\t\t<\/div>\n\t\t\t\t\t<\/div>\n\t\t\t\t<\/div>\n\t\t\t\t<\/div>\n\t\t","protected":false},"excerpt":{"rendered":"<p>Pol\u00edtica de privacidad 1. la protecci\u00f3n de datos de un vistazo Informaci\u00f3n general La siguiente informaci\u00f3n proporciona una visi\u00f3n sencilla de lo que ocurre con tus datos personales cuando visitas este sitio web. Por datos personales se entiende cualquier dato que pueda utilizarse para identificarte personalmente. Puedes encontrar informaci\u00f3n detallada sobre el tema de la [&hellip;]<\/p>\n","protected":false},"author":1,"featured_media":0,"parent":0,"menu_order":0,"comment_status":"closed","ping_status":"closed","template":"","meta":{"footnotes":""},"class_list":["post-839","page","type-page","status-publish","hentry"],"yoast_head":"<!-- This site is optimized with the Yoast SEO plugin v27.3 - https:\/\/yoast.com\/product\/yoast-seo-wordpress\/ -->\n<title>Protecci\u00f3n de datos - studio48nord.de<\/title>\n<meta name=\"robots\" content=\"index, follow, max-snippet:-1, max-image-preview:large, max-video-preview:-1\" \/>\n<link rel=\"canonical\" href=\"https:\/\/studio48nord.de\/es\/proteccion-de-datos\/\" \/>\n<meta property=\"og:locale\" content=\"es_ES\" \/>\n<meta property=\"og:type\" content=\"article\" \/>\n<meta property=\"og:title\" content=\"Protecci\u00f3n de datos - studio48nord.de\" \/>\n<meta property=\"og:description\" content=\"Pol\u00edtica de privacidad 1. la protecci\u00f3n de datos de un vistazo Informaci\u00f3n general La siguiente informaci\u00f3n proporciona una visi\u00f3n sencilla de lo que ocurre con tus datos personales cuando visitas este sitio web. Por datos personales se entiende cualquier dato que pueda utilizarse para identificarte personalmente. Puedes encontrar informaci\u00f3n detallada sobre el tema de la [&hellip;]\" \/>\n<meta property=\"og:url\" content=\"https:\/\/studio48nord.de\/es\/proteccion-de-datos\/\" \/>\n<meta property=\"og:site_name\" content=\"studio48nord.de\" \/>\n<meta property=\"article:modified_time\" content=\"2026-02-24T09:28:15+00:00\" \/>\n<meta name=\"twitter:card\" content=\"summary_large_image\" \/>\n<meta name=\"twitter:label1\" content=\"Tiempo de lectura\" \/>\n\t<meta name=\"twitter:data1\" content=\"9 minutos\" \/>\n<script type=\"application\/ld+json\" class=\"yoast-schema-graph\">{\"@context\":\"https:\\\/\\\/schema.org\",\"@graph\":[{\"@type\":\"WebPage\",\"@id\":\"https:\\\/\\\/studio48nord.de\\\/es\\\/proteccion-de-datos\\\/\",\"url\":\"https:\\\/\\\/studio48nord.de\\\/es\\\/proteccion-de-datos\\\/\",\"name\":\"Protecci\u00f3n de datos - studio48nord.de\",\"isPartOf\":{\"@id\":\"https:\\\/\\\/studio48nord.de\\\/es\\\/#website\"},\"datePublished\":\"2025-10-23T13:42:47+00:00\",\"dateModified\":\"2026-02-24T09:28:15+00:00\",\"breadcrumb\":{\"@id\":\"https:\\\/\\\/studio48nord.de\\\/es\\\/proteccion-de-datos\\\/#breadcrumb\"},\"inLanguage\":\"es\",\"potentialAction\":[{\"@type\":\"ReadAction\",\"target\":[\"https:\\\/\\\/studio48nord.de\\\/es\\\/proteccion-de-datos\\\/\"]}]},{\"@type\":\"BreadcrumbList\",\"@id\":\"https:\\\/\\\/studio48nord.de\\\/es\\\/proteccion-de-datos\\\/#breadcrumb\",\"itemListElement\":[{\"@type\":\"ListItem\",\"position\":1,\"name\":\"Start\",\"item\":\"https:\\\/\\\/studio48nord.de\\\/es\\\/\"},{\"@type\":\"ListItem\",\"position\":2,\"name\":\"Protecci\u00f3n de datos\"}]},{\"@type\":\"WebSite\",\"@id\":\"https:\\\/\\\/studio48nord.de\\\/es\\\/#website\",\"url\":\"https:\\\/\\\/studio48nord.de\\\/es\\\/\",\"name\":\"Studio48Nord| 3D Druck individuell, einzigartig praktisch und lokal\",\"description\":\"\",\"publisher\":{\"@id\":\"https:\\\/\\\/studio48nord.de\\\/es\\\/#organization\"},\"potentialAction\":[{\"@type\":\"SearchAction\",\"target\":{\"@type\":\"EntryPoint\",\"urlTemplate\":\"https:\\\/\\\/studio48nord.de\\\/es\\\/?s={search_term_string}\"},\"query-input\":{\"@type\":\"PropertyValueSpecification\",\"valueRequired\":true,\"valueName\":\"search_term_string\"}}],\"inLanguage\":\"es\"},{\"@type\":\"Organization\",\"@id\":\"https:\\\/\\\/studio48nord.de\\\/es\\\/#organization\",\"name\":\"studio48nord.de\",\"url\":\"https:\\\/\\\/studio48nord.de\\\/es\\\/\",\"logo\":{\"@type\":\"ImageObject\",\"inLanguage\":\"es\",\"@id\":\"https:\\\/\\\/studio48nord.de\\\/es\\\/#\\\/schema\\\/logo\\\/image\\\/\",\"url\":\"https:\\\/\\\/studio48nord.de\\\/wp-content\\\/uploads\\\/2025\\\/10\\\/Zwischenuberschrift-1.svg\",\"contentUrl\":\"https:\\\/\\\/studio48nord.de\\\/wp-content\\\/uploads\\\/2025\\\/10\\\/Zwischenuberschrift-1.svg\",\"width\":900,\"height\":119,\"caption\":\"studio48nord.de\"},\"image\":{\"@id\":\"https:\\\/\\\/studio48nord.de\\\/es\\\/#\\\/schema\\\/logo\\\/image\\\/\"}}]}<\/script>\n<!-- \/ Yoast SEO plugin. -->","yoast_head_json":{"title":"Protecci\u00f3n de datos - studio48nord.de","robots":{"index":"index","follow":"follow","max-snippet":"max-snippet:-1","max-image-preview":"max-image-preview:large","max-video-preview":"max-video-preview:-1"},"canonical":"https:\/\/studio48nord.de\/es\/proteccion-de-datos\/","og_locale":"es_ES","og_type":"article","og_title":"Protecci\u00f3n de datos - studio48nord.de","og_description":"Pol\u00edtica de privacidad 1. la protecci\u00f3n de datos de un vistazo Informaci\u00f3n general La siguiente informaci\u00f3n proporciona una visi\u00f3n sencilla de lo que ocurre con tus datos personales cuando visitas este sitio web. Por datos personales se entiende cualquier dato que pueda utilizarse para identificarte personalmente. Puedes encontrar informaci\u00f3n detallada sobre el tema de la [&hellip;]","og_url":"https:\/\/studio48nord.de\/es\/proteccion-de-datos\/","og_site_name":"studio48nord.de","article_modified_time":"2026-02-24T09:28:15+00:00","twitter_card":"summary_large_image","twitter_misc":{"Tiempo de lectura":"9 minutos"},"schema":{"@context":"https:\/\/schema.org","@graph":[{"@type":"WebPage","@id":"https:\/\/studio48nord.de\/es\/proteccion-de-datos\/","url":"https:\/\/studio48nord.de\/es\/proteccion-de-datos\/","name":"Protecci\u00f3n de datos - studio48nord.de","isPartOf":{"@id":"https:\/\/studio48nord.de\/es\/#website"},"datePublished":"2025-10-23T13:42:47+00:00","dateModified":"2026-02-24T09:28:15+00:00","breadcrumb":{"@id":"https:\/\/studio48nord.de\/es\/proteccion-de-datos\/#breadcrumb"},"inLanguage":"es","potentialAction":[{"@type":"ReadAction","target":["https:\/\/studio48nord.de\/es\/proteccion-de-datos\/"]}]},{"@type":"BreadcrumbList","@id":"https:\/\/studio48nord.de\/es\/proteccion-de-datos\/#breadcrumb","itemListElement":[{"@type":"ListItem","position":1,"name":"Start","item":"https:\/\/studio48nord.de\/es\/"},{"@type":"ListItem","position":2,"name":"Protecci\u00f3n de datos"}]},{"@type":"WebSite","@id":"https:\/\/studio48nord.de\/es\/#website","url":"https:\/\/studio48nord.de\/es\/","name":"Studio48Nord| 3D Druck individuell, einzigartig praktisch und lokal","description":"","publisher":{"@id":"https:\/\/studio48nord.de\/es\/#organization"},"potentialAction":[{"@type":"SearchAction","target":{"@type":"EntryPoint","urlTemplate":"https:\/\/studio48nord.de\/es\/?s={search_term_string}"},"query-input":{"@type":"PropertyValueSpecification","valueRequired":true,"valueName":"search_term_string"}}],"inLanguage":"es"},{"@type":"Organization","@id":"https:\/\/studio48nord.de\/es\/#organization","name":"studio48nord.de","url":"https:\/\/studio48nord.de\/es\/","logo":{"@type":"ImageObject","inLanguage":"es","@id":"https:\/\/studio48nord.de\/es\/#\/schema\/logo\/image\/","url":"https:\/\/studio48nord.de\/wp-content\/uploads\/2025\/10\/Zwischenuberschrift-1.svg","contentUrl":"https:\/\/studio48nord.de\/wp-content\/uploads\/2025\/10\/Zwischenuberschrift-1.svg","width":900,"height":119,"caption":"studio48nord.de"},"image":{"@id":"https:\/\/studio48nord.de\/es\/#\/schema\/logo\/image\/"}}]}},"jetpack_sharing_enabled":true,"_links":{"self":[{"href":"https:\/\/studio48nord.de\/es\/wp-json\/wp\/v2\/pages\/839","targetHints":{"allow":["GET"]}}],"collection":[{"href":"https:\/\/studio48nord.de\/es\/wp-json\/wp\/v2\/pages"}],"about":[{"href":"https:\/\/studio48nord.de\/es\/wp-json\/wp\/v2\/types\/page"}],"author":[{"embeddable":true,"href":"https:\/\/studio48nord.de\/es\/wp-json\/wp\/v2\/users\/1"}],"replies":[{"embeddable":true,"href":"https:\/\/studio48nord.de\/es\/wp-json\/wp\/v2\/comments?post=839"}],"version-history":[{"count":1,"href":"https:\/\/studio48nord.de\/es\/wp-json\/wp\/v2\/pages\/839\/revisions"}],"predecessor-version":[{"id":843,"href":"https:\/\/studio48nord.de\/es\/wp-json\/wp\/v2\/pages\/839\/revisions\/843"}],"wp:attachment":[{"href":"https:\/\/studio48nord.de\/es\/wp-json\/wp\/v2\/media?parent=839"}],"curies":[{"name":"wp","href":"https:\/\/api.w.org\/{rel}","templated":true}]}}