{"id":979,"date":"2025-10-24T14:29:36","date_gmt":"2025-10-24T13:29:36","guid":{"rendered":"https:\/\/studio48nord.de\/acerca-de\/"},"modified":"2026-02-24T10:29:08","modified_gmt":"2026-02-24T09:29:08","slug":"acerca-de","status":"publish","type":"page","link":"https:\/\/studio48nord.de\/es\/acerca-de\/","title":{"rendered":"Acerca de"},"content":{"rendered":"\t\t<div data-elementor-type=\"wp-page\" data-elementor-id=\"979\" class=\"elementor elementor-979 elementor-140\" data-elementor-post-type=\"page\">\n\t\t\t\t<div class=\"elementor-element elementor-element-5f37cec e-flex e-con-boxed e-con e-parent\" data-id=\"5f37cec\" data-element_type=\"container\" data-e-type=\"container\">\n\t\t\t\t\t<div class=\"e-con-inner\">\n\t\t\t\t<div class=\"elementor-element elementor-element-f2747ed elementor-widget__width-initial elementor-widget elementor-widget-heading\" data-id=\"f2747ed\" data-element_type=\"widget\" data-e-type=\"widget\" data-settings=\"{&quot;motion_fx_motion_fx_scrolling&quot;:&quot;yes&quot;,&quot;motion_fx_devices&quot;:[&quot;desktop&quot;]}\" data-widget_type=\"heading.default\">\n\t\t\t\t\t<h1 class=\"elementor-heading-title elementor-size-default\">Esto es Studio48\u00b0Nord<\/h1>\t\t\t\t<\/div>\n\t\t\t\t\t<\/div>\n\t\t\t\t<\/div>\n\t\t<div class=\"elementor-element elementor-element-905c6d7 e-flex e-con-boxed e-con e-parent\" data-id=\"905c6d7\" data-element_type=\"container\" data-e-type=\"container\">\n\t\t\t\t\t<div class=\"e-con-inner\">\n\t\t<div class=\"elementor-element elementor-element-823f34b e-con-full e-flex e-con e-child\" data-id=\"823f34b\" data-element_type=\"container\" data-e-type=\"container\">\n\t\t\t\t<div class=\"elementor-element elementor-element-3054443 elementor-widget elementor-widget-image\" data-id=\"3054443\" data-element_type=\"widget\" data-e-type=\"widget\" data-widget_type=\"image.default\">\n\t\t\t\t\t\t\t\t\t\t\t\t\t\t\t<img fetchpriority=\"high\" decoding=\"async\" width=\"800\" height=\"877\" src=\"https:\/\/studio48nord.de\/wp-content\/uploads\/2025\/12\/IMG_20251119_112057-934x1024.webp\" class=\"attachment-large size-large wp-image-982\" alt=\"\" srcset=\"https:\/\/studio48nord.de\/wp-content\/uploads\/2025\/12\/IMG_20251119_112057-934x1024.webp 934w, https:\/\/studio48nord.de\/wp-content\/uploads\/2025\/12\/IMG_20251119_112057-scaled-1000x1097.webp 1000w, https:\/\/studio48nord.de\/wp-content\/uploads\/2025\/12\/IMG_20251119_112057-274x300.webp 274w, https:\/\/studio48nord.de\/wp-content\/uploads\/2025\/12\/IMG_20251119_112057-768x842.webp 768w, https:\/\/studio48nord.de\/wp-content\/uploads\/2025\/12\/IMG_20251119_112057-1401x1536.webp 1401w, https:\/\/studio48nord.de\/wp-content\/uploads\/2025\/12\/IMG_20251119_112057-scaled.webp 1751w\" sizes=\"(max-width: 800px) 100vw, 800px\" \/>\t\t\t\t\t\t\t\t\t\t\t\t\t\t\t<\/div>\n\t\t\t\t<div class=\"elementor-element elementor-element-528198c elementor-widget elementor-widget-image\" data-id=\"528198c\" data-element_type=\"widget\" data-e-type=\"widget\" data-widget_type=\"image.default\">\n\t\t\t\t\t\t\t\t\t\t\t\t\t\t\t<img decoding=\"async\" width=\"768\" height=\"1024\" src=\"https:\/\/studio48nord.de\/wp-content\/uploads\/2025\/12\/PXL_20230108_104545845.PORTRAIT-768x1024.jpg\" class=\"attachment-large size-large wp-image-981\" alt=\"\" srcset=\"https:\/\/studio48nord.de\/wp-content\/uploads\/2025\/12\/PXL_20230108_104545845.PORTRAIT-768x1024.jpg 768w, https:\/\/studio48nord.de\/wp-content\/uploads\/2025\/12\/PXL_20230108_104545845.PORTRAIT-scaled-800x1067.jpg 800w, https:\/\/studio48nord.de\/wp-content\/uploads\/2025\/12\/PXL_20230108_104545845.PORTRAIT-scaled-1000x1333.jpg 1000w, https:\/\/studio48nord.de\/wp-content\/uploads\/2025\/12\/PXL_20230108_104545845.PORTRAIT-225x300.jpg 225w, https:\/\/studio48nord.de\/wp-content\/uploads\/2025\/12\/PXL_20230108_104545845.PORTRAIT-1152x1536.jpg 1152w, https:\/\/studio48nord.de\/wp-content\/uploads\/2025\/12\/PXL_20230108_104545845.PORTRAIT-1536x2048.jpg 1536w, https:\/\/studio48nord.de\/wp-content\/uploads\/2025\/12\/PXL_20230108_104545845.PORTRAIT-scaled.jpg 1920w\" sizes=\"(max-width: 768px) 100vw, 768px\" \/>\t\t\t\t\t\t\t\t\t\t\t\t\t\t\t<\/div>\n\t\t\t\t<\/div>\n\t\t<div class=\"elementor-element elementor-element-b4d5474 e-con-full e-flex e-con e-child\" data-id=\"b4d5474\" data-element_type=\"container\" data-e-type=\"container\">\n\t\t\t\t<div class=\"elementor-element elementor-element-cc47a47 elementor-widget elementor-widget-text-editor\" data-id=\"cc47a47\" data-element_type=\"widget\" data-e-type=\"widget\" data-widget_type=\"text-editor.default\">\n\t\t\t\t\t\t\t\t\t<p>\n  Todo empez\u00f3 con una taza de caf\u00e9 demasiado alta y una bandeja recogegotas demasiado baja. Cualquiera que adore su cafetera expr\u00e9s o su escritorio lo sabe: los art\u00edculos fabricados en serie suelen encajar s\u00f3lo el 90% de las veces. El 10% restante es el compromiso diario que acaba por ponernos de los nervios.  \n    <\/p>\n    \n    <p>\n  Est\u00e1bamos cansados de \u00abcasi encajar\u00bb. Por eso fundamos Studio48\u00b0Nord. \n    <\/p>\n\n    <h3>Lo que nos mueve<\/h3>\n    <p>\n  Combinamos el dise\u00f1o digital con la verdadera artesan\u00eda. Nuestros productos son el resultado de una necesidad concreta: o bien falta una soluci\u00f3n funcional a un problema -como ordenar el soporte del tamiz- o bien queremos hacer tangible un recuerdo, como con nuestros relieves de monta\u00f1a en 3D. \n    <\/p>\n\n    <h3>100% Fabricado en M\u00fanich<\/h3>\n    <p>\n  No tenemos cadenas de suministro an\u00f3nimas. Hemos dise\u00f1ado, impreso y empaquetado nosotros mismos cada art\u00edculo que sale de nuestro taller. \n    <\/p>\n    <ul>\n        <li><strong>Dise\u00f1o:<\/strong> Jugueteamos con el modelo hasta que el ajuste sea perfecto.<\/li>\n        <li><strong>Material:<\/strong> Utilizamos pl\u00e1sticos resistentes y duraderos, como PLA y PETG.<\/li>\n        <li><strong>Fabricaci\u00f3n:<\/strong> La impresi\u00f3n 3D nos permite alcanzar una precisi\u00f3n que ser\u00eda casi inasequible con los m\u00e9todos convencionales.<\/li>\n    <\/ul>\n\n    <h3>Ni kitsch, ni productos fabricados en serie<\/h3>\n    <p>\n  Studio48\u00b0Nord es sin\u00f3nimo de est\u00e9tica que funciona. Construimos cosas para personas que aprecian la calidad y quieren saber de d\u00f3nde proceden sus productos. Directamente desde M\u00fanich, sin rodeos, directamente para tu vida cotidiana.  \n    <\/p>\n<\/section>\t\t\t\t\t\t\t\t<\/div>\n\t\t\t\t<\/div>\n\t\t\t\t\t<\/div>\n\t\t\t\t<\/div>\n\t\t<div class=\"elementor-element elementor-element-1e4d1c6 e-con-full e-flex e-con e-parent\" data-id=\"1e4d1c6\" data-element_type=\"container\" data-e-type=\"container\">\n\t\t<div class=\"elementor-element elementor-element-4332dfb e-con-full e-flex e-con e-child\" data-id=\"4332dfb\" data-element_type=\"container\" data-e-type=\"container\" data-settings=\"{&quot;background_background&quot;:&quot;classic&quot;}\">\n\t\t<div class=\"elementor-element elementor-element-199983b e-con-full e-flex e-con e-child\" data-id=\"199983b\" data-element_type=\"container\" data-e-type=\"container\">\n\t\t<div class=\"elementor-element elementor-element-ee47a76 e-con-full e-flex e-con e-child\" data-id=\"ee47a76\" data-element_type=\"container\" data-e-type=\"container\">\n\t\t\t\t<div class=\"elementor-element elementor-element-0f13edf elementor-widget elementor-widget-heading\" data-id=\"0f13edf\" data-element_type=\"widget\" data-e-type=\"widget\" data-widget_type=\"heading.default\">\n\t\t\t\t\t<h3 class=\"elementor-heading-title elementor-size-default\">1. por entusiastas para entusiastas<\/h3>\t\t\t\t<\/div>\n\t\t\t\t<div class=\"elementor-element elementor-element-753e6f2 elementor-widget-divider--view-line elementor-widget elementor-widget-divider\" data-id=\"753e6f2\" data-element_type=\"widget\" data-e-type=\"widget\" data-widget_type=\"divider.default\">\n\t\t\t\t\t\t\t<div class=\"elementor-divider\">\n\t\t\t<span class=\"elementor-divider-separator\">\n\t\t\t\t\t\t<\/span>\n\t\t<\/div>\n\t\t\t\t\t\t<\/div>\n\t\t\t\t<div class=\"elementor-element elementor-element-cc93616 elementor-widget elementor-widget-text-editor\" data-id=\"cc93616\" data-element_type=\"widget\" data-e-type=\"widget\" data-widget_type=\"text-editor.default\">\n\t\t\t\t\t\t\t\t\t<p>No somos s\u00f3lo fabricantes, nosotros mismos somos usuarios diarios. Cada producto que ves aqu\u00ed -especialmente nuestros accesorios Dedica- naci\u00f3 de una necesidad real y personal. Dise\u00f1amos, probamos y perfeccionamos cada pieza aqu\u00ed, en M\u00fanich, hasta que resuelve el problema exacto que tuvimos nosotros mismos.  <\/p>\t\t\t\t\t\t\t\t<\/div>\n\t\t\t\t<\/div>\n\t\t<div class=\"elementor-element elementor-element-288ddd2 e-con-full e-flex e-con e-child\" data-id=\"288ddd2\" data-element_type=\"container\" data-e-type=\"container\">\n\t\t\t\t<div class=\"elementor-element elementor-element-c2fb764 elementor-widget elementor-widget-heading\" data-id=\"c2fb764\" data-element_type=\"widget\" data-e-type=\"widget\" data-widget_type=\"heading.default\">\n\t\t\t\t\t<h3 class=\"elementor-heading-title elementor-size-default\">2. aut\u00e9ntica artesan\u00eda muniquesa<\/h3>\t\t\t\t<\/div>\n\t\t\t\t<div class=\"elementor-element elementor-element-f51c9e3 elementor-widget-divider--view-line elementor-widget elementor-widget-divider\" data-id=\"f51c9e3\" data-element_type=\"widget\" data-e-type=\"widget\" data-widget_type=\"divider.default\">\n\t\t\t\t\t\t\t<div class=\"elementor-divider\">\n\t\t\t<span class=\"elementor-divider-separator\">\n\t\t\t\t\t\t<\/span>\n\t\t<\/div>\n\t\t\t\t\t\t<\/div>\n\t\t\t\t<div class=\"elementor-element elementor-element-9065774 elementor-widget elementor-widget-text-editor\" data-id=\"9065774\" data-element_type=\"widget\" data-e-type=\"widget\" data-widget_type=\"text-editor.default\">\n\t\t\t\t\t\t\t\t\t<p>Sin dropshipping ni almacenes an\u00f3nimos. Desde el primer dise\u00f1o digital hasta la impresi\u00f3n 3D precisa y el env\u00edo final, cada paso tiene lugar aqu\u00ed mismo, en nuestro peque\u00f1o taller de M\u00fanich. Compras directamente al equipo que ha fabricado tu producto con pasi\u00f3n.  <\/p><p> <\/p><h3> <\/h3>\t\t\t\t\t\t\t\t<\/div>\n\t\t\t\t<\/div>\n\t\t<div class=\"elementor-element elementor-element-95aa8be e-con-full e-flex e-con e-child\" data-id=\"95aa8be\" data-element_type=\"container\" data-e-type=\"container\">\n\t\t\t\t<div class=\"elementor-element elementor-element-761ae0e elementor-widget elementor-widget-heading\" data-id=\"761ae0e\" data-element_type=\"widget\" data-e-type=\"widget\" data-widget_type=\"heading.default\">\n\t\t\t\t\t<h3 class=\"elementor-heading-title elementor-size-default\">3. alta calidad y sostenibilidad<\/h3>\t\t\t\t<\/div>\n\t\t\t\t<div class=\"elementor-element elementor-element-bd6e78b elementor-widget-divider--view-line elementor-widget elementor-widget-divider\" data-id=\"bd6e78b\" data-element_type=\"widget\" data-e-type=\"widget\" data-widget_type=\"divider.default\">\n\t\t\t\t\t\t\t<div class=\"elementor-divider\">\n\t\t\t<span class=\"elementor-divider-separator\">\n\t\t\t\t\t\t<\/span>\n\t\t<\/div>\n\t\t\t\t\t\t<\/div>\n\t\t\t\t<div class=\"elementor-element elementor-element-3b953de elementor-widget elementor-widget-text-editor\" data-id=\"3b953de\" data-element_type=\"widget\" data-e-type=\"widget\" data-widget_type=\"text-editor.default\">\n\t\t\t\t\t\t\t\t\t<p>Creemos en la fabricaci\u00f3n moderna con responsabilidad. Para nuestros productos utilizamos PLA, un material robusto, duradero y respetuoso con el medio ambiente, fabricado a partir de materias primas renovables (como el almid\u00f3n de ma\u00edz) y biodegradable. <\/p>\t\t\t\t\t\t\t\t<\/div>\n\t\t\t\t<\/div>\n\t\t<div class=\"elementor-element elementor-element-842dc80 e-con-full e-flex e-con e-child\" data-id=\"842dc80\" data-element_type=\"container\" data-e-type=\"container\">\n\t\t\t\t<div class=\"elementor-element elementor-element-17545b5 elementor-widget elementor-widget-heading\" data-id=\"17545b5\" data-element_type=\"widget\" data-e-type=\"widget\" data-widget_type=\"heading.default\">\n\t\t\t\t\t<h3 class=\"elementor-heading-title elementor-size-default\">4. Procesamiento rapid\u00edsimo en 24 horas<\/h3>\t\t\t\t<\/div>\n\t\t\t\t<div class=\"elementor-element elementor-element-486f15b elementor-widget-divider--view-line elementor-widget elementor-widget-divider\" data-id=\"486f15b\" data-element_type=\"widget\" data-e-type=\"widget\" data-widget_type=\"divider.default\">\n\t\t\t\t\t\t\t<div class=\"elementor-divider\">\n\t\t\t<span class=\"elementor-divider-separator\">\n\t\t\t\t\t\t<\/span>\n\t\t<\/div>\n\t\t\t\t\t\t<\/div>\n\t\t\t\t<div class=\"elementor-element elementor-element-b253a7d elementor-widget elementor-widget-text-editor\" data-id=\"b253a7d\" data-element_type=\"widget\" data-e-type=\"widget\" data-widget_type=\"text-editor.default\">\n\t\t\t\t\t\t\t\t\t<p>Como fabricamos todo internamente, tenemos el control total. Tu pedido es procesado y producido personalmente por nosotros, y normalmente se embala de forma segura y se pone en camino hacia ti en 24 horas (un d\u00eda laborable). <\/p>\t\t\t\t\t\t\t\t<\/div>\n\t\t\t\t<\/div>\n\t\t\t\t<\/div>\n\t\t\t\t<\/div>\n\t\t\t\t<\/div>\n\t\t\t\t<\/div>\n\t\t","protected":false},"excerpt":{"rendered":"<p>Esto es Studio48\u00b0Nord Todo empez\u00f3 con una taza de caf\u00e9 demasiado alta y una bandeja recogegotas demasiado baja. Cualquiera que adore su cafetera expr\u00e9s o su escritorio lo sabe: los art\u00edculos fabricados en serie suelen encajar s\u00f3lo el 90% de las veces. El 10% restante es el compromiso diario que acaba por ponernos de los [&hellip;]<\/p>\n","protected":false},"author":1,"featured_media":983,"parent":0,"menu_order":0,"comment_status":"closed","ping_status":"closed","template":"","meta":{"footnotes":""},"class_list":["post-979","page","type-page","status-publish","has-post-thumbnail","hentry"],"yoast_head":"<!-- This site is optimized with the Yoast SEO plugin v27.3 - https:\/\/yoast.com\/product\/yoast-seo-wordpress\/ -->\n<title>Acerca de - studio48nord.de<\/title>\n<meta name=\"robots\" content=\"index, follow, max-snippet:-1, max-image-preview:large, max-video-preview:-1\" \/>\n<link rel=\"canonical\" href=\"https:\/\/studio48nord.de\/es\/acerca-de\/\" \/>\n<meta property=\"og:locale\" content=\"es_ES\" \/>\n<meta property=\"og:type\" content=\"article\" \/>\n<meta property=\"og:title\" content=\"Acerca de - studio48nord.de\" \/>\n<meta property=\"og:description\" content=\"Esto es Studio48\u00b0Nord Todo empez\u00f3 con una taza de caf\u00e9 demasiado alta y una bandeja recogegotas demasiado baja. Cualquiera que adore su cafetera expr\u00e9s o su escritorio lo sabe: los art\u00edculos fabricados en serie suelen encajar s\u00f3lo el 90% de las veces. El 10% restante es el compromiso diario que acaba por ponernos de los [&hellip;]\" \/>\n<meta property=\"og:url\" content=\"https:\/\/studio48nord.de\/es\/acerca-de\/\" \/>\n<meta property=\"og:site_name\" content=\"studio48nord.de\" \/>\n<meta property=\"article:modified_time\" content=\"2026-02-24T09:29:08+00:00\" \/>\n<meta property=\"og:image\" content=\"https:\/\/studio48nord.de\/wp-content\/uploads\/2025\/10\/About.webp\" \/>\n\t<meta property=\"og:image:width\" content=\"400\" \/>\n\t<meta property=\"og:image:height\" content=\"380\" \/>\n\t<meta property=\"og:image:type\" content=\"image\/webp\" \/>\n<meta name=\"twitter:card\" content=\"summary_large_image\" \/>\n<meta name=\"twitter:label1\" content=\"Tiempo de lectura\" \/>\n\t<meta name=\"twitter:data1\" content=\"2 minutos\" \/>\n<script type=\"application\/ld+json\" class=\"yoast-schema-graph\">{\"@context\":\"https:\\\/\\\/schema.org\",\"@graph\":[{\"@type\":\"WebPage\",\"@id\":\"https:\\\/\\\/studio48nord.de\\\/es\\\/acerca-de\\\/\",\"url\":\"https:\\\/\\\/studio48nord.de\\\/es\\\/acerca-de\\\/\",\"name\":\"Acerca de - studio48nord.de\",\"isPartOf\":{\"@id\":\"https:\\\/\\\/studio48nord.de\\\/es\\\/#website\"},\"primaryImageOfPage\":{\"@id\":\"https:\\\/\\\/studio48nord.de\\\/es\\\/acerca-de\\\/#primaryimage\"},\"image\":{\"@id\":\"https:\\\/\\\/studio48nord.de\\\/es\\\/acerca-de\\\/#primaryimage\"},\"thumbnailUrl\":\"https:\\\/\\\/studio48nord.de\\\/wp-content\\\/uploads\\\/2025\\\/10\\\/About.webp\",\"datePublished\":\"2025-10-24T13:29:36+00:00\",\"dateModified\":\"2026-02-24T09:29:08+00:00\",\"breadcrumb\":{\"@id\":\"https:\\\/\\\/studio48nord.de\\\/es\\\/acerca-de\\\/#breadcrumb\"},\"inLanguage\":\"es\",\"potentialAction\":[{\"@type\":\"ReadAction\",\"target\":[\"https:\\\/\\\/studio48nord.de\\\/es\\\/acerca-de\\\/\"]}]},{\"@type\":\"ImageObject\",\"inLanguage\":\"es\",\"@id\":\"https:\\\/\\\/studio48nord.de\\\/es\\\/acerca-de\\\/#primaryimage\",\"url\":\"https:\\\/\\\/studio48nord.de\\\/wp-content\\\/uploads\\\/2025\\\/10\\\/About.webp\",\"contentUrl\":\"https:\\\/\\\/studio48nord.de\\\/wp-content\\\/uploads\\\/2025\\\/10\\\/About.webp\",\"width\":400,\"height\":380},{\"@type\":\"BreadcrumbList\",\"@id\":\"https:\\\/\\\/studio48nord.de\\\/es\\\/acerca-de\\\/#breadcrumb\",\"itemListElement\":[{\"@type\":\"ListItem\",\"position\":1,\"name\":\"Start\",\"item\":\"https:\\\/\\\/studio48nord.de\\\/es\\\/\"},{\"@type\":\"ListItem\",\"position\":2,\"name\":\"Acerca de\"}]},{\"@type\":\"WebSite\",\"@id\":\"https:\\\/\\\/studio48nord.de\\\/es\\\/#website\",\"url\":\"https:\\\/\\\/studio48nord.de\\\/es\\\/\",\"name\":\"Studio48Nord| 3D Druck individuell, einzigartig praktisch und lokal\",\"description\":\"\",\"publisher\":{\"@id\":\"https:\\\/\\\/studio48nord.de\\\/es\\\/#organization\"},\"potentialAction\":[{\"@type\":\"SearchAction\",\"target\":{\"@type\":\"EntryPoint\",\"urlTemplate\":\"https:\\\/\\\/studio48nord.de\\\/es\\\/?s={search_term_string}\"},\"query-input\":{\"@type\":\"PropertyValueSpecification\",\"valueRequired\":true,\"valueName\":\"search_term_string\"}}],\"inLanguage\":\"es\"},{\"@type\":\"Organization\",\"@id\":\"https:\\\/\\\/studio48nord.de\\\/es\\\/#organization\",\"name\":\"studio48nord.de\",\"url\":\"https:\\\/\\\/studio48nord.de\\\/es\\\/\",\"logo\":{\"@type\":\"ImageObject\",\"inLanguage\":\"es\",\"@id\":\"https:\\\/\\\/studio48nord.de\\\/es\\\/#\\\/schema\\\/logo\\\/image\\\/\",\"url\":\"https:\\\/\\\/studio48nord.de\\\/wp-content\\\/uploads\\\/2025\\\/10\\\/Zwischenuberschrift-1.svg\",\"contentUrl\":\"https:\\\/\\\/studio48nord.de\\\/wp-content\\\/uploads\\\/2025\\\/10\\\/Zwischenuberschrift-1.svg\",\"width\":900,\"height\":119,\"caption\":\"studio48nord.de\"},\"image\":{\"@id\":\"https:\\\/\\\/studio48nord.de\\\/es\\\/#\\\/schema\\\/logo\\\/image\\\/\"}}]}<\/script>\n<!-- \/ Yoast SEO plugin. -->","yoast_head_json":{"title":"Acerca de - studio48nord.de","robots":{"index":"index","follow":"follow","max-snippet":"max-snippet:-1","max-image-preview":"max-image-preview:large","max-video-preview":"max-video-preview:-1"},"canonical":"https:\/\/studio48nord.de\/es\/acerca-de\/","og_locale":"es_ES","og_type":"article","og_title":"Acerca de - studio48nord.de","og_description":"Esto es Studio48\u00b0Nord Todo empez\u00f3 con una taza de caf\u00e9 demasiado alta y una bandeja recogegotas demasiado baja. Cualquiera que adore su cafetera expr\u00e9s o su escritorio lo sabe: los art\u00edculos fabricados en serie suelen encajar s\u00f3lo el 90% de las veces. El 10% restante es el compromiso diario que acaba por ponernos de los [&hellip;]","og_url":"https:\/\/studio48nord.de\/es\/acerca-de\/","og_site_name":"studio48nord.de","article_modified_time":"2026-02-24T09:29:08+00:00","og_image":[{"width":400,"height":380,"url":"https:\/\/studio48nord.de\/wp-content\/uploads\/2025\/10\/About.webp","type":"image\/webp"}],"twitter_card":"summary_large_image","twitter_misc":{"Tiempo de lectura":"2 minutos"},"schema":{"@context":"https:\/\/schema.org","@graph":[{"@type":"WebPage","@id":"https:\/\/studio48nord.de\/es\/acerca-de\/","url":"https:\/\/studio48nord.de\/es\/acerca-de\/","name":"Acerca de - studio48nord.de","isPartOf":{"@id":"https:\/\/studio48nord.de\/es\/#website"},"primaryImageOfPage":{"@id":"https:\/\/studio48nord.de\/es\/acerca-de\/#primaryimage"},"image":{"@id":"https:\/\/studio48nord.de\/es\/acerca-de\/#primaryimage"},"thumbnailUrl":"https:\/\/studio48nord.de\/wp-content\/uploads\/2025\/10\/About.webp","datePublished":"2025-10-24T13:29:36+00:00","dateModified":"2026-02-24T09:29:08+00:00","breadcrumb":{"@id":"https:\/\/studio48nord.de\/es\/acerca-de\/#breadcrumb"},"inLanguage":"es","potentialAction":[{"@type":"ReadAction","target":["https:\/\/studio48nord.de\/es\/acerca-de\/"]}]},{"@type":"ImageObject","inLanguage":"es","@id":"https:\/\/studio48nord.de\/es\/acerca-de\/#primaryimage","url":"https:\/\/studio48nord.de\/wp-content\/uploads\/2025\/10\/About.webp","contentUrl":"https:\/\/studio48nord.de\/wp-content\/uploads\/2025\/10\/About.webp","width":400,"height":380},{"@type":"BreadcrumbList","@id":"https:\/\/studio48nord.de\/es\/acerca-de\/#breadcrumb","itemListElement":[{"@type":"ListItem","position":1,"name":"Start","item":"https:\/\/studio48nord.de\/es\/"},{"@type":"ListItem","position":2,"name":"Acerca de"}]},{"@type":"WebSite","@id":"https:\/\/studio48nord.de\/es\/#website","url":"https:\/\/studio48nord.de\/es\/","name":"Studio48Nord| 3D Druck individuell, einzigartig praktisch und lokal","description":"","publisher":{"@id":"https:\/\/studio48nord.de\/es\/#organization"},"potentialAction":[{"@type":"SearchAction","target":{"@type":"EntryPoint","urlTemplate":"https:\/\/studio48nord.de\/es\/?s={search_term_string}"},"query-input":{"@type":"PropertyValueSpecification","valueRequired":true,"valueName":"search_term_string"}}],"inLanguage":"es"},{"@type":"Organization","@id":"https:\/\/studio48nord.de\/es\/#organization","name":"studio48nord.de","url":"https:\/\/studio48nord.de\/es\/","logo":{"@type":"ImageObject","inLanguage":"es","@id":"https:\/\/studio48nord.de\/es\/#\/schema\/logo\/image\/","url":"https:\/\/studio48nord.de\/wp-content\/uploads\/2025\/10\/Zwischenuberschrift-1.svg","contentUrl":"https:\/\/studio48nord.de\/wp-content\/uploads\/2025\/10\/Zwischenuberschrift-1.svg","width":900,"height":119,"caption":"studio48nord.de"},"image":{"@id":"https:\/\/studio48nord.de\/es\/#\/schema\/logo\/image\/"}}]}},"jetpack_sharing_enabled":true,"_links":{"self":[{"href":"https:\/\/studio48nord.de\/es\/wp-json\/wp\/v2\/pages\/979","targetHints":{"allow":["GET"]}}],"collection":[{"href":"https:\/\/studio48nord.de\/es\/wp-json\/wp\/v2\/pages"}],"about":[{"href":"https:\/\/studio48nord.de\/es\/wp-json\/wp\/v2\/types\/page"}],"author":[{"embeddable":true,"href":"https:\/\/studio48nord.de\/es\/wp-json\/wp\/v2\/users\/1"}],"replies":[{"embeddable":true,"href":"https:\/\/studio48nord.de\/es\/wp-json\/wp\/v2\/comments?post=979"}],"version-history":[{"count":1,"href":"https:\/\/studio48nord.de\/es\/wp-json\/wp\/v2\/pages\/979\/revisions"}],"predecessor-version":[{"id":989,"href":"https:\/\/studio48nord.de\/es\/wp-json\/wp\/v2\/pages\/979\/revisions\/989"}],"wp:featuredmedia":[{"embeddable":true,"href":"https:\/\/studio48nord.de\/es\/wp-json\/wp\/v2\/media\/983"}],"wp:attachment":[{"href":"https:\/\/studio48nord.de\/es\/wp-json\/wp\/v2\/media?parent=979"}],"curies":[{"name":"wp","href":"https:\/\/api.w.org\/{rel}","templated":true}]}}