{"id":1100,"date":"2025-10-24T14:29:44","date_gmt":"2025-10-24T14:29:44","guid":{"rendered":"https:\/\/studio48nord.de\/produkte\/bandeja-recogegotas-con-diseno-de-panal-para-la-delonghi-dedica\/"},"modified":"2026-03-21T17:44:07","modified_gmt":"2026-03-21T16:44:07","slug":"bandeja-recogegotas-con-diseno-de-panal-para-la-delonghi-dedica","status":"publish","type":"product","link":"https:\/\/studio48nord.de\/es\/produkte\/bandeja-recogegotas-con-diseno-de-panal-para-la-delonghi-dedica\/","title":{"rendered":"Bandeja recogegotas con dise\u00f1o de panal para la Delonghi Dedica"},"content":{"rendered":"<h3>Aspectos destacados y ventajas<\/h3>\n<ul>\n<li><strong>Fascinante dise\u00f1o de nido de abeja:<\/strong> la pieza central de esta mejora. El dise\u00f1o de nido de abeja, elaborado con gran precisi\u00f3n, es un punto de atracci\u00f3n visual absoluto. Juega elegantemente con las luces y las sombras y confiere a tu m\u00e1quina una profundidad t\u00e9cnica y una est\u00e9tica inigualables.  <\/li>\n<li><strong>M\u00e1s de un 24% m\u00e1s de espacio para tazas:<\/strong> \u00a1Esa es la ventaja decisiva! Con s\u00f3lo 3,3 cm de altura, nuestra bandeja recogegotas es m\u00e1s de un 24% menos profunda que las extensiones convencionales (que suelen tener m\u00e1s de 4,3 cm de altura). Ganas m\u00e1s de un cent\u00edmetro entero de espacio crucial: \u00a1la diferencia entre \u00abno cabe\u00bb y \u00abcabe perfectamente\u00bb! Es la soluci\u00f3n definitiva para tazas y escalas de caf\u00e9 m\u00e1s grandes.   <\/li>\n<li><strong>Completa el look:<\/strong> esta bandeja recogegotas es el complemento perfecto de nuestra bandeja para tazas con dise\u00f1o de nido de abeja. Combina ambos productos para conseguir un aspecto coherente y absolutamente armonioso que har\u00e1 que tu rinc\u00f3n de caf\u00e9 sea \u00fanico. <\/li>\n<li><strong>Un ajuste perfecto para Dedica:<\/strong> Como todos nuestros productos, esta bandeja recogegotas se adapta con precisi\u00f3n a los modelos EC685 y EC885. Se ajusta perfectamente y no se tambalea para garantizar que tus tazas se mantengan en pie. <\/li>\n<\/ul>\n<h3>Dimensiones y material<\/h3>\n<ul>\n<li><strong>Dimensiones (ancho x largo x alto):<\/strong> 149 mm x 132,5 mm x 33 mm<\/li>\n<li><strong>Material:<\/strong> Fabricado con PLA de alta calidad y respetuoso con el medio ambiente. Este robusto material se fabrica a partir de materias primas renovables (como el almid\u00f3n de ma\u00edz) y es biodegradable. <\/li>\n<li><strong>Instrucciones de cuidado importantes:<\/strong> Limpia la bandeja recogegotas s\u00f3lo a mano con agua tibia y un poco de detergente l\u00edquido. No es apta para el lavavajillas, ya que el calor elevado puede deformar el material. <\/li>\n<\/ul>\n<h3>La mejora perfecta<\/h3>\n<p>El regalo ideal para cualquier propietario de una De&#8217;Longhi Dedica amante del dise\u00f1o. Es un regalo fant\u00e1stico y funcional para el aficionado al caf\u00e9 de tu vida que quiera perfeccionar su preparaci\u00f3n. <\/p>\n<h3>100% Fabricado en M\u00fanich<\/h3>\n<p>Desde el primer boceto del patr\u00f3n de panal hasta la impresi\u00f3n 3D y el envasado precisos: cada paso se da aqu\u00ed mismo, en nuestro peque\u00f1o taller de M\u00fanich. Aut\u00e9ntica artesan\u00eda para tu pasi\u00f3n por el caf\u00e9. <\/p>\n<div style=\"width: 800px;\" class=\"wp-video\"><video class=\"wp-video-shortcode\" id=\"video-1100-1\" width=\"800\" height=\"800\" preload=\"metadata\" controls=\"controls\"><source type=\"video\/mp4\" src=\"http:\/\/studio48nord.de\/wp-content\/uploads\/2025\/10\/Design-ohne-Titel-4.mp4?_=1\" \/><a href=\"http:\/\/studio48nord.de\/wp-content\/uploads\/2025\/10\/Design-ohne-Titel-4.mp4\">http:\/\/studio48nord.de\/wp-content\/uploads\/2025\/10\/Design-ohne-Titel-4.mp4<\/a><\/video><\/div>\n","protected":false},"excerpt":{"rendered":"<p>Cuando utiliz\u00e1bamos nuestra propia De&#8217;Longhi Dedica a diario, nos sent\u00edamos constantemente frustrados por dos cosas: no hab\u00eda espacio suficiente para nuestras tazas favoritas y un aspecto est\u00e1ndar que s\u00f3lo &#8230; necesitaba <i>algo m\u00e1s<\/i>.<\/p>\n<p>Esta frustraci\u00f3n desencaden\u00f3 una idea, y as\u00ed naci\u00f3 nuestro nuevo escurridor extraplano. Combina la altura m\u00e1s baja t\u00e9cnicamente posible con el fascinante dise\u00f1o de nido de abeja que tanto nos gusta. Para nosotros, es la fusi\u00f3n perfecta de utilidad cotidiana y est\u00e9tica t\u00e9cnica impactante.  <\/p>\n","protected":false},"featured_media":782,"comment_status":"open","ping_status":"closed","template":"","meta":[],"product_brand":[],"product_cat":[76,73],"product_tag":[],"class_list":{"0":"post-1100","1":"product","2":"type-product","3":"status-publish","4":"has-post-thumbnail","6":"product_cat-delonghi-dedica","7":"product_cat-estilo-dedica-delonghi","8":"product_shipping_class-escribe-a","10":"first","11":"instock","12":"shipping-taxable","13":"purchasable","14":"product-type-variable"},"yoast_head":"<!-- This site is optimized with the Yoast SEO plugin v27.3 - https:\/\/yoast.com\/product\/yoast-seo-wordpress\/ -->\n<title>Bandeja recogegotas De&#039;Longhi Dedica | Plana y elegante<\/title>\n<meta name=\"description\" content=\"Bandeja de goteo plana de 33 mm con dise\u00f1o de panal para De&#039;Longhi Dedica EC685 y EC885. M\u00e1s espacio para balanzas y tazas. Fabricada en M\u00fanich.\" \/>\n<meta name=\"robots\" content=\"index, follow, max-snippet:-1, max-image-preview:large, max-video-preview:-1\" \/>\n<link rel=\"canonical\" href=\"https:\/\/studio48nord.de\/es\/produkte\/bandeja-recogegotas-con-diseno-de-panal-para-la-delonghi-dedica\/\" \/>\n<meta property=\"og:locale\" content=\"es_ES\" \/>\n<meta property=\"og:type\" content=\"article\" \/>\n<meta property=\"og:title\" content=\"Bandeja recogegotas De&#039;Longhi Dedica | Plana y elegante\" \/>\n<meta property=\"og:description\" content=\"Bandeja de goteo plana de 33 mm con dise\u00f1o de panal para De&#039;Longhi Dedica EC685 y EC885. M\u00e1s espacio para balanzas y tazas. Fabricada en M\u00fanich.\" \/>\n<meta property=\"og:url\" content=\"https:\/\/studio48nord.de\/es\/produkte\/bandeja-recogegotas-con-diseno-de-panal-para-la-delonghi-dedica\/\" \/>\n<meta property=\"og:site_name\" content=\"studio48nord.de\" \/>\n<meta property=\"article:modified_time\" content=\"2026-03-21T16:44:07+00:00\" \/>\n<meta property=\"og:image\" content=\"https:\/\/studio48nord.de\/wp-content\/uploads\/2025\/10\/IMG_20250808_142927-scaled.webp\" \/>\n\t<meta property=\"og:image:width\" content=\"1535\" \/>\n\t<meta property=\"og:image:height\" content=\"1920\" \/>\n\t<meta property=\"og:image:type\" content=\"image\/webp\" \/>\n<meta name=\"twitter:card\" content=\"summary_large_image\" \/>\n<meta name=\"twitter:label1\" content=\"Tiempo de lectura\" \/>\n\t<meta name=\"twitter:data1\" content=\"2 minutos\" \/>\n<script type=\"application\/ld+json\" class=\"yoast-schema-graph\">{\"@context\":\"https:\\\/\\\/schema.org\",\"@graph\":[{\"@type\":\"WebPage\",\"@id\":\"https:\\\/\\\/studio48nord.de\\\/es\\\/produkte\\\/bandeja-recogegotas-con-diseno-de-panal-para-la-delonghi-dedica\\\/\",\"url\":\"https:\\\/\\\/studio48nord.de\\\/es\\\/produkte\\\/bandeja-recogegotas-con-diseno-de-panal-para-la-delonghi-dedica\\\/\",\"name\":\"Bandeja recogegotas De'Longhi Dedica | Plana y elegante\",\"isPartOf\":{\"@id\":\"https:\\\/\\\/studio48nord.de\\\/es\\\/#website\"},\"primaryImageOfPage\":{\"@id\":\"https:\\\/\\\/studio48nord.de\\\/es\\\/produkte\\\/bandeja-recogegotas-con-diseno-de-panal-para-la-delonghi-dedica\\\/#primaryimage\"},\"image\":{\"@id\":\"https:\\\/\\\/studio48nord.de\\\/es\\\/produkte\\\/bandeja-recogegotas-con-diseno-de-panal-para-la-delonghi-dedica\\\/#primaryimage\"},\"thumbnailUrl\":\"https:\\\/\\\/studio48nord.de\\\/wp-content\\\/uploads\\\/2025\\\/10\\\/IMG_20250808_142927-scaled.webp\",\"datePublished\":\"2025-10-24T14:29:44+00:00\",\"dateModified\":\"2026-03-21T16:44:07+00:00\",\"description\":\"Bandeja de goteo plana de 33 mm con dise\u00f1o de panal para De'Longhi Dedica EC685 y EC885. M\u00e1s espacio para balanzas y tazas. Fabricada en M\u00fanich.\",\"breadcrumb\":{\"@id\":\"https:\\\/\\\/studio48nord.de\\\/es\\\/produkte\\\/bandeja-recogegotas-con-diseno-de-panal-para-la-delonghi-dedica\\\/#breadcrumb\"},\"inLanguage\":\"es\",\"potentialAction\":[{\"@type\":\"ReadAction\",\"target\":[\"https:\\\/\\\/studio48nord.de\\\/es\\\/produkte\\\/bandeja-recogegotas-con-diseno-de-panal-para-la-delonghi-dedica\\\/\"]}]},{\"@type\":\"ImageObject\",\"inLanguage\":\"es\",\"@id\":\"https:\\\/\\\/studio48nord.de\\\/es\\\/produkte\\\/bandeja-recogegotas-con-diseno-de-panal-para-la-delonghi-dedica\\\/#primaryimage\",\"url\":\"https:\\\/\\\/studio48nord.de\\\/wp-content\\\/uploads\\\/2025\\\/10\\\/IMG_20250808_142927-scaled.webp\",\"contentUrl\":\"https:\\\/\\\/studio48nord.de\\\/wp-content\\\/uploads\\\/2025\\\/10\\\/IMG_20250808_142927-scaled.webp\",\"width\":1535,\"height\":1920},{\"@type\":\"BreadcrumbList\",\"@id\":\"https:\\\/\\\/studio48nord.de\\\/es\\\/produkte\\\/bandeja-recogegotas-con-diseno-de-panal-para-la-delonghi-dedica\\\/#breadcrumb\",\"itemListElement\":[{\"@type\":\"ListItem\",\"position\":1,\"name\":\"Start\",\"item\":\"https:\\\/\\\/studio48nord.de\\\/es\\\/\"},{\"@type\":\"ListItem\",\"position\":2,\"name\":\"Tienda\",\"item\":\"https:\\\/\\\/studio48nord.de\\\/produkte\\\/\"},{\"@type\":\"ListItem\",\"position\":3,\"name\":\"Bandeja recogegotas con dise\u00f1o de panal para la Delonghi Dedica\"}]},{\"@type\":\"WebSite\",\"@id\":\"https:\\\/\\\/studio48nord.de\\\/es\\\/#website\",\"url\":\"https:\\\/\\\/studio48nord.de\\\/es\\\/\",\"name\":\"Studio48Nord| 3D Druck individuell, einzigartig praktisch und lokal\",\"description\":\"\",\"publisher\":{\"@id\":\"https:\\\/\\\/studio48nord.de\\\/es\\\/#organization\"},\"potentialAction\":[{\"@type\":\"SearchAction\",\"target\":{\"@type\":\"EntryPoint\",\"urlTemplate\":\"https:\\\/\\\/studio48nord.de\\\/es\\\/?s={search_term_string}\"},\"query-input\":{\"@type\":\"PropertyValueSpecification\",\"valueRequired\":true,\"valueName\":\"search_term_string\"}}],\"inLanguage\":\"es\"},{\"@type\":\"Organization\",\"@id\":\"https:\\\/\\\/studio48nord.de\\\/es\\\/#organization\",\"name\":\"studio48nord.de\",\"url\":\"https:\\\/\\\/studio48nord.de\\\/es\\\/\",\"logo\":{\"@type\":\"ImageObject\",\"inLanguage\":\"es\",\"@id\":\"https:\\\/\\\/studio48nord.de\\\/es\\\/#\\\/schema\\\/logo\\\/image\\\/\",\"url\":\"https:\\\/\\\/studio48nord.de\\\/wp-content\\\/uploads\\\/2025\\\/10\\\/Zwischenuberschrift-1.svg\",\"contentUrl\":\"https:\\\/\\\/studio48nord.de\\\/wp-content\\\/uploads\\\/2025\\\/10\\\/Zwischenuberschrift-1.svg\",\"width\":900,\"height\":119,\"caption\":\"studio48nord.de\"},\"image\":{\"@id\":\"https:\\\/\\\/studio48nord.de\\\/es\\\/#\\\/schema\\\/logo\\\/image\\\/\"}}]}<\/script>\n<!-- \/ Yoast SEO plugin. -->","yoast_head_json":{"title":"Bandeja recogegotas De'Longhi Dedica | Plana y elegante","description":"Bandeja de goteo plana de 33 mm con dise\u00f1o de panal para De'Longhi Dedica EC685 y EC885. M\u00e1s espacio para balanzas y tazas. Fabricada en M\u00fanich.","robots":{"index":"index","follow":"follow","max-snippet":"max-snippet:-1","max-image-preview":"max-image-preview:large","max-video-preview":"max-video-preview:-1"},"canonical":"https:\/\/studio48nord.de\/es\/produkte\/bandeja-recogegotas-con-diseno-de-panal-para-la-delonghi-dedica\/","og_locale":"es_ES","og_type":"article","og_title":"Bandeja recogegotas De'Longhi Dedica | Plana y elegante","og_description":"Bandeja de goteo plana de 33 mm con dise\u00f1o de panal para De'Longhi Dedica EC685 y EC885. M\u00e1s espacio para balanzas y tazas. Fabricada en M\u00fanich.","og_url":"https:\/\/studio48nord.de\/es\/produkte\/bandeja-recogegotas-con-diseno-de-panal-para-la-delonghi-dedica\/","og_site_name":"studio48nord.de","article_modified_time":"2026-03-21T16:44:07+00:00","og_image":[{"width":1535,"height":1920,"url":"https:\/\/studio48nord.de\/wp-content\/uploads\/2025\/10\/IMG_20250808_142927-scaled.webp","type":"image\/webp"}],"twitter_card":"summary_large_image","twitter_misc":{"Tiempo de lectura":"2 minutos"},"schema":{"@context":"https:\/\/schema.org","@graph":[{"@type":"WebPage","@id":"https:\/\/studio48nord.de\/es\/produkte\/bandeja-recogegotas-con-diseno-de-panal-para-la-delonghi-dedica\/","url":"https:\/\/studio48nord.de\/es\/produkte\/bandeja-recogegotas-con-diseno-de-panal-para-la-delonghi-dedica\/","name":"Bandeja recogegotas De'Longhi Dedica | Plana y elegante","isPartOf":{"@id":"https:\/\/studio48nord.de\/es\/#website"},"primaryImageOfPage":{"@id":"https:\/\/studio48nord.de\/es\/produkte\/bandeja-recogegotas-con-diseno-de-panal-para-la-delonghi-dedica\/#primaryimage"},"image":{"@id":"https:\/\/studio48nord.de\/es\/produkte\/bandeja-recogegotas-con-diseno-de-panal-para-la-delonghi-dedica\/#primaryimage"},"thumbnailUrl":"https:\/\/studio48nord.de\/wp-content\/uploads\/2025\/10\/IMG_20250808_142927-scaled.webp","datePublished":"2025-10-24T14:29:44+00:00","dateModified":"2026-03-21T16:44:07+00:00","description":"Bandeja de goteo plana de 33 mm con dise\u00f1o de panal para De'Longhi Dedica EC685 y EC885. M\u00e1s espacio para balanzas y tazas. Fabricada en M\u00fanich.","breadcrumb":{"@id":"https:\/\/studio48nord.de\/es\/produkte\/bandeja-recogegotas-con-diseno-de-panal-para-la-delonghi-dedica\/#breadcrumb"},"inLanguage":"es","potentialAction":[{"@type":"ReadAction","target":["https:\/\/studio48nord.de\/es\/produkte\/bandeja-recogegotas-con-diseno-de-panal-para-la-delonghi-dedica\/"]}]},{"@type":"ImageObject","inLanguage":"es","@id":"https:\/\/studio48nord.de\/es\/produkte\/bandeja-recogegotas-con-diseno-de-panal-para-la-delonghi-dedica\/#primaryimage","url":"https:\/\/studio48nord.de\/wp-content\/uploads\/2025\/10\/IMG_20250808_142927-scaled.webp","contentUrl":"https:\/\/studio48nord.de\/wp-content\/uploads\/2025\/10\/IMG_20250808_142927-scaled.webp","width":1535,"height":1920},{"@type":"BreadcrumbList","@id":"https:\/\/studio48nord.de\/es\/produkte\/bandeja-recogegotas-con-diseno-de-panal-para-la-delonghi-dedica\/#breadcrumb","itemListElement":[{"@type":"ListItem","position":1,"name":"Start","item":"https:\/\/studio48nord.de\/es\/"},{"@type":"ListItem","position":2,"name":"Tienda","item":"https:\/\/studio48nord.de\/produkte\/"},{"@type":"ListItem","position":3,"name":"Bandeja recogegotas con dise\u00f1o de panal para la Delonghi Dedica"}]},{"@type":"WebSite","@id":"https:\/\/studio48nord.de\/es\/#website","url":"https:\/\/studio48nord.de\/es\/","name":"Studio48Nord| 3D Druck individuell, einzigartig praktisch und lokal","description":"","publisher":{"@id":"https:\/\/studio48nord.de\/es\/#organization"},"potentialAction":[{"@type":"SearchAction","target":{"@type":"EntryPoint","urlTemplate":"https:\/\/studio48nord.de\/es\/?s={search_term_string}"},"query-input":{"@type":"PropertyValueSpecification","valueRequired":true,"valueName":"search_term_string"}}],"inLanguage":"es"},{"@type":"Organization","@id":"https:\/\/studio48nord.de\/es\/#organization","name":"studio48nord.de","url":"https:\/\/studio48nord.de\/es\/","logo":{"@type":"ImageObject","inLanguage":"es","@id":"https:\/\/studio48nord.de\/es\/#\/schema\/logo\/image\/","url":"https:\/\/studio48nord.de\/wp-content\/uploads\/2025\/10\/Zwischenuberschrift-1.svg","contentUrl":"https:\/\/studio48nord.de\/wp-content\/uploads\/2025\/10\/Zwischenuberschrift-1.svg","width":900,"height":119,"caption":"studio48nord.de"},"image":{"@id":"https:\/\/studio48nord.de\/es\/#\/schema\/logo\/image\/"}}]}},"jetpack_sharing_enabled":true,"_links":{"self":[{"href":"https:\/\/studio48nord.de\/es\/wp-json\/wp\/v2\/product\/1100","targetHints":{"allow":["GET"]}}],"collection":[{"href":"https:\/\/studio48nord.de\/es\/wp-json\/wp\/v2\/product"}],"about":[{"href":"https:\/\/studio48nord.de\/es\/wp-json\/wp\/v2\/types\/product"}],"replies":[{"embeddable":true,"href":"https:\/\/studio48nord.de\/es\/wp-json\/wp\/v2\/comments?post=1100"}],"wp:featuredmedia":[{"embeddable":true,"href":"https:\/\/studio48nord.de\/es\/wp-json\/wp\/v2\/media\/782"}],"wp:attachment":[{"href":"https:\/\/studio48nord.de\/es\/wp-json\/wp\/v2\/media?parent=1100"}],"wp:term":[{"taxonomy":"product_brand","embeddable":true,"href":"https:\/\/studio48nord.de\/es\/wp-json\/wp\/v2\/product_brand?post=1100"},{"taxonomy":"product_cat","embeddable":true,"href":"https:\/\/studio48nord.de\/es\/wp-json\/wp\/v2\/product_cat?post=1100"},{"taxonomy":"product_tag","embeddable":true,"href":"https:\/\/studio48nord.de\/es\/wp-json\/wp\/v2\/product_tag?post=1100"}],"curies":[{"name":"wp","href":"https:\/\/api.w.org\/{rel}","templated":true}]}}