{"id":1127,"date":"2025-11-30T21:30:06","date_gmt":"2025-11-30T21:30:06","guid":{"rendered":"https:\/\/studio48nord.de\/produkte\/portafiltro-magnetico-para-delonghi-dedica\/"},"modified":"2026-03-21T17:44:01","modified_gmt":"2026-03-21T16:44:01","slug":"portafiltro-magnetico-para-delonghi-dedica","status":"publish","type":"product","link":"https:\/\/studio48nord.de\/es\/produkte\/portafiltro-magnetico-para-delonghi-dedica\/","title":{"rendered":"Portafiltro magn\u00e9tico para Delonghi Dedica"},"content":{"rendered":"<h3>La soluci\u00f3n para un lugar fijo y seguro<\/h3>\n<p>Durante el uso diario de la Dedica, hab\u00eda un detalle que no dejaba de preocuparnos: el pesado portafiltro a menudo estorbaba en la encimera o dejaba manchas de caf\u00e9 en ella. Probamos varios soportes, pero muchos ten\u00edan un gran problema: a menudo se ca\u00edan en cuanto intentabas quitar el portafiltro. <\/p>\n<p>Por eso hemos desarrollado nuestra propia soluci\u00f3n: Un soporte que realmente permanece en la m\u00e1quina cuando la utilizas, gracias a una tecnolog\u00eda magn\u00e9tica especial.<\/p>\n<h3>Funci\u00f3n y ventajas<\/h3>\n<ul>\n<li><strong>Se sujeta firmemente a la carcasa:<\/strong> A diferencia de muchas otras soluciones, utilizamos imanes de neodimio extraanchos de alto rendimiento. \u00c9stos garantizan un ajuste extremadamente firme directamente en la pared met\u00e1lica de tu Dedica. El soporte permanece donde debe estar, incluso cuando se retira el portafiltro.  <\/li>\n<li><strong>Tecnolog\u00eda invisible:<\/strong> Los imanes no se pegan simplemente, sino que se integran de forma invisible en el material durante la impresi\u00f3n 3D. Esto garantiza un aspecto limpio y evita que los imanes se suelten con el tiempo. <\/li>\n<li><strong>No requiere montaje:<\/strong> basta con colocarlo en la posici\u00f3n deseada en el lateral de tu Dedica. Como utilizamos las propiedades magn\u00e9ticas de la carcasa del Dedica, no se necesita cinta adhesiva. Esto significa: No deja residuos y se puede mover en cualquier momento.  <\/li>\n<li><strong>M\u00e1s espacio y limpieza:<\/strong> La superficie de trabajo queda libre y tu portafiltro \u00abflota\u00bb elegantemente y al alcance de la mano en un lateral.<\/li>\n<\/ul>\n<h3>Material y sostenibilidad<\/h3>\n<ul>\n<li><strong>Material:<\/strong> Fabricado con \u00e1cido polil\u00e1ctico (PLA) sin aceite. Se trata de un pl\u00e1stico resistente a base de almid\u00f3n de ma\u00edz, mucho m\u00e1s valioso que los simples productos fabricados en serie. <\/li>\n<li><strong>Producci\u00f3n:<\/strong> Todo el proceso de fabricaci\u00f3n en nuestro taller de M\u00fanich utiliza electricidad 100% renovable.<\/li>\n<\/ul>\n<h3>Compatibilidad<\/h3>\n<p>Este soporte se ha dise\u00f1ado exclusivamente para la forma de la carcasa de los <strong>modelos De&#8217;Longhi Dedica EC685 y EC885<\/strong>. No es adecuado para otras m\u00e1quinas. <\/p>\n<h3>Volumen de suministro<\/h3>\n<ul>\n<li>1 portafiltro magn\u00e9tico (con imanes de neodimio invisibles integrados)<\/li>\n<\/ul>\n<p><em>Nota: El portafiltro que se muestra s\u00f3lo tiene fines ilustrativos y no se incluye en el volumen de suministro.<\/em><\/p>\n<h3>Fabricado en M\u00fanich<\/h3>\n<p>Dise\u00f1ados, impresos y de calidad probada en nuestro taller de M\u00fanich. Con tu compra, apoyas la artesan\u00eda local y recibes un producto bien pensado directamente del fabricante. <\/p>\n<p><em>Nota de seguridad: El producto contiene imanes potentes. No es adecuado para ni\u00f1os menores de 3 a\u00f1os. <\/em><\/p>\n","protected":false},"excerpt":{"rendered":"<p>El portafiltro magn\u00e9tico para la cafetera De&#8217;Longhi Dedica (EC685\/EC885) mantiene el orden y cumple lo que promete. Gracias a los imanes de neodimio extrafuertes integrados de forma invisible, el soporte se asienta firmemente en el lateral de tu m\u00e1quina, sin deslizarse ni caerse al retirar el portafiltro. S\u00f3lo tienes que fijarlo y listo. 100% fabricado en M\u00fanich.   <\/p>\n","protected":false},"featured_media":407,"comment_status":"open","ping_status":"closed","template":"","meta":[],"product_brand":[],"product_cat":[76,73],"product_tag":[],"class_list":{"0":"post-1127","1":"product","2":"type-product","3":"status-publish","4":"has-post-thumbnail","6":"product_cat-delonghi-dedica","7":"product_cat-estilo-dedica-delonghi","8":"product_shipping_class-escribe-a","10":"first","11":"instock","12":"shipping-taxable","13":"purchasable","14":"product-type-simple"},"yoast_head":"<!-- This site is optimized with the Yoast SEO plugin v27.3 - https:\/\/yoast.com\/product\/yoast-seo-wordpress\/ -->\n<title>Portafiltro magn\u00e9tico para De&#039;Longhi Dedica | Studio48\u00b0Nord<\/title>\n<meta name=\"description\" content=\"Se acabaron las manchas de caf\u00e9 en la encimera. Sujeci\u00f3n segura para tu portafiltro gracias a los imanes integrados. Ajuste perfecto para Dedica EC685 y EC885. Hecho a mano en M\u00fanich.\" \/>\n<meta name=\"robots\" content=\"index, follow, max-snippet:-1, max-image-preview:large, max-video-preview:-1\" \/>\n<link rel=\"canonical\" href=\"https:\/\/studio48nord.de\/es\/produkte\/portafiltro-magnetico-para-delonghi-dedica\/\" \/>\n<meta property=\"og:locale\" content=\"es_ES\" \/>\n<meta property=\"og:type\" content=\"article\" \/>\n<meta property=\"og:title\" content=\"Portafiltro magn\u00e9tico para De&#039;Longhi Dedica | Studio48\u00b0Nord\" \/>\n<meta property=\"og:description\" content=\"Se acabaron las manchas de caf\u00e9 en la encimera. Sujeci\u00f3n segura para tu portafiltro gracias a los imanes integrados. Ajuste perfecto para Dedica EC685 y EC885. Hecho a mano en M\u00fanich.\" \/>\n<meta property=\"og:url\" content=\"https:\/\/studio48nord.de\/es\/produkte\/portafiltro-magnetico-para-delonghi-dedica\/\" \/>\n<meta property=\"og:site_name\" content=\"studio48nord.de\" \/>\n<meta property=\"article:modified_time\" content=\"2026-03-21T16:44:01+00:00\" \/>\n<meta property=\"og:image\" content=\"https:\/\/studio48nord.de\/wp-content\/uploads\/2025\/11\/IMG_20250807_141502-scaled.webp\" \/>\n\t<meta property=\"og:image:width\" content=\"1440\" \/>\n\t<meta property=\"og:image:height\" content=\"1920\" \/>\n\t<meta property=\"og:image:type\" content=\"image\/webp\" \/>\n<meta name=\"twitter:card\" content=\"summary_large_image\" \/>\n<meta name=\"twitter:label1\" content=\"Tiempo de lectura\" \/>\n\t<meta name=\"twitter:data1\" content=\"2 minutos\" \/>\n<script type=\"application\/ld+json\" class=\"yoast-schema-graph\">{\"@context\":\"https:\\\/\\\/schema.org\",\"@graph\":[{\"@type\":\"WebPage\",\"@id\":\"https:\\\/\\\/studio48nord.de\\\/es\\\/produkte\\\/portafiltro-magnetico-para-delonghi-dedica\\\/\",\"url\":\"https:\\\/\\\/studio48nord.de\\\/es\\\/produkte\\\/portafiltro-magnetico-para-delonghi-dedica\\\/\",\"name\":\"Portafiltro magn\u00e9tico para De'Longhi Dedica | Studio48\u00b0Nord\",\"isPartOf\":{\"@id\":\"https:\\\/\\\/studio48nord.de\\\/es\\\/#website\"},\"primaryImageOfPage\":{\"@id\":\"https:\\\/\\\/studio48nord.de\\\/es\\\/produkte\\\/portafiltro-magnetico-para-delonghi-dedica\\\/#primaryimage\"},\"image\":{\"@id\":\"https:\\\/\\\/studio48nord.de\\\/es\\\/produkte\\\/portafiltro-magnetico-para-delonghi-dedica\\\/#primaryimage\"},\"thumbnailUrl\":\"https:\\\/\\\/studio48nord.de\\\/wp-content\\\/uploads\\\/2025\\\/11\\\/IMG_20250807_141502-scaled.webp\",\"datePublished\":\"2025-11-30T21:30:06+00:00\",\"dateModified\":\"2026-03-21T16:44:01+00:00\",\"description\":\"Se acabaron las manchas de caf\u00e9 en la encimera. Sujeci\u00f3n segura para tu portafiltro gracias a los imanes integrados. Ajuste perfecto para Dedica EC685 y EC885. Hecho a mano en M\u00fanich.\",\"breadcrumb\":{\"@id\":\"https:\\\/\\\/studio48nord.de\\\/es\\\/produkte\\\/portafiltro-magnetico-para-delonghi-dedica\\\/#breadcrumb\"},\"inLanguage\":\"es\",\"potentialAction\":[{\"@type\":\"ReadAction\",\"target\":[\"https:\\\/\\\/studio48nord.de\\\/es\\\/produkte\\\/portafiltro-magnetico-para-delonghi-dedica\\\/\"]}]},{\"@type\":\"ImageObject\",\"inLanguage\":\"es\",\"@id\":\"https:\\\/\\\/studio48nord.de\\\/es\\\/produkte\\\/portafiltro-magnetico-para-delonghi-dedica\\\/#primaryimage\",\"url\":\"https:\\\/\\\/studio48nord.de\\\/wp-content\\\/uploads\\\/2025\\\/11\\\/IMG_20250807_141502-scaled.webp\",\"contentUrl\":\"https:\\\/\\\/studio48nord.de\\\/wp-content\\\/uploads\\\/2025\\\/11\\\/IMG_20250807_141502-scaled.webp\",\"width\":1440,\"height\":1920},{\"@type\":\"BreadcrumbList\",\"@id\":\"https:\\\/\\\/studio48nord.de\\\/es\\\/produkte\\\/portafiltro-magnetico-para-delonghi-dedica\\\/#breadcrumb\",\"itemListElement\":[{\"@type\":\"ListItem\",\"position\":1,\"name\":\"Start\",\"item\":\"https:\\\/\\\/studio48nord.de\\\/es\\\/\"},{\"@type\":\"ListItem\",\"position\":2,\"name\":\"Tienda\",\"item\":\"https:\\\/\\\/studio48nord.de\\\/produkte\\\/\"},{\"@type\":\"ListItem\",\"position\":3,\"name\":\"Portafiltro magn\u00e9tico para Delonghi Dedica\"}]},{\"@type\":\"WebSite\",\"@id\":\"https:\\\/\\\/studio48nord.de\\\/es\\\/#website\",\"url\":\"https:\\\/\\\/studio48nord.de\\\/es\\\/\",\"name\":\"Studio48Nord| 3D Druck individuell, einzigartig praktisch und lokal\",\"description\":\"\",\"publisher\":{\"@id\":\"https:\\\/\\\/studio48nord.de\\\/es\\\/#organization\"},\"potentialAction\":[{\"@type\":\"SearchAction\",\"target\":{\"@type\":\"EntryPoint\",\"urlTemplate\":\"https:\\\/\\\/studio48nord.de\\\/es\\\/?s={search_term_string}\"},\"query-input\":{\"@type\":\"PropertyValueSpecification\",\"valueRequired\":true,\"valueName\":\"search_term_string\"}}],\"inLanguage\":\"es\"},{\"@type\":\"Organization\",\"@id\":\"https:\\\/\\\/studio48nord.de\\\/es\\\/#organization\",\"name\":\"studio48nord.de\",\"url\":\"https:\\\/\\\/studio48nord.de\\\/es\\\/\",\"logo\":{\"@type\":\"ImageObject\",\"inLanguage\":\"es\",\"@id\":\"https:\\\/\\\/studio48nord.de\\\/es\\\/#\\\/schema\\\/logo\\\/image\\\/\",\"url\":\"https:\\\/\\\/studio48nord.de\\\/wp-content\\\/uploads\\\/2025\\\/10\\\/Zwischenuberschrift-1.svg\",\"contentUrl\":\"https:\\\/\\\/studio48nord.de\\\/wp-content\\\/uploads\\\/2025\\\/10\\\/Zwischenuberschrift-1.svg\",\"width\":900,\"height\":119,\"caption\":\"studio48nord.de\"},\"image\":{\"@id\":\"https:\\\/\\\/studio48nord.de\\\/es\\\/#\\\/schema\\\/logo\\\/image\\\/\"}}]}<\/script>\n<!-- \/ Yoast SEO plugin. -->","yoast_head_json":{"title":"Portafiltro magn\u00e9tico para De'Longhi Dedica | Studio48\u00b0Nord","description":"Se acabaron las manchas de caf\u00e9 en la encimera. Sujeci\u00f3n segura para tu portafiltro gracias a los imanes integrados. Ajuste perfecto para Dedica EC685 y EC885. Hecho a mano en M\u00fanich.","robots":{"index":"index","follow":"follow","max-snippet":"max-snippet:-1","max-image-preview":"max-image-preview:large","max-video-preview":"max-video-preview:-1"},"canonical":"https:\/\/studio48nord.de\/es\/produkte\/portafiltro-magnetico-para-delonghi-dedica\/","og_locale":"es_ES","og_type":"article","og_title":"Portafiltro magn\u00e9tico para De'Longhi Dedica | Studio48\u00b0Nord","og_description":"Se acabaron las manchas de caf\u00e9 en la encimera. Sujeci\u00f3n segura para tu portafiltro gracias a los imanes integrados. Ajuste perfecto para Dedica EC685 y EC885. Hecho a mano en M\u00fanich.","og_url":"https:\/\/studio48nord.de\/es\/produkte\/portafiltro-magnetico-para-delonghi-dedica\/","og_site_name":"studio48nord.de","article_modified_time":"2026-03-21T16:44:01+00:00","og_image":[{"width":1440,"height":1920,"url":"https:\/\/studio48nord.de\/wp-content\/uploads\/2025\/11\/IMG_20250807_141502-scaled.webp","type":"image\/webp"}],"twitter_card":"summary_large_image","twitter_misc":{"Tiempo de lectura":"2 minutos"},"schema":{"@context":"https:\/\/schema.org","@graph":[{"@type":"WebPage","@id":"https:\/\/studio48nord.de\/es\/produkte\/portafiltro-magnetico-para-delonghi-dedica\/","url":"https:\/\/studio48nord.de\/es\/produkte\/portafiltro-magnetico-para-delonghi-dedica\/","name":"Portafiltro magn\u00e9tico para De'Longhi Dedica | Studio48\u00b0Nord","isPartOf":{"@id":"https:\/\/studio48nord.de\/es\/#website"},"primaryImageOfPage":{"@id":"https:\/\/studio48nord.de\/es\/produkte\/portafiltro-magnetico-para-delonghi-dedica\/#primaryimage"},"image":{"@id":"https:\/\/studio48nord.de\/es\/produkte\/portafiltro-magnetico-para-delonghi-dedica\/#primaryimage"},"thumbnailUrl":"https:\/\/studio48nord.de\/wp-content\/uploads\/2025\/11\/IMG_20250807_141502-scaled.webp","datePublished":"2025-11-30T21:30:06+00:00","dateModified":"2026-03-21T16:44:01+00:00","description":"Se acabaron las manchas de caf\u00e9 en la encimera. Sujeci\u00f3n segura para tu portafiltro gracias a los imanes integrados. Ajuste perfecto para Dedica EC685 y EC885. Hecho a mano en M\u00fanich.","breadcrumb":{"@id":"https:\/\/studio48nord.de\/es\/produkte\/portafiltro-magnetico-para-delonghi-dedica\/#breadcrumb"},"inLanguage":"es","potentialAction":[{"@type":"ReadAction","target":["https:\/\/studio48nord.de\/es\/produkte\/portafiltro-magnetico-para-delonghi-dedica\/"]}]},{"@type":"ImageObject","inLanguage":"es","@id":"https:\/\/studio48nord.de\/es\/produkte\/portafiltro-magnetico-para-delonghi-dedica\/#primaryimage","url":"https:\/\/studio48nord.de\/wp-content\/uploads\/2025\/11\/IMG_20250807_141502-scaled.webp","contentUrl":"https:\/\/studio48nord.de\/wp-content\/uploads\/2025\/11\/IMG_20250807_141502-scaled.webp","width":1440,"height":1920},{"@type":"BreadcrumbList","@id":"https:\/\/studio48nord.de\/es\/produkte\/portafiltro-magnetico-para-delonghi-dedica\/#breadcrumb","itemListElement":[{"@type":"ListItem","position":1,"name":"Start","item":"https:\/\/studio48nord.de\/es\/"},{"@type":"ListItem","position":2,"name":"Tienda","item":"https:\/\/studio48nord.de\/produkte\/"},{"@type":"ListItem","position":3,"name":"Portafiltro magn\u00e9tico para Delonghi Dedica"}]},{"@type":"WebSite","@id":"https:\/\/studio48nord.de\/es\/#website","url":"https:\/\/studio48nord.de\/es\/","name":"Studio48Nord| 3D Druck individuell, einzigartig praktisch und lokal","description":"","publisher":{"@id":"https:\/\/studio48nord.de\/es\/#organization"},"potentialAction":[{"@type":"SearchAction","target":{"@type":"EntryPoint","urlTemplate":"https:\/\/studio48nord.de\/es\/?s={search_term_string}"},"query-input":{"@type":"PropertyValueSpecification","valueRequired":true,"valueName":"search_term_string"}}],"inLanguage":"es"},{"@type":"Organization","@id":"https:\/\/studio48nord.de\/es\/#organization","name":"studio48nord.de","url":"https:\/\/studio48nord.de\/es\/","logo":{"@type":"ImageObject","inLanguage":"es","@id":"https:\/\/studio48nord.de\/es\/#\/schema\/logo\/image\/","url":"https:\/\/studio48nord.de\/wp-content\/uploads\/2025\/10\/Zwischenuberschrift-1.svg","contentUrl":"https:\/\/studio48nord.de\/wp-content\/uploads\/2025\/10\/Zwischenuberschrift-1.svg","width":900,"height":119,"caption":"studio48nord.de"},"image":{"@id":"https:\/\/studio48nord.de\/es\/#\/schema\/logo\/image\/"}}]}},"jetpack_sharing_enabled":true,"_links":{"self":[{"href":"https:\/\/studio48nord.de\/es\/wp-json\/wp\/v2\/product\/1127","targetHints":{"allow":["GET"]}}],"collection":[{"href":"https:\/\/studio48nord.de\/es\/wp-json\/wp\/v2\/product"}],"about":[{"href":"https:\/\/studio48nord.de\/es\/wp-json\/wp\/v2\/types\/product"}],"replies":[{"embeddable":true,"href":"https:\/\/studio48nord.de\/es\/wp-json\/wp\/v2\/comments?post=1127"}],"wp:featuredmedia":[{"embeddable":true,"href":"https:\/\/studio48nord.de\/es\/wp-json\/wp\/v2\/media\/407"}],"wp:attachment":[{"href":"https:\/\/studio48nord.de\/es\/wp-json\/wp\/v2\/media?parent=1127"}],"wp:term":[{"taxonomy":"product_brand","embeddable":true,"href":"https:\/\/studio48nord.de\/es\/wp-json\/wp\/v2\/product_brand?post=1127"},{"taxonomy":"product_cat","embeddable":true,"href":"https:\/\/studio48nord.de\/es\/wp-json\/wp\/v2\/product_cat?post=1127"},{"taxonomy":"product_tag","embeddable":true,"href":"https:\/\/studio48nord.de\/es\/wp-json\/wp\/v2\/product_tag?post=1127"}],"curies":[{"name":"wp","href":"https:\/\/api.w.org\/{rel}","templated":true}]}}