{"id":1169,"date":"2025-10-28T15:41:44","date_gmt":"2025-10-28T15:41:44","guid":{"rendered":"https:\/\/studio48nord.de\/produkte\/combo-de-2-piezas-diseno-nido-de-abeja-portavasos-y-portafiltro-magnetico\/"},"modified":"2026-03-21T17:44:04","modified_gmt":"2026-03-21T16:44:04","slug":"combo-de-2-piezas-diseno-nido-de-abeja-portavasos-y-portafiltro-magnetico","status":"publish","type":"product","link":"https:\/\/studio48nord.de\/es\/produkte\/combo-de-2-piezas-diseno-nido-de-abeja-portavasos-y-portafiltro-magnetico\/","title":{"rendered":"Combo de 2 piezas \u00abDise\u00f1o nido de abeja\u00bb &#8211; portavasos y portafiltro magn\u00e9tico"},"content":{"rendered":"<h3>Detalles y caracter\u00edsticas<\/h3>\n<p>Hemos desarrollado este conjunto como un sistema completo. Obtendr\u00e1s las ventajas de ambos productos individuales en una soluci\u00f3n integrada y sin fisuras. <\/p>\n<h3>Aspectos destacados y ventajas<\/h3>\n<ul>\n<li><strong>Lo mejor de ambos mundos:<\/strong> Este set incluye nuestro popular soporte para tazas (para protegerlas de ara\u00f1azos) Y nuestro pr\u00e1ctico portafiltro magn\u00e9tico.<\/li>\n<li><strong>Perfectamente coordinado:<\/strong> Lo m\u00e1s destacado de este conjunto es que hemos desarrollado una versi\u00f3n especial del portavasos con un hueco a medida para el portafiltro. As\u00ed, ambas piezas forman una unidad visual y funcional: el dise\u00f1o como debe ser. <\/li>\n<li><strong>M\u00e1xima est\u00e9tica y protecci\u00f3n:<\/strong> Protege la superficie cromada de tu m\u00e1quina y dale un aspecto elegante con el soporte negro mate, mientras el portafiltro \u00abflota\u00bb elegantemente en el lateral.<\/li>\n<li><strong>Completamente organizado:<\/strong> crea la estaci\u00f3n barista definitiva donde todo tiene su lugar fijo. Se acabaron los accesorios tirados por ah\u00ed y los ara\u00f1azos: s\u00f3lo disfrutar\u00e1s del caf\u00e9. <\/li>\n<li><strong>Tu ventaja de precio en un conjunto:<\/strong> Benef\u00edciate de un precio m\u00e1s favorable <strong>en<\/strong> comparaci\u00f3n con la compra de los productos por separado.<\/li>\n<\/ul>\n<h3>Volumen de suministro:<\/h3>\n<ul>\n<li>1x portavasos especial (con hueco personalizado, compatible con el soporte)<\/li>\n<li>1x Portafiltro magn\u00e9tico<\/li>\n<\/ul>\n<h3>100% Fabricado en M\u00fanich<\/h3>\n<p>Ambas partes del conjunto se dise\u00f1an, imprimen y montan para ti como un conjunto con pasi\u00f3n y precisi\u00f3n en nuestro taller de M\u00fanich.<\/p>\n<h3>Notas importantes:<\/h3>\n<ul>\n<li>L\u00edmpialos s\u00f3lo a mano. Los productos no son aptos para el lavavajillas. <\/li>\n<li>El reposavasos reduce ligeramente la transferencia de calor del calentador de tazas.<\/li>\n<li>Este juego es adecuado exclusivamente para los modelos De&#8217;Longhi Dedica EC685 y EC885.<\/li>\n<li><strong>Precauci\u00f3n:<\/strong> Contiene piezas peque\u00f1as e imanes potentes. No apto para ni\u00f1os menores de 3 a\u00f1os. <\/li>\n<\/ul>\n<h3>Conclusi\u00f3n<\/h3>\n<p>Reg\u00e1late a ti y a tu Dedica la actualizaci\u00f3n que se merecen. La soluci\u00f3n completa m\u00e1s sofisticada de Studio48\u00b0Nord. <\/p>\n","protected":false},"excerpt":{"rendered":"<p>\u00a1Aqu\u00ed lo tienes! Nuestro exclusivo conjunto combinado \u00abDual\u00bb combina protecci\u00f3n, est\u00e9tica y organizaci\u00f3n en un paquete perfectamente coordinado que no encontrar\u00e1s en ning\u00fan otro sitio. <\/p>\n<p>Una vez dise\u00f1adas las piezas individuales de nuestra Dedica, las unimos. Nos dimos cuenta: \u00c9ste es exactamente el concepto global coherente que siempre hab\u00edamos imaginado, en el que el soporte para tazas y el portafiltro magn\u00e9tico funcionan juntos. Queremos compartir esta visi\u00f3n de un conjunto perfectamente armonizado con todos los que, como nosotros, disfrutan de un dise\u00f1o bien pensado y uniforme que hace que tu Dedica sea \u00fanica.  <\/p>\n","protected":false},"featured_media":230,"comment_status":"open","ping_status":"closed","template":"","meta":[],"product_brand":[],"product_cat":[76,73],"product_tag":[],"class_list":{"0":"post-1169","1":"product","2":"type-product","3":"status-publish","4":"has-post-thumbnail","6":"product_cat-delonghi-dedica","7":"product_cat-estilo-dedica-delonghi","9":"first","10":"instock","11":"shipping-taxable","12":"purchasable","13":"product-type-simple"},"yoast_head":"<!-- This site is optimized with the Yoast SEO plugin v27.3 - https:\/\/yoast.com\/product\/yoast-seo-wordpress\/ -->\n<title>Juego de mejora Dedica | portavasos y portafiltro magn\u00e9tico<\/title>\n<meta name=\"description\" content=\"El paquete completo para tu De&#039;Longhi Dedica. Protecci\u00f3n contra ara\u00f1azos y organizaci\u00f3n magn\u00e9tica para el portafiltro. Fabricado a medida en M\u00fanich.\" \/>\n<meta name=\"robots\" content=\"index, follow, max-snippet:-1, max-image-preview:large, max-video-preview:-1\" \/>\n<link rel=\"canonical\" href=\"https:\/\/studio48nord.de\/es\/produkte\/combo-de-2-piezas-diseno-nido-de-abeja-portavasos-y-portafiltro-magnetico\/\" \/>\n<meta property=\"og:locale\" content=\"es_ES\" \/>\n<meta property=\"og:type\" content=\"article\" \/>\n<meta property=\"og:title\" content=\"Juego de mejora Dedica | portavasos y portafiltro magn\u00e9tico\" \/>\n<meta property=\"og:description\" content=\"El paquete completo para tu De&#039;Longhi Dedica. Protecci\u00f3n contra ara\u00f1azos y organizaci\u00f3n magn\u00e9tica para el portafiltro. Fabricado a medida en M\u00fanich.\" \/>\n<meta property=\"og:url\" content=\"https:\/\/studio48nord.de\/es\/produkte\/combo-de-2-piezas-diseno-nido-de-abeja-portavasos-y-portafiltro-magnetico\/\" \/>\n<meta property=\"og:site_name\" content=\"studio48nord.de\" \/>\n<meta property=\"article:modified_time\" content=\"2026-03-21T16:44:04+00:00\" \/>\n<meta property=\"og:image\" content=\"https:\/\/studio48nord.de\/wp-content\/uploads\/2025\/10\/IMG_20250807_141334-scaled.webp\" \/>\n\t<meta property=\"og:image:width\" content=\"1440\" \/>\n\t<meta property=\"og:image:height\" content=\"1920\" \/>\n\t<meta property=\"og:image:type\" content=\"image\/webp\" \/>\n<meta name=\"twitter:card\" content=\"summary_large_image\" \/>\n<meta name=\"twitter:label1\" content=\"Tiempo de lectura\" \/>\n\t<meta name=\"twitter:data1\" content=\"2 minutos\" \/>\n<script type=\"application\/ld+json\" class=\"yoast-schema-graph\">{\"@context\":\"https:\\\/\\\/schema.org\",\"@graph\":[{\"@type\":\"WebPage\",\"@id\":\"https:\\\/\\\/studio48nord.de\\\/es\\\/produkte\\\/combo-de-2-piezas-diseno-nido-de-abeja-portavasos-y-portafiltro-magnetico\\\/\",\"url\":\"https:\\\/\\\/studio48nord.de\\\/es\\\/produkte\\\/combo-de-2-piezas-diseno-nido-de-abeja-portavasos-y-portafiltro-magnetico\\\/\",\"name\":\"Juego de mejora Dedica | portavasos y portafiltro magn\u00e9tico\",\"isPartOf\":{\"@id\":\"https:\\\/\\\/studio48nord.de\\\/es\\\/#website\"},\"primaryImageOfPage\":{\"@id\":\"https:\\\/\\\/studio48nord.de\\\/es\\\/produkte\\\/combo-de-2-piezas-diseno-nido-de-abeja-portavasos-y-portafiltro-magnetico\\\/#primaryimage\"},\"image\":{\"@id\":\"https:\\\/\\\/studio48nord.de\\\/es\\\/produkte\\\/combo-de-2-piezas-diseno-nido-de-abeja-portavasos-y-portafiltro-magnetico\\\/#primaryimage\"},\"thumbnailUrl\":\"https:\\\/\\\/studio48nord.de\\\/wp-content\\\/uploads\\\/2025\\\/10\\\/IMG_20250807_141334-scaled.webp\",\"datePublished\":\"2025-10-28T15:41:44+00:00\",\"dateModified\":\"2026-03-21T16:44:04+00:00\",\"description\":\"El paquete completo para tu De'Longhi Dedica. Protecci\u00f3n contra ara\u00f1azos y organizaci\u00f3n magn\u00e9tica para el portafiltro. Fabricado a medida en M\u00fanich.\",\"breadcrumb\":{\"@id\":\"https:\\\/\\\/studio48nord.de\\\/es\\\/produkte\\\/combo-de-2-piezas-diseno-nido-de-abeja-portavasos-y-portafiltro-magnetico\\\/#breadcrumb\"},\"inLanguage\":\"es\",\"potentialAction\":[{\"@type\":\"ReadAction\",\"target\":[\"https:\\\/\\\/studio48nord.de\\\/es\\\/produkte\\\/combo-de-2-piezas-diseno-nido-de-abeja-portavasos-y-portafiltro-magnetico\\\/\"]}]},{\"@type\":\"ImageObject\",\"inLanguage\":\"es\",\"@id\":\"https:\\\/\\\/studio48nord.de\\\/es\\\/produkte\\\/combo-de-2-piezas-diseno-nido-de-abeja-portavasos-y-portafiltro-magnetico\\\/#primaryimage\",\"url\":\"https:\\\/\\\/studio48nord.de\\\/wp-content\\\/uploads\\\/2025\\\/10\\\/IMG_20250807_141334-scaled.webp\",\"contentUrl\":\"https:\\\/\\\/studio48nord.de\\\/wp-content\\\/uploads\\\/2025\\\/10\\\/IMG_20250807_141334-scaled.webp\",\"width\":1440,\"height\":1920},{\"@type\":\"BreadcrumbList\",\"@id\":\"https:\\\/\\\/studio48nord.de\\\/es\\\/produkte\\\/combo-de-2-piezas-diseno-nido-de-abeja-portavasos-y-portafiltro-magnetico\\\/#breadcrumb\",\"itemListElement\":[{\"@type\":\"ListItem\",\"position\":1,\"name\":\"Start\",\"item\":\"https:\\\/\\\/studio48nord.de\\\/es\\\/\"},{\"@type\":\"ListItem\",\"position\":2,\"name\":\"Tienda\",\"item\":\"https:\\\/\\\/studio48nord.de\\\/produkte\\\/\"},{\"@type\":\"ListItem\",\"position\":3,\"name\":\"Combo de 2 piezas &#8222;Dise\u00f1o nido de abeja&#8220; &#8211; portavasos y portafiltro magn\u00e9tico\"}]},{\"@type\":\"WebSite\",\"@id\":\"https:\\\/\\\/studio48nord.de\\\/es\\\/#website\",\"url\":\"https:\\\/\\\/studio48nord.de\\\/es\\\/\",\"name\":\"Studio48Nord| 3D Druck individuell, einzigartig praktisch und lokal\",\"description\":\"\",\"publisher\":{\"@id\":\"https:\\\/\\\/studio48nord.de\\\/es\\\/#organization\"},\"potentialAction\":[{\"@type\":\"SearchAction\",\"target\":{\"@type\":\"EntryPoint\",\"urlTemplate\":\"https:\\\/\\\/studio48nord.de\\\/es\\\/?s={search_term_string}\"},\"query-input\":{\"@type\":\"PropertyValueSpecification\",\"valueRequired\":true,\"valueName\":\"search_term_string\"}}],\"inLanguage\":\"es\"},{\"@type\":\"Organization\",\"@id\":\"https:\\\/\\\/studio48nord.de\\\/es\\\/#organization\",\"name\":\"studio48nord.de\",\"url\":\"https:\\\/\\\/studio48nord.de\\\/es\\\/\",\"logo\":{\"@type\":\"ImageObject\",\"inLanguage\":\"es\",\"@id\":\"https:\\\/\\\/studio48nord.de\\\/es\\\/#\\\/schema\\\/logo\\\/image\\\/\",\"url\":\"https:\\\/\\\/studio48nord.de\\\/wp-content\\\/uploads\\\/2025\\\/10\\\/Zwischenuberschrift-1.svg\",\"contentUrl\":\"https:\\\/\\\/studio48nord.de\\\/wp-content\\\/uploads\\\/2025\\\/10\\\/Zwischenuberschrift-1.svg\",\"width\":900,\"height\":119,\"caption\":\"studio48nord.de\"},\"image\":{\"@id\":\"https:\\\/\\\/studio48nord.de\\\/es\\\/#\\\/schema\\\/logo\\\/image\\\/\"}}]}<\/script>\n<!-- \/ Yoast SEO plugin. -->","yoast_head_json":{"title":"Juego de mejora Dedica | portavasos y portafiltro magn\u00e9tico","description":"El paquete completo para tu De'Longhi Dedica. Protecci\u00f3n contra ara\u00f1azos y organizaci\u00f3n magn\u00e9tica para el portafiltro. Fabricado a medida en M\u00fanich.","robots":{"index":"index","follow":"follow","max-snippet":"max-snippet:-1","max-image-preview":"max-image-preview:large","max-video-preview":"max-video-preview:-1"},"canonical":"https:\/\/studio48nord.de\/es\/produkte\/combo-de-2-piezas-diseno-nido-de-abeja-portavasos-y-portafiltro-magnetico\/","og_locale":"es_ES","og_type":"article","og_title":"Juego de mejora Dedica | portavasos y portafiltro magn\u00e9tico","og_description":"El paquete completo para tu De'Longhi Dedica. Protecci\u00f3n contra ara\u00f1azos y organizaci\u00f3n magn\u00e9tica para el portafiltro. Fabricado a medida en M\u00fanich.","og_url":"https:\/\/studio48nord.de\/es\/produkte\/combo-de-2-piezas-diseno-nido-de-abeja-portavasos-y-portafiltro-magnetico\/","og_site_name":"studio48nord.de","article_modified_time":"2026-03-21T16:44:04+00:00","og_image":[{"width":1440,"height":1920,"url":"https:\/\/studio48nord.de\/wp-content\/uploads\/2025\/10\/IMG_20250807_141334-scaled.webp","type":"image\/webp"}],"twitter_card":"summary_large_image","twitter_misc":{"Tiempo de lectura":"2 minutos"},"schema":{"@context":"https:\/\/schema.org","@graph":[{"@type":"WebPage","@id":"https:\/\/studio48nord.de\/es\/produkte\/combo-de-2-piezas-diseno-nido-de-abeja-portavasos-y-portafiltro-magnetico\/","url":"https:\/\/studio48nord.de\/es\/produkte\/combo-de-2-piezas-diseno-nido-de-abeja-portavasos-y-portafiltro-magnetico\/","name":"Juego de mejora Dedica | portavasos y portafiltro magn\u00e9tico","isPartOf":{"@id":"https:\/\/studio48nord.de\/es\/#website"},"primaryImageOfPage":{"@id":"https:\/\/studio48nord.de\/es\/produkte\/combo-de-2-piezas-diseno-nido-de-abeja-portavasos-y-portafiltro-magnetico\/#primaryimage"},"image":{"@id":"https:\/\/studio48nord.de\/es\/produkte\/combo-de-2-piezas-diseno-nido-de-abeja-portavasos-y-portafiltro-magnetico\/#primaryimage"},"thumbnailUrl":"https:\/\/studio48nord.de\/wp-content\/uploads\/2025\/10\/IMG_20250807_141334-scaled.webp","datePublished":"2025-10-28T15:41:44+00:00","dateModified":"2026-03-21T16:44:04+00:00","description":"El paquete completo para tu De'Longhi Dedica. Protecci\u00f3n contra ara\u00f1azos y organizaci\u00f3n magn\u00e9tica para el portafiltro. Fabricado a medida en M\u00fanich.","breadcrumb":{"@id":"https:\/\/studio48nord.de\/es\/produkte\/combo-de-2-piezas-diseno-nido-de-abeja-portavasos-y-portafiltro-magnetico\/#breadcrumb"},"inLanguage":"es","potentialAction":[{"@type":"ReadAction","target":["https:\/\/studio48nord.de\/es\/produkte\/combo-de-2-piezas-diseno-nido-de-abeja-portavasos-y-portafiltro-magnetico\/"]}]},{"@type":"ImageObject","inLanguage":"es","@id":"https:\/\/studio48nord.de\/es\/produkte\/combo-de-2-piezas-diseno-nido-de-abeja-portavasos-y-portafiltro-magnetico\/#primaryimage","url":"https:\/\/studio48nord.de\/wp-content\/uploads\/2025\/10\/IMG_20250807_141334-scaled.webp","contentUrl":"https:\/\/studio48nord.de\/wp-content\/uploads\/2025\/10\/IMG_20250807_141334-scaled.webp","width":1440,"height":1920},{"@type":"BreadcrumbList","@id":"https:\/\/studio48nord.de\/es\/produkte\/combo-de-2-piezas-diseno-nido-de-abeja-portavasos-y-portafiltro-magnetico\/#breadcrumb","itemListElement":[{"@type":"ListItem","position":1,"name":"Start","item":"https:\/\/studio48nord.de\/es\/"},{"@type":"ListItem","position":2,"name":"Tienda","item":"https:\/\/studio48nord.de\/produkte\/"},{"@type":"ListItem","position":3,"name":"Combo de 2 piezas &#8222;Dise\u00f1o nido de abeja&#8220; &#8211; portavasos y portafiltro magn\u00e9tico"}]},{"@type":"WebSite","@id":"https:\/\/studio48nord.de\/es\/#website","url":"https:\/\/studio48nord.de\/es\/","name":"Studio48Nord| 3D Druck individuell, einzigartig praktisch und lokal","description":"","publisher":{"@id":"https:\/\/studio48nord.de\/es\/#organization"},"potentialAction":[{"@type":"SearchAction","target":{"@type":"EntryPoint","urlTemplate":"https:\/\/studio48nord.de\/es\/?s={search_term_string}"},"query-input":{"@type":"PropertyValueSpecification","valueRequired":true,"valueName":"search_term_string"}}],"inLanguage":"es"},{"@type":"Organization","@id":"https:\/\/studio48nord.de\/es\/#organization","name":"studio48nord.de","url":"https:\/\/studio48nord.de\/es\/","logo":{"@type":"ImageObject","inLanguage":"es","@id":"https:\/\/studio48nord.de\/es\/#\/schema\/logo\/image\/","url":"https:\/\/studio48nord.de\/wp-content\/uploads\/2025\/10\/Zwischenuberschrift-1.svg","contentUrl":"https:\/\/studio48nord.de\/wp-content\/uploads\/2025\/10\/Zwischenuberschrift-1.svg","width":900,"height":119,"caption":"studio48nord.de"},"image":{"@id":"https:\/\/studio48nord.de\/es\/#\/schema\/logo\/image\/"}}]}},"jetpack_sharing_enabled":true,"_links":{"self":[{"href":"https:\/\/studio48nord.de\/es\/wp-json\/wp\/v2\/product\/1169","targetHints":{"allow":["GET"]}}],"collection":[{"href":"https:\/\/studio48nord.de\/es\/wp-json\/wp\/v2\/product"}],"about":[{"href":"https:\/\/studio48nord.de\/es\/wp-json\/wp\/v2\/types\/product"}],"replies":[{"embeddable":true,"href":"https:\/\/studio48nord.de\/es\/wp-json\/wp\/v2\/comments?post=1169"}],"wp:featuredmedia":[{"embeddable":true,"href":"https:\/\/studio48nord.de\/es\/wp-json\/wp\/v2\/media\/230"}],"wp:attachment":[{"href":"https:\/\/studio48nord.de\/es\/wp-json\/wp\/v2\/media?parent=1169"}],"wp:term":[{"taxonomy":"product_brand","embeddable":true,"href":"https:\/\/studio48nord.de\/es\/wp-json\/wp\/v2\/product_brand?post=1169"},{"taxonomy":"product_cat","embeddable":true,"href":"https:\/\/studio48nord.de\/es\/wp-json\/wp\/v2\/product_cat?post=1169"},{"taxonomy":"product_tag","embeddable":true,"href":"https:\/\/studio48nord.de\/es\/wp-json\/wp\/v2\/product_tag?post=1169"}],"curies":[{"name":"wp","href":"https:\/\/api.w.org\/{rel}","templated":true}]}}