{"id":1172,"date":"2025-10-28T07:48:41","date_gmt":"2025-10-28T07:48:41","guid":{"rendered":"https:\/\/studio48nord.de\/produkte\/bandeja-recogegotas-slim-design-para-delonghi-dedica\/"},"modified":"2026-03-21T17:44:06","modified_gmt":"2026-03-21T16:44:06","slug":"bandeja-recogegotas-slim-design-para-delonghi-dedica","status":"publish","type":"product","link":"https:\/\/studio48nord.de\/es\/produkte\/bandeja-recogegotas-slim-design-para-delonghi-dedica\/","title":{"rendered":"Bandeja recogegotas \u00abSlim Design\u00bb para Delonghi Dedica"},"content":{"rendered":"<h3>Detalles y caracter\u00edsticas<\/h3>\n<p>Aqu\u00ed tienes todo lo que hace que nuestra mejora para tu Dedica sea tan especial:<\/p>\n<h3>Aspectos destacados y ventajas<\/h3>\n<ul>\n<li><strong>M\u00c1S DE UN 24% M\u00c1S DE ESPACIO EN ALTURA:<\/strong> \u00a1\u00c9sta es la ventaja decisiva! Con s\u00f3lo 3,3 cm de altura, nuestra bandeja recogegotas es m\u00e1s de un 24% menos profunda que las extensiones convencionales y la bandeja recogegotas original (que tienen m\u00e1s de 4,3 cm de altura). Esto significa que ganas m\u00e1s de un cent\u00edmetro entero de espacio crucial: \u00a1la diferencia entre \u00abno cabe\u00bb y \u00abcabe perfectamente\u00bb!  <\/li>\n<li>Por <strong>fin vasos altos y<\/strong> b\u00e1sculas de <strong>caf\u00e9:<\/strong> Gracias al dise\u00f1o ultraplano, tus vasos un poco m\u00e1s altos, tu taza t\u00e9rmica favorita y una b\u00e1scula de caf\u00e9 precisa por fin caben sin problemas debajo del portafiltro.<\/li>\n<li><strong>Base ancha para dos tazas:<\/strong> A pesar de su perfil plano, el dise\u00f1o ofrece espacio suficiente para dos tazas de capuchino cl\u00e1sico una al lado de la otra, ideal para caf\u00e9 para dos.<\/li>\n<li><strong>Dise\u00f1o elegante y personalizado:<\/strong> La superficie negra mate de textura fina se integra perfectamente en el elegante aspecto de tu Delonghi Dedica (EC685\/EC885) y lo realza sutilmente.<\/li>\n<\/ul>\n<h3>Dimensiones y material<\/h3>\n<ul>\n<li><strong>Dimensiones (ancho x largo x alto):<\/strong> 149 mm x 132,5 mm x 33 mm<\/li>\n<li><strong>Material:<\/strong> Fabricado con pl\u00e1stico PLA de alta calidad y respetuoso con el medio ambiente. Se fabrica a partir de materias primas renovables, como el almid\u00f3n de ma\u00edz, y es biodegradable. <\/li>\n<li><strong>Instrucciones de cuidado importantes:<\/strong> Aunque la breve exposici\u00f3n al agua caliente de la cafetera no supone ning\u00fan problema, limpia la bandeja recogegotas s\u00f3lo a mano con agua tibia y un poco de detergente l\u00edquido. No es apta para el lavavajillas. <\/li>\n<\/ul>\n<h3>Colores disponibles<\/h3>\n<p>Actualmente est\u00e1 disponible en un elegante negro mate, que combina perfectamente con el dise\u00f1o de la m\u00e1quina.<\/p>\n<h3>Perfecto como regalo<\/h3>\n<p>La mejora ideal para todo propietario de una Delonghi Dedica y un regalo fant\u00e1stico para todos los amantes del caf\u00e9, baristas aficionados y fans del dise\u00f1o, para cumplea\u00f1os, Navidad o simplemente porque s\u00ed.<\/p>\n<h3>100% Fabricado en M\u00fanich<\/h3>\n<p>Desde el dise\u00f1o digital inicial y la impresi\u00f3n 3D precisa hasta el env\u00edo cuidadoso y asegurado por DHL: todo ocurre en nuestro peque\u00f1o taller de M\u00fanich. Apoyas a una empresa local y recibes un producto hecho con pasi\u00f3n. <\/p>\n<h3>Conclusi\u00f3n<\/h3>\n<p>Mejora tu disfrute diario del caf\u00e9 con el dise\u00f1o inteligente y elegante de Studio48\u00b0Nord. Si tienes alguna pregunta (o petici\u00f3n especial, por ejemplo), \u00a1estaremos encantados de ayudarte! <\/p>\n","protected":false},"excerpt":{"rendered":"<p>\u00bfConoces el problema? Tu taza favorita no cabe debajo de tu Delonghi Dedica y, desde luego, no hay sitio para una b\u00e1scula de caf\u00e9. \u00a1Se acab\u00f3! Con nuestra bandeja de goteo personalizada y extrabaja de nuestra f\u00e1brica de M\u00fanich, por fin podr\u00e1s sacar el m\u00e1ximo partido a tu cafetera de portafiltro, al tiempo que disfrutas de un nuevo aspecto \u00fanico que hace que tu DeLonghi Dedica destaque.   <\/p>\n","protected":false},"featured_media":792,"comment_status":"open","ping_status":"closed","template":"","meta":[],"product_brand":[],"product_cat":[76,85,73],"product_tag":[],"class_list":{"0":"post-1172","1":"product","2":"type-product","3":"status-publish","4":"has-post-thumbnail","6":"product_cat-delonghi-dedica","7":"product_cat-delonghi-dedica-duo","8":"product_cat-estilo-dedica-delonghi","10":"first","11":"instock","12":"shipping-taxable","13":"purchasable","14":"product-type-variable"},"yoast_head":"<!-- This site is optimized with the Yoast SEO plugin v27.3 - https:\/\/yoast.com\/product\/yoast-seo-wordpress\/ -->\n<title>Bandeja de goteo plana De&#039;Longhi Dedica EC685 &amp; EC885 | Studio48\u00b0Nord<\/title>\n<meta name=\"description\" content=\"Crea espacio para tazas y balanzas grandes debajo de tu Dedica. S\u00f3lo 33 mm de altura: m\u00e1s de un 24 % m\u00e1s fino que el original. Hecha a mano en M\u00fanich con PLA sostenible.\" \/>\n<meta name=\"robots\" content=\"index, follow, max-snippet:-1, max-image-preview:large, max-video-preview:-1\" \/>\n<link rel=\"canonical\" href=\"https:\/\/studio48nord.de\/es\/produkte\/bandeja-recogegotas-slim-design-para-delonghi-dedica\/\" \/>\n<meta property=\"og:locale\" content=\"es_ES\" \/>\n<meta property=\"og:type\" content=\"article\" \/>\n<meta property=\"og:title\" content=\"Bandeja de goteo plana De&#039;Longhi Dedica EC685 &amp; EC885 | Studio48\u00b0Nord\" \/>\n<meta property=\"og:description\" content=\"Crea espacio para tazas y balanzas grandes debajo de tu Dedica. S\u00f3lo 33 mm de altura: m\u00e1s de un 24 % m\u00e1s fino que el original. Hecha a mano en M\u00fanich con PLA sostenible.\" \/>\n<meta property=\"og:url\" content=\"https:\/\/studio48nord.de\/es\/produkte\/bandeja-recogegotas-slim-design-para-delonghi-dedica\/\" \/>\n<meta property=\"og:site_name\" content=\"studio48nord.de\" \/>\n<meta property=\"article:modified_time\" content=\"2026-03-21T16:44:06+00:00\" \/>\n<meta property=\"og:image\" content=\"https:\/\/studio48nord.de\/wp-content\/uploads\/2025\/10\/Slim-Tray-scaled.webp\" \/>\n\t<meta property=\"og:image:width\" content=\"1440\" \/>\n\t<meta property=\"og:image:height\" content=\"1920\" \/>\n\t<meta property=\"og:image:type\" content=\"image\/webp\" \/>\n<meta name=\"twitter:card\" content=\"summary_large_image\" \/>\n<meta name=\"twitter:label1\" content=\"Tiempo de lectura\" \/>\n\t<meta name=\"twitter:data1\" content=\"2 minutos\" \/>\n<script type=\"application\/ld+json\" class=\"yoast-schema-graph\">{\"@context\":\"https:\\\/\\\/schema.org\",\"@graph\":[{\"@type\":\"WebPage\",\"@id\":\"https:\\\/\\\/studio48nord.de\\\/es\\\/produkte\\\/bandeja-recogegotas-slim-design-para-delonghi-dedica\\\/\",\"url\":\"https:\\\/\\\/studio48nord.de\\\/es\\\/produkte\\\/bandeja-recogegotas-slim-design-para-delonghi-dedica\\\/\",\"name\":\"Bandeja de goteo plana De'Longhi Dedica EC685 & EC885 | Studio48\u00b0Nord\",\"isPartOf\":{\"@id\":\"https:\\\/\\\/studio48nord.de\\\/es\\\/#website\"},\"primaryImageOfPage\":{\"@id\":\"https:\\\/\\\/studio48nord.de\\\/es\\\/produkte\\\/bandeja-recogegotas-slim-design-para-delonghi-dedica\\\/#primaryimage\"},\"image\":{\"@id\":\"https:\\\/\\\/studio48nord.de\\\/es\\\/produkte\\\/bandeja-recogegotas-slim-design-para-delonghi-dedica\\\/#primaryimage\"},\"thumbnailUrl\":\"https:\\\/\\\/studio48nord.de\\\/wp-content\\\/uploads\\\/2025\\\/10\\\/Slim-Tray-scaled.webp\",\"datePublished\":\"2025-10-28T07:48:41+00:00\",\"dateModified\":\"2026-03-21T16:44:06+00:00\",\"description\":\"Crea espacio para tazas y balanzas grandes debajo de tu Dedica. S\u00f3lo 33 mm de altura: m\u00e1s de un 24 % m\u00e1s fino que el original. Hecha a mano en M\u00fanich con PLA sostenible.\",\"breadcrumb\":{\"@id\":\"https:\\\/\\\/studio48nord.de\\\/es\\\/produkte\\\/bandeja-recogegotas-slim-design-para-delonghi-dedica\\\/#breadcrumb\"},\"inLanguage\":\"es\",\"potentialAction\":[{\"@type\":\"ReadAction\",\"target\":[\"https:\\\/\\\/studio48nord.de\\\/es\\\/produkte\\\/bandeja-recogegotas-slim-design-para-delonghi-dedica\\\/\"]}]},{\"@type\":\"ImageObject\",\"inLanguage\":\"es\",\"@id\":\"https:\\\/\\\/studio48nord.de\\\/es\\\/produkte\\\/bandeja-recogegotas-slim-design-para-delonghi-dedica\\\/#primaryimage\",\"url\":\"https:\\\/\\\/studio48nord.de\\\/wp-content\\\/uploads\\\/2025\\\/10\\\/Slim-Tray-scaled.webp\",\"contentUrl\":\"https:\\\/\\\/studio48nord.de\\\/wp-content\\\/uploads\\\/2025\\\/10\\\/Slim-Tray-scaled.webp\",\"width\":1440,\"height\":1920},{\"@type\":\"BreadcrumbList\",\"@id\":\"https:\\\/\\\/studio48nord.de\\\/es\\\/produkte\\\/bandeja-recogegotas-slim-design-para-delonghi-dedica\\\/#breadcrumb\",\"itemListElement\":[{\"@type\":\"ListItem\",\"position\":1,\"name\":\"Start\",\"item\":\"https:\\\/\\\/studio48nord.de\\\/es\\\/\"},{\"@type\":\"ListItem\",\"position\":2,\"name\":\"Tienda\",\"item\":\"https:\\\/\\\/studio48nord.de\\\/produkte\\\/\"},{\"@type\":\"ListItem\",\"position\":3,\"name\":\"Bandeja recogegotas &#8222;Slim Design&#8220; para Delonghi Dedica\"}]},{\"@type\":\"WebSite\",\"@id\":\"https:\\\/\\\/studio48nord.de\\\/es\\\/#website\",\"url\":\"https:\\\/\\\/studio48nord.de\\\/es\\\/\",\"name\":\"Studio48Nord| 3D Druck individuell, einzigartig praktisch und lokal\",\"description\":\"\",\"publisher\":{\"@id\":\"https:\\\/\\\/studio48nord.de\\\/es\\\/#organization\"},\"potentialAction\":[{\"@type\":\"SearchAction\",\"target\":{\"@type\":\"EntryPoint\",\"urlTemplate\":\"https:\\\/\\\/studio48nord.de\\\/es\\\/?s={search_term_string}\"},\"query-input\":{\"@type\":\"PropertyValueSpecification\",\"valueRequired\":true,\"valueName\":\"search_term_string\"}}],\"inLanguage\":\"es\"},{\"@type\":\"Organization\",\"@id\":\"https:\\\/\\\/studio48nord.de\\\/es\\\/#organization\",\"name\":\"studio48nord.de\",\"url\":\"https:\\\/\\\/studio48nord.de\\\/es\\\/\",\"logo\":{\"@type\":\"ImageObject\",\"inLanguage\":\"es\",\"@id\":\"https:\\\/\\\/studio48nord.de\\\/es\\\/#\\\/schema\\\/logo\\\/image\\\/\",\"url\":\"https:\\\/\\\/studio48nord.de\\\/wp-content\\\/uploads\\\/2025\\\/10\\\/Zwischenuberschrift-1.svg\",\"contentUrl\":\"https:\\\/\\\/studio48nord.de\\\/wp-content\\\/uploads\\\/2025\\\/10\\\/Zwischenuberschrift-1.svg\",\"width\":900,\"height\":119,\"caption\":\"studio48nord.de\"},\"image\":{\"@id\":\"https:\\\/\\\/studio48nord.de\\\/es\\\/#\\\/schema\\\/logo\\\/image\\\/\"}}]}<\/script>\n<!-- \/ Yoast SEO plugin. -->","yoast_head_json":{"title":"Bandeja de goteo plana De'Longhi Dedica EC685 & EC885 | Studio48\u00b0Nord","description":"Crea espacio para tazas y balanzas grandes debajo de tu Dedica. S\u00f3lo 33 mm de altura: m\u00e1s de un 24 % m\u00e1s fino que el original. Hecha a mano en M\u00fanich con PLA sostenible.","robots":{"index":"index","follow":"follow","max-snippet":"max-snippet:-1","max-image-preview":"max-image-preview:large","max-video-preview":"max-video-preview:-1"},"canonical":"https:\/\/studio48nord.de\/es\/produkte\/bandeja-recogegotas-slim-design-para-delonghi-dedica\/","og_locale":"es_ES","og_type":"article","og_title":"Bandeja de goteo plana De'Longhi Dedica EC685 & EC885 | Studio48\u00b0Nord","og_description":"Crea espacio para tazas y balanzas grandes debajo de tu Dedica. S\u00f3lo 33 mm de altura: m\u00e1s de un 24 % m\u00e1s fino que el original. Hecha a mano en M\u00fanich con PLA sostenible.","og_url":"https:\/\/studio48nord.de\/es\/produkte\/bandeja-recogegotas-slim-design-para-delonghi-dedica\/","og_site_name":"studio48nord.de","article_modified_time":"2026-03-21T16:44:06+00:00","og_image":[{"width":1440,"height":1920,"url":"https:\/\/studio48nord.de\/wp-content\/uploads\/2025\/10\/Slim-Tray-scaled.webp","type":"image\/webp"}],"twitter_card":"summary_large_image","twitter_misc":{"Tiempo de lectura":"2 minutos"},"schema":{"@context":"https:\/\/schema.org","@graph":[{"@type":"WebPage","@id":"https:\/\/studio48nord.de\/es\/produkte\/bandeja-recogegotas-slim-design-para-delonghi-dedica\/","url":"https:\/\/studio48nord.de\/es\/produkte\/bandeja-recogegotas-slim-design-para-delonghi-dedica\/","name":"Bandeja de goteo plana De'Longhi Dedica EC685 & EC885 | Studio48\u00b0Nord","isPartOf":{"@id":"https:\/\/studio48nord.de\/es\/#website"},"primaryImageOfPage":{"@id":"https:\/\/studio48nord.de\/es\/produkte\/bandeja-recogegotas-slim-design-para-delonghi-dedica\/#primaryimage"},"image":{"@id":"https:\/\/studio48nord.de\/es\/produkte\/bandeja-recogegotas-slim-design-para-delonghi-dedica\/#primaryimage"},"thumbnailUrl":"https:\/\/studio48nord.de\/wp-content\/uploads\/2025\/10\/Slim-Tray-scaled.webp","datePublished":"2025-10-28T07:48:41+00:00","dateModified":"2026-03-21T16:44:06+00:00","description":"Crea espacio para tazas y balanzas grandes debajo de tu Dedica. S\u00f3lo 33 mm de altura: m\u00e1s de un 24 % m\u00e1s fino que el original. Hecha a mano en M\u00fanich con PLA sostenible.","breadcrumb":{"@id":"https:\/\/studio48nord.de\/es\/produkte\/bandeja-recogegotas-slim-design-para-delonghi-dedica\/#breadcrumb"},"inLanguage":"es","potentialAction":[{"@type":"ReadAction","target":["https:\/\/studio48nord.de\/es\/produkte\/bandeja-recogegotas-slim-design-para-delonghi-dedica\/"]}]},{"@type":"ImageObject","inLanguage":"es","@id":"https:\/\/studio48nord.de\/es\/produkte\/bandeja-recogegotas-slim-design-para-delonghi-dedica\/#primaryimage","url":"https:\/\/studio48nord.de\/wp-content\/uploads\/2025\/10\/Slim-Tray-scaled.webp","contentUrl":"https:\/\/studio48nord.de\/wp-content\/uploads\/2025\/10\/Slim-Tray-scaled.webp","width":1440,"height":1920},{"@type":"BreadcrumbList","@id":"https:\/\/studio48nord.de\/es\/produkte\/bandeja-recogegotas-slim-design-para-delonghi-dedica\/#breadcrumb","itemListElement":[{"@type":"ListItem","position":1,"name":"Start","item":"https:\/\/studio48nord.de\/es\/"},{"@type":"ListItem","position":2,"name":"Tienda","item":"https:\/\/studio48nord.de\/produkte\/"},{"@type":"ListItem","position":3,"name":"Bandeja recogegotas &#8222;Slim Design&#8220; para Delonghi Dedica"}]},{"@type":"WebSite","@id":"https:\/\/studio48nord.de\/es\/#website","url":"https:\/\/studio48nord.de\/es\/","name":"Studio48Nord| 3D Druck individuell, einzigartig praktisch und lokal","description":"","publisher":{"@id":"https:\/\/studio48nord.de\/es\/#organization"},"potentialAction":[{"@type":"SearchAction","target":{"@type":"EntryPoint","urlTemplate":"https:\/\/studio48nord.de\/es\/?s={search_term_string}"},"query-input":{"@type":"PropertyValueSpecification","valueRequired":true,"valueName":"search_term_string"}}],"inLanguage":"es"},{"@type":"Organization","@id":"https:\/\/studio48nord.de\/es\/#organization","name":"studio48nord.de","url":"https:\/\/studio48nord.de\/es\/","logo":{"@type":"ImageObject","inLanguage":"es","@id":"https:\/\/studio48nord.de\/es\/#\/schema\/logo\/image\/","url":"https:\/\/studio48nord.de\/wp-content\/uploads\/2025\/10\/Zwischenuberschrift-1.svg","contentUrl":"https:\/\/studio48nord.de\/wp-content\/uploads\/2025\/10\/Zwischenuberschrift-1.svg","width":900,"height":119,"caption":"studio48nord.de"},"image":{"@id":"https:\/\/studio48nord.de\/es\/#\/schema\/logo\/image\/"}}]}},"jetpack_sharing_enabled":true,"_links":{"self":[{"href":"https:\/\/studio48nord.de\/es\/wp-json\/wp\/v2\/product\/1172","targetHints":{"allow":["GET"]}}],"collection":[{"href":"https:\/\/studio48nord.de\/es\/wp-json\/wp\/v2\/product"}],"about":[{"href":"https:\/\/studio48nord.de\/es\/wp-json\/wp\/v2\/types\/product"}],"replies":[{"embeddable":true,"href":"https:\/\/studio48nord.de\/es\/wp-json\/wp\/v2\/comments?post=1172"}],"wp:featuredmedia":[{"embeddable":true,"href":"https:\/\/studio48nord.de\/es\/wp-json\/wp\/v2\/media\/792"}],"wp:attachment":[{"href":"https:\/\/studio48nord.de\/es\/wp-json\/wp\/v2\/media?parent=1172"}],"wp:term":[{"taxonomy":"product_brand","embeddable":true,"href":"https:\/\/studio48nord.de\/es\/wp-json\/wp\/v2\/product_brand?post=1172"},{"taxonomy":"product_cat","embeddable":true,"href":"https:\/\/studio48nord.de\/es\/wp-json\/wp\/v2\/product_cat?post=1172"},{"taxonomy":"product_tag","embeddable":true,"href":"https:\/\/studio48nord.de\/es\/wp-json\/wp\/v2\/product_tag?post=1172"}],"curies":[{"name":"wp","href":"https:\/\/api.w.org\/{rel}","templated":true}]}}