{"id":1458,"date":"2026-03-19T18:11:31","date_gmt":"2026-03-19T17:11:31","guid":{"rendered":"https:\/\/studio48nord.de\/?post_type=product&#038;p=1458"},"modified":"2026-03-21T17:43:58","modified_gmt":"2026-03-21T16:43:58","slug":"bandeja-de-goteo-magnetica-de-nido-de-abeja-para-delonghi-dedica-ec685-y-ec885-kopie","status":"publish","type":"product","link":"https:\/\/studio48nord.de\/es\/produkte\/bandeja-de-goteo-magnetica-de-nido-de-abeja-para-delonghi-dedica-ec685-y-ec885-kopie\/","title":{"rendered":"Bandeja de goteo magn\u00e9tica de nido de abeja para Delonghi Dedica &#8211; EC685 y EC885 (Kopie)"},"content":{"rendered":"<h3>La funci\u00f3n se une a la est\u00e9tica<\/h3>\n<p>Cuando utiliz\u00e1bamos nuestra propia Dedica a diario, a menudo nos faltaba espacio para tazas m\u00e1s grandes o una cafetera. Las bandejas de goteo planas convencionales resolv\u00edan el problema del espacio, pero a menudo parec\u00edan tambaleantes y flojas. Nuestro objetivo era crear una pieza que no pareciera un accesorio, sino una parte integral de la m\u00e1quina.  <\/p>\n<p>El resultado es la bandeja recogegotas \u00abSnap-Fit\u00bb: combina la menor altura t\u00e9cnicamente posible con una fijaci\u00f3n magn\u00e9tica inteligente y nuestro caracter\u00edstico dise\u00f1o de panal.<\/p>\n<h3>La tecnolog\u00eda de imanes \u00abSnap-Fit<\/h3>\n<p>La mejora decisiva est\u00e1 oculta en el interior. Hemos incorporado de forma invisible fuertes imanes de neodimio en la base de la bandeja recogegotas. \u00c9stos utilizan la bandeja de goteo met\u00e1lica original de tu m\u00e1quina como punto de anclaje.  <\/p>\n<ul>\n<li><strong>Sujeci\u00f3n autom\u00e1tica:<\/strong> en cuanto introduces la carcasa, se coloca por s\u00ed sola en la posici\u00f3n correcta.<\/li>\n<li><strong>Conexi\u00f3n flotante:<\/strong> La fuerza magn\u00e9tica mantiene la bandeja firmemente en su posici\u00f3n, \u00abflotando\u00bb unos 0,2 mm por encima de la chapa met\u00e1lica. Esto evita el traqueteo y garantiza una sensaci\u00f3n de encaje a presi\u00f3n de alta calidad. <\/li>\n<li><strong>No resbala:<\/strong> El cuenco se mantiene firmemente en su sitio, aunque dejes las tazas en el suelo por descuido o muevas la m\u00e1quina.<\/li>\n<\/ul>\n<h3>Aspectos destacados y ventajas<\/h3>\n<ul>\n<li><strong>M\u00e1s de un 24% m\u00e1s de espacio:<\/strong> Con una altura de s\u00f3lo 3,3 cm, esta taza es significativamente menos profunda que la original o las extensiones convencionales (a menudo &gt; 4,3 cm). Ganas m\u00e1s de un cent\u00edmetro entero de altura crucial, a menudo la diferencia entre que tu taza favorita encaje o no. <\/li>\n<li><strong>Dise\u00f1o de nido de abeja:<\/strong> El patr\u00f3n, elaborado con precisi\u00f3n, juega con luces y sombras y confiere a la m\u00e1quina una profundidad t\u00e9cnica que encaja perfectamente con el aspecto moderno de la Dedica.<\/li>\n<li><strong>Sistema ampliable:<\/strong> Para un aspecto uniforme, la bandeja recogegotas puede combinarse idealmente con nuestro soporte para tazas a juego.<\/li>\n<\/ul>\n<h3>Compatibilidad y requisitos previos<\/h3>\n<ul>\n<li><strong>Adecuado para:<\/strong> Modelos De&#8217;Longhi Dedica EC685 y EC885.<\/li>\n<li><strong>C\u00f3mo funciona:<\/strong> La funci\u00f3n magn\u00e9tica requiere la <strong>bandeja de goteo met\u00e1lica original<\/strong> (la rejilla plateada de la base de tu m\u00e1quina) como contrapolo. \u00c9sta debe permanecer en la m\u00e1quina. <\/li>\n<\/ul>\n<h3>Dimensiones y material<\/h3>\n<ul>\n<li><strong>Dimensiones (ancho x largo x alto):<\/strong> 149 mm x 132,5 mm x 33 mm.<\/li>\n<li><strong>Material:<\/strong> PLA (polilactida) de alta calidad, un pl\u00e1stico robusto y biodegradable fabricado con materias primas renovables.<\/li>\n<li><strong>Instrucciones de cuidado:<\/strong> Limpia la bandeja recogegotas s\u00f3lo a mano con agua tibia y detergente suave. <strong>No es apta para el lavavajillas<\/strong>, ya que las altas temperaturas pueden deformar el material.<\/li>\n<\/ul>\n<h3>Volumen de suministro<\/h3>\n<ul>\n<li>1x Bandeja de goteo magn\u00e9tica \u00abSnap-Fit\u00bb (dise\u00f1o de nido de abeja)<\/li>\n<\/ul>\n<p><em>Nota: La placa base met\u00e1lica original de la m\u00e1quina no se incluye en el volumen de suministro, puesto que ya forma parte de tu m\u00e1quina.<\/em><\/p>\n<h3>Fabricado en M\u00fanich<\/h3>\n<p>Desde el desarrollo de la integraci\u00f3n del im\u00e1n hasta la impresi\u00f3n en 3D, cada paso tiene lugar en nuestro taller de M\u00fanich. No obtienes un producto industrial an\u00f3nimo, sino aut\u00e9ntica artesan\u00eda hecha por amantes del caf\u00e9 para amantes del caf\u00e9. <\/p>\n","protected":false},"excerpt":{"rendered":"<p>La bandeja recogegotas magn\u00e9tica \u00abSnap-Fit\u00bb saca el m\u00e1ximo partido a tu De&#8217;Longhi Dedica (EC685\/EC885). Con una altura de s\u00f3lo 3,3 cm, ganas m\u00e1s de un 24% de espacio para tazas y balanzas grandes. Gracias a los imanes de neodimio integrados de forma invisible, la bandeja se conecta autom\u00e1ticamente a la placa base de tu m\u00e1quina, para un ajuste absolutamente antideslizante y seguro, sin tambalearse. Dise\u00f1o y fabricaci\u00f3n: 100% Made in Munich.   <\/p>\n","protected":false},"featured_media":1489,"comment_status":"open","ping_status":"closed","template":"","meta":[],"product_brand":[],"product_cat":[76,85,73],"product_tag":[],"class_list":{"0":"post-1458","1":"product","2":"type-product","3":"status-publish","4":"has-post-thumbnail","6":"product_cat-delonghi-dedica","7":"product_cat-delonghi-dedica-duo","8":"product_cat-estilo-dedica-delonghi","9":"product_shipping_class-escribe-a","11":"first","12":"instock","13":"shipping-taxable","14":"purchasable","15":"product-type-simple"},"yoast_head":"<!-- This site is optimized with the Yoast SEO plugin v27.3 - https:\/\/yoast.com\/product\/yoast-seo-wordpress\/ -->\n<title>Studio48\u00b0Nord | Bandeja de goteo magn\u00e9tica de nido de abeja para Delonghi Dedica - EC685 y EC885 (Kopie)<\/title>\n<meta name=\"description\" content=\"Gana m\u00e1s de 1 cm de espacio bajo el portafiltro de tu Dedica EC685\/EC885. Montaje magn\u00e9tico a presi\u00f3n, dise\u00f1o de nido de abeja. Fabricado a mano en M\u00fanich.\" \/>\n<meta name=\"robots\" content=\"index, follow, max-snippet:-1, max-image-preview:large, max-video-preview:-1\" \/>\n<link rel=\"canonical\" href=\"https:\/\/studio48nord.de\/es\/produkte\/bandeja-de-goteo-magnetica-de-nido-de-abeja-para-delonghi-dedica-ec685-y-ec885-kopie\/\" \/>\n<meta property=\"og:locale\" content=\"es_ES\" \/>\n<meta property=\"og:type\" content=\"article\" \/>\n<meta property=\"og:title\" content=\"Studio48\u00b0Nord | Bandeja de goteo magn\u00e9tica de nido de abeja para Delonghi Dedica - EC685 y EC885 (Kopie)\" \/>\n<meta property=\"og:description\" content=\"Gana m\u00e1s de 1 cm de espacio bajo el portafiltro de tu Dedica EC685\/EC885. Montaje magn\u00e9tico a presi\u00f3n, dise\u00f1o de nido de abeja. Fabricado a mano en M\u00fanich.\" \/>\n<meta property=\"og:url\" content=\"https:\/\/studio48nord.de\/es\/produkte\/bandeja-de-goteo-magnetica-de-nido-de-abeja-para-delonghi-dedica-ec685-y-ec885-kopie\/\" \/>\n<meta property=\"og:site_name\" content=\"studio48nord.de\" \/>\n<meta property=\"article:modified_time\" content=\"2026-03-21T16:43:58+00:00\" \/>\n<meta property=\"og:image\" content=\"https:\/\/studio48nord.de\/wp-content\/uploads\/2026\/03\/MVIMG_20260312_154544-scaled.webp\" \/>\n\t<meta property=\"og:image:width\" content=\"1440\" \/>\n\t<meta property=\"og:image:height\" content=\"1920\" \/>\n\t<meta property=\"og:image:type\" content=\"image\/webp\" \/>\n<meta name=\"twitter:card\" content=\"summary_large_image\" \/>\n<meta name=\"twitter:label1\" content=\"Tiempo de lectura\" \/>\n\t<meta name=\"twitter:data1\" content=\"3 minutos\" \/>\n<script type=\"application\/ld+json\" class=\"yoast-schema-graph\">{\"@context\":\"https:\\\/\\\/schema.org\",\"@graph\":[{\"@type\":\"WebPage\",\"@id\":\"https:\\\/\\\/studio48nord.de\\\/es\\\/produkte\\\/bandeja-de-goteo-magnetica-de-nido-de-abeja-para-delonghi-dedica-ec685-y-ec885-kopie\\\/\",\"url\":\"https:\\\/\\\/studio48nord.de\\\/es\\\/produkte\\\/bandeja-de-goteo-magnetica-de-nido-de-abeja-para-delonghi-dedica-ec685-y-ec885-kopie\\\/\",\"name\":\"Studio48\u00b0Nord | Bandeja de goteo magn\u00e9tica de nido de abeja para Delonghi Dedica - EC685 y EC885 (Kopie)\",\"isPartOf\":{\"@id\":\"https:\\\/\\\/studio48nord.de\\\/es\\\/#website\"},\"primaryImageOfPage\":{\"@id\":\"https:\\\/\\\/studio48nord.de\\\/es\\\/produkte\\\/bandeja-de-goteo-magnetica-de-nido-de-abeja-para-delonghi-dedica-ec685-y-ec885-kopie\\\/#primaryimage\"},\"image\":{\"@id\":\"https:\\\/\\\/studio48nord.de\\\/es\\\/produkte\\\/bandeja-de-goteo-magnetica-de-nido-de-abeja-para-delonghi-dedica-ec685-y-ec885-kopie\\\/#primaryimage\"},\"thumbnailUrl\":\"https:\\\/\\\/studio48nord.de\\\/wp-content\\\/uploads\\\/2026\\\/03\\\/MVIMG_20260312_154544-scaled.webp\",\"datePublished\":\"2026-03-19T17:11:31+00:00\",\"dateModified\":\"2026-03-21T16:43:58+00:00\",\"description\":\"Gana m\u00e1s de 1 cm de espacio bajo el portafiltro de tu Dedica EC685\\\/EC885. Montaje magn\u00e9tico a presi\u00f3n, dise\u00f1o de nido de abeja. Fabricado a mano en M\u00fanich.\",\"breadcrumb\":{\"@id\":\"https:\\\/\\\/studio48nord.de\\\/es\\\/produkte\\\/bandeja-de-goteo-magnetica-de-nido-de-abeja-para-delonghi-dedica-ec685-y-ec885-kopie\\\/#breadcrumb\"},\"inLanguage\":\"es\",\"potentialAction\":[{\"@type\":\"ReadAction\",\"target\":[\"https:\\\/\\\/studio48nord.de\\\/es\\\/produkte\\\/bandeja-de-goteo-magnetica-de-nido-de-abeja-para-delonghi-dedica-ec685-y-ec885-kopie\\\/\"]}]},{\"@type\":\"ImageObject\",\"inLanguage\":\"es\",\"@id\":\"https:\\\/\\\/studio48nord.de\\\/es\\\/produkte\\\/bandeja-de-goteo-magnetica-de-nido-de-abeja-para-delonghi-dedica-ec685-y-ec885-kopie\\\/#primaryimage\",\"url\":\"https:\\\/\\\/studio48nord.de\\\/wp-content\\\/uploads\\\/2026\\\/03\\\/MVIMG_20260312_154544-scaled.webp\",\"contentUrl\":\"https:\\\/\\\/studio48nord.de\\\/wp-content\\\/uploads\\\/2026\\\/03\\\/MVIMG_20260312_154544-scaled.webp\",\"width\":1440,\"height\":1920},{\"@type\":\"BreadcrumbList\",\"@id\":\"https:\\\/\\\/studio48nord.de\\\/es\\\/produkte\\\/bandeja-de-goteo-magnetica-de-nido-de-abeja-para-delonghi-dedica-ec685-y-ec885-kopie\\\/#breadcrumb\",\"itemListElement\":[{\"@type\":\"ListItem\",\"position\":1,\"name\":\"Start\",\"item\":\"https:\\\/\\\/studio48nord.de\\\/es\\\/\"},{\"@type\":\"ListItem\",\"position\":2,\"name\":\"Tienda\",\"item\":\"https:\\\/\\\/studio48nord.de\\\/produkte\\\/\"},{\"@type\":\"ListItem\",\"position\":3,\"name\":\"Bandeja de goteo magn\u00e9tica de nido de abeja para Delonghi Dedica &#8211; EC685 y EC885 (Kopie)\"}]},{\"@type\":\"WebSite\",\"@id\":\"https:\\\/\\\/studio48nord.de\\\/es\\\/#website\",\"url\":\"https:\\\/\\\/studio48nord.de\\\/es\\\/\",\"name\":\"Studio48Nord| 3D Druck individuell, einzigartig praktisch und lokal\",\"description\":\"\",\"publisher\":{\"@id\":\"https:\\\/\\\/studio48nord.de\\\/es\\\/#organization\"},\"potentialAction\":[{\"@type\":\"SearchAction\",\"target\":{\"@type\":\"EntryPoint\",\"urlTemplate\":\"https:\\\/\\\/studio48nord.de\\\/es\\\/?s={search_term_string}\"},\"query-input\":{\"@type\":\"PropertyValueSpecification\",\"valueRequired\":true,\"valueName\":\"search_term_string\"}}],\"inLanguage\":\"es\"},{\"@type\":\"Organization\",\"@id\":\"https:\\\/\\\/studio48nord.de\\\/es\\\/#organization\",\"name\":\"studio48nord.de\",\"url\":\"https:\\\/\\\/studio48nord.de\\\/es\\\/\",\"logo\":{\"@type\":\"ImageObject\",\"inLanguage\":\"es\",\"@id\":\"https:\\\/\\\/studio48nord.de\\\/es\\\/#\\\/schema\\\/logo\\\/image\\\/\",\"url\":\"https:\\\/\\\/studio48nord.de\\\/wp-content\\\/uploads\\\/2025\\\/10\\\/Zwischenuberschrift-1.svg\",\"contentUrl\":\"https:\\\/\\\/studio48nord.de\\\/wp-content\\\/uploads\\\/2025\\\/10\\\/Zwischenuberschrift-1.svg\",\"width\":900,\"height\":119,\"caption\":\"studio48nord.de\"},\"image\":{\"@id\":\"https:\\\/\\\/studio48nord.de\\\/es\\\/#\\\/schema\\\/logo\\\/image\\\/\"}}]}<\/script>\n<!-- \/ Yoast SEO plugin. -->","yoast_head_json":{"title":"Studio48\u00b0Nord | Bandeja de goteo magn\u00e9tica de nido de abeja para Delonghi Dedica - EC685 y EC885 (Kopie)","description":"Gana m\u00e1s de 1 cm de espacio bajo el portafiltro de tu Dedica EC685\/EC885. Montaje magn\u00e9tico a presi\u00f3n, dise\u00f1o de nido de abeja. Fabricado a mano en M\u00fanich.","robots":{"index":"index","follow":"follow","max-snippet":"max-snippet:-1","max-image-preview":"max-image-preview:large","max-video-preview":"max-video-preview:-1"},"canonical":"https:\/\/studio48nord.de\/es\/produkte\/bandeja-de-goteo-magnetica-de-nido-de-abeja-para-delonghi-dedica-ec685-y-ec885-kopie\/","og_locale":"es_ES","og_type":"article","og_title":"Studio48\u00b0Nord | Bandeja de goteo magn\u00e9tica de nido de abeja para Delonghi Dedica - EC685 y EC885 (Kopie)","og_description":"Gana m\u00e1s de 1 cm de espacio bajo el portafiltro de tu Dedica EC685\/EC885. Montaje magn\u00e9tico a presi\u00f3n, dise\u00f1o de nido de abeja. Fabricado a mano en M\u00fanich.","og_url":"https:\/\/studio48nord.de\/es\/produkte\/bandeja-de-goteo-magnetica-de-nido-de-abeja-para-delonghi-dedica-ec685-y-ec885-kopie\/","og_site_name":"studio48nord.de","article_modified_time":"2026-03-21T16:43:58+00:00","og_image":[{"width":1440,"height":1920,"url":"https:\/\/studio48nord.de\/wp-content\/uploads\/2026\/03\/MVIMG_20260312_154544-scaled.webp","type":"image\/webp"}],"twitter_card":"summary_large_image","twitter_misc":{"Tiempo de lectura":"3 minutos"},"schema":{"@context":"https:\/\/schema.org","@graph":[{"@type":"WebPage","@id":"https:\/\/studio48nord.de\/es\/produkte\/bandeja-de-goteo-magnetica-de-nido-de-abeja-para-delonghi-dedica-ec685-y-ec885-kopie\/","url":"https:\/\/studio48nord.de\/es\/produkte\/bandeja-de-goteo-magnetica-de-nido-de-abeja-para-delonghi-dedica-ec685-y-ec885-kopie\/","name":"Studio48\u00b0Nord | Bandeja de goteo magn\u00e9tica de nido de abeja para Delonghi Dedica - EC685 y EC885 (Kopie)","isPartOf":{"@id":"https:\/\/studio48nord.de\/es\/#website"},"primaryImageOfPage":{"@id":"https:\/\/studio48nord.de\/es\/produkte\/bandeja-de-goteo-magnetica-de-nido-de-abeja-para-delonghi-dedica-ec685-y-ec885-kopie\/#primaryimage"},"image":{"@id":"https:\/\/studio48nord.de\/es\/produkte\/bandeja-de-goteo-magnetica-de-nido-de-abeja-para-delonghi-dedica-ec685-y-ec885-kopie\/#primaryimage"},"thumbnailUrl":"https:\/\/studio48nord.de\/wp-content\/uploads\/2026\/03\/MVIMG_20260312_154544-scaled.webp","datePublished":"2026-03-19T17:11:31+00:00","dateModified":"2026-03-21T16:43:58+00:00","description":"Gana m\u00e1s de 1 cm de espacio bajo el portafiltro de tu Dedica EC685\/EC885. Montaje magn\u00e9tico a presi\u00f3n, dise\u00f1o de nido de abeja. Fabricado a mano en M\u00fanich.","breadcrumb":{"@id":"https:\/\/studio48nord.de\/es\/produkte\/bandeja-de-goteo-magnetica-de-nido-de-abeja-para-delonghi-dedica-ec685-y-ec885-kopie\/#breadcrumb"},"inLanguage":"es","potentialAction":[{"@type":"ReadAction","target":["https:\/\/studio48nord.de\/es\/produkte\/bandeja-de-goteo-magnetica-de-nido-de-abeja-para-delonghi-dedica-ec685-y-ec885-kopie\/"]}]},{"@type":"ImageObject","inLanguage":"es","@id":"https:\/\/studio48nord.de\/es\/produkte\/bandeja-de-goteo-magnetica-de-nido-de-abeja-para-delonghi-dedica-ec685-y-ec885-kopie\/#primaryimage","url":"https:\/\/studio48nord.de\/wp-content\/uploads\/2026\/03\/MVIMG_20260312_154544-scaled.webp","contentUrl":"https:\/\/studio48nord.de\/wp-content\/uploads\/2026\/03\/MVIMG_20260312_154544-scaled.webp","width":1440,"height":1920},{"@type":"BreadcrumbList","@id":"https:\/\/studio48nord.de\/es\/produkte\/bandeja-de-goteo-magnetica-de-nido-de-abeja-para-delonghi-dedica-ec685-y-ec885-kopie\/#breadcrumb","itemListElement":[{"@type":"ListItem","position":1,"name":"Start","item":"https:\/\/studio48nord.de\/es\/"},{"@type":"ListItem","position":2,"name":"Tienda","item":"https:\/\/studio48nord.de\/produkte\/"},{"@type":"ListItem","position":3,"name":"Bandeja de goteo magn\u00e9tica de nido de abeja para Delonghi Dedica &#8211; EC685 y EC885 (Kopie)"}]},{"@type":"WebSite","@id":"https:\/\/studio48nord.de\/es\/#website","url":"https:\/\/studio48nord.de\/es\/","name":"Studio48Nord| 3D Druck individuell, einzigartig praktisch und lokal","description":"","publisher":{"@id":"https:\/\/studio48nord.de\/es\/#organization"},"potentialAction":[{"@type":"SearchAction","target":{"@type":"EntryPoint","urlTemplate":"https:\/\/studio48nord.de\/es\/?s={search_term_string}"},"query-input":{"@type":"PropertyValueSpecification","valueRequired":true,"valueName":"search_term_string"}}],"inLanguage":"es"},{"@type":"Organization","@id":"https:\/\/studio48nord.de\/es\/#organization","name":"studio48nord.de","url":"https:\/\/studio48nord.de\/es\/","logo":{"@type":"ImageObject","inLanguage":"es","@id":"https:\/\/studio48nord.de\/es\/#\/schema\/logo\/image\/","url":"https:\/\/studio48nord.de\/wp-content\/uploads\/2025\/10\/Zwischenuberschrift-1.svg","contentUrl":"https:\/\/studio48nord.de\/wp-content\/uploads\/2025\/10\/Zwischenuberschrift-1.svg","width":900,"height":119,"caption":"studio48nord.de"},"image":{"@id":"https:\/\/studio48nord.de\/es\/#\/schema\/logo\/image\/"}}]}},"jetpack_sharing_enabled":true,"_links":{"self":[{"href":"https:\/\/studio48nord.de\/es\/wp-json\/wp\/v2\/product\/1458","targetHints":{"allow":["GET"]}}],"collection":[{"href":"https:\/\/studio48nord.de\/es\/wp-json\/wp\/v2\/product"}],"about":[{"href":"https:\/\/studio48nord.de\/es\/wp-json\/wp\/v2\/types\/product"}],"replies":[{"embeddable":true,"href":"https:\/\/studio48nord.de\/es\/wp-json\/wp\/v2\/comments?post=1458"}],"wp:featuredmedia":[{"embeddable":true,"href":"https:\/\/studio48nord.de\/es\/wp-json\/wp\/v2\/media\/1489"}],"wp:attachment":[{"href":"https:\/\/studio48nord.de\/es\/wp-json\/wp\/v2\/media?parent=1458"}],"wp:term":[{"taxonomy":"product_brand","embeddable":true,"href":"https:\/\/studio48nord.de\/es\/wp-json\/wp\/v2\/product_brand?post=1458"},{"taxonomy":"product_cat","embeddable":true,"href":"https:\/\/studio48nord.de\/es\/wp-json\/wp\/v2\/product_cat?post=1458"},{"taxonomy":"product_tag","embeddable":true,"href":"https:\/\/studio48nord.de\/es\/wp-json\/wp\/v2\/product_tag?post=1458"}],"curies":[{"name":"wp","href":"https:\/\/api.w.org\/{rel}","templated":true}]}}