{"id":1289,"date":"2026-03-05T23:40:53","date_gmt":"2026-03-05T22:40:53","guid":{"rendered":"https:\/\/studio48nord.de\/conditions-generales-de-vente-2\/"},"modified":"2026-03-18T22:54:50","modified_gmt":"2026-03-18T21:54:50","slug":"conditions-generales-de-vente-2","status":"publish","type":"page","link":"https:\/\/studio48nord.de\/fr\/conditions-generales-de-vente-2\/","title":{"rendered":"Conditions g\u00e9n\u00e9rales de vente"},"content":{"rendered":"\t\t<div data-elementor-type=\"wp-page\" data-elementor-id=\"1289\" class=\"elementor elementor-1289 elementor-1283\" data-elementor-post-type=\"page\">\n\t\t\t\t<div class=\"elementor-element elementor-element-e5e5d36 e-flex e-con-boxed e-con e-parent\" data-id=\"e5e5d36\" data-element_type=\"container\" data-e-type=\"container\">\n\t\t\t\t\t<div class=\"e-con-inner\">\n\t\t\t\t<div class=\"elementor-element elementor-element-cc968a5 elementor-widget elementor-widget-html\" data-id=\"cc968a5\" data-element_type=\"widget\" data-e-type=\"widget\" data-widget_type=\"html.default\">\n\t\t\t\t\t<h2>Conditions g\u00e9n\u00e9rales de vente (CGV)<\/h2>\n\n<h3>\u00a7 1 Champ d'application<\/h3>\n<p>Les conditions g\u00e9n\u00e9rales de vente suivantes s'appliquent \u00e0 toutes les commandes pass\u00e9es via notre boutique en ligne par des consommateurs et des entrepreneurs.<\/p>\n<p>Le consommateur est toute personne physique qui conclut un acte juridique \u00e0 des fins qui, pour l'essentiel, ne peuvent \u00eatre attribu\u00e9es ni \u00e0 son activit\u00e9 commerciale ni \u00e0 son activit\u00e9 professionnelle ind\u00e9pendante. L'entrepreneur est une personne physique ou morale ou une soci\u00e9t\u00e9 de personnes dot\u00e9e de la capacit\u00e9 juridique qui, lors de la conclusion d'un acte juridique, agit dans l'exercice de son activit\u00e9 professionnelle commerciale ou ind\u00e9pendante. <\/p>\n\n<h3>\u00a7 2 Partie contractante, conclusion du contrat<\/h3>\n<p>Le contrat de vente est conclu avec : <strong>Studio48\u00b0Nord, Max Fraunhofer, Konradinstra\u00dfe 18, 81543 Munich<\/strong>.<\/p>\n<p>La pr\u00e9sentation des produits dans la boutique en ligne ne constitue pas une offre juridiquement contraignante, mais un catalogue en ligne sans engagement. En cliquant sur le bouton de commande, vous passez une commande ferme des marchandises contenues dans le panier. La confirmation de la r\u00e9ception de la commande, ainsi que l'acceptation de la commande, sont envoy\u00e9es imm\u00e9diatement apr\u00e8s l'envoi par un e-mail automatis\u00e9. Le contrat de vente est conclu avec cette confirmation par e-mail.   <\/p>\n\n<h3>\u00a7 3 Langue du contrat, enregistrement du texte du contrat<\/h3>\n<p>La langue disponible pour la conclusion du contrat est le fran\u00e7ais.<\/p>\n<p>Nous enregistrons le texte du contrat et vous envoyons les donn\u00e9es de la commande et nos CGV par e-mail. Pour des raisons de s\u00e9curit\u00e9, le texte du contrat n'est plus accessible sur Internet. <\/p>\n\n<h3>\u00a7 4 Conditions de livraison<\/h3>\n<p>Des frais de livraison peuvent s'ajouter aux prix des produits indiqu\u00e9s. Pour plus d'informations sur les frais de livraison, consultez les offres. <\/p>\n<p>Nous ne livrons que par correspondance. Il n'est malheureusement pas possible de venir chercher soi-m\u00eame la marchandise. <\/p>\n\n<h3>\u00a7 5 Paiement<\/h3>\n<p>Dans notre boutique, vous pouvez utiliser les modes de paiement suivants :<\/p>\n<ul>\n    <li><strong>Le site PayPal :<\/strong> Au cours du processus de commande, vous serez redirig\u00e9 vers le site web du fournisseur en ligne PayPal. Pour pouvoir payer le montant de la facture via PayPal, vous devez \u00eatre inscrit ou vous inscrire, vous l\u00e9gitimer avec vos donn\u00e9es d'acc\u00e8s et confirmer l'ordre de paiement pour nous. Une fois la commande pass\u00e9e dans la boutique, nous demandons \u00e0 PayPal d'initier la transaction de paiement.  <\/li>\n    <li><strong>Carte de cr\u00e9dit :<\/strong> en passant votre commande, vous nous transmettez les donn\u00e9es de votre carte de cr\u00e9dit. Apr\u00e8s avoir v\u00e9rifi\u00e9 que vous \u00eates bien le titulaire l\u00e9gitime de la carte, nous demandons \u00e0 la soci\u00e9t\u00e9 \u00e9mettrice de la carte de cr\u00e9dit de lancer la transaction de paiement imm\u00e9diatement apr\u00e8s la commande. <\/li>\n    <li><strong>Apple Pay \/ Google Pay :<\/strong> Gr\u00e2ce aux services de paiement int\u00e9gr\u00e9s, vous pouvez r\u00e9gler le montant de la facture de mani\u00e8re pratique et s\u00e9curis\u00e9e avec le moyen de paiement enregistr\u00e9 sur votre terminal. Le traitement du paiement a lieu imm\u00e9diatement apr\u00e8s la passation de la commande et la confirmation par vos soins via votre appareil respectif. <\/li>\n<\/ul>\n<p>Tous les prix sont des prix totaux. La TVA n'est pas indiqu\u00e9e conform\u00e9ment au \u00a7 19 de la loi allemande sur la TVA. <\/p>\n\n<h3>\u00a7 6 Droit de r\u00e9tractation &amp; conditions de retour<\/h3>\n<p>Les consommateurs disposent d'un droit de r\u00e9tractation l\u00e9gal. Vous avez le droit de vous r\u00e9tracter du pr\u00e9sent contrat sans donner de motif dans un d\u00e9lai de quatorze jours. Le d\u00e9lai de r\u00e9tractation est de quatorze jours \u00e0 compter du jour o\u00f9 vous, ou un tiers d\u00e9sign\u00e9 par vous, avez pris possession de la marchandise.  <\/p>\n<p>Pour exercer votre droit de r\u00e9tractation, vous devez nous informer (Studio48\u00b0Nord, Max Fraunhofer, Konradinstra\u00dfe 18, 81543 Munich, e-mail : mail@studio48nord.de) de votre d\u00e9cision de vous r\u00e9tracter du pr\u00e9sent contrat au moyen d'une d\u00e9claration claire.<\/p>\n<p><strong>Renvoi et frais :<\/strong><br>Vous devez nous renvoyer ou nous remettre les marchandises sans retard excessif et, en tout \u00e9tat de cause, au plus tard quatorze jours \u00e0 compter du jour o\u00f9 vous nous informez de votre d\u00e9cision de r\u00e9tractation du pr\u00e9sent contrat. Les frais directs de renvoi des marchandises sont \u00e0 votre charge. <\/p>\n<p><strong>Remboursement et \u00e9tat des biens :<\/strong><br>En cas de r\u00e9tractation du pr\u00e9sent contrat, nous vous rembourserons tous les paiements re\u00e7us de votre part (y compris les frais de livraison) sans d\u00e9lai et au plus tard dans les quatorze jours \u00e0 compter de la date \u00e0 laquelle nous avons re\u00e7u la notification de votre r\u00e9tractation. Nous pouvons refuser le remboursement jusqu'\u00e0 ce que nous ayons r\u00e9cup\u00e9r\u00e9 les biens. Vous ne devez payer pour une \u00e9ventuelle perte de valeur des marchandises que si cette perte de valeur est due \u00e0 une manipulation non n\u00e9cessaire pour v\u00e9rifier la nature, les caract\u00e9ristiques et le fonctionnement des marchandises.  <\/p>\n<p>Les entrepreneurs ne b\u00e9n\u00e9ficient pas d'un droit de r\u00e9tractation volontaire.<\/p>\n\n<h3>\u00a7 7 R\u00e9serve de propri\u00e9t\u00e9<\/h3>\n<p>Les marchandises restent notre propri\u00e9t\u00e9 jusqu'\u00e0 leur paiement int\u00e9gral.<\/p>\n\n<h3>\u00a7 8 Dommages dus au transport<\/h3>\n<p><strong>Pour les consommateurs,<\/strong> si les marchandises sont livr\u00e9es avec des dommages \u00e9vidents dus au transport, veuillez faire une r\u00e9clamation aupr\u00e8s du livreur d\u00e8s que possible et nous contacter imm\u00e9diatement. L'absence de r\u00e9clamation ou de prise de contact n'a aucune cons\u00e9quence sur vos droits l\u00e9gaux et leur mise en \u0153uvre, en particulier vos droits de garantie. Cependant, vous nous aidez \u00e0 faire valoir nos propres droits aupr\u00e8s du transporteur ou de l'assurance transport.  <\/p>\n\n<h3>\u00a7 9 Garanties<\/h3>\n<p>Sauf convention contraire expresse ci-apr\u00e8s, le droit l\u00e9gal en mati\u00e8re de responsabilit\u00e9 pour vices s'applique.<\/p>\n<p>Vous trouverez des informations sur les garanties suppl\u00e9mentaires \u00e9ventuellement applicables et leurs conditions exactes sur le produit et sur les pages d'information sp\u00e9ciales de la boutique en ligne.<\/p>\n\n<h3>\u00a7 10 R\u00e8glement des litiges<\/h3>\n<p>La Commission europ\u00e9enne met \u00e0 disposition une plateforme de r\u00e8glement en ligne des litiges (RLL) que vous pouvez trouver ici <a href=\"https:\/\/ec.europa.eu\/consumers\/odr\/\" target=\"_blank\" rel=\"noopener noreferrer\">: https:\/\/ec.europa.eu\/consumers\/odr\/.<\/a><\/p>\n<p>Nous ne sommes pas dispos\u00e9s ou oblig\u00e9s de participer \u00e0 des proc\u00e9dures de r\u00e8glement des litiges devant un organisme de conciliation des consommateurs.<\/p>\t\t\t\t<\/div>\n\t\t\t\t\t<\/div>\n\t\t\t\t<\/div>\n\t\t\t\t<\/div>\n\t\t","protected":false},"excerpt":{"rendered":"<p>Conditions g\u00e9n\u00e9rales de vente (CGV) \u00a7 1 Champ d&rsquo;application Les conditions g\u00e9n\u00e9rales de vente suivantes s&rsquo;appliquent \u00e0 toutes les commandes pass\u00e9es via notre boutique en ligne par des consommateurs et des entrepreneurs. Le consommateur est toute personne physique qui conclut un acte juridique \u00e0 des fins qui, pour l&rsquo;essentiel, ne peuvent \u00eatre attribu\u00e9es ni \u00e0 [&hellip;]<\/p>\n","protected":false},"author":1,"featured_media":0,"parent":0,"menu_order":0,"comment_status":"closed","ping_status":"closed","template":"","meta":{"footnotes":""},"class_list":["post-1289","page","type-page","status-publish","hentry"],"yoast_head":"<!-- This site is optimized with the Yoast SEO plugin v27.3 - https:\/\/yoast.com\/product\/yoast-seo-wordpress\/ -->\n<title>Conditions g\u00e9n\u00e9rales de vente - studio48nord.de<\/title>\n<meta name=\"robots\" content=\"index, follow, max-snippet:-1, max-image-preview:large, max-video-preview:-1\" \/>\n<link rel=\"canonical\" href=\"https:\/\/studio48nord.de\/fr\/conditions-generales-de-vente-2\/\" \/>\n<meta property=\"og:locale\" content=\"fr_FR\" \/>\n<meta property=\"og:type\" content=\"article\" \/>\n<meta property=\"og:title\" content=\"Conditions g\u00e9n\u00e9rales de vente - studio48nord.de\" \/>\n<meta property=\"og:description\" content=\"Conditions g\u00e9n\u00e9rales de vente (CGV) \u00a7 1 Champ d&rsquo;application Les conditions g\u00e9n\u00e9rales de vente suivantes s&rsquo;appliquent \u00e0 toutes les commandes pass\u00e9es via notre boutique en ligne par des consommateurs et des entrepreneurs. Le consommateur est toute personne physique qui conclut un acte juridique \u00e0 des fins qui, pour l&rsquo;essentiel, ne peuvent \u00eatre attribu\u00e9es ni \u00e0 [&hellip;]\" \/>\n<meta property=\"og:url\" content=\"https:\/\/studio48nord.de\/fr\/conditions-generales-de-vente-2\/\" \/>\n<meta property=\"og:site_name\" content=\"studio48nord.de\" \/>\n<meta property=\"article:modified_time\" content=\"2026-03-18T21:54:50+00:00\" \/>\n<meta name=\"twitter:card\" content=\"summary_large_image\" \/>\n<meta name=\"twitter:label1\" content=\"Dur\u00e9e de lecture estim\u00e9e\" \/>\n\t<meta name=\"twitter:data1\" content=\"5 minutes\" \/>\n<script type=\"application\/ld+json\" class=\"yoast-schema-graph\">{\"@context\":\"https:\\\/\\\/schema.org\",\"@graph\":[{\"@type\":\"WebPage\",\"@id\":\"https:\\\/\\\/studio48nord.de\\\/fr\\\/conditions-generales-de-vente-2\\\/\",\"url\":\"https:\\\/\\\/studio48nord.de\\\/fr\\\/conditions-generales-de-vente-2\\\/\",\"name\":\"Conditions g\u00e9n\u00e9rales de vente - studio48nord.de\",\"isPartOf\":{\"@id\":\"https:\\\/\\\/studio48nord.de\\\/fr\\\/#website\"},\"datePublished\":\"2026-03-05T22:40:53+00:00\",\"dateModified\":\"2026-03-18T21:54:50+00:00\",\"breadcrumb\":{\"@id\":\"https:\\\/\\\/studio48nord.de\\\/fr\\\/conditions-generales-de-vente-2\\\/#breadcrumb\"},\"inLanguage\":\"fr-FR\",\"potentialAction\":[{\"@type\":\"ReadAction\",\"target\":[\"https:\\\/\\\/studio48nord.de\\\/fr\\\/conditions-generales-de-vente-2\\\/\"]}]},{\"@type\":\"BreadcrumbList\",\"@id\":\"https:\\\/\\\/studio48nord.de\\\/fr\\\/conditions-generales-de-vente-2\\\/#breadcrumb\",\"itemListElement\":[{\"@type\":\"ListItem\",\"position\":1,\"name\":\"Start\",\"item\":\"https:\\\/\\\/studio48nord.de\\\/fr\\\/\"},{\"@type\":\"ListItem\",\"position\":2,\"name\":\"Conditions g\u00e9n\u00e9rales de vente\"}]},{\"@type\":\"WebSite\",\"@id\":\"https:\\\/\\\/studio48nord.de\\\/fr\\\/#website\",\"url\":\"https:\\\/\\\/studio48nord.de\\\/fr\\\/\",\"name\":\"Studio48Nord| 3D Druck individuell, einzigartig praktisch und lokal\",\"description\":\"\",\"publisher\":{\"@id\":\"https:\\\/\\\/studio48nord.de\\\/fr\\\/#organization\"},\"potentialAction\":[{\"@type\":\"SearchAction\",\"target\":{\"@type\":\"EntryPoint\",\"urlTemplate\":\"https:\\\/\\\/studio48nord.de\\\/fr\\\/?s={search_term_string}\"},\"query-input\":{\"@type\":\"PropertyValueSpecification\",\"valueRequired\":true,\"valueName\":\"search_term_string\"}}],\"inLanguage\":\"fr-FR\"},{\"@type\":\"Organization\",\"@id\":\"https:\\\/\\\/studio48nord.de\\\/fr\\\/#organization\",\"name\":\"studio48nord.de\",\"url\":\"https:\\\/\\\/studio48nord.de\\\/fr\\\/\",\"logo\":{\"@type\":\"ImageObject\",\"inLanguage\":\"fr-FR\",\"@id\":\"https:\\\/\\\/studio48nord.de\\\/fr\\\/#\\\/schema\\\/logo\\\/image\\\/\",\"url\":\"https:\\\/\\\/studio48nord.de\\\/wp-content\\\/uploads\\\/2025\\\/10\\\/Zwischenuberschrift-1.svg\",\"contentUrl\":\"https:\\\/\\\/studio48nord.de\\\/wp-content\\\/uploads\\\/2025\\\/10\\\/Zwischenuberschrift-1.svg\",\"width\":900,\"height\":119,\"caption\":\"studio48nord.de\"},\"image\":{\"@id\":\"https:\\\/\\\/studio48nord.de\\\/fr\\\/#\\\/schema\\\/logo\\\/image\\\/\"}}]}<\/script>\n<!-- \/ Yoast SEO plugin. -->","yoast_head_json":{"title":"Conditions g\u00e9n\u00e9rales de vente - studio48nord.de","robots":{"index":"index","follow":"follow","max-snippet":"max-snippet:-1","max-image-preview":"max-image-preview:large","max-video-preview":"max-video-preview:-1"},"canonical":"https:\/\/studio48nord.de\/fr\/conditions-generales-de-vente-2\/","og_locale":"fr_FR","og_type":"article","og_title":"Conditions g\u00e9n\u00e9rales de vente - studio48nord.de","og_description":"Conditions g\u00e9n\u00e9rales de vente (CGV) \u00a7 1 Champ d&rsquo;application Les conditions g\u00e9n\u00e9rales de vente suivantes s&rsquo;appliquent \u00e0 toutes les commandes pass\u00e9es via notre boutique en ligne par des consommateurs et des entrepreneurs. Le consommateur est toute personne physique qui conclut un acte juridique \u00e0 des fins qui, pour l&rsquo;essentiel, ne peuvent \u00eatre attribu\u00e9es ni \u00e0 [&hellip;]","og_url":"https:\/\/studio48nord.de\/fr\/conditions-generales-de-vente-2\/","og_site_name":"studio48nord.de","article_modified_time":"2026-03-18T21:54:50+00:00","twitter_card":"summary_large_image","twitter_misc":{"Dur\u00e9e de lecture estim\u00e9e":"5 minutes"},"schema":{"@context":"https:\/\/schema.org","@graph":[{"@type":"WebPage","@id":"https:\/\/studio48nord.de\/fr\/conditions-generales-de-vente-2\/","url":"https:\/\/studio48nord.de\/fr\/conditions-generales-de-vente-2\/","name":"Conditions g\u00e9n\u00e9rales de vente - studio48nord.de","isPartOf":{"@id":"https:\/\/studio48nord.de\/fr\/#website"},"datePublished":"2026-03-05T22:40:53+00:00","dateModified":"2026-03-18T21:54:50+00:00","breadcrumb":{"@id":"https:\/\/studio48nord.de\/fr\/conditions-generales-de-vente-2\/#breadcrumb"},"inLanguage":"fr-FR","potentialAction":[{"@type":"ReadAction","target":["https:\/\/studio48nord.de\/fr\/conditions-generales-de-vente-2\/"]}]},{"@type":"BreadcrumbList","@id":"https:\/\/studio48nord.de\/fr\/conditions-generales-de-vente-2\/#breadcrumb","itemListElement":[{"@type":"ListItem","position":1,"name":"Start","item":"https:\/\/studio48nord.de\/fr\/"},{"@type":"ListItem","position":2,"name":"Conditions g\u00e9n\u00e9rales de vente"}]},{"@type":"WebSite","@id":"https:\/\/studio48nord.de\/fr\/#website","url":"https:\/\/studio48nord.de\/fr\/","name":"Studio48Nord| 3D Druck individuell, einzigartig praktisch und lokal","description":"","publisher":{"@id":"https:\/\/studio48nord.de\/fr\/#organization"},"potentialAction":[{"@type":"SearchAction","target":{"@type":"EntryPoint","urlTemplate":"https:\/\/studio48nord.de\/fr\/?s={search_term_string}"},"query-input":{"@type":"PropertyValueSpecification","valueRequired":true,"valueName":"search_term_string"}}],"inLanguage":"fr-FR"},{"@type":"Organization","@id":"https:\/\/studio48nord.de\/fr\/#organization","name":"studio48nord.de","url":"https:\/\/studio48nord.de\/fr\/","logo":{"@type":"ImageObject","inLanguage":"fr-FR","@id":"https:\/\/studio48nord.de\/fr\/#\/schema\/logo\/image\/","url":"https:\/\/studio48nord.de\/wp-content\/uploads\/2025\/10\/Zwischenuberschrift-1.svg","contentUrl":"https:\/\/studio48nord.de\/wp-content\/uploads\/2025\/10\/Zwischenuberschrift-1.svg","width":900,"height":119,"caption":"studio48nord.de"},"image":{"@id":"https:\/\/studio48nord.de\/fr\/#\/schema\/logo\/image\/"}}]}},"jetpack_sharing_enabled":true,"_links":{"self":[{"href":"https:\/\/studio48nord.de\/fr\/wp-json\/wp\/v2\/pages\/1289","targetHints":{"allow":["GET"]}}],"collection":[{"href":"https:\/\/studio48nord.de\/fr\/wp-json\/wp\/v2\/pages"}],"about":[{"href":"https:\/\/studio48nord.de\/fr\/wp-json\/wp\/v2\/types\/page"}],"author":[{"embeddable":true,"href":"https:\/\/studio48nord.de\/fr\/wp-json\/wp\/v2\/users\/1"}],"replies":[{"embeddable":true,"href":"https:\/\/studio48nord.de\/fr\/wp-json\/wp\/v2\/comments?post=1289"}],"version-history":[{"count":2,"href":"https:\/\/studio48nord.de\/fr\/wp-json\/wp\/v2\/pages\/1289\/revisions"}],"predecessor-version":[{"id":1448,"href":"https:\/\/studio48nord.de\/fr\/wp-json\/wp\/v2\/pages\/1289\/revisions\/1448"}],"wp:attachment":[{"href":"https:\/\/studio48nord.de\/fr\/wp-json\/wp\/v2\/media?parent=1289"}],"curies":[{"name":"wp","href":"https:\/\/api.w.org\/{rel}","templated":true}]}}