{"id":740,"date":"2025-10-23T14:45:13","date_gmt":"2025-10-23T13:45:13","guid":{"rendered":"https:\/\/studio48nord.de\/mentions-legales\/"},"modified":"2026-03-25T22:01:03","modified_gmt":"2026-03-25T21:01:03","slug":"mentions-legales","status":"publish","type":"page","link":"https:\/\/studio48nord.de\/fr\/mentions-legales\/","title":{"rendered":"Mentions l\u00e9gales"},"content":{"rendered":"\t\t<div data-elementor-type=\"wp-page\" data-elementor-id=\"740\" class=\"elementor elementor-740 elementor-77\" data-elementor-post-type=\"page\">\n\t\t\t\t<div class=\"elementor-element elementor-element-b7bbab4 e-flex e-con-boxed e-con e-parent\" data-id=\"b7bbab4\" data-element_type=\"container\" data-e-type=\"container\">\n\t\t\t\t\t<div class=\"e-con-inner\">\n\t\t\t\t<div class=\"elementor-element elementor-element-4d20745 elementor-widget elementor-widget-html\" data-id=\"4d20745\" data-element_type=\"widget\" data-e-type=\"widget\" data-widget_type=\"html.default\">\n\t\t\t\t\t<h1>Mentions l\u00e9gales<\/h1>\n\n<h2>Informations conform\u00e9ment au \u00a7 5 TMG<\/h2>\n<p>\nStudio48\u00b0Nord<br>Propri\u00e9taire : <br>Maximilian Fraunhofer<br>Konradinstra\u00dfe 18<br>81543 Munich<br>Allemagne\nDE352519926\n<\/p>\n\n<h2>Contact<\/h2>\n<p>\nT\u00e9l\u00e9phone : 0173 \/ 3243525<br>E-mail : <a href=\"mailto:mail@studio48nord.de\">mail@studio48nord.de<\/a>\n<\/p>\n\n<h2>Taxe sur les ventes<\/h2>\n<p>Conform\u00e9ment au \u00a7 19 de la loi sur la TVA, aucune taxe sur le chiffre d'affaires n'est factur\u00e9e (statut de petite entreprise).<\/p>\n\n<h2>Responsable du contenu conform\u00e9ment au \u00a7 55 Abs. 2 RStV<\/h2>\n<p>\nMaximilian Fraunhofer<br>Konradinstra\u00dfe 18<br>81543 Munich\n<\/p>\n\n<h2>Responsabilit\u00e9 du contenu<\/h2>\n<p>\nEn tant que prestataire de services, nous sommes tenus, conform\u00e9ment au \u00a7 7 Abs. 1 TMG pour ses propres contenus sur ces pages selon les lois g\u00e9n\u00e9rales.  \nConform\u00e9ment aux \u00a7\u00a7 8 \u00e0 10 de la TMG, nous ne sommes toutefois pas tenus, en tant que prestataire de services, de surveiller les informations externes transmises ou enregistr\u00e9es ou de rechercher les circonstances qui indiquent une activit\u00e9 ill\u00e9gale.  \nLes obligations de supprimer ou de bloquer l'utilisation d'informations conform\u00e9ment aux lois g\u00e9n\u00e9rales ne sont pas affect\u00e9es par cette disposition.  \nUne responsabilit\u00e9 \u00e0 cet \u00e9gard n'est toutefois possible qu'\u00e0 partir du moment o\u00f9 une violation concr\u00e8te de la loi est connue.  \nSi nous prenons connaissance d'une telle violation, nous supprimerons imm\u00e9diatement ce contenu.\n<\/p>\n\n<h2>Responsabilit\u00e9 des liens<\/h2>\n<p>\nNotre offre contient des liens vers des sites web externes de tiers, sur lesquels nous n'avons aucune influence.  \nNous ne pouvons donc pas nous porter garants de ces contenus externes.  \nLe fournisseur ou l'exploitant des pages li\u00e9es est toujours responsable du contenu de ces pages.  \nLes pages li\u00e9es ont \u00e9t\u00e9 v\u00e9rifi\u00e9es au moment de la cr\u00e9ation du lien afin de s'assurer qu'elles n'enfreignaient pas la loi.  \nAucun contenu ill\u00e9gal n'a \u00e9t\u00e9 identifi\u00e9 au moment de la cr\u00e9ation des liens.  \nUn contr\u00f4le permanent du contenu des pages li\u00e9es n'est cependant pas exigible sans indices concrets d'une violation de la loi.  \nSi nous prenons connaissance d'une violation de la loi, nous supprimerons imm\u00e9diatement les liens en question.\n<\/p>\n\n<h2>Droit d'auteur<\/h2>\n<p>\nLes contenus et \u0153uvres cr\u00e9\u00e9s par les exploitants de ces pages sont soumis au droit d'auteur allemand. \nLa reproduction, le traitement, la diffusion et tout type d'exploitation en dehors des limites du droit d'auteur n\u00e9cessitent l'accord \u00e9crit de l'auteur ou du cr\u00e9ateur concern\u00e9. \nLes t\u00e9l\u00e9chargements et les copies de ce site ne sont autoris\u00e9s que pour un usage priv\u00e9 et non commercial. \nDans la mesure o\u00f9 les contenus de ce site n'ont pas \u00e9t\u00e9 cr\u00e9\u00e9s par l'exploitant, les droits d'auteur de tiers sont respect\u00e9s. \nEn particulier, les contenus de tiers sont identifi\u00e9s comme tels. \nSi vous deviez n\u00e9anmoins constater une violation des droits d'auteur, nous vous prions de nous en informer. \nD\u00e8s que nous aurons connaissance d'une violation de la loi, nous supprimerons imm\u00e9diatement le contenu en question.\n<\/p>\n\n<h2>R\u00e8glement des litiges<\/h2>\n<p>\nLa Commission europ\u00e9enne met \u00e0 disposition une plateforme de r\u00e8glement en ligne des litiges (RLL) : \n<a href=\"https:\/\/ec.europa.eu\/consumers\/odr\" target=\"_blank\" rel=\"noopener noreferrer\">https:\/\/ec.europa.eu\/consumers\/odr.<\/a><br>Vous trouverez notre adresse \u00e9lectronique en haut de la page des mentions l\u00e9gales.\n<\/p>\n<p>\nNous ne sommes pas dispos\u00e9s ou oblig\u00e9s de participer \u00e0 des proc\u00e9dures de r\u00e8glement des litiges devant un organisme de conciliation des consommateurs.\n<\/p>\n\n<p><strong>Mise \u00e0 jour :<\/strong> octobre 2025<\/p>\n\t\t\t\t<\/div>\n\t\t\t\t\t<\/div>\n\t\t\t\t<\/div>\n\t\t\t\t<\/div>\n\t\t","protected":false},"excerpt":{"rendered":"<p>Mentions l\u00e9gales Informations conform\u00e9ment au \u00a7 5 TMG Studio48\u00b0NordPropri\u00e9taire : Maximilian FraunhoferKonradinstra\u00dfe 1881543 MunichAllemagne DE352519926 Contact T\u00e9l\u00e9phone : 0173 \/ 3243525E-mail : mail@studio48nord.de Taxe sur les ventes Conform\u00e9ment au \u00a7 19 de la loi sur la TVA, aucune taxe sur le chiffre d&rsquo;affaires n&rsquo;est factur\u00e9e (statut de petite entreprise). Responsable du contenu conform\u00e9ment au \u00a7 [&hellip;]<\/p>\n","protected":false},"author":1,"featured_media":0,"parent":0,"menu_order":0,"comment_status":"closed","ping_status":"closed","template":"","meta":{"footnotes":""},"class_list":["post-740","page","type-page","status-publish","hentry"],"yoast_head":"<!-- This site is optimized with the Yoast SEO plugin v27.3 - https:\/\/yoast.com\/product\/yoast-seo-wordpress\/ -->\n<title>Mentions l\u00e9gales - studio48nord.de<\/title>\n<meta name=\"robots\" content=\"index, follow, max-snippet:-1, max-image-preview:large, max-video-preview:-1\" \/>\n<link rel=\"canonical\" href=\"https:\/\/studio48nord.de\/fr\/mentions-legales\/\" \/>\n<meta property=\"og:locale\" content=\"fr_FR\" \/>\n<meta property=\"og:type\" content=\"article\" \/>\n<meta property=\"og:title\" content=\"Mentions l\u00e9gales - studio48nord.de\" \/>\n<meta property=\"og:description\" content=\"Mentions l\u00e9gales Informations conform\u00e9ment au \u00a7 5 TMG Studio48\u00b0NordPropri\u00e9taire : Maximilian FraunhoferKonradinstra\u00dfe 1881543 MunichAllemagne DE352519926 Contact T\u00e9l\u00e9phone : 0173 \/ 3243525E-mail : mail@studio48nord.de Taxe sur les ventes Conform\u00e9ment au \u00a7 19 de la loi sur la TVA, aucune taxe sur le chiffre d&rsquo;affaires n&rsquo;est factur\u00e9e (statut de petite entreprise). Responsable du contenu conform\u00e9ment au \u00a7 [&hellip;]\" \/>\n<meta property=\"og:url\" content=\"https:\/\/studio48nord.de\/fr\/mentions-legales\/\" \/>\n<meta property=\"og:site_name\" content=\"studio48nord.de\" \/>\n<meta property=\"article:modified_time\" content=\"2026-03-25T21:01:03+00:00\" \/>\n<meta name=\"twitter:card\" content=\"summary_large_image\" \/>\n<meta name=\"twitter:label1\" content=\"Dur\u00e9e de lecture estim\u00e9e\" \/>\n\t<meta name=\"twitter:data1\" content=\"3 minutes\" \/>\n<script type=\"application\/ld+json\" class=\"yoast-schema-graph\">{\"@context\":\"https:\\\/\\\/schema.org\",\"@graph\":[{\"@type\":\"WebPage\",\"@id\":\"https:\\\/\\\/studio48nord.de\\\/fr\\\/mentions-legales\\\/\",\"url\":\"https:\\\/\\\/studio48nord.de\\\/fr\\\/mentions-legales\\\/\",\"name\":\"Mentions l\u00e9gales - studio48nord.de\",\"isPartOf\":{\"@id\":\"https:\\\/\\\/studio48nord.de\\\/fr\\\/#website\"},\"datePublished\":\"2025-10-23T13:45:13+00:00\",\"dateModified\":\"2026-03-25T21:01:03+00:00\",\"breadcrumb\":{\"@id\":\"https:\\\/\\\/studio48nord.de\\\/fr\\\/mentions-legales\\\/#breadcrumb\"},\"inLanguage\":\"fr-FR\",\"potentialAction\":[{\"@type\":\"ReadAction\",\"target\":[\"https:\\\/\\\/studio48nord.de\\\/fr\\\/mentions-legales\\\/\"]}]},{\"@type\":\"BreadcrumbList\",\"@id\":\"https:\\\/\\\/studio48nord.de\\\/fr\\\/mentions-legales\\\/#breadcrumb\",\"itemListElement\":[{\"@type\":\"ListItem\",\"position\":1,\"name\":\"Start\",\"item\":\"https:\\\/\\\/studio48nord.de\\\/fr\\\/\"},{\"@type\":\"ListItem\",\"position\":2,\"name\":\"Mentions l\u00e9gales\"}]},{\"@type\":\"WebSite\",\"@id\":\"https:\\\/\\\/studio48nord.de\\\/fr\\\/#website\",\"url\":\"https:\\\/\\\/studio48nord.de\\\/fr\\\/\",\"name\":\"Studio48Nord| 3D Druck individuell, einzigartig praktisch und lokal\",\"description\":\"\",\"publisher\":{\"@id\":\"https:\\\/\\\/studio48nord.de\\\/fr\\\/#organization\"},\"potentialAction\":[{\"@type\":\"SearchAction\",\"target\":{\"@type\":\"EntryPoint\",\"urlTemplate\":\"https:\\\/\\\/studio48nord.de\\\/fr\\\/?s={search_term_string}\"},\"query-input\":{\"@type\":\"PropertyValueSpecification\",\"valueRequired\":true,\"valueName\":\"search_term_string\"}}],\"inLanguage\":\"fr-FR\"},{\"@type\":\"Organization\",\"@id\":\"https:\\\/\\\/studio48nord.de\\\/fr\\\/#organization\",\"name\":\"studio48nord.de\",\"url\":\"https:\\\/\\\/studio48nord.de\\\/fr\\\/\",\"logo\":{\"@type\":\"ImageObject\",\"inLanguage\":\"fr-FR\",\"@id\":\"https:\\\/\\\/studio48nord.de\\\/fr\\\/#\\\/schema\\\/logo\\\/image\\\/\",\"url\":\"https:\\\/\\\/studio48nord.de\\\/wp-content\\\/uploads\\\/2025\\\/10\\\/Zwischenuberschrift-1.svg\",\"contentUrl\":\"https:\\\/\\\/studio48nord.de\\\/wp-content\\\/uploads\\\/2025\\\/10\\\/Zwischenuberschrift-1.svg\",\"width\":900,\"height\":119,\"caption\":\"studio48nord.de\"},\"image\":{\"@id\":\"https:\\\/\\\/studio48nord.de\\\/fr\\\/#\\\/schema\\\/logo\\\/image\\\/\"}}]}<\/script>\n<!-- \/ Yoast SEO plugin. -->","yoast_head_json":{"title":"Mentions l\u00e9gales - studio48nord.de","robots":{"index":"index","follow":"follow","max-snippet":"max-snippet:-1","max-image-preview":"max-image-preview:large","max-video-preview":"max-video-preview:-1"},"canonical":"https:\/\/studio48nord.de\/fr\/mentions-legales\/","og_locale":"fr_FR","og_type":"article","og_title":"Mentions l\u00e9gales - studio48nord.de","og_description":"Mentions l\u00e9gales Informations conform\u00e9ment au \u00a7 5 TMG Studio48\u00b0NordPropri\u00e9taire : Maximilian FraunhoferKonradinstra\u00dfe 1881543 MunichAllemagne DE352519926 Contact T\u00e9l\u00e9phone : 0173 \/ 3243525E-mail : mail@studio48nord.de Taxe sur les ventes Conform\u00e9ment au \u00a7 19 de la loi sur la TVA, aucune taxe sur le chiffre d&rsquo;affaires n&rsquo;est factur\u00e9e (statut de petite entreprise). Responsable du contenu conform\u00e9ment au \u00a7 [&hellip;]","og_url":"https:\/\/studio48nord.de\/fr\/mentions-legales\/","og_site_name":"studio48nord.de","article_modified_time":"2026-03-25T21:01:03+00:00","twitter_card":"summary_large_image","twitter_misc":{"Dur\u00e9e de lecture estim\u00e9e":"3 minutes"},"schema":{"@context":"https:\/\/schema.org","@graph":[{"@type":"WebPage","@id":"https:\/\/studio48nord.de\/fr\/mentions-legales\/","url":"https:\/\/studio48nord.de\/fr\/mentions-legales\/","name":"Mentions l\u00e9gales - studio48nord.de","isPartOf":{"@id":"https:\/\/studio48nord.de\/fr\/#website"},"datePublished":"2025-10-23T13:45:13+00:00","dateModified":"2026-03-25T21:01:03+00:00","breadcrumb":{"@id":"https:\/\/studio48nord.de\/fr\/mentions-legales\/#breadcrumb"},"inLanguage":"fr-FR","potentialAction":[{"@type":"ReadAction","target":["https:\/\/studio48nord.de\/fr\/mentions-legales\/"]}]},{"@type":"BreadcrumbList","@id":"https:\/\/studio48nord.de\/fr\/mentions-legales\/#breadcrumb","itemListElement":[{"@type":"ListItem","position":1,"name":"Start","item":"https:\/\/studio48nord.de\/fr\/"},{"@type":"ListItem","position":2,"name":"Mentions l\u00e9gales"}]},{"@type":"WebSite","@id":"https:\/\/studio48nord.de\/fr\/#website","url":"https:\/\/studio48nord.de\/fr\/","name":"Studio48Nord| 3D Druck individuell, einzigartig praktisch und lokal","description":"","publisher":{"@id":"https:\/\/studio48nord.de\/fr\/#organization"},"potentialAction":[{"@type":"SearchAction","target":{"@type":"EntryPoint","urlTemplate":"https:\/\/studio48nord.de\/fr\/?s={search_term_string}"},"query-input":{"@type":"PropertyValueSpecification","valueRequired":true,"valueName":"search_term_string"}}],"inLanguage":"fr-FR"},{"@type":"Organization","@id":"https:\/\/studio48nord.de\/fr\/#organization","name":"studio48nord.de","url":"https:\/\/studio48nord.de\/fr\/","logo":{"@type":"ImageObject","inLanguage":"fr-FR","@id":"https:\/\/studio48nord.de\/fr\/#\/schema\/logo\/image\/","url":"https:\/\/studio48nord.de\/wp-content\/uploads\/2025\/10\/Zwischenuberschrift-1.svg","contentUrl":"https:\/\/studio48nord.de\/wp-content\/uploads\/2025\/10\/Zwischenuberschrift-1.svg","width":900,"height":119,"caption":"studio48nord.de"},"image":{"@id":"https:\/\/studio48nord.de\/fr\/#\/schema\/logo\/image\/"}}]}},"jetpack_sharing_enabled":true,"_links":{"self":[{"href":"https:\/\/studio48nord.de\/fr\/wp-json\/wp\/v2\/pages\/740","targetHints":{"allow":["GET"]}}],"collection":[{"href":"https:\/\/studio48nord.de\/fr\/wp-json\/wp\/v2\/pages"}],"about":[{"href":"https:\/\/studio48nord.de\/fr\/wp-json\/wp\/v2\/types\/page"}],"author":[{"embeddable":true,"href":"https:\/\/studio48nord.de\/fr\/wp-json\/wp\/v2\/users\/1"}],"replies":[{"embeddable":true,"href":"https:\/\/studio48nord.de\/fr\/wp-json\/wp\/v2\/comments?post=740"}],"version-history":[{"count":2,"href":"https:\/\/studio48nord.de\/fr\/wp-json\/wp\/v2\/pages\/740\/revisions"}],"predecessor-version":[{"id":1591,"href":"https:\/\/studio48nord.de\/fr\/wp-json\/wp\/v2\/pages\/740\/revisions\/1591"}],"wp:attachment":[{"href":"https:\/\/studio48nord.de\/fr\/wp-json\/wp\/v2\/media?parent=740"}],"curies":[{"name":"wp","href":"https:\/\/api.w.org\/{rel}","templated":true}]}}