{"id":799,"date":"2025-10-23T14:42:47","date_gmt":"2025-10-23T13:42:47","guid":{"rendered":"https:\/\/studio48nord.de\/protection-des-donnees\/"},"modified":"2026-02-24T10:28:10","modified_gmt":"2026-02-24T09:28:10","slug":"protection-des-donnees","status":"publish","type":"page","link":"https:\/\/studio48nord.de\/fr\/protection-des-donnees\/","title":{"rendered":"Protection des donn\u00e9es"},"content":{"rendered":"\t\t<div data-elementor-type=\"wp-page\" data-elementor-id=\"799\" class=\"elementor elementor-799 elementor-71\" data-elementor-post-type=\"page\">\n\t\t\t\t<div class=\"elementor-element elementor-element-4cc217d e-flex e-con-boxed e-con e-parent\" data-id=\"4cc217d\" data-element_type=\"container\" data-e-type=\"container\">\n\t\t\t\t\t<div class=\"e-con-inner\">\n\t\t\t\t<div class=\"elementor-element elementor-element-2ffae49 elementor-widget elementor-widget-html\" data-id=\"2ffae49\" data-element_type=\"widget\" data-e-type=\"widget\" data-widget_type=\"html.default\">\n\t\t\t\t\t<h1>D\u00e9claration de confidentialit\u00e9<\/h1>\n<h2>1. la protection des donn\u00e9es en un coup d'\u0153il<\/h2>\n<h3>Remarques g\u00e9n\u00e9rales<\/h3>\nLes informations suivantes donnent un aper\u00e7u simple de ce qui se passe avec vos donn\u00e9es personnelles lorsque vous visitez ce site. Les donn\u00e9es personnelles sont toutes les donn\u00e9es qui permettent de vous identifier personnellement. Vous trouverez des informations d\u00e9taill\u00e9es sur le th\u00e8me de la protection des donn\u00e9es dans notre d\u00e9claration de protection des donn\u00e9es figurant sous ce texte.  \n<h3>Collecte de donn\u00e9es sur ce site<\/h3>\n<h4>Qui est responsable de la collecte des donn\u00e9es sur ce site ?<\/h4>\nLe traitement des donn\u00e9es sur ce site web est effectu\u00e9 par l'exploitant du site web. Vous trouverez ses coordonn\u00e9es dans la section \"Informations sur le responsable du traitement\" de la pr\u00e9sente d\u00e9claration de confidentialit\u00e9. \n<h4>Comment collectons-nous vos donn\u00e9es ?<\/h4>\nVos donn\u00e9es sont collect\u00e9es, d'une part, lorsque vous nous les communiquez. Il peut s'agir, par exemple, de donn\u00e9es que vous saisissez dans un formulaire de contact. D'autres donn\u00e9es sont collect\u00e9es automatiquement ou apr\u00e8s votre consentement par nos syst\u00e8mes informatiques lorsque vous visitez le site. Il s'agit principalement de donn\u00e9es techniques (par exemple, le navigateur Internet, le syst\u00e8me d'exploitation ou l'heure de consultation de la page). La collecte de ces donn\u00e9es est automatique d\u00e8s que vous acc\u00e9dez \u00e0 ce site.    \n<h4>\u00c0 quelles fins utilisons-nous vos donn\u00e9es ?<\/h4>\nUne partie des donn\u00e9es est collect\u00e9e afin de garantir une mise \u00e0 disposition sans erreur du site web. D'autres donn\u00e9es peuvent \u00eatre utilis\u00e9es pour analyser votre comportement d'utilisateur. Dans la mesure o\u00f9 des contrats peuvent \u00eatre conclus ou initi\u00e9s via le site web, les donn\u00e9es transmises sont \u00e9galement trait\u00e9es pour des offres de contrat, des commandes ou d'autres demandes de commande.  \n<h4>Quels sont vos droits concernant vos donn\u00e9es ?<\/h4>\nVous avez \u00e0 tout moment le droit d'obtenir gratuitement des informations sur l'origine, le destinataire et la finalit\u00e9 de vos donn\u00e9es personnelles enregistr\u00e9es. Vous avez \u00e9galement le droit de demander la rectification ou la suppression de ces donn\u00e9es. Si vous avez donn\u00e9 votre consentement au traitement des donn\u00e9es, vous pouvez \u00e0 tout moment r\u00e9voquer ce consentement pour l'avenir. Vous avez \u00e9galement le droit de demander la limitation du traitement de vos donn\u00e9es personnelles dans certaines circonstances. En outre, vous disposez d'un droit de recours aupr\u00e8s de l'autorit\u00e9 de surveillance comp\u00e9tente. Vous pouvez nous contacter \u00e0 tout moment \u00e0 ce sujet ou pour toute autre question relative \u00e0 la protection des donn\u00e9es.     \n<h3>Outils d'analyse et outils tiers<\/h3>\nLorsque vous visitez ce site web, votre comportement de navigation peut \u00eatre \u00e9valu\u00e9 statistiquement. Cela se fait principalement \u00e0 l'aide de ce que l'on appelle des programmes d'analyse. Vous trouverez des informations d\u00e9taill\u00e9es sur ces programmes d'analyse dans la d\u00e9claration de confidentialit\u00e9 suivante.  \n<h2>2. h\u00e9bergement<\/h2>\n<h3>All-Inkl<\/h3>\nLe fournisseur est ALL-INKL.COM - Neue Medien M\u00fcnnich, Inh. Ren\u00e9 M\u00fcnnich, Hauptstra\u00dfe 68, 02742 Friedersdorf (ci-apr\u00e8s \"All-Inkl\"). Pour plus de d\u00e9tails, veuillez consulter la d\u00e9claration de confidentialit\u00e9 d'All-Inkl <a href=\"https:\/\/all-inkl.com\/datenschutzinformationen\/\" target=\"_blank\" rel=\"noopener noreferrer\">: https:\/\/all-inkl.com\/datenschutzinformationen\/.<\/a>  \n\nL'utilisation d'All-Inkl est bas\u00e9e sur l'article 6, paragraphe 1, point f du RGPD. Nous avons un int\u00e9r\u00eat l\u00e9gitime \u00e0 ce que notre site Web soit pr\u00e9sent\u00e9 de la mani\u00e8re la plus fiable possible. Si un consentement correspondant a \u00e9t\u00e9 demand\u00e9, le traitement est effectu\u00e9 exclusivement sur la base de l'article 6, paragraphe 1, point a) du RGPD et de l'article 25, paragraphe 1 de la loi TDDDG. Le consentement est r\u00e9vocable \u00e0 tout moment.        \n<h4>Traitement des commandes<\/h4>\nNous avons conclu un contrat de traitement des commandes (CTP) avec le fournisseur mentionn\u00e9.\n<h2>3. indications g\u00e9n\u00e9rales et informations obligatoires<\/h2>\n<h3>Protection des donn\u00e9es<\/h3>\nLes op\u00e9rateurs de ces pages prennent la protection de vos donn\u00e9es personnelles tr\u00e8s au s\u00e9rieux. Nous traitons vos donn\u00e9es personnelles de mani\u00e8re confidentielle et conform\u00e9ment aux dispositions l\u00e9gales en mati\u00e8re de protection des donn\u00e9es et \u00e0 la pr\u00e9sente d\u00e9claration de confidentialit\u00e9. \n<h3>Note sur l'entit\u00e9 responsable<\/h3>\nLe responsable du traitement des donn\u00e9es sur ce site est :\nMax Fraunhofer\nStudio48\u00b0Nord\nKonradinstr. 18\n81543 Munich\nT\u00e9l\u00e9phone : 0173 \/ 3243525\nE-mail : legal@Studio48Nord.de \n<h3>Dur\u00e9e de stockage<\/h3>\nSi aucune dur\u00e9e de conservation sp\u00e9cifique n'est mentionn\u00e9e dans la pr\u00e9sente d\u00e9claration de confidentialit\u00e9, vos donn\u00e9es \u00e0 caract\u00e8re personnel resteront en notre possession jusqu'\u00e0 ce que la finalit\u00e9 du traitement des donn\u00e9es n'ait plus lieu d'\u00eatre ou que vous fassiez une demande l\u00e9gitime de suppression.\n<h3>Bases l\u00e9gales<\/h3>\nSi vous avez donn\u00e9 votre consentement au traitement des donn\u00e9es, nous traitons vos donn\u00e9es personnelles sur la base de l'article 6, paragraphe 1, point a) du RGPD ou de l'article 9, paragraphe 2, point a) du RGPD. Si vos donn\u00e9es sont n\u00e9cessaires \u00e0 l'ex\u00e9cution d'un contrat, le traitement est effectu\u00e9 sur la base de l'article 6, paragraphe 1, point b) du RGPD. D'autres bases r\u00e9sultent de l'article 6, paragraphe 1, points c et f du RGPD.          \n<h3>Destinataires des donn\u00e9es \u00e0 caract\u00e8re personnel<\/h3>\nDans le cadre de nos activit\u00e9s commerciales, nous travaillons avec des entit\u00e9s externes, telles que des prestataires de services techniques, des fournisseurs de paiement ou des plateformes. La transmission de donn\u00e9es \u00e0 caract\u00e8re personnel n'a lieu que s'il existe une base juridique correspondante. \n<h3>R\u00e9vocation de votre consentement<\/h3>\nVous pouvez r\u00e9voquer \u00e0 tout moment le consentement que vous avez d\u00e9j\u00e0 donn\u00e9. La l\u00e9galit\u00e9 du traitement effectu\u00e9 jusqu'\u00e0 la r\u00e9vocation n'est pas affect\u00e9e. \n<h3>Droit d'opposition \u00e0 la publicit\u00e9 directe<\/h3>\nSi vos donn\u00e9es personnelles sont trait\u00e9es \u00e0 des fins de marketing direct, vous pouvez vous y opposer \u00e0 tout moment. Vos donn\u00e9es ne seront alors plus utilis\u00e9es \u00e0 cette fin. \n<h3>Droit de recours<\/h3>\nEn cas de violation du RGPD, vous disposez d'un droit de recours aupr\u00e8s de l'autorit\u00e9 de contr\u00f4le comp\u00e9tente.\n<h3>Chiffrement SSL\/TLS<\/h3>\nCe site utilise un cryptage SSL\/TLS. Vous pouvez reconna\u00eetre une connexion crypt\u00e9e par \"https:\/\/\" et le symbole du cadenas dans le navigateur. \n<h2>4. collecte de donn\u00e9es sur ce site<\/h2>\n<h3>Cookies<\/h3>\nNotre site web utilise des cookies. Les cookies sont de petits paquets de donn\u00e9es qui sont stock\u00e9s sur votre terminal. La base juridique est l'article 6, paragraphe 1, point a) du RGPD ou l'article 25, paragraphe 1 de la TDDDG, dans la mesure o\u00f9 un consentement est requis.     \n<h3>Demande par e-mail ou par t\u00e9l\u00e9phone<\/h3>\nLorsque vous nous contactez, nous enregistrons votre demande, y compris les donn\u00e9es \u00e0 caract\u00e8re personnel, afin de la traiter. La base est l'article 6, paragraphe 1, point b du RGPD ou point f du RGPD.    \n<h2>5e bulletin d'information<\/h2>\nSi vous vous abonnez \u00e0 la newsletter propos\u00e9e, nous avons besoin de votre adresse e-mail. Le traitement est effectu\u00e9 exclusivement sur la base de votre consentement (article 6, paragraphe 1, point a) du RGPD). Vous pouvez vous d\u00e9sinscrire \u00e0 tout moment.  \n<h2>6. plugins et outils<\/h2>\n<h3>Compliance<\/h3>\nNous utilisons l'outil de gestion du consentement \"Complianz\" de Complianz B.V., Kalmarweg 14-5, 9723 JG Groningen, Pays-Bas. Complianz sert \u00e0 obtenir et \u00e0 g\u00e9rer les consentements au traitement des donn\u00e9es. La base juridique est l'article 6, paragraphe 1, point c) du RGPD et l'article 6, paragraphe 1, point f) du RGPD.      \n\nD\u00e9claration de confidentialit\u00e9 <a href=\"https:\/\/complianz.io\/privacy-statement\" target=\"_blank\" rel=\"noopener\">: https:\/\/complianz.io\/privacy-statement<\/a>\n<h3>Gestionnaire de balises Google<\/h3>\nCe site utilise l'outil Google Tag Manager de Google Ireland Limited, Gordon House, Barrow Street, Dublin 4, Irlande. Cet outil g\u00e8re les balises du site Web, mais ne collecte pas lui-m\u00eame de donn\u00e9es \u00e0 caract\u00e8re personnel. Base juridique : article 6, paragraphe 1, point f du RGPD.    \n<h3>Google Analytics<\/h3>\nCe site utilise Google Analytics (fournisseur : Google Ireland Limited). Google Analytics utilise des cookies pour analyser le comportement des utilisateurs. Les donn\u00e9es peuvent \u00eatre transf\u00e9r\u00e9es aux \u00c9tats-Unis. Base juridique : votre consentement (article 6, paragraphe 1, point a) du RGPD, article 25, paragraphe 1 de la TDDDG). D\u00e9claration de confidentialit\u00e9 <a href=\"https:\/\/policies.google.com\/privacy\" target=\"_blank\" rel=\"noopener\">: https:\/\/policies.google.com\/privacy<\/a>    \n<h3>Google Ads &amp; suivi des conversions<\/h3>\nNous utilisons Google Ads pour diffuser des annonces publicitaires et le suivi des conversions associ\u00e9 pour mesurer le succ\u00e8s de ces campagnes. Fournisseur : Google Ireland Limited. Base juridique : votre consentement (article 6, paragraphe 1, point a) du RGPD, article 25, paragraphe 1 de la TDDDG). D\u00e9claration de confidentialit\u00e9 <a href=\"https:\/\/policies.google.com\/privacy\" target=\"_blank\" rel=\"noopener\">: https:\/\/policies.google.com\/privacy<\/a>   \n<h3>Google Ads Remarketing<\/h3>\nCe site web utilise Google Ads Remarketing pour s'adresser \u00e0 nouveau aux visiteurs avec des publicit\u00e9s personnalis\u00e9es. Base juridique : article 6, paragraphe 1, point a du RGPD. Pour plus d'informations <a href=\"https:\/\/policies.google.com\/technologies\/ads\" target=\"_blank\" rel=\"noopener\">: https:\/\/policies.google.com\/technologies\/ads<\/a>    \n<h3>Google AdSense<\/h3>\nNotre site web utilise Google AdSense de Google Ireland Limited pour l'affichage d'annonces. Des cookies sont utilis\u00e9s \u00e0 cet effet. Base juridique : article 6, paragraphe 1, point a du RGPD. D\u00e9claration de confidentialit\u00e9 <a href=\"https:\/\/policies.google.com\/privacy\" target=\"_blank\" rel=\"noopener\">: https:\/\/policies.google.com\/privacy<\/a>     \n<h3>Meta-Pixel &amp; Meta Conversion API<\/h3>\nNous utilisons le Meta-Pixel et le Meta Conversion API de Meta Platforms Ireland Ltd, 4 Grand Canal Square, Dublin 2, Irlande. Ces outils nous permettent de suivre le comportement des visiteurs du site web qui sont arriv\u00e9s sur notre site via des annonces Facebook ou Instagram. Base juridique : article 6, paragraphe 1, point a) du RGPD. D\u00e9claration de confidentialit\u00e9 :  <a href=\"https:\/\/www.facebook.com\/about\/privacy\" target=\"_blank\" rel=\"noopener\">https:\/\/www.facebook.com\/about\/privacy<\/a>\n<h3>Audiences personnalis\u00e9es Meta<\/h3>\nNous utilisons des m\u00e9ta-audiences personnalis\u00e9es pour diffuser des publicit\u00e9s cibl\u00e9es sur des m\u00e9ta-plateformes. Base juridique : article 6, paragraphe 1, point a) du RGPD.   \n<h3>Traitement des donn\u00e9es clients et des donn\u00e9es contractuelles<\/h3>\nNous traitons les donn\u00e9es personnelles des clients pour l'ex\u00e9cution des relations contractuelles et des mesures pr\u00e9contractuelles conform\u00e9ment \u00e0 l'article 6, paragraphe 1, point b) du RGPD.  \n<h3>Transfert de donn\u00e9es lors de la conclusion d'un contrat pour les boutiques en ligne, les commer\u00e7ants et l'exp\u00e9dition de marchandises<\/h3>\nNous ne transmettons des donn\u00e9es personnelles \u00e0 des tiers que dans la mesure o\u00f9 cela est n\u00e9cessaire \u00e0 l'ex\u00e9cution du contrat (par ex. \u00e0 des prestataires de services logistiques ou de paiement). Base juridique : article 6, paragraphe 1, point b du RGPD.   \n<h3>Transfert de donn\u00e9es lors de la conclusion de contrats de services et de contenu num\u00e9rique<\/h3>\nLes donn\u00e9es personnelles ne sont transmises \u00e0 des tiers que si cela est n\u00e9cessaire dans le cadre de l'ex\u00e9cution du contrat ou s'il existe une obligation l\u00e9gale.\n<h3>Services de paiement<\/h3>\nNous faisons appel \u00e0 des prestataires de services de paiement externes (par ex. PayPal, Stripe, etc.) par le biais desquels les paiements sont effectu\u00e9s. Des donn\u00e9es de transaction sont alors transmises. Base juridique : article 6, paragraphe 1, point b du RGPD. Vous trouverez des informations sur les dispositions de protection des donn\u00e9es respectives sur les sites web des fournisseurs.     \n<h3>Boutiques TikTok<\/h3>\nNotre site web utilise les fonctionnalit\u00e9s de TikTok Shops. Le fournisseur est TikTok Technology Limited, 10 Earlsfort Terrace, Dublin, D02 T380, Irlande. TikTok traite les donn\u00e9es personnelles pour fournir les fonctionnalit\u00e9s de la boutique et du checkout. Base juridique : article 6, paragraphe 1, point b du RGPD pour l'ex\u00e9cution du contrat, et article 6, paragraphe 1, point a du RGPD en cas de consentement. D\u00e9claration de confidentialit\u00e9 <a href=\"https:\/\/www.tiktok.com\/legal\/privacy-policy-eea?lang=de\" target=\"_blank\" rel=\"noopener\">: https:\/\/www.tiktok.com\/legal\/privacy-policy-eea?lang=de<\/a>        \n<h3>Wordfence<\/h3>\nNous utilisons Wordfence (Defiant Inc., 800 5th Ave Ste 4100, Seattle, WA 98104, \u00c9tats-Unis) pour prot\u00e9ger notre site Web. Base juridique : Art. 6 al. 1 lit. f du RGPD. D\u00e9claration de confidentialit\u00e9 <a href=\"https:\/\/www.wordfence.com\/help\/general-data-protection-regulation\/\" target=\"_blank\" rel=\"noopener\">: https:\/\/www.wordfence.com\/help\/general-data-protection-regulation\/<\/a>\n\nSource <a href=\"https:\/\/www.e-recht24.de\" target=\"_blank\" rel=\"noopener\">: https:\/\/www.e-recht24.de<\/a>\t\t\t\t<\/div>\n\t\t\t\t\t<\/div>\n\t\t\t\t<\/div>\n\t\t\t\t<\/div>\n\t\t","protected":false},"excerpt":{"rendered":"<p>D\u00e9claration de confidentialit\u00e9 1. la protection des donn\u00e9es en un coup d&rsquo;\u0153il Remarques g\u00e9n\u00e9rales Les informations suivantes donnent un aper\u00e7u simple de ce qui se passe avec vos donn\u00e9es personnelles lorsque vous visitez ce site. Les donn\u00e9es personnelles sont toutes les donn\u00e9es qui permettent de vous identifier personnellement. Vous trouverez des informations d\u00e9taill\u00e9es sur le [&hellip;]<\/p>\n","protected":false},"author":1,"featured_media":0,"parent":0,"menu_order":0,"comment_status":"closed","ping_status":"closed","template":"","meta":{"footnotes":""},"class_list":["post-799","page","type-page","status-publish","hentry"],"yoast_head":"<!-- This site is optimized with the Yoast SEO plugin v27.3 - https:\/\/yoast.com\/product\/yoast-seo-wordpress\/ -->\n<title>Protection des donn\u00e9es - studio48nord.de<\/title>\n<meta name=\"robots\" content=\"index, follow, max-snippet:-1, max-image-preview:large, max-video-preview:-1\" \/>\n<link rel=\"canonical\" href=\"https:\/\/studio48nord.de\/fr\/protection-des-donnees\/\" \/>\n<meta property=\"og:locale\" content=\"fr_FR\" \/>\n<meta property=\"og:type\" content=\"article\" \/>\n<meta property=\"og:title\" content=\"Protection des donn\u00e9es - studio48nord.de\" \/>\n<meta property=\"og:description\" content=\"D\u00e9claration de confidentialit\u00e9 1. la protection des donn\u00e9es en un coup d&rsquo;\u0153il Remarques g\u00e9n\u00e9rales Les informations suivantes donnent un aper\u00e7u simple de ce qui se passe avec vos donn\u00e9es personnelles lorsque vous visitez ce site. Les donn\u00e9es personnelles sont toutes les donn\u00e9es qui permettent de vous identifier personnellement. Vous trouverez des informations d\u00e9taill\u00e9es sur le [&hellip;]\" \/>\n<meta property=\"og:url\" content=\"https:\/\/studio48nord.de\/fr\/protection-des-donnees\/\" \/>\n<meta property=\"og:site_name\" content=\"studio48nord.de\" \/>\n<meta property=\"article:modified_time\" content=\"2026-02-24T09:28:10+00:00\" \/>\n<meta name=\"twitter:card\" content=\"summary_large_image\" \/>\n<meta name=\"twitter:label1\" content=\"Dur\u00e9e de lecture estim\u00e9e\" \/>\n\t<meta name=\"twitter:data1\" content=\"9 minutes\" \/>\n<script type=\"application\/ld+json\" class=\"yoast-schema-graph\">{\"@context\":\"https:\\\/\\\/schema.org\",\"@graph\":[{\"@type\":\"WebPage\",\"@id\":\"https:\\\/\\\/studio48nord.de\\\/fr\\\/protection-des-donnees\\\/\",\"url\":\"https:\\\/\\\/studio48nord.de\\\/fr\\\/protection-des-donnees\\\/\",\"name\":\"Protection des donn\u00e9es - studio48nord.de\",\"isPartOf\":{\"@id\":\"https:\\\/\\\/studio48nord.de\\\/fr\\\/#website\"},\"datePublished\":\"2025-10-23T13:42:47+00:00\",\"dateModified\":\"2026-02-24T09:28:10+00:00\",\"breadcrumb\":{\"@id\":\"https:\\\/\\\/studio48nord.de\\\/fr\\\/protection-des-donnees\\\/#breadcrumb\"},\"inLanguage\":\"fr-FR\",\"potentialAction\":[{\"@type\":\"ReadAction\",\"target\":[\"https:\\\/\\\/studio48nord.de\\\/fr\\\/protection-des-donnees\\\/\"]}]},{\"@type\":\"BreadcrumbList\",\"@id\":\"https:\\\/\\\/studio48nord.de\\\/fr\\\/protection-des-donnees\\\/#breadcrumb\",\"itemListElement\":[{\"@type\":\"ListItem\",\"position\":1,\"name\":\"Start\",\"item\":\"https:\\\/\\\/studio48nord.de\\\/fr\\\/\"},{\"@type\":\"ListItem\",\"position\":2,\"name\":\"Protection des donn\u00e9es\"}]},{\"@type\":\"WebSite\",\"@id\":\"https:\\\/\\\/studio48nord.de\\\/fr\\\/#website\",\"url\":\"https:\\\/\\\/studio48nord.de\\\/fr\\\/\",\"name\":\"Studio48Nord| 3D Druck individuell, einzigartig praktisch und lokal\",\"description\":\"\",\"publisher\":{\"@id\":\"https:\\\/\\\/studio48nord.de\\\/fr\\\/#organization\"},\"potentialAction\":[{\"@type\":\"SearchAction\",\"target\":{\"@type\":\"EntryPoint\",\"urlTemplate\":\"https:\\\/\\\/studio48nord.de\\\/fr\\\/?s={search_term_string}\"},\"query-input\":{\"@type\":\"PropertyValueSpecification\",\"valueRequired\":true,\"valueName\":\"search_term_string\"}}],\"inLanguage\":\"fr-FR\"},{\"@type\":\"Organization\",\"@id\":\"https:\\\/\\\/studio48nord.de\\\/fr\\\/#organization\",\"name\":\"studio48nord.de\",\"url\":\"https:\\\/\\\/studio48nord.de\\\/fr\\\/\",\"logo\":{\"@type\":\"ImageObject\",\"inLanguage\":\"fr-FR\",\"@id\":\"https:\\\/\\\/studio48nord.de\\\/fr\\\/#\\\/schema\\\/logo\\\/image\\\/\",\"url\":\"https:\\\/\\\/studio48nord.de\\\/wp-content\\\/uploads\\\/2025\\\/10\\\/Zwischenuberschrift-1.svg\",\"contentUrl\":\"https:\\\/\\\/studio48nord.de\\\/wp-content\\\/uploads\\\/2025\\\/10\\\/Zwischenuberschrift-1.svg\",\"width\":900,\"height\":119,\"caption\":\"studio48nord.de\"},\"image\":{\"@id\":\"https:\\\/\\\/studio48nord.de\\\/fr\\\/#\\\/schema\\\/logo\\\/image\\\/\"}}]}<\/script>\n<!-- \/ Yoast SEO plugin. -->","yoast_head_json":{"title":"Protection des donn\u00e9es - studio48nord.de","robots":{"index":"index","follow":"follow","max-snippet":"max-snippet:-1","max-image-preview":"max-image-preview:large","max-video-preview":"max-video-preview:-1"},"canonical":"https:\/\/studio48nord.de\/fr\/protection-des-donnees\/","og_locale":"fr_FR","og_type":"article","og_title":"Protection des donn\u00e9es - studio48nord.de","og_description":"D\u00e9claration de confidentialit\u00e9 1. la protection des donn\u00e9es en un coup d&rsquo;\u0153il Remarques g\u00e9n\u00e9rales Les informations suivantes donnent un aper\u00e7u simple de ce qui se passe avec vos donn\u00e9es personnelles lorsque vous visitez ce site. Les donn\u00e9es personnelles sont toutes les donn\u00e9es qui permettent de vous identifier personnellement. Vous trouverez des informations d\u00e9taill\u00e9es sur le [&hellip;]","og_url":"https:\/\/studio48nord.de\/fr\/protection-des-donnees\/","og_site_name":"studio48nord.de","article_modified_time":"2026-02-24T09:28:10+00:00","twitter_card":"summary_large_image","twitter_misc":{"Dur\u00e9e de lecture estim\u00e9e":"9 minutes"},"schema":{"@context":"https:\/\/schema.org","@graph":[{"@type":"WebPage","@id":"https:\/\/studio48nord.de\/fr\/protection-des-donnees\/","url":"https:\/\/studio48nord.de\/fr\/protection-des-donnees\/","name":"Protection des donn\u00e9es - studio48nord.de","isPartOf":{"@id":"https:\/\/studio48nord.de\/fr\/#website"},"datePublished":"2025-10-23T13:42:47+00:00","dateModified":"2026-02-24T09:28:10+00:00","breadcrumb":{"@id":"https:\/\/studio48nord.de\/fr\/protection-des-donnees\/#breadcrumb"},"inLanguage":"fr-FR","potentialAction":[{"@type":"ReadAction","target":["https:\/\/studio48nord.de\/fr\/protection-des-donnees\/"]}]},{"@type":"BreadcrumbList","@id":"https:\/\/studio48nord.de\/fr\/protection-des-donnees\/#breadcrumb","itemListElement":[{"@type":"ListItem","position":1,"name":"Start","item":"https:\/\/studio48nord.de\/fr\/"},{"@type":"ListItem","position":2,"name":"Protection des donn\u00e9es"}]},{"@type":"WebSite","@id":"https:\/\/studio48nord.de\/fr\/#website","url":"https:\/\/studio48nord.de\/fr\/","name":"Studio48Nord| 3D Druck individuell, einzigartig praktisch und lokal","description":"","publisher":{"@id":"https:\/\/studio48nord.de\/fr\/#organization"},"potentialAction":[{"@type":"SearchAction","target":{"@type":"EntryPoint","urlTemplate":"https:\/\/studio48nord.de\/fr\/?s={search_term_string}"},"query-input":{"@type":"PropertyValueSpecification","valueRequired":true,"valueName":"search_term_string"}}],"inLanguage":"fr-FR"},{"@type":"Organization","@id":"https:\/\/studio48nord.de\/fr\/#organization","name":"studio48nord.de","url":"https:\/\/studio48nord.de\/fr\/","logo":{"@type":"ImageObject","inLanguage":"fr-FR","@id":"https:\/\/studio48nord.de\/fr\/#\/schema\/logo\/image\/","url":"https:\/\/studio48nord.de\/wp-content\/uploads\/2025\/10\/Zwischenuberschrift-1.svg","contentUrl":"https:\/\/studio48nord.de\/wp-content\/uploads\/2025\/10\/Zwischenuberschrift-1.svg","width":900,"height":119,"caption":"studio48nord.de"},"image":{"@id":"https:\/\/studio48nord.de\/fr\/#\/schema\/logo\/image\/"}}]}},"jetpack_sharing_enabled":true,"_links":{"self":[{"href":"https:\/\/studio48nord.de\/fr\/wp-json\/wp\/v2\/pages\/799","targetHints":{"allow":["GET"]}}],"collection":[{"href":"https:\/\/studio48nord.de\/fr\/wp-json\/wp\/v2\/pages"}],"about":[{"href":"https:\/\/studio48nord.de\/fr\/wp-json\/wp\/v2\/types\/page"}],"author":[{"embeddable":true,"href":"https:\/\/studio48nord.de\/fr\/wp-json\/wp\/v2\/users\/1"}],"replies":[{"embeddable":true,"href":"https:\/\/studio48nord.de\/fr\/wp-json\/wp\/v2\/comments?post=799"}],"version-history":[{"count":1,"href":"https:\/\/studio48nord.de\/fr\/wp-json\/wp\/v2\/pages\/799\/revisions"}],"predecessor-version":[{"id":830,"href":"https:\/\/studio48nord.de\/fr\/wp-json\/wp\/v2\/pages\/799\/revisions\/830"}],"wp:attachment":[{"href":"https:\/\/studio48nord.de\/fr\/wp-json\/wp\/v2\/media?parent=799"}],"curies":[{"name":"wp","href":"https:\/\/api.w.org\/{rel}","templated":true}]}}