{"id":984,"date":"2025-10-24T14:29:36","date_gmt":"2025-10-24T13:29:36","guid":{"rendered":"https:\/\/studio48nord.de\/a-propos-de\/"},"modified":"2026-02-24T10:29:08","modified_gmt":"2026-02-24T09:29:08","slug":"a-propos-de","status":"publish","type":"page","link":"https:\/\/studio48nord.de\/fr\/a-propos-de\/","title":{"rendered":"\u00c0 propos de"},"content":{"rendered":"\t\t<div data-elementor-type=\"wp-page\" data-elementor-id=\"984\" class=\"elementor elementor-984 elementor-140\" data-elementor-post-type=\"page\">\n\t\t\t\t<div class=\"elementor-element elementor-element-5f37cec e-flex e-con-boxed e-con e-parent\" data-id=\"5f37cec\" data-element_type=\"container\" data-e-type=\"container\">\n\t\t\t\t\t<div class=\"e-con-inner\">\n\t\t\t\t<div class=\"elementor-element elementor-element-f2747ed elementor-widget__width-initial elementor-widget elementor-widget-heading\" data-id=\"f2747ed\" data-element_type=\"widget\" data-e-type=\"widget\" data-settings=\"{&quot;motion_fx_motion_fx_scrolling&quot;:&quot;yes&quot;,&quot;motion_fx_devices&quot;:[&quot;desktop&quot;]}\" data-widget_type=\"heading.default\">\n\t\t\t\t\t<h1 class=\"elementor-heading-title elementor-size-default\">C'est Studio48\u00b0Nord<\/h1>\t\t\t\t<\/div>\n\t\t\t\t\t<\/div>\n\t\t\t\t<\/div>\n\t\t<div class=\"elementor-element elementor-element-905c6d7 e-flex e-con-boxed e-con e-parent\" data-id=\"905c6d7\" data-element_type=\"container\" data-e-type=\"container\">\n\t\t\t\t\t<div class=\"e-con-inner\">\n\t\t<div class=\"elementor-element elementor-element-823f34b e-con-full e-flex e-con e-child\" data-id=\"823f34b\" data-element_type=\"container\" data-e-type=\"container\">\n\t\t\t\t<div class=\"elementor-element elementor-element-3054443 elementor-widget elementor-widget-image\" data-id=\"3054443\" data-element_type=\"widget\" data-e-type=\"widget\" data-widget_type=\"image.default\">\n\t\t\t\t\t\t\t\t\t\t\t\t\t\t\t<img fetchpriority=\"high\" decoding=\"async\" width=\"800\" height=\"877\" src=\"https:\/\/studio48nord.de\/wp-content\/uploads\/2025\/12\/IMG_20251119_112057-934x1024.webp\" class=\"attachment-large size-large wp-image-987\" alt=\"\" srcset=\"https:\/\/studio48nord.de\/wp-content\/uploads\/2025\/12\/IMG_20251119_112057-934x1024.webp 934w, https:\/\/studio48nord.de\/wp-content\/uploads\/2025\/12\/IMG_20251119_112057-scaled-1000x1097.webp 1000w, https:\/\/studio48nord.de\/wp-content\/uploads\/2025\/12\/IMG_20251119_112057-274x300.webp 274w, https:\/\/studio48nord.de\/wp-content\/uploads\/2025\/12\/IMG_20251119_112057-768x842.webp 768w, https:\/\/studio48nord.de\/wp-content\/uploads\/2025\/12\/IMG_20251119_112057-1401x1536.webp 1401w, https:\/\/studio48nord.de\/wp-content\/uploads\/2025\/12\/IMG_20251119_112057-scaled.webp 1751w\" sizes=\"(max-width: 800px) 100vw, 800px\" \/>\t\t\t\t\t\t\t\t\t\t\t\t\t\t\t<\/div>\n\t\t\t\t<div class=\"elementor-element elementor-element-528198c elementor-widget elementor-widget-image\" data-id=\"528198c\" data-element_type=\"widget\" data-e-type=\"widget\" data-widget_type=\"image.default\">\n\t\t\t\t\t\t\t\t\t\t\t\t\t\t\t<img decoding=\"async\" width=\"768\" height=\"1024\" src=\"https:\/\/studio48nord.de\/wp-content\/uploads\/2025\/12\/PXL_20230108_104545845.PORTRAIT-768x1024.jpg\" class=\"attachment-large size-large wp-image-986\" alt=\"\" srcset=\"https:\/\/studio48nord.de\/wp-content\/uploads\/2025\/12\/PXL_20230108_104545845.PORTRAIT-768x1024.jpg 768w, https:\/\/studio48nord.de\/wp-content\/uploads\/2025\/12\/PXL_20230108_104545845.PORTRAIT-scaled-800x1067.jpg 800w, https:\/\/studio48nord.de\/wp-content\/uploads\/2025\/12\/PXL_20230108_104545845.PORTRAIT-scaled-1000x1333.jpg 1000w, https:\/\/studio48nord.de\/wp-content\/uploads\/2025\/12\/PXL_20230108_104545845.PORTRAIT-225x300.jpg 225w, https:\/\/studio48nord.de\/wp-content\/uploads\/2025\/12\/PXL_20230108_104545845.PORTRAIT-1152x1536.jpg 1152w, https:\/\/studio48nord.de\/wp-content\/uploads\/2025\/12\/PXL_20230108_104545845.PORTRAIT-1536x2048.jpg 1536w, https:\/\/studio48nord.de\/wp-content\/uploads\/2025\/12\/PXL_20230108_104545845.PORTRAIT-scaled.jpg 1920w\" sizes=\"(max-width: 768px) 100vw, 768px\" \/>\t\t\t\t\t\t\t\t\t\t\t\t\t\t\t<\/div>\n\t\t\t\t<\/div>\n\t\t<div class=\"elementor-element elementor-element-b4d5474 e-con-full e-flex e-con e-child\" data-id=\"b4d5474\" data-element_type=\"container\" data-e-type=\"container\">\n\t\t\t\t<div class=\"elementor-element elementor-element-cc47a47 elementor-widget elementor-widget-text-editor\" data-id=\"cc47a47\" data-element_type=\"widget\" data-e-type=\"widget\" data-widget_type=\"text-editor.default\">\n\t\t\t\t\t\t\t\t\t<p>\n  En fait, tout a commenc\u00e9 avec une tasse \u00e0 caf\u00e9 trop haute et un \u00e9gouttoir trop bas. Si vous aimez votre machine \u00e0 expresso ou votre bureau, vous le savez : les produits de masse ne conviennent souvent qu&rsquo;\u00e0 90%. Les 10 % restants sont le compromis quotidien qui a fini par nous agacer.  \n    <\/p>\n    \n    <p>\n  Nous en avions assez du \u00ab\u00a0presque convenable\u00a0\u00bb. C&rsquo;est pourquoi nous avons cr\u00e9\u00e9 Studio48\u00b0Nord. \n    <\/p>\n\n    <h3>Ce qui nous motive<\/h3>\n    <p>\n  Nous associons le design num\u00e9rique \u00e0 un v\u00e9ritable artisanat. Nos produits naissent d&rsquo;un besoin concret : soit il manque une solution fonctionnelle \u00e0 un probl\u00e8me &#8211; comme le rangement du porte-filtre &#8211; soit nous voulons rendre un souvenir tangible, comme avec nos reliefs de montagne en 3D. \n    <\/p>\n\n    <h3>100% made in Munich<\/h3>\n    <p>\n  Chez nous, il n&rsquo;y a pas de cha\u00eenes d&rsquo;approvisionnement anonymes. Chaque pi\u00e8ce qui sort de notre atelier a \u00e9t\u00e9 con\u00e7ue, imprim\u00e9e et emball\u00e9e par nos soins. \n    <\/p>\n    <ul>\n        <li><strong>Design :<\/strong> nous bricolons le mod\u00e8le jusqu&rsquo;\u00e0 ce que la coupe soit parfaite.<\/li>\n        <li><strong>Mat\u00e9riaux :<\/strong> nous utilisons des plastiques robustes et durables comme le PLA et le PETG.<\/li>\n        <li><strong>La fabrication :<\/strong> L&rsquo;impression 3D nous permet d&rsquo;obtenir une pr\u00e9cision qui serait difficilement abordable avec les m\u00e9thodes traditionnelles.<\/li>\n    <\/ul>\n\n    <h3>Pas de kitsch, pas de produits de masse<\/h3>\n    <p>\n  Studio48\u00b0Nord est synonyme d&rsquo;esth\u00e9tique qui fonctionne. Nous construisons des choses pour les gens qui appr\u00e9cient la qualit\u00e9 et qui veulent savoir d&rsquo;o\u00f9 viennent leurs produits. Directement de Munich, sans d\u00e9tours, directement pour votre quotidien.  \n    <\/p>\n<\/section>\t\t\t\t\t\t\t\t<\/div>\n\t\t\t\t<\/div>\n\t\t\t\t\t<\/div>\n\t\t\t\t<\/div>\n\t\t<div class=\"elementor-element elementor-element-1e4d1c6 e-con-full e-flex e-con e-parent\" data-id=\"1e4d1c6\" data-element_type=\"container\" data-e-type=\"container\">\n\t\t<div class=\"elementor-element elementor-element-4332dfb e-con-full e-flex e-con e-child\" data-id=\"4332dfb\" data-element_type=\"container\" data-e-type=\"container\" data-settings=\"{&quot;background_background&quot;:&quot;classic&quot;}\">\n\t\t<div class=\"elementor-element elementor-element-199983b e-con-full e-flex e-con e-child\" data-id=\"199983b\" data-element_type=\"container\" data-e-type=\"container\">\n\t\t<div class=\"elementor-element elementor-element-ee47a76 e-con-full e-flex e-con e-child\" data-id=\"ee47a76\" data-element_type=\"container\" data-e-type=\"container\">\n\t\t\t\t<div class=\"elementor-element elementor-element-0f13edf elementor-widget elementor-widget-heading\" data-id=\"0f13edf\" data-element_type=\"widget\" data-e-type=\"widget\" data-widget_type=\"heading.default\">\n\t\t\t\t\t<h3 class=\"elementor-heading-title elementor-size-default\">1. par des passionn\u00e9s pour des passionn\u00e9s<\/h3>\t\t\t\t<\/div>\n\t\t\t\t<div class=\"elementor-element elementor-element-753e6f2 elementor-widget-divider--view-line elementor-widget elementor-widget-divider\" data-id=\"753e6f2\" data-element_type=\"widget\" data-e-type=\"widget\" data-widget_type=\"divider.default\">\n\t\t\t\t\t\t\t<div class=\"elementor-divider\">\n\t\t\t<span class=\"elementor-divider-separator\">\n\t\t\t\t\t\t<\/span>\n\t\t<\/div>\n\t\t\t\t\t\t<\/div>\n\t\t\t\t<div class=\"elementor-element elementor-element-cc93616 elementor-widget elementor-widget-text-editor\" data-id=\"cc93616\" data-element_type=\"widget\" data-e-type=\"widget\" data-widget_type=\"text-editor.default\">\n\t\t\t\t\t\t\t\t\t<p>Nous ne sommes pas seulement des fabricants, nous sommes nous-m\u00eames des utilisateurs quotidiens. Chaque produit que vous voyez ici &#8211; en particulier nos accessoires Dedica &#8211; est n\u00e9 d&rsquo;un besoin r\u00e9el et personnel. Nous concevons, testons et affinons chaque pi\u00e8ce ici, \u00e0 Munich, jusqu&rsquo;\u00e0 ce qu&rsquo;elle r\u00e9solve exactement le probl\u00e8me que nous avions nous-m\u00eames rencontr\u00e9.  <\/p>\t\t\t\t\t\t\t\t<\/div>\n\t\t\t\t<\/div>\n\t\t<div class=\"elementor-element elementor-element-288ddd2 e-con-full e-flex e-con e-child\" data-id=\"288ddd2\" data-element_type=\"container\" data-e-type=\"container\">\n\t\t\t\t<div class=\"elementor-element elementor-element-c2fb764 elementor-widget elementor-widget-heading\" data-id=\"c2fb764\" data-element_type=\"widget\" data-e-type=\"widget\" data-widget_type=\"heading.default\">\n\t\t\t\t\t<h3 class=\"elementor-heading-title elementor-size-default\">2. l'authentique artisanat munichois<\/h3>\t\t\t\t<\/div>\n\t\t\t\t<div class=\"elementor-element elementor-element-f51c9e3 elementor-widget-divider--view-line elementor-widget elementor-widget-divider\" data-id=\"f51c9e3\" data-element_type=\"widget\" data-e-type=\"widget\" data-widget_type=\"divider.default\">\n\t\t\t\t\t\t\t<div class=\"elementor-divider\">\n\t\t\t<span class=\"elementor-divider-separator\">\n\t\t\t\t\t\t<\/span>\n\t\t<\/div>\n\t\t\t\t\t\t<\/div>\n\t\t\t\t<div class=\"elementor-element elementor-element-9065774 elementor-widget elementor-widget-text-editor\" data-id=\"9065774\" data-element_type=\"widget\" data-e-type=\"widget\" data-widget_type=\"text-editor.default\">\n\t\t\t\t\t\t\t\t\t<p>Pas de dropshipping, pas d&rsquo;entrep\u00f4t anonyme. De la conception num\u00e9rique initiale \u00e0 l&rsquo;impression 3D pr\u00e9cise et \u00e0 l&rsquo;exp\u00e9dition finale, chaque \u00e9tape se d\u00e9roule directement ici, dans notre petit atelier de Munich. Vous achetez directement \u00e0 l&rsquo;\u00e9quipe qui a fabriqu\u00e9 votre produit avec passion.  <\/p><p> <\/p><h3> <\/h3>\t\t\t\t\t\t\t\t<\/div>\n\t\t\t\t<\/div>\n\t\t<div class=\"elementor-element elementor-element-95aa8be e-con-full e-flex e-con e-child\" data-id=\"95aa8be\" data-element_type=\"container\" data-e-type=\"container\">\n\t\t\t\t<div class=\"elementor-element elementor-element-761ae0e elementor-widget elementor-widget-heading\" data-id=\"761ae0e\" data-element_type=\"widget\" data-e-type=\"widget\" data-widget_type=\"heading.default\">\n\t\t\t\t\t<h3 class=\"elementor-heading-title elementor-size-default\">3. haute qualit\u00e9 &amp; durable<\/h3>\t\t\t\t<\/div>\n\t\t\t\t<div class=\"elementor-element elementor-element-bd6e78b elementor-widget-divider--view-line elementor-widget elementor-widget-divider\" data-id=\"bd6e78b\" data-element_type=\"widget\" data-e-type=\"widget\" data-widget_type=\"divider.default\">\n\t\t\t\t\t\t\t<div class=\"elementor-divider\">\n\t\t\t<span class=\"elementor-divider-separator\">\n\t\t\t\t\t\t<\/span>\n\t\t<\/div>\n\t\t\t\t\t\t<\/div>\n\t\t\t\t<div class=\"elementor-element elementor-element-3b953de elementor-widget elementor-widget-text-editor\" data-id=\"3b953de\" data-element_type=\"widget\" data-e-type=\"widget\" data-widget_type=\"text-editor.default\">\n\t\t\t\t\t\t\t\t\t<p>Nous croyons en une fabrication moderne et responsable. Nous utilisons pour nos produits du PLA robuste, durable et respectueux de l&rsquo;environnement &#8211; un mat\u00e9riau issu de ressources renouvelables (comme l&rsquo;amidon de ma\u00efs) et biod\u00e9gradable. <\/p>\t\t\t\t\t\t\t\t<\/div>\n\t\t\t\t<\/div>\n\t\t<div class=\"elementor-element elementor-element-842dc80 e-con-full e-flex e-con e-child\" data-id=\"842dc80\" data-element_type=\"container\" data-e-type=\"container\">\n\t\t\t\t<div class=\"elementor-element elementor-element-17545b5 elementor-widget elementor-widget-heading\" data-id=\"17545b5\" data-element_type=\"widget\" data-e-type=\"widget\" data-widget_type=\"heading.default\">\n\t\t\t\t\t<h3 class=\"elementor-heading-title elementor-size-default\">4. traitement rapide 24 heures sur 24<\/h3>\t\t\t\t<\/div>\n\t\t\t\t<div class=\"elementor-element elementor-element-486f15b elementor-widget-divider--view-line elementor-widget elementor-widget-divider\" data-id=\"486f15b\" data-element_type=\"widget\" data-e-type=\"widget\" data-widget_type=\"divider.default\">\n\t\t\t\t\t\t\t<div class=\"elementor-divider\">\n\t\t\t<span class=\"elementor-divider-separator\">\n\t\t\t\t\t\t<\/span>\n\t\t<\/div>\n\t\t\t\t\t\t<\/div>\n\t\t\t\t<div class=\"elementor-element elementor-element-b253a7d elementor-widget elementor-widget-text-editor\" data-id=\"b253a7d\" data-element_type=\"widget\" data-e-type=\"widget\" data-widget_type=\"text-editor.default\">\n\t\t\t\t\t\t\t\t\t<p>Comme nous fabriquons tout en interne, nous avons le contr\u00f4le total. Votre commande est trait\u00e9e et produite personnellement par nos soins et est g\u00e9n\u00e9ralement emball\u00e9e en toute s\u00e9curit\u00e9 et en route vers vous dans les 24 heures (un jour ouvrable). <\/p>\t\t\t\t\t\t\t\t<\/div>\n\t\t\t\t<\/div>\n\t\t\t\t<\/div>\n\t\t\t\t<\/div>\n\t\t\t\t<\/div>\n\t\t\t\t<\/div>\n\t\t","protected":false},"excerpt":{"rendered":"<p>C&rsquo;est Studio48\u00b0Nord En fait, tout a commenc\u00e9 avec une tasse \u00e0 caf\u00e9 trop haute et un \u00e9gouttoir trop bas. Si vous aimez votre machine \u00e0 expresso ou votre bureau, vous le savez : les produits de masse ne conviennent souvent qu&rsquo;\u00e0 90%. Les 10 % restants sont le compromis quotidien qui a fini par nous [&hellip;]<\/p>\n","protected":false},"author":1,"featured_media":988,"parent":0,"menu_order":0,"comment_status":"closed","ping_status":"closed","template":"","meta":{"footnotes":""},"class_list":["post-984","page","type-page","status-publish","has-post-thumbnail","hentry"],"yoast_head":"<!-- This site is optimized with the Yoast SEO plugin v27.3 - https:\/\/yoast.com\/product\/yoast-seo-wordpress\/ -->\n<title>\u00c0 propos de - studio48nord.de<\/title>\n<meta name=\"robots\" content=\"index, follow, max-snippet:-1, max-image-preview:large, max-video-preview:-1\" \/>\n<link rel=\"canonical\" href=\"https:\/\/studio48nord.de\/fr\/a-propos-de\/\" \/>\n<meta property=\"og:locale\" content=\"fr_FR\" \/>\n<meta property=\"og:type\" content=\"article\" \/>\n<meta property=\"og:title\" content=\"\u00c0 propos de - studio48nord.de\" \/>\n<meta property=\"og:description\" content=\"C&rsquo;est Studio48\u00b0Nord En fait, tout a commenc\u00e9 avec une tasse \u00e0 caf\u00e9 trop haute et un \u00e9gouttoir trop bas. Si vous aimez votre machine \u00e0 expresso ou votre bureau, vous le savez : les produits de masse ne conviennent souvent qu&rsquo;\u00e0 90%. Les 10 % restants sont le compromis quotidien qui a fini par nous [&hellip;]\" \/>\n<meta property=\"og:url\" content=\"https:\/\/studio48nord.de\/fr\/a-propos-de\/\" \/>\n<meta property=\"og:site_name\" content=\"studio48nord.de\" \/>\n<meta property=\"article:modified_time\" content=\"2026-02-24T09:29:08+00:00\" \/>\n<meta property=\"og:image\" content=\"https:\/\/studio48nord.de\/wp-content\/uploads\/2025\/10\/About.webp\" \/>\n\t<meta property=\"og:image:width\" content=\"400\" \/>\n\t<meta property=\"og:image:height\" content=\"380\" \/>\n\t<meta property=\"og:image:type\" content=\"image\/webp\" \/>\n<meta name=\"twitter:card\" content=\"summary_large_image\" \/>\n<meta name=\"twitter:label1\" content=\"Dur\u00e9e de lecture estim\u00e9e\" \/>\n\t<meta name=\"twitter:data1\" content=\"2 minutes\" \/>\n<script type=\"application\/ld+json\" class=\"yoast-schema-graph\">{\"@context\":\"https:\\\/\\\/schema.org\",\"@graph\":[{\"@type\":\"WebPage\",\"@id\":\"https:\\\/\\\/studio48nord.de\\\/fr\\\/a-propos-de\\\/\",\"url\":\"https:\\\/\\\/studio48nord.de\\\/fr\\\/a-propos-de\\\/\",\"name\":\"\u00c0 propos de - studio48nord.de\",\"isPartOf\":{\"@id\":\"https:\\\/\\\/studio48nord.de\\\/fr\\\/#website\"},\"primaryImageOfPage\":{\"@id\":\"https:\\\/\\\/studio48nord.de\\\/fr\\\/a-propos-de\\\/#primaryimage\"},\"image\":{\"@id\":\"https:\\\/\\\/studio48nord.de\\\/fr\\\/a-propos-de\\\/#primaryimage\"},\"thumbnailUrl\":\"https:\\\/\\\/studio48nord.de\\\/wp-content\\\/uploads\\\/2025\\\/10\\\/About.webp\",\"datePublished\":\"2025-10-24T13:29:36+00:00\",\"dateModified\":\"2026-02-24T09:29:08+00:00\",\"breadcrumb\":{\"@id\":\"https:\\\/\\\/studio48nord.de\\\/fr\\\/a-propos-de\\\/#breadcrumb\"},\"inLanguage\":\"fr-FR\",\"potentialAction\":[{\"@type\":\"ReadAction\",\"target\":[\"https:\\\/\\\/studio48nord.de\\\/fr\\\/a-propos-de\\\/\"]}]},{\"@type\":\"ImageObject\",\"inLanguage\":\"fr-FR\",\"@id\":\"https:\\\/\\\/studio48nord.de\\\/fr\\\/a-propos-de\\\/#primaryimage\",\"url\":\"https:\\\/\\\/studio48nord.de\\\/wp-content\\\/uploads\\\/2025\\\/10\\\/About.webp\",\"contentUrl\":\"https:\\\/\\\/studio48nord.de\\\/wp-content\\\/uploads\\\/2025\\\/10\\\/About.webp\",\"width\":400,\"height\":380},{\"@type\":\"BreadcrumbList\",\"@id\":\"https:\\\/\\\/studio48nord.de\\\/fr\\\/a-propos-de\\\/#breadcrumb\",\"itemListElement\":[{\"@type\":\"ListItem\",\"position\":1,\"name\":\"Start\",\"item\":\"https:\\\/\\\/studio48nord.de\\\/fr\\\/\"},{\"@type\":\"ListItem\",\"position\":2,\"name\":\"\u00c0 propos de\"}]},{\"@type\":\"WebSite\",\"@id\":\"https:\\\/\\\/studio48nord.de\\\/fr\\\/#website\",\"url\":\"https:\\\/\\\/studio48nord.de\\\/fr\\\/\",\"name\":\"Studio48Nord| 3D Druck individuell, einzigartig praktisch und lokal\",\"description\":\"\",\"publisher\":{\"@id\":\"https:\\\/\\\/studio48nord.de\\\/fr\\\/#organization\"},\"potentialAction\":[{\"@type\":\"SearchAction\",\"target\":{\"@type\":\"EntryPoint\",\"urlTemplate\":\"https:\\\/\\\/studio48nord.de\\\/fr\\\/?s={search_term_string}\"},\"query-input\":{\"@type\":\"PropertyValueSpecification\",\"valueRequired\":true,\"valueName\":\"search_term_string\"}}],\"inLanguage\":\"fr-FR\"},{\"@type\":\"Organization\",\"@id\":\"https:\\\/\\\/studio48nord.de\\\/fr\\\/#organization\",\"name\":\"studio48nord.de\",\"url\":\"https:\\\/\\\/studio48nord.de\\\/fr\\\/\",\"logo\":{\"@type\":\"ImageObject\",\"inLanguage\":\"fr-FR\",\"@id\":\"https:\\\/\\\/studio48nord.de\\\/fr\\\/#\\\/schema\\\/logo\\\/image\\\/\",\"url\":\"https:\\\/\\\/studio48nord.de\\\/wp-content\\\/uploads\\\/2025\\\/10\\\/Zwischenuberschrift-1.svg\",\"contentUrl\":\"https:\\\/\\\/studio48nord.de\\\/wp-content\\\/uploads\\\/2025\\\/10\\\/Zwischenuberschrift-1.svg\",\"width\":900,\"height\":119,\"caption\":\"studio48nord.de\"},\"image\":{\"@id\":\"https:\\\/\\\/studio48nord.de\\\/fr\\\/#\\\/schema\\\/logo\\\/image\\\/\"}}]}<\/script>\n<!-- \/ Yoast SEO plugin. -->","yoast_head_json":{"title":"\u00c0 propos de - studio48nord.de","robots":{"index":"index","follow":"follow","max-snippet":"max-snippet:-1","max-image-preview":"max-image-preview:large","max-video-preview":"max-video-preview:-1"},"canonical":"https:\/\/studio48nord.de\/fr\/a-propos-de\/","og_locale":"fr_FR","og_type":"article","og_title":"\u00c0 propos de - studio48nord.de","og_description":"C&rsquo;est Studio48\u00b0Nord En fait, tout a commenc\u00e9 avec une tasse \u00e0 caf\u00e9 trop haute et un \u00e9gouttoir trop bas. Si vous aimez votre machine \u00e0 expresso ou votre bureau, vous le savez : les produits de masse ne conviennent souvent qu&rsquo;\u00e0 90%. Les 10 % restants sont le compromis quotidien qui a fini par nous [&hellip;]","og_url":"https:\/\/studio48nord.de\/fr\/a-propos-de\/","og_site_name":"studio48nord.de","article_modified_time":"2026-02-24T09:29:08+00:00","og_image":[{"width":400,"height":380,"url":"https:\/\/studio48nord.de\/wp-content\/uploads\/2025\/10\/About.webp","type":"image\/webp"}],"twitter_card":"summary_large_image","twitter_misc":{"Dur\u00e9e de lecture estim\u00e9e":"2 minutes"},"schema":{"@context":"https:\/\/schema.org","@graph":[{"@type":"WebPage","@id":"https:\/\/studio48nord.de\/fr\/a-propos-de\/","url":"https:\/\/studio48nord.de\/fr\/a-propos-de\/","name":"\u00c0 propos de - studio48nord.de","isPartOf":{"@id":"https:\/\/studio48nord.de\/fr\/#website"},"primaryImageOfPage":{"@id":"https:\/\/studio48nord.de\/fr\/a-propos-de\/#primaryimage"},"image":{"@id":"https:\/\/studio48nord.de\/fr\/a-propos-de\/#primaryimage"},"thumbnailUrl":"https:\/\/studio48nord.de\/wp-content\/uploads\/2025\/10\/About.webp","datePublished":"2025-10-24T13:29:36+00:00","dateModified":"2026-02-24T09:29:08+00:00","breadcrumb":{"@id":"https:\/\/studio48nord.de\/fr\/a-propos-de\/#breadcrumb"},"inLanguage":"fr-FR","potentialAction":[{"@type":"ReadAction","target":["https:\/\/studio48nord.de\/fr\/a-propos-de\/"]}]},{"@type":"ImageObject","inLanguage":"fr-FR","@id":"https:\/\/studio48nord.de\/fr\/a-propos-de\/#primaryimage","url":"https:\/\/studio48nord.de\/wp-content\/uploads\/2025\/10\/About.webp","contentUrl":"https:\/\/studio48nord.de\/wp-content\/uploads\/2025\/10\/About.webp","width":400,"height":380},{"@type":"BreadcrumbList","@id":"https:\/\/studio48nord.de\/fr\/a-propos-de\/#breadcrumb","itemListElement":[{"@type":"ListItem","position":1,"name":"Start","item":"https:\/\/studio48nord.de\/fr\/"},{"@type":"ListItem","position":2,"name":"\u00c0 propos de"}]},{"@type":"WebSite","@id":"https:\/\/studio48nord.de\/fr\/#website","url":"https:\/\/studio48nord.de\/fr\/","name":"Studio48Nord| 3D Druck individuell, einzigartig praktisch und lokal","description":"","publisher":{"@id":"https:\/\/studio48nord.de\/fr\/#organization"},"potentialAction":[{"@type":"SearchAction","target":{"@type":"EntryPoint","urlTemplate":"https:\/\/studio48nord.de\/fr\/?s={search_term_string}"},"query-input":{"@type":"PropertyValueSpecification","valueRequired":true,"valueName":"search_term_string"}}],"inLanguage":"fr-FR"},{"@type":"Organization","@id":"https:\/\/studio48nord.de\/fr\/#organization","name":"studio48nord.de","url":"https:\/\/studio48nord.de\/fr\/","logo":{"@type":"ImageObject","inLanguage":"fr-FR","@id":"https:\/\/studio48nord.de\/fr\/#\/schema\/logo\/image\/","url":"https:\/\/studio48nord.de\/wp-content\/uploads\/2025\/10\/Zwischenuberschrift-1.svg","contentUrl":"https:\/\/studio48nord.de\/wp-content\/uploads\/2025\/10\/Zwischenuberschrift-1.svg","width":900,"height":119,"caption":"studio48nord.de"},"image":{"@id":"https:\/\/studio48nord.de\/fr\/#\/schema\/logo\/image\/"}}]}},"jetpack_sharing_enabled":true,"_links":{"self":[{"href":"https:\/\/studio48nord.de\/fr\/wp-json\/wp\/v2\/pages\/984","targetHints":{"allow":["GET"]}}],"collection":[{"href":"https:\/\/studio48nord.de\/fr\/wp-json\/wp\/v2\/pages"}],"about":[{"href":"https:\/\/studio48nord.de\/fr\/wp-json\/wp\/v2\/types\/page"}],"author":[{"embeddable":true,"href":"https:\/\/studio48nord.de\/fr\/wp-json\/wp\/v2\/users\/1"}],"replies":[{"embeddable":true,"href":"https:\/\/studio48nord.de\/fr\/wp-json\/wp\/v2\/comments?post=984"}],"version-history":[{"count":1,"href":"https:\/\/studio48nord.de\/fr\/wp-json\/wp\/v2\/pages\/984\/revisions"}],"predecessor-version":[{"id":990,"href":"https:\/\/studio48nord.de\/fr\/wp-json\/wp\/v2\/pages\/984\/revisions\/990"}],"wp:featuredmedia":[{"embeddable":true,"href":"https:\/\/studio48nord.de\/fr\/wp-json\/wp\/v2\/media\/988"}],"wp:attachment":[{"href":"https:\/\/studio48nord.de\/fr\/wp-json\/wp\/v2\/media?parent=984"}],"curies":[{"name":"wp","href":"https:\/\/api.w.org\/{rel}","templated":true}]}}