{"id":1101,"date":"2025-10-24T14:29:44","date_gmt":"2025-10-24T14:29:44","guid":{"rendered":"https:\/\/studio48nord.de\/produkte\/egouttoir-design-honeycomb-pour-delonghi-dedica\/"},"modified":"2026-03-21T17:44:07","modified_gmt":"2026-03-21T16:44:07","slug":"egouttoir-design-honeycomb-pour-delonghi-dedica","status":"publish","type":"product","link":"https:\/\/studio48nord.de\/fr\/produkte\/egouttoir-design-honeycomb-pour-delonghi-dedica\/","title":{"rendered":"Egouttoir \u00ab\u00a0Design Honeycomb\u00a0\u00bb pour Delonghi Dedica"},"content":{"rendered":"<h3>Points forts et avantages<\/h3>\n<ul>\n<li><strong>Fascinant design en nid d&rsquo;abeille :<\/strong> la pi\u00e8ce ma\u00eetresse de cette mise \u00e0 niveau. Le motif en nid d&rsquo;abeille usin\u00e9 avec pr\u00e9cision est un atout visuel absolu. Il joue \u00e9l\u00e9gamment avec l&rsquo;ombre et la lumi\u00e8re et conf\u00e8re \u00e0 votre machine une profondeur technique et une esth\u00e9tique incomparables.  <\/li>\n<li><strong>Plus de 24% d&rsquo;espace suppl\u00e9mentaire pour les tasses :<\/strong> C&rsquo;est l&rsquo;avantage d\u00e9cisif ! Avec seulement 3,3 cm de hauteur, notre \u00e9gouttoir est plus de 24% moins profond que les extensions traditionnelles (qui font souvent plus de 4,3 cm de haut). Vous gagnez ainsi plus d&rsquo;un centim\u00e8tre d&rsquo;espace d\u00e9cisif &#8211; la diff\u00e9rence entre \u00ab\u00a0ne convient pas\u00a0\u00bb et \u00ab\u00a0convient parfaitement\u00a0\u00bb ! C&rsquo;est la solution ultime pour les tasses et les balances \u00e0 caf\u00e9 plus grandes.   <\/li>\n<li><strong>Compl\u00e9tez le look :<\/strong> cet \u00e9gouttoir est le compl\u00e9ment parfait de notre repose-tasses design en nid d&rsquo;abeille. Combinez les deux produits pour obtenir un look coh\u00e9rent qui rendra votre coin caf\u00e9 unique. <\/li>\n<li><strong>Adapt\u00e9 \u00e0 Dedica :<\/strong> comme tous nos produits, cet \u00e9gouttoir est con\u00e7u pour les mod\u00e8les EC685 et EC885. Il s&rsquo;adapte parfaitement et ne bouge pas pour que vos tasses restent bien en place. <\/li>\n<\/ul>\n<h3>Dimensions et mat\u00e9riaux<\/h3>\n<ul>\n<li><strong>Dimensions (L x L x H) :<\/strong> 149 mm x 132,5 mm x 33 mm<\/li>\n<li><strong>Mat\u00e9riau :<\/strong> Fabriqu\u00e9 \u00e0 partir de PLA de haute qualit\u00e9 et respectueux de l&rsquo;environnement. Ce mat\u00e9riau robuste est issu de ressources renouvelables (comme l&rsquo;amidon de ma\u00efs) et est biod\u00e9gradable. <\/li>\n<li><strong>Conseil d&rsquo;entretien important :<\/strong> veuillez nettoyer l&rsquo;\u00e9gouttoir uniquement \u00e0 la main, \u00e0 l&rsquo;eau ti\u00e8de et avec un peu de liquide vaisselle. Il ne convient pas au lave-vaisselle, car la chaleur \u00e9lev\u00e9e peut d\u00e9former le mat\u00e9riau. <\/li>\n<\/ul>\n<h3>La mise \u00e0 niveau parfaite<\/h3>\n<p>Le cadeau id\u00e9al pour tout propri\u00e9taire amoureux du design d&rsquo;une De&rsquo;Longhi Dedica. C&rsquo;est un cadeau fantastique et fonctionnel pour le passionn\u00e9 de caf\u00e9 dans votre vie qui veut perfectionner sa configuration. <\/p>\n<h3>100% made in Munich<\/h3>\n<p>De la conception initiale du motif en nid d&rsquo;abeille \u00e0 l&rsquo;impression 3D pr\u00e9cise et \u00e0 l&#8217;emballage, chaque \u00e9tape se d\u00e9roule directement ici, dans notre petit atelier de Munich. Un v\u00e9ritable travail d&rsquo;artisan pour votre passion du caf\u00e9. <\/p>\n<div style=\"width: 800px;\" class=\"wp-video\"><video class=\"wp-video-shortcode\" id=\"video-1101-1\" width=\"800\" height=\"800\" preload=\"metadata\" controls=\"controls\"><source type=\"video\/mp4\" src=\"http:\/\/studio48nord.de\/wp-content\/uploads\/2025\/10\/Design-ohne-Titel-4.mp4?_=1\" \/><a href=\"http:\/\/studio48nord.de\/wp-content\/uploads\/2025\/10\/Design-ohne-Titel-4.mp4\">http:\/\/studio48nord.de\/wp-content\/uploads\/2025\/10\/Design-ohne-Titel-4.mp4<\/a><\/video><\/div>\n","protected":false},"excerpt":{"rendered":"<p>Lorsque nous utilisions quotidiennement notre propre De&rsquo;Longhi Dedica, nous \u00e9tions constamment frustr\u00e9s par deux choses : pas assez de place pour nos tasses pr\u00e9f\u00e9r\u00e9es et un look standard qui \u00e9tait tout simplement &#8230; avait besoin d&rsquo;<i>un peu plus<\/i>.<\/p>\n<p>Cette frustration a d\u00e9clench\u00e9 une id\u00e9e et notre nouvel \u00e9gouttoir extra-plat est n\u00e9. Il combine la hauteur la plus basse techniquement possible avec le fascinant motif en nid d&rsquo;abeille que nous aimons tant. Pour nous, c&rsquo;est la fusion parfaite de l&rsquo;utilit\u00e9 quotidienne et de l&rsquo;esth\u00e9tique technique distinctive.  <\/p>\n","protected":false},"featured_media":922,"comment_status":"open","ping_status":"closed","template":"","meta":[],"product_brand":[],"product_cat":[78,74],"product_tag":[],"class_list":{"0":"post-1101","1":"product","2":"type-product","3":"status-publish","4":"has-post-thumbnail","6":"product_cat-delonghi-dedica","7":"product_cat-delonghi-dedica-style","8":"product_shipping_class-courrier","10":"first","11":"instock","12":"shipping-taxable","13":"purchasable","14":"product-type-variable"},"yoast_head":"<!-- This site is optimized with the Yoast SEO plugin v27.3 - https:\/\/yoast.com\/product\/yoast-seo-wordpress\/ -->\n<title>Egouttoir en nid d&#039;abeille De&#039;Longhi Dedica | Plat et \u00e9l\u00e9gant<\/title>\n<meta name=\"description\" content=\"Bac d&#039;\u00e9gouttage plat de 33 mm au design alv\u00e9ol\u00e9 pour De&#039;Longhi Dedica EC685 &amp; EC885. Plus d&#039;espace pour la balance et les tasses. Fabriqu\u00e9 \u00e0 Munich.\" \/>\n<meta name=\"robots\" content=\"index, follow, max-snippet:-1, max-image-preview:large, max-video-preview:-1\" \/>\n<link rel=\"canonical\" href=\"https:\/\/studio48nord.de\/fr\/produkte\/egouttoir-design-honeycomb-pour-delonghi-dedica\/\" \/>\n<meta property=\"og:locale\" content=\"fr_FR\" \/>\n<meta property=\"og:type\" content=\"article\" \/>\n<meta property=\"og:title\" content=\"Egouttoir en nid d&#039;abeille De&#039;Longhi Dedica | Plat et \u00e9l\u00e9gant\" \/>\n<meta property=\"og:description\" content=\"Bac d&#039;\u00e9gouttage plat de 33 mm au design alv\u00e9ol\u00e9 pour De&#039;Longhi Dedica EC685 &amp; EC885. Plus d&#039;espace pour la balance et les tasses. Fabriqu\u00e9 \u00e0 Munich.\" \/>\n<meta property=\"og:url\" content=\"https:\/\/studio48nord.de\/fr\/produkte\/egouttoir-design-honeycomb-pour-delonghi-dedica\/\" \/>\n<meta property=\"og:site_name\" content=\"studio48nord.de\" \/>\n<meta property=\"article:modified_time\" content=\"2026-03-21T16:44:07+00:00\" \/>\n<meta property=\"og:image\" content=\"https:\/\/studio48nord.de\/wp-content\/uploads\/2025\/10\/IMG_20250808_142927-scaled.webp\" \/>\n\t<meta property=\"og:image:width\" content=\"1535\" \/>\n\t<meta property=\"og:image:height\" content=\"1920\" \/>\n\t<meta property=\"og:image:type\" content=\"image\/webp\" \/>\n<meta name=\"twitter:card\" content=\"summary_large_image\" \/>\n<meta name=\"twitter:label1\" content=\"Dur\u00e9e de lecture estim\u00e9e\" \/>\n\t<meta name=\"twitter:data1\" content=\"2 minutes\" \/>\n<script type=\"application\/ld+json\" class=\"yoast-schema-graph\">{\"@context\":\"https:\\\/\\\/schema.org\",\"@graph\":[{\"@type\":\"WebPage\",\"@id\":\"https:\\\/\\\/studio48nord.de\\\/fr\\\/produkte\\\/egouttoir-design-honeycomb-pour-delonghi-dedica\\\/\",\"url\":\"https:\\\/\\\/studio48nord.de\\\/fr\\\/produkte\\\/egouttoir-design-honeycomb-pour-delonghi-dedica\\\/\",\"name\":\"Egouttoir en nid d'abeille De'Longhi Dedica | Plat et \u00e9l\u00e9gant\",\"isPartOf\":{\"@id\":\"https:\\\/\\\/studio48nord.de\\\/fr\\\/#website\"},\"primaryImageOfPage\":{\"@id\":\"https:\\\/\\\/studio48nord.de\\\/fr\\\/produkte\\\/egouttoir-design-honeycomb-pour-delonghi-dedica\\\/#primaryimage\"},\"image\":{\"@id\":\"https:\\\/\\\/studio48nord.de\\\/fr\\\/produkte\\\/egouttoir-design-honeycomb-pour-delonghi-dedica\\\/#primaryimage\"},\"thumbnailUrl\":\"https:\\\/\\\/studio48nord.de\\\/wp-content\\\/uploads\\\/2025\\\/10\\\/IMG_20250808_142927-scaled.webp\",\"datePublished\":\"2025-10-24T14:29:44+00:00\",\"dateModified\":\"2026-03-21T16:44:07+00:00\",\"description\":\"Bac d'\u00e9gouttage plat de 33 mm au design alv\u00e9ol\u00e9 pour De'Longhi Dedica EC685 & EC885. Plus d'espace pour la balance et les tasses. Fabriqu\u00e9 \u00e0 Munich.\",\"breadcrumb\":{\"@id\":\"https:\\\/\\\/studio48nord.de\\\/fr\\\/produkte\\\/egouttoir-design-honeycomb-pour-delonghi-dedica\\\/#breadcrumb\"},\"inLanguage\":\"fr-FR\",\"potentialAction\":[{\"@type\":\"ReadAction\",\"target\":[\"https:\\\/\\\/studio48nord.de\\\/fr\\\/produkte\\\/egouttoir-design-honeycomb-pour-delonghi-dedica\\\/\"]}]},{\"@type\":\"ImageObject\",\"inLanguage\":\"fr-FR\",\"@id\":\"https:\\\/\\\/studio48nord.de\\\/fr\\\/produkte\\\/egouttoir-design-honeycomb-pour-delonghi-dedica\\\/#primaryimage\",\"url\":\"https:\\\/\\\/studio48nord.de\\\/wp-content\\\/uploads\\\/2025\\\/10\\\/IMG_20250808_142927-scaled.webp\",\"contentUrl\":\"https:\\\/\\\/studio48nord.de\\\/wp-content\\\/uploads\\\/2025\\\/10\\\/IMG_20250808_142927-scaled.webp\",\"width\":1535,\"height\":1920},{\"@type\":\"BreadcrumbList\",\"@id\":\"https:\\\/\\\/studio48nord.de\\\/fr\\\/produkte\\\/egouttoir-design-honeycomb-pour-delonghi-dedica\\\/#breadcrumb\",\"itemListElement\":[{\"@type\":\"ListItem\",\"position\":1,\"name\":\"Start\",\"item\":\"https:\\\/\\\/studio48nord.de\\\/fr\\\/\"},{\"@type\":\"ListItem\",\"position\":2,\"name\":\"Boutique\",\"item\":\"https:\\\/\\\/studio48nord.de\\\/produkte\\\/\"},{\"@type\":\"ListItem\",\"position\":3,\"name\":\"Egouttoir &#8222;Design Honeycomb&#8220; pour Delonghi Dedica\"}]},{\"@type\":\"WebSite\",\"@id\":\"https:\\\/\\\/studio48nord.de\\\/fr\\\/#website\",\"url\":\"https:\\\/\\\/studio48nord.de\\\/fr\\\/\",\"name\":\"Studio48Nord| 3D Druck individuell, einzigartig praktisch und lokal\",\"description\":\"\",\"publisher\":{\"@id\":\"https:\\\/\\\/studio48nord.de\\\/fr\\\/#organization\"},\"potentialAction\":[{\"@type\":\"SearchAction\",\"target\":{\"@type\":\"EntryPoint\",\"urlTemplate\":\"https:\\\/\\\/studio48nord.de\\\/fr\\\/?s={search_term_string}\"},\"query-input\":{\"@type\":\"PropertyValueSpecification\",\"valueRequired\":true,\"valueName\":\"search_term_string\"}}],\"inLanguage\":\"fr-FR\"},{\"@type\":\"Organization\",\"@id\":\"https:\\\/\\\/studio48nord.de\\\/fr\\\/#organization\",\"name\":\"studio48nord.de\",\"url\":\"https:\\\/\\\/studio48nord.de\\\/fr\\\/\",\"logo\":{\"@type\":\"ImageObject\",\"inLanguage\":\"fr-FR\",\"@id\":\"https:\\\/\\\/studio48nord.de\\\/fr\\\/#\\\/schema\\\/logo\\\/image\\\/\",\"url\":\"https:\\\/\\\/studio48nord.de\\\/wp-content\\\/uploads\\\/2025\\\/10\\\/Zwischenuberschrift-1.svg\",\"contentUrl\":\"https:\\\/\\\/studio48nord.de\\\/wp-content\\\/uploads\\\/2025\\\/10\\\/Zwischenuberschrift-1.svg\",\"width\":900,\"height\":119,\"caption\":\"studio48nord.de\"},\"image\":{\"@id\":\"https:\\\/\\\/studio48nord.de\\\/fr\\\/#\\\/schema\\\/logo\\\/image\\\/\"}}]}<\/script>\n<!-- \/ Yoast SEO plugin. -->","yoast_head_json":{"title":"Egouttoir en nid d'abeille De'Longhi Dedica | Plat et \u00e9l\u00e9gant","description":"Bac d'\u00e9gouttage plat de 33 mm au design alv\u00e9ol\u00e9 pour De'Longhi Dedica EC685 & EC885. Plus d'espace pour la balance et les tasses. Fabriqu\u00e9 \u00e0 Munich.","robots":{"index":"index","follow":"follow","max-snippet":"max-snippet:-1","max-image-preview":"max-image-preview:large","max-video-preview":"max-video-preview:-1"},"canonical":"https:\/\/studio48nord.de\/fr\/produkte\/egouttoir-design-honeycomb-pour-delonghi-dedica\/","og_locale":"fr_FR","og_type":"article","og_title":"Egouttoir en nid d'abeille De'Longhi Dedica | Plat et \u00e9l\u00e9gant","og_description":"Bac d'\u00e9gouttage plat de 33 mm au design alv\u00e9ol\u00e9 pour De'Longhi Dedica EC685 & EC885. Plus d'espace pour la balance et les tasses. Fabriqu\u00e9 \u00e0 Munich.","og_url":"https:\/\/studio48nord.de\/fr\/produkte\/egouttoir-design-honeycomb-pour-delonghi-dedica\/","og_site_name":"studio48nord.de","article_modified_time":"2026-03-21T16:44:07+00:00","og_image":[{"width":1535,"height":1920,"url":"https:\/\/studio48nord.de\/wp-content\/uploads\/2025\/10\/IMG_20250808_142927-scaled.webp","type":"image\/webp"}],"twitter_card":"summary_large_image","twitter_misc":{"Dur\u00e9e de lecture estim\u00e9e":"2 minutes"},"schema":{"@context":"https:\/\/schema.org","@graph":[{"@type":"WebPage","@id":"https:\/\/studio48nord.de\/fr\/produkte\/egouttoir-design-honeycomb-pour-delonghi-dedica\/","url":"https:\/\/studio48nord.de\/fr\/produkte\/egouttoir-design-honeycomb-pour-delonghi-dedica\/","name":"Egouttoir en nid d'abeille De'Longhi Dedica | Plat et \u00e9l\u00e9gant","isPartOf":{"@id":"https:\/\/studio48nord.de\/fr\/#website"},"primaryImageOfPage":{"@id":"https:\/\/studio48nord.de\/fr\/produkte\/egouttoir-design-honeycomb-pour-delonghi-dedica\/#primaryimage"},"image":{"@id":"https:\/\/studio48nord.de\/fr\/produkte\/egouttoir-design-honeycomb-pour-delonghi-dedica\/#primaryimage"},"thumbnailUrl":"https:\/\/studio48nord.de\/wp-content\/uploads\/2025\/10\/IMG_20250808_142927-scaled.webp","datePublished":"2025-10-24T14:29:44+00:00","dateModified":"2026-03-21T16:44:07+00:00","description":"Bac d'\u00e9gouttage plat de 33 mm au design alv\u00e9ol\u00e9 pour De'Longhi Dedica EC685 & EC885. Plus d'espace pour la balance et les tasses. Fabriqu\u00e9 \u00e0 Munich.","breadcrumb":{"@id":"https:\/\/studio48nord.de\/fr\/produkte\/egouttoir-design-honeycomb-pour-delonghi-dedica\/#breadcrumb"},"inLanguage":"fr-FR","potentialAction":[{"@type":"ReadAction","target":["https:\/\/studio48nord.de\/fr\/produkte\/egouttoir-design-honeycomb-pour-delonghi-dedica\/"]}]},{"@type":"ImageObject","inLanguage":"fr-FR","@id":"https:\/\/studio48nord.de\/fr\/produkte\/egouttoir-design-honeycomb-pour-delonghi-dedica\/#primaryimage","url":"https:\/\/studio48nord.de\/wp-content\/uploads\/2025\/10\/IMG_20250808_142927-scaled.webp","contentUrl":"https:\/\/studio48nord.de\/wp-content\/uploads\/2025\/10\/IMG_20250808_142927-scaled.webp","width":1535,"height":1920},{"@type":"BreadcrumbList","@id":"https:\/\/studio48nord.de\/fr\/produkte\/egouttoir-design-honeycomb-pour-delonghi-dedica\/#breadcrumb","itemListElement":[{"@type":"ListItem","position":1,"name":"Start","item":"https:\/\/studio48nord.de\/fr\/"},{"@type":"ListItem","position":2,"name":"Boutique","item":"https:\/\/studio48nord.de\/produkte\/"},{"@type":"ListItem","position":3,"name":"Egouttoir &#8222;Design Honeycomb&#8220; pour Delonghi Dedica"}]},{"@type":"WebSite","@id":"https:\/\/studio48nord.de\/fr\/#website","url":"https:\/\/studio48nord.de\/fr\/","name":"Studio48Nord| 3D Druck individuell, einzigartig praktisch und lokal","description":"","publisher":{"@id":"https:\/\/studio48nord.de\/fr\/#organization"},"potentialAction":[{"@type":"SearchAction","target":{"@type":"EntryPoint","urlTemplate":"https:\/\/studio48nord.de\/fr\/?s={search_term_string}"},"query-input":{"@type":"PropertyValueSpecification","valueRequired":true,"valueName":"search_term_string"}}],"inLanguage":"fr-FR"},{"@type":"Organization","@id":"https:\/\/studio48nord.de\/fr\/#organization","name":"studio48nord.de","url":"https:\/\/studio48nord.de\/fr\/","logo":{"@type":"ImageObject","inLanguage":"fr-FR","@id":"https:\/\/studio48nord.de\/fr\/#\/schema\/logo\/image\/","url":"https:\/\/studio48nord.de\/wp-content\/uploads\/2025\/10\/Zwischenuberschrift-1.svg","contentUrl":"https:\/\/studio48nord.de\/wp-content\/uploads\/2025\/10\/Zwischenuberschrift-1.svg","width":900,"height":119,"caption":"studio48nord.de"},"image":{"@id":"https:\/\/studio48nord.de\/fr\/#\/schema\/logo\/image\/"}}]}},"jetpack_sharing_enabled":true,"_links":{"self":[{"href":"https:\/\/studio48nord.de\/fr\/wp-json\/wp\/v2\/product\/1101","targetHints":{"allow":["GET"]}}],"collection":[{"href":"https:\/\/studio48nord.de\/fr\/wp-json\/wp\/v2\/product"}],"about":[{"href":"https:\/\/studio48nord.de\/fr\/wp-json\/wp\/v2\/types\/product"}],"replies":[{"embeddable":true,"href":"https:\/\/studio48nord.de\/fr\/wp-json\/wp\/v2\/comments?post=1101"}],"wp:featuredmedia":[{"embeddable":true,"href":"https:\/\/studio48nord.de\/fr\/wp-json\/wp\/v2\/media\/922"}],"wp:attachment":[{"href":"https:\/\/studio48nord.de\/fr\/wp-json\/wp\/v2\/media?parent=1101"}],"wp:term":[{"taxonomy":"product_brand","embeddable":true,"href":"https:\/\/studio48nord.de\/fr\/wp-json\/wp\/v2\/product_brand?post=1101"},{"taxonomy":"product_cat","embeddable":true,"href":"https:\/\/studio48nord.de\/fr\/wp-json\/wp\/v2\/product_cat?post=1101"},{"taxonomy":"product_tag","embeddable":true,"href":"https:\/\/studio48nord.de\/fr\/wp-json\/wp\/v2\/product_tag?post=1101"}],"curies":[{"name":"wp","href":"https:\/\/api.w.org\/{rel}","templated":true}]}}