{"id":1128,"date":"2025-11-30T21:30:06","date_gmt":"2025-11-30T21:30:06","guid":{"rendered":"https:\/\/studio48nord.de\/produkte\/porte-filtre-magnetique-pour-delonghi-dedica\/"},"modified":"2026-03-21T17:44:01","modified_gmt":"2026-03-21T16:44:01","slug":"porte-filtre-magnetique-pour-delonghi-dedica","status":"publish","type":"product","link":"https:\/\/studio48nord.de\/fr\/produkte\/porte-filtre-magnetique-pour-delonghi-dedica\/","title":{"rendered":"Porte-filtre magn\u00e9tique pour Delonghi Dedica"},"content":{"rendered":"<h3>La solution pour un emplacement fixe et s\u00fbr<\/h3>\n<p>Lors de l&rsquo;utilisation quotidienne de la Dedica, un d\u00e9tail nous a toujours g\u00ean\u00e9s : le lourd porte-filtre se trouvait souvent dans le chemin sur le plan de travail ou y laissait des taches de caf\u00e9. Nous avons test\u00e9 plusieurs supports, mais beaucoup d&rsquo;entre eux pr\u00e9sentaient un probl\u00e8me majeur : ils tombaient souvent en m\u00eame temps que le porte-filtre d\u00e8s que l&rsquo;on voulait l&rsquo;enlever. <\/p>\n<p>C&rsquo;est pourquoi nous avons d\u00e9velopp\u00e9 notre propre solution : Un support qui, gr\u00e2ce \u00e0 une technologie magn\u00e9tique sp\u00e9ciale, reste vraiment sur la machine lorsque vous l&rsquo;utilisez.<\/p>\n<h3>Fonctionnement et avantages<\/h3>\n<ul>\n<li>Contrairement \u00e0 de nombreuses autres solutions<strong>,<\/strong> nous utilisons des aimants n\u00e9odymes extra larges et tr\u00e8s puissants. Ils assurent une fixation extr\u00eamement solide directement sur la paroi m\u00e9tallique de votre Dedica. Le support reste l\u00e0 o\u00f9 il doit \u00eatre, m\u00eame lorsque vous retirez le porte-filtre.  <\/li>\n<li><strong>Technique invisible :<\/strong> les aimants ne sont pas simplement coll\u00e9s, mais int\u00e9gr\u00e9s de mani\u00e8re invisible dans le mat\u00e9riau pendant l&rsquo;impression 3D. Cela donne un aspect propre et \u00e9vite que les aimants ne se d\u00e9tachent avec le temps. <\/li>\n<li><strong>Aucun montage n&rsquo;est n\u00e9cessaire :<\/strong> il suffit de l&rsquo;attacher \u00e0 l&rsquo;endroit souhait\u00e9 sur le c\u00f4t\u00e9 de votre Dedica. Comme nous utilisons la propri\u00e9t\u00e9 magn\u00e9tique du bo\u00eetier de la Dedica, aucun ruban adh\u00e9sif n&rsquo;est n\u00e9cessaire. Cela signifie qu&rsquo;il n&rsquo;y a pas de r\u00e9sidus et que vous pouvez le d\u00e9placer \u00e0 tout moment.  <\/li>\n<li><strong>Plus d&rsquo;espace &amp; de propret\u00e9 :<\/strong> le plan de travail reste libre et votre porte-filtre \u00ab\u00a0flotte\u00a0\u00bb \u00e9l\u00e9gamment sur le c\u00f4t\u00e9, \u00e0 port\u00e9e de main.<\/li>\n<\/ul>\n<h3>Mat\u00e9riaux et durabilit\u00e9<\/h3>\n<ul>\n<li><strong>Mat\u00e9riau :<\/strong> Fabriqu\u00e9 en acide polylactique (PLA) sans huile. Il s&rsquo;agit d&rsquo;un plastique robuste \u00e0 base d&rsquo;amidon de ma\u00efs, qui semble beaucoup plus pr\u00e9cieux que les simples produits de masse. <\/li>\n<li><strong>Fabrication :<\/strong> L&rsquo;ensemble du processus de fabrication dans notre atelier de Munich utilise de l&rsquo;\u00e9lectricit\u00e9 100% renouvelable.<\/li>\n<\/ul>\n<h3>Compatibilit\u00e9<\/h3>\n<p>Ce support a \u00e9t\u00e9 con\u00e7u exclusivement pour le bo\u00eetier des <strong>mod\u00e8les De&rsquo;Longhi Dedica EC685 et EC885<\/strong>. Il ne convient pas aux autres machines. <\/p>\n<h3>Contenu de la livraison<\/h3>\n<ul>\n<li>1x Porte-filtre magn\u00e9tique (avec aimants n\u00e9odyme int\u00e9gr\u00e9s invisibles)<\/li>\n<\/ul>\n<p><em>Remarque : le porte-filtre illustr\u00e9 n&rsquo;est fourni qu&rsquo;\u00e0 titre d&rsquo;illustration et n&rsquo;est pas inclus.<\/em><\/p>\n<h3>Fabriqu\u00e9 \u00e0 Munich<\/h3>\n<p>Con\u00e7u, imprim\u00e9 et de qualit\u00e9 contr\u00f4l\u00e9e dans notre atelier de Munich. Par votre achat, vous soutenez l&rsquo;artisanat local et recevez un produit bien pens\u00e9 directement du fabricant. <\/p>\n<p><em>Consigne de s\u00e9curit\u00e9 : le produit contient des aimants puissants. Ne convient pas aux enfants de moins de 3 ans. <\/em><\/p>\n","protected":false},"excerpt":{"rendered":"<p>Le porte-filtre magn\u00e9tique pour la machine De&rsquo;Longhi Dedica (EC685\/EC885) permet de maintenir l&rsquo;ordre et tient ses promesses. Gr\u00e2ce \u00e0 des aimants en n\u00e9odyme invisibles et tr\u00e8s puissants, le porte-filtre reste bien en place sur le c\u00f4t\u00e9 de votre machine &#8211; il ne glisse pas et ne tombe pas lorsque vous retirez le porte-filtre. Il suffit de l&rsquo;attacher, c&rsquo;est tout. Fabriqu\u00e9 \u00e0 100% \u00e0 Munich.   <\/p>\n","protected":false},"featured_media":407,"comment_status":"open","ping_status":"closed","template":"","meta":[],"product_brand":[],"product_cat":[78,74],"product_tag":[],"class_list":{"0":"post-1128","1":"product","2":"type-product","3":"status-publish","4":"has-post-thumbnail","6":"product_cat-delonghi-dedica","7":"product_cat-delonghi-dedica-style","8":"product_shipping_class-courrier","10":"first","11":"instock","12":"shipping-taxable","13":"purchasable","14":"product-type-simple"},"yoast_head":"<!-- This site is optimized with the Yoast SEO plugin v27.3 - https:\/\/yoast.com\/product\/yoast-seo-wordpress\/ -->\n<title>Porte-filtre magn\u00e9tique pour De&#039;Longhi Dedica | Studio48\u00b0Nord<\/title>\n<meta name=\"description\" content=\"Fini les taches de caf\u00e9 sur le plan de travail. Maintien s\u00fbr de votre porte-filtre gr\u00e2ce \u00e0 des aimants int\u00e9gr\u00e9s. Convient parfaitement \u00e0 la Dedica EC685 &amp; EC885. Fabriqu\u00e9 \u00e0 la main \u00e0 Munich.\" \/>\n<meta name=\"robots\" content=\"index, follow, max-snippet:-1, max-image-preview:large, max-video-preview:-1\" \/>\n<link rel=\"canonical\" href=\"https:\/\/studio48nord.de\/fr\/produkte\/porte-filtre-magnetique-pour-delonghi-dedica\/\" \/>\n<meta property=\"og:locale\" content=\"fr_FR\" \/>\n<meta property=\"og:type\" content=\"article\" \/>\n<meta property=\"og:title\" content=\"Porte-filtre magn\u00e9tique pour De&#039;Longhi Dedica | Studio48\u00b0Nord\" \/>\n<meta property=\"og:description\" content=\"Fini les taches de caf\u00e9 sur le plan de travail. Maintien s\u00fbr de votre porte-filtre gr\u00e2ce \u00e0 des aimants int\u00e9gr\u00e9s. Convient parfaitement \u00e0 la Dedica EC685 &amp; EC885. Fabriqu\u00e9 \u00e0 la main \u00e0 Munich.\" \/>\n<meta property=\"og:url\" content=\"https:\/\/studio48nord.de\/fr\/produkte\/porte-filtre-magnetique-pour-delonghi-dedica\/\" \/>\n<meta property=\"og:site_name\" content=\"studio48nord.de\" \/>\n<meta property=\"article:modified_time\" content=\"2026-03-21T16:44:01+00:00\" \/>\n<meta property=\"og:image\" content=\"https:\/\/studio48nord.de\/wp-content\/uploads\/2025\/11\/IMG_20250807_141502-scaled.webp\" \/>\n\t<meta property=\"og:image:width\" content=\"1440\" \/>\n\t<meta property=\"og:image:height\" content=\"1920\" \/>\n\t<meta property=\"og:image:type\" content=\"image\/webp\" \/>\n<meta name=\"twitter:card\" content=\"summary_large_image\" \/>\n<meta name=\"twitter:label1\" content=\"Dur\u00e9e de lecture estim\u00e9e\" \/>\n\t<meta name=\"twitter:data1\" content=\"2 minutes\" \/>\n<script type=\"application\/ld+json\" class=\"yoast-schema-graph\">{\"@context\":\"https:\\\/\\\/schema.org\",\"@graph\":[{\"@type\":\"WebPage\",\"@id\":\"https:\\\/\\\/studio48nord.de\\\/fr\\\/produkte\\\/porte-filtre-magnetique-pour-delonghi-dedica\\\/\",\"url\":\"https:\\\/\\\/studio48nord.de\\\/fr\\\/produkte\\\/porte-filtre-magnetique-pour-delonghi-dedica\\\/\",\"name\":\"Porte-filtre magn\u00e9tique pour De'Longhi Dedica | Studio48\u00b0Nord\",\"isPartOf\":{\"@id\":\"https:\\\/\\\/studio48nord.de\\\/fr\\\/#website\"},\"primaryImageOfPage\":{\"@id\":\"https:\\\/\\\/studio48nord.de\\\/fr\\\/produkte\\\/porte-filtre-magnetique-pour-delonghi-dedica\\\/#primaryimage\"},\"image\":{\"@id\":\"https:\\\/\\\/studio48nord.de\\\/fr\\\/produkte\\\/porte-filtre-magnetique-pour-delonghi-dedica\\\/#primaryimage\"},\"thumbnailUrl\":\"https:\\\/\\\/studio48nord.de\\\/wp-content\\\/uploads\\\/2025\\\/11\\\/IMG_20250807_141502-scaled.webp\",\"datePublished\":\"2025-11-30T21:30:06+00:00\",\"dateModified\":\"2026-03-21T16:44:01+00:00\",\"description\":\"Fini les taches de caf\u00e9 sur le plan de travail. Maintien s\u00fbr de votre porte-filtre gr\u00e2ce \u00e0 des aimants int\u00e9gr\u00e9s. Convient parfaitement \u00e0 la Dedica EC685 & EC885. Fabriqu\u00e9 \u00e0 la main \u00e0 Munich.\",\"breadcrumb\":{\"@id\":\"https:\\\/\\\/studio48nord.de\\\/fr\\\/produkte\\\/porte-filtre-magnetique-pour-delonghi-dedica\\\/#breadcrumb\"},\"inLanguage\":\"fr-FR\",\"potentialAction\":[{\"@type\":\"ReadAction\",\"target\":[\"https:\\\/\\\/studio48nord.de\\\/fr\\\/produkte\\\/porte-filtre-magnetique-pour-delonghi-dedica\\\/\"]}]},{\"@type\":\"ImageObject\",\"inLanguage\":\"fr-FR\",\"@id\":\"https:\\\/\\\/studio48nord.de\\\/fr\\\/produkte\\\/porte-filtre-magnetique-pour-delonghi-dedica\\\/#primaryimage\",\"url\":\"https:\\\/\\\/studio48nord.de\\\/wp-content\\\/uploads\\\/2025\\\/11\\\/IMG_20250807_141502-scaled.webp\",\"contentUrl\":\"https:\\\/\\\/studio48nord.de\\\/wp-content\\\/uploads\\\/2025\\\/11\\\/IMG_20250807_141502-scaled.webp\",\"width\":1440,\"height\":1920},{\"@type\":\"BreadcrumbList\",\"@id\":\"https:\\\/\\\/studio48nord.de\\\/fr\\\/produkte\\\/porte-filtre-magnetique-pour-delonghi-dedica\\\/#breadcrumb\",\"itemListElement\":[{\"@type\":\"ListItem\",\"position\":1,\"name\":\"Start\",\"item\":\"https:\\\/\\\/studio48nord.de\\\/fr\\\/\"},{\"@type\":\"ListItem\",\"position\":2,\"name\":\"Boutique\",\"item\":\"https:\\\/\\\/studio48nord.de\\\/produkte\\\/\"},{\"@type\":\"ListItem\",\"position\":3,\"name\":\"Porte-filtre magn\u00e9tique pour Delonghi Dedica\"}]},{\"@type\":\"WebSite\",\"@id\":\"https:\\\/\\\/studio48nord.de\\\/fr\\\/#website\",\"url\":\"https:\\\/\\\/studio48nord.de\\\/fr\\\/\",\"name\":\"Studio48Nord| 3D Druck individuell, einzigartig praktisch und lokal\",\"description\":\"\",\"publisher\":{\"@id\":\"https:\\\/\\\/studio48nord.de\\\/fr\\\/#organization\"},\"potentialAction\":[{\"@type\":\"SearchAction\",\"target\":{\"@type\":\"EntryPoint\",\"urlTemplate\":\"https:\\\/\\\/studio48nord.de\\\/fr\\\/?s={search_term_string}\"},\"query-input\":{\"@type\":\"PropertyValueSpecification\",\"valueRequired\":true,\"valueName\":\"search_term_string\"}}],\"inLanguage\":\"fr-FR\"},{\"@type\":\"Organization\",\"@id\":\"https:\\\/\\\/studio48nord.de\\\/fr\\\/#organization\",\"name\":\"studio48nord.de\",\"url\":\"https:\\\/\\\/studio48nord.de\\\/fr\\\/\",\"logo\":{\"@type\":\"ImageObject\",\"inLanguage\":\"fr-FR\",\"@id\":\"https:\\\/\\\/studio48nord.de\\\/fr\\\/#\\\/schema\\\/logo\\\/image\\\/\",\"url\":\"https:\\\/\\\/studio48nord.de\\\/wp-content\\\/uploads\\\/2025\\\/10\\\/Zwischenuberschrift-1.svg\",\"contentUrl\":\"https:\\\/\\\/studio48nord.de\\\/wp-content\\\/uploads\\\/2025\\\/10\\\/Zwischenuberschrift-1.svg\",\"width\":900,\"height\":119,\"caption\":\"studio48nord.de\"},\"image\":{\"@id\":\"https:\\\/\\\/studio48nord.de\\\/fr\\\/#\\\/schema\\\/logo\\\/image\\\/\"}}]}<\/script>\n<!-- \/ Yoast SEO plugin. -->","yoast_head_json":{"title":"Porte-filtre magn\u00e9tique pour De'Longhi Dedica | Studio48\u00b0Nord","description":"Fini les taches de caf\u00e9 sur le plan de travail. Maintien s\u00fbr de votre porte-filtre gr\u00e2ce \u00e0 des aimants int\u00e9gr\u00e9s. Convient parfaitement \u00e0 la Dedica EC685 & EC885. Fabriqu\u00e9 \u00e0 la main \u00e0 Munich.","robots":{"index":"index","follow":"follow","max-snippet":"max-snippet:-1","max-image-preview":"max-image-preview:large","max-video-preview":"max-video-preview:-1"},"canonical":"https:\/\/studio48nord.de\/fr\/produkte\/porte-filtre-magnetique-pour-delonghi-dedica\/","og_locale":"fr_FR","og_type":"article","og_title":"Porte-filtre magn\u00e9tique pour De'Longhi Dedica | Studio48\u00b0Nord","og_description":"Fini les taches de caf\u00e9 sur le plan de travail. Maintien s\u00fbr de votre porte-filtre gr\u00e2ce \u00e0 des aimants int\u00e9gr\u00e9s. Convient parfaitement \u00e0 la Dedica EC685 & EC885. Fabriqu\u00e9 \u00e0 la main \u00e0 Munich.","og_url":"https:\/\/studio48nord.de\/fr\/produkte\/porte-filtre-magnetique-pour-delonghi-dedica\/","og_site_name":"studio48nord.de","article_modified_time":"2026-03-21T16:44:01+00:00","og_image":[{"width":1440,"height":1920,"url":"https:\/\/studio48nord.de\/wp-content\/uploads\/2025\/11\/IMG_20250807_141502-scaled.webp","type":"image\/webp"}],"twitter_card":"summary_large_image","twitter_misc":{"Dur\u00e9e de lecture estim\u00e9e":"2 minutes"},"schema":{"@context":"https:\/\/schema.org","@graph":[{"@type":"WebPage","@id":"https:\/\/studio48nord.de\/fr\/produkte\/porte-filtre-magnetique-pour-delonghi-dedica\/","url":"https:\/\/studio48nord.de\/fr\/produkte\/porte-filtre-magnetique-pour-delonghi-dedica\/","name":"Porte-filtre magn\u00e9tique pour De'Longhi Dedica | Studio48\u00b0Nord","isPartOf":{"@id":"https:\/\/studio48nord.de\/fr\/#website"},"primaryImageOfPage":{"@id":"https:\/\/studio48nord.de\/fr\/produkte\/porte-filtre-magnetique-pour-delonghi-dedica\/#primaryimage"},"image":{"@id":"https:\/\/studio48nord.de\/fr\/produkte\/porte-filtre-magnetique-pour-delonghi-dedica\/#primaryimage"},"thumbnailUrl":"https:\/\/studio48nord.de\/wp-content\/uploads\/2025\/11\/IMG_20250807_141502-scaled.webp","datePublished":"2025-11-30T21:30:06+00:00","dateModified":"2026-03-21T16:44:01+00:00","description":"Fini les taches de caf\u00e9 sur le plan de travail. Maintien s\u00fbr de votre porte-filtre gr\u00e2ce \u00e0 des aimants int\u00e9gr\u00e9s. Convient parfaitement \u00e0 la Dedica EC685 & EC885. Fabriqu\u00e9 \u00e0 la main \u00e0 Munich.","breadcrumb":{"@id":"https:\/\/studio48nord.de\/fr\/produkte\/porte-filtre-magnetique-pour-delonghi-dedica\/#breadcrumb"},"inLanguage":"fr-FR","potentialAction":[{"@type":"ReadAction","target":["https:\/\/studio48nord.de\/fr\/produkte\/porte-filtre-magnetique-pour-delonghi-dedica\/"]}]},{"@type":"ImageObject","inLanguage":"fr-FR","@id":"https:\/\/studio48nord.de\/fr\/produkte\/porte-filtre-magnetique-pour-delonghi-dedica\/#primaryimage","url":"https:\/\/studio48nord.de\/wp-content\/uploads\/2025\/11\/IMG_20250807_141502-scaled.webp","contentUrl":"https:\/\/studio48nord.de\/wp-content\/uploads\/2025\/11\/IMG_20250807_141502-scaled.webp","width":1440,"height":1920},{"@type":"BreadcrumbList","@id":"https:\/\/studio48nord.de\/fr\/produkte\/porte-filtre-magnetique-pour-delonghi-dedica\/#breadcrumb","itemListElement":[{"@type":"ListItem","position":1,"name":"Start","item":"https:\/\/studio48nord.de\/fr\/"},{"@type":"ListItem","position":2,"name":"Boutique","item":"https:\/\/studio48nord.de\/produkte\/"},{"@type":"ListItem","position":3,"name":"Porte-filtre magn\u00e9tique pour Delonghi Dedica"}]},{"@type":"WebSite","@id":"https:\/\/studio48nord.de\/fr\/#website","url":"https:\/\/studio48nord.de\/fr\/","name":"Studio48Nord| 3D Druck individuell, einzigartig praktisch und lokal","description":"","publisher":{"@id":"https:\/\/studio48nord.de\/fr\/#organization"},"potentialAction":[{"@type":"SearchAction","target":{"@type":"EntryPoint","urlTemplate":"https:\/\/studio48nord.de\/fr\/?s={search_term_string}"},"query-input":{"@type":"PropertyValueSpecification","valueRequired":true,"valueName":"search_term_string"}}],"inLanguage":"fr-FR"},{"@type":"Organization","@id":"https:\/\/studio48nord.de\/fr\/#organization","name":"studio48nord.de","url":"https:\/\/studio48nord.de\/fr\/","logo":{"@type":"ImageObject","inLanguage":"fr-FR","@id":"https:\/\/studio48nord.de\/fr\/#\/schema\/logo\/image\/","url":"https:\/\/studio48nord.de\/wp-content\/uploads\/2025\/10\/Zwischenuberschrift-1.svg","contentUrl":"https:\/\/studio48nord.de\/wp-content\/uploads\/2025\/10\/Zwischenuberschrift-1.svg","width":900,"height":119,"caption":"studio48nord.de"},"image":{"@id":"https:\/\/studio48nord.de\/fr\/#\/schema\/logo\/image\/"}}]}},"jetpack_sharing_enabled":true,"_links":{"self":[{"href":"https:\/\/studio48nord.de\/fr\/wp-json\/wp\/v2\/product\/1128","targetHints":{"allow":["GET"]}}],"collection":[{"href":"https:\/\/studio48nord.de\/fr\/wp-json\/wp\/v2\/product"}],"about":[{"href":"https:\/\/studio48nord.de\/fr\/wp-json\/wp\/v2\/types\/product"}],"replies":[{"embeddable":true,"href":"https:\/\/studio48nord.de\/fr\/wp-json\/wp\/v2\/comments?post=1128"}],"wp:featuredmedia":[{"embeddable":true,"href":"https:\/\/studio48nord.de\/fr\/wp-json\/wp\/v2\/media\/407"}],"wp:attachment":[{"href":"https:\/\/studio48nord.de\/fr\/wp-json\/wp\/v2\/media?parent=1128"}],"wp:term":[{"taxonomy":"product_brand","embeddable":true,"href":"https:\/\/studio48nord.de\/fr\/wp-json\/wp\/v2\/product_brand?post=1128"},{"taxonomy":"product_cat","embeddable":true,"href":"https:\/\/studio48nord.de\/fr\/wp-json\/wp\/v2\/product_cat?post=1128"},{"taxonomy":"product_tag","embeddable":true,"href":"https:\/\/studio48nord.de\/fr\/wp-json\/wp\/v2\/product_tag?post=1128"}],"curies":[{"name":"wp","href":"https:\/\/api.w.org\/{rel}","templated":true}]}}