{"id":1171,"date":"2025-10-28T07:48:41","date_gmt":"2025-10-28T07:48:41","guid":{"rendered":"https:\/\/studio48nord.de\/produkte\/egouttoir-slim-design-pour-delonghi-dedica\/"},"modified":"2026-03-21T17:44:06","modified_gmt":"2026-03-21T16:44:06","slug":"egouttoir-slim-design-pour-delonghi-dedica","status":"publish","type":"product","link":"https:\/\/studio48nord.de\/fr\/produkte\/egouttoir-slim-design-pour-delonghi-dedica\/","title":{"rendered":"Egouttoir \u00ab\u00a0Slim Design\u00a0\u00bb pour Delonghi Dedica"},"content":{"rendered":"<h3>D\u00e9tails et caract\u00e9ristiques<\/h3>\n<p>Voici tout ce qui rend notre mise \u00e0 niveau pour votre Dedica si sp\u00e9ciale :<\/p>\n<h3>Points forts et avantages<\/h3>\n<ul>\n<li><strong>PLUS DE 24% D&rsquo;ESPACE EN HAUTEUR :<\/strong> C&rsquo;est l&rsquo;avantage d\u00e9cisif ! Avec seulement 3,3 cm de hauteur, notre \u00e9gouttoir est plus de 24% moins profond que les extensions traditionnelles et l&rsquo;\u00e9gouttoir original (qui mesurent plus de 4,3 cm de hauteur). Vous gagnez ainsi plus d&rsquo;un centim\u00e8tre d&rsquo;espace d\u00e9cisif &#8211; la diff\u00e9rence entre \u00ab\u00a0ne convient pas\u00a0\u00bb et \u00ab\u00a0convient parfaitement\u00a0\u00bb !  <\/li>\n<li><strong>Enfin des verres hauts &amp; une balance \u00e0 caf\u00e9 :<\/strong> gr\u00e2ce au design ultraplat, vos verres un peu plus hauts, votre tasse thermos pr\u00e9f\u00e9r\u00e9e et une balance \u00e0 caf\u00e9 pr\u00e9cise s&rsquo;adaptent enfin facilement sous le porte-filtre.<\/li>\n<li><strong>Un support large pour deux tasses :<\/strong> Malgr\u00e9 son profil plat, le design offre suffisamment de place pour deux tasses de cappuccino classiques plac\u00e9es c\u00f4te \u00e0 c\u00f4te &#8211; id\u00e9al pour le caf\u00e9 \u00e0 deux.<\/li>\n<li><strong>Un design \u00e9l\u00e9gant et parfaitement adapt\u00e9 :<\/strong> la surface noire mate finement structur\u00e9e s&rsquo;int\u00e8gre parfaitement \u00e0 l&rsquo;aspect raffin\u00e9 de votre machine Delonghi Dedica (EC685\/EC885) et la valorise discr\u00e8tement.<\/li>\n<\/ul>\n<h3>Dimensions et mat\u00e9riaux<\/h3>\n<ul>\n<li><strong>Dimensions (L x L x H) :<\/strong> 149 mm x 132,5 mm x 33 mm<\/li>\n<li><strong>Mat\u00e9riau :<\/strong> Fabriqu\u00e9 \u00e0 partir de plastique PLA de haute qualit\u00e9 et respectueux de l&rsquo;environnement. Celui-ci est obtenu \u00e0 partir de mati\u00e8res premi\u00e8res renouvelables, comme l&rsquo;amidon de ma\u00efs, et est biod\u00e9gradable. <\/li>\n<li><strong>Conseil d&rsquo;entretien important :<\/strong> si l&rsquo;eau chaude momentan\u00e9e de la machine \u00e0 caf\u00e9 ne pose aucun probl\u00e8me, veuillez nettoyer l&rsquo;\u00e9gouttoir uniquement \u00e0 la main, \u00e0 l&rsquo;eau ti\u00e8de et avec un peu de liquide vaisselle. Il n&rsquo;est pas adapt\u00e9 au lave-vaisselle ! <\/li>\n<\/ul>\n<h3>Couleurs disponibles<\/h3>\n<p>Actuellement disponible en noir mat \u00e9l\u00e9gant, qui s&rsquo;accorde parfaitement avec le design de la machine.<\/p>\n<h3>Parfait comme cadeau<\/h3>\n<p>La mise \u00e0 niveau id\u00e9ale pour tout propri\u00e9taire d&rsquo;une Delonghi Dedica et un cadeau fantastique pour tous les amateurs de caf\u00e9, les baristas amateurs et les fans de design, pour un anniversaire, pour No\u00ebl ou simplement pour le plaisir.<\/p>\n<h3>100% made in Munich<\/h3>\n<p>De la premi\u00e8re conception num\u00e9rique \u00e0 l&rsquo;impression 3D pr\u00e9cise et \u00e0 l&rsquo;exp\u00e9dition soign\u00e9e et assur\u00e9e via DHL, tout se passe dans notre petit atelier ici \u00e0 Munich. Vous soutenez une entreprise locale et recevez un produit fabriqu\u00e9 avec passion. <\/p>\n<h3>Cl\u00f4ture<\/h3>\n<p>Am\u00e9liorez votre caf\u00e9 au quotidien gr\u00e2ce au design intelligent et \u00e9l\u00e9gant de Studio48\u00b0Nord. N&rsquo;h\u00e9sitez pas \u00e0 nous contacter si vous avez des questions (ou des demandes sp\u00e9ciales par exemple) ! <\/p>\n","protected":false},"excerpt":{"rendered":"<p>Vous connaissez le probl\u00e8me ? Votre tasse pr\u00e9f\u00e9r\u00e9e ne tient pas sous votre Delonghi Dedica et il n&rsquo;y a pas de place pour une balance \u00e0 caf\u00e9. Cela suffit ! Avec notre \u00e9gouttoir sur mesure extra bas, fabriqu\u00e9 par notre manufacture munichoise, vous pourrez enfin tirer le meilleur parti de votre machine \u00e0 caf\u00e9 filtre tout en profitant d&rsquo;un nouveau look unique qui mettra en valeur votre DeLonghi Dedica.   <\/p>\n","protected":false},"featured_media":935,"comment_status":"open","ping_status":"closed","template":"","meta":[],"product_brand":[],"product_cat":[78,84,74],"product_tag":[],"class_list":{"0":"post-1171","1":"product","2":"type-product","3":"status-publish","4":"has-post-thumbnail","6":"product_cat-delonghi-dedica","7":"product_cat-delonghi-dedica-duo","8":"product_cat-delonghi-dedica-style","10":"first","11":"instock","12":"shipping-taxable","13":"purchasable","14":"product-type-variable"},"yoast_head":"<!-- This site is optimized with the Yoast SEO plugin v27.3 - https:\/\/yoast.com\/product\/yoast-seo-wordpress\/ -->\n<title>\u00c9gouttoir plat De&#039;Longhi Dedica EC685 &amp; EC885 | Studio48\u00b0Nord<\/title>\n<meta name=\"description\" content=\"Faites de la place pour les grandes tasses et les balances sous votre Dedica. Seulement 33 mm d&#039;\u00e9paisseur - plus de 24% plus plat que l&#039;original. Fabriqu\u00e9 \u00e0 la main \u00e0 Munich \u00e0 partir de PLA durable.\" \/>\n<meta name=\"robots\" content=\"index, follow, max-snippet:-1, max-image-preview:large, max-video-preview:-1\" \/>\n<link rel=\"canonical\" href=\"https:\/\/studio48nord.de\/fr\/produkte\/egouttoir-slim-design-pour-delonghi-dedica\/\" \/>\n<meta property=\"og:locale\" content=\"fr_FR\" \/>\n<meta property=\"og:type\" content=\"article\" \/>\n<meta property=\"og:title\" content=\"\u00c9gouttoir plat De&#039;Longhi Dedica EC685 &amp; EC885 | Studio48\u00b0Nord\" \/>\n<meta property=\"og:description\" content=\"Faites de la place pour les grandes tasses et les balances sous votre Dedica. Seulement 33 mm d&#039;\u00e9paisseur - plus de 24% plus plat que l&#039;original. Fabriqu\u00e9 \u00e0 la main \u00e0 Munich \u00e0 partir de PLA durable.\" \/>\n<meta property=\"og:url\" content=\"https:\/\/studio48nord.de\/fr\/produkte\/egouttoir-slim-design-pour-delonghi-dedica\/\" \/>\n<meta property=\"og:site_name\" content=\"studio48nord.de\" \/>\n<meta property=\"article:modified_time\" content=\"2026-03-21T16:44:06+00:00\" \/>\n<meta property=\"og:image\" content=\"https:\/\/studio48nord.de\/wp-content\/uploads\/2025\/10\/Slim-Tray-scaled.webp\" \/>\n\t<meta property=\"og:image:width\" content=\"1440\" \/>\n\t<meta property=\"og:image:height\" content=\"1920\" \/>\n\t<meta property=\"og:image:type\" content=\"image\/webp\" \/>\n<meta name=\"twitter:card\" content=\"summary_large_image\" \/>\n<meta name=\"twitter:label1\" content=\"Dur\u00e9e de lecture estim\u00e9e\" \/>\n\t<meta name=\"twitter:data1\" content=\"2 minutes\" \/>\n<script type=\"application\/ld+json\" class=\"yoast-schema-graph\">{\"@context\":\"https:\\\/\\\/schema.org\",\"@graph\":[{\"@type\":\"WebPage\",\"@id\":\"https:\\\/\\\/studio48nord.de\\\/fr\\\/produkte\\\/egouttoir-slim-design-pour-delonghi-dedica\\\/\",\"url\":\"https:\\\/\\\/studio48nord.de\\\/fr\\\/produkte\\\/egouttoir-slim-design-pour-delonghi-dedica\\\/\",\"name\":\"\u00c9gouttoir plat De'Longhi Dedica EC685 & EC885 | Studio48\u00b0Nord\",\"isPartOf\":{\"@id\":\"https:\\\/\\\/studio48nord.de\\\/fr\\\/#website\"},\"primaryImageOfPage\":{\"@id\":\"https:\\\/\\\/studio48nord.de\\\/fr\\\/produkte\\\/egouttoir-slim-design-pour-delonghi-dedica\\\/#primaryimage\"},\"image\":{\"@id\":\"https:\\\/\\\/studio48nord.de\\\/fr\\\/produkte\\\/egouttoir-slim-design-pour-delonghi-dedica\\\/#primaryimage\"},\"thumbnailUrl\":\"https:\\\/\\\/studio48nord.de\\\/wp-content\\\/uploads\\\/2025\\\/10\\\/Slim-Tray-scaled.webp\",\"datePublished\":\"2025-10-28T07:48:41+00:00\",\"dateModified\":\"2026-03-21T16:44:06+00:00\",\"description\":\"Faites de la place pour les grandes tasses et les balances sous votre Dedica. Seulement 33 mm d'\u00e9paisseur - plus de 24% plus plat que l'original. Fabriqu\u00e9 \u00e0 la main \u00e0 Munich \u00e0 partir de PLA durable.\",\"breadcrumb\":{\"@id\":\"https:\\\/\\\/studio48nord.de\\\/fr\\\/produkte\\\/egouttoir-slim-design-pour-delonghi-dedica\\\/#breadcrumb\"},\"inLanguage\":\"fr-FR\",\"potentialAction\":[{\"@type\":\"ReadAction\",\"target\":[\"https:\\\/\\\/studio48nord.de\\\/fr\\\/produkte\\\/egouttoir-slim-design-pour-delonghi-dedica\\\/\"]}]},{\"@type\":\"ImageObject\",\"inLanguage\":\"fr-FR\",\"@id\":\"https:\\\/\\\/studio48nord.de\\\/fr\\\/produkte\\\/egouttoir-slim-design-pour-delonghi-dedica\\\/#primaryimage\",\"url\":\"https:\\\/\\\/studio48nord.de\\\/wp-content\\\/uploads\\\/2025\\\/10\\\/Slim-Tray-scaled.webp\",\"contentUrl\":\"https:\\\/\\\/studio48nord.de\\\/wp-content\\\/uploads\\\/2025\\\/10\\\/Slim-Tray-scaled.webp\",\"width\":1440,\"height\":1920},{\"@type\":\"BreadcrumbList\",\"@id\":\"https:\\\/\\\/studio48nord.de\\\/fr\\\/produkte\\\/egouttoir-slim-design-pour-delonghi-dedica\\\/#breadcrumb\",\"itemListElement\":[{\"@type\":\"ListItem\",\"position\":1,\"name\":\"Start\",\"item\":\"https:\\\/\\\/studio48nord.de\\\/fr\\\/\"},{\"@type\":\"ListItem\",\"position\":2,\"name\":\"Boutique\",\"item\":\"https:\\\/\\\/studio48nord.de\\\/produkte\\\/\"},{\"@type\":\"ListItem\",\"position\":3,\"name\":\"Egouttoir &#8222;Slim Design&#8220; pour Delonghi Dedica\"}]},{\"@type\":\"WebSite\",\"@id\":\"https:\\\/\\\/studio48nord.de\\\/fr\\\/#website\",\"url\":\"https:\\\/\\\/studio48nord.de\\\/fr\\\/\",\"name\":\"Studio48Nord| 3D Druck individuell, einzigartig praktisch und lokal\",\"description\":\"\",\"publisher\":{\"@id\":\"https:\\\/\\\/studio48nord.de\\\/fr\\\/#organization\"},\"potentialAction\":[{\"@type\":\"SearchAction\",\"target\":{\"@type\":\"EntryPoint\",\"urlTemplate\":\"https:\\\/\\\/studio48nord.de\\\/fr\\\/?s={search_term_string}\"},\"query-input\":{\"@type\":\"PropertyValueSpecification\",\"valueRequired\":true,\"valueName\":\"search_term_string\"}}],\"inLanguage\":\"fr-FR\"},{\"@type\":\"Organization\",\"@id\":\"https:\\\/\\\/studio48nord.de\\\/fr\\\/#organization\",\"name\":\"studio48nord.de\",\"url\":\"https:\\\/\\\/studio48nord.de\\\/fr\\\/\",\"logo\":{\"@type\":\"ImageObject\",\"inLanguage\":\"fr-FR\",\"@id\":\"https:\\\/\\\/studio48nord.de\\\/fr\\\/#\\\/schema\\\/logo\\\/image\\\/\",\"url\":\"https:\\\/\\\/studio48nord.de\\\/wp-content\\\/uploads\\\/2025\\\/10\\\/Zwischenuberschrift-1.svg\",\"contentUrl\":\"https:\\\/\\\/studio48nord.de\\\/wp-content\\\/uploads\\\/2025\\\/10\\\/Zwischenuberschrift-1.svg\",\"width\":900,\"height\":119,\"caption\":\"studio48nord.de\"},\"image\":{\"@id\":\"https:\\\/\\\/studio48nord.de\\\/fr\\\/#\\\/schema\\\/logo\\\/image\\\/\"}}]}<\/script>\n<!-- \/ Yoast SEO plugin. -->","yoast_head_json":{"title":"\u00c9gouttoir plat De'Longhi Dedica EC685 & EC885 | Studio48\u00b0Nord","description":"Faites de la place pour les grandes tasses et les balances sous votre Dedica. Seulement 33 mm d'\u00e9paisseur - plus de 24% plus plat que l'original. Fabriqu\u00e9 \u00e0 la main \u00e0 Munich \u00e0 partir de PLA durable.","robots":{"index":"index","follow":"follow","max-snippet":"max-snippet:-1","max-image-preview":"max-image-preview:large","max-video-preview":"max-video-preview:-1"},"canonical":"https:\/\/studio48nord.de\/fr\/produkte\/egouttoir-slim-design-pour-delonghi-dedica\/","og_locale":"fr_FR","og_type":"article","og_title":"\u00c9gouttoir plat De'Longhi Dedica EC685 & EC885 | Studio48\u00b0Nord","og_description":"Faites de la place pour les grandes tasses et les balances sous votre Dedica. Seulement 33 mm d'\u00e9paisseur - plus de 24% plus plat que l'original. Fabriqu\u00e9 \u00e0 la main \u00e0 Munich \u00e0 partir de PLA durable.","og_url":"https:\/\/studio48nord.de\/fr\/produkte\/egouttoir-slim-design-pour-delonghi-dedica\/","og_site_name":"studio48nord.de","article_modified_time":"2026-03-21T16:44:06+00:00","og_image":[{"width":1440,"height":1920,"url":"https:\/\/studio48nord.de\/wp-content\/uploads\/2025\/10\/Slim-Tray-scaled.webp","type":"image\/webp"}],"twitter_card":"summary_large_image","twitter_misc":{"Dur\u00e9e de lecture estim\u00e9e":"2 minutes"},"schema":{"@context":"https:\/\/schema.org","@graph":[{"@type":"WebPage","@id":"https:\/\/studio48nord.de\/fr\/produkte\/egouttoir-slim-design-pour-delonghi-dedica\/","url":"https:\/\/studio48nord.de\/fr\/produkte\/egouttoir-slim-design-pour-delonghi-dedica\/","name":"\u00c9gouttoir plat De'Longhi Dedica EC685 & EC885 | Studio48\u00b0Nord","isPartOf":{"@id":"https:\/\/studio48nord.de\/fr\/#website"},"primaryImageOfPage":{"@id":"https:\/\/studio48nord.de\/fr\/produkte\/egouttoir-slim-design-pour-delonghi-dedica\/#primaryimage"},"image":{"@id":"https:\/\/studio48nord.de\/fr\/produkte\/egouttoir-slim-design-pour-delonghi-dedica\/#primaryimage"},"thumbnailUrl":"https:\/\/studio48nord.de\/wp-content\/uploads\/2025\/10\/Slim-Tray-scaled.webp","datePublished":"2025-10-28T07:48:41+00:00","dateModified":"2026-03-21T16:44:06+00:00","description":"Faites de la place pour les grandes tasses et les balances sous votre Dedica. Seulement 33 mm d'\u00e9paisseur - plus de 24% plus plat que l'original. Fabriqu\u00e9 \u00e0 la main \u00e0 Munich \u00e0 partir de PLA durable.","breadcrumb":{"@id":"https:\/\/studio48nord.de\/fr\/produkte\/egouttoir-slim-design-pour-delonghi-dedica\/#breadcrumb"},"inLanguage":"fr-FR","potentialAction":[{"@type":"ReadAction","target":["https:\/\/studio48nord.de\/fr\/produkte\/egouttoir-slim-design-pour-delonghi-dedica\/"]}]},{"@type":"ImageObject","inLanguage":"fr-FR","@id":"https:\/\/studio48nord.de\/fr\/produkte\/egouttoir-slim-design-pour-delonghi-dedica\/#primaryimage","url":"https:\/\/studio48nord.de\/wp-content\/uploads\/2025\/10\/Slim-Tray-scaled.webp","contentUrl":"https:\/\/studio48nord.de\/wp-content\/uploads\/2025\/10\/Slim-Tray-scaled.webp","width":1440,"height":1920},{"@type":"BreadcrumbList","@id":"https:\/\/studio48nord.de\/fr\/produkte\/egouttoir-slim-design-pour-delonghi-dedica\/#breadcrumb","itemListElement":[{"@type":"ListItem","position":1,"name":"Start","item":"https:\/\/studio48nord.de\/fr\/"},{"@type":"ListItem","position":2,"name":"Boutique","item":"https:\/\/studio48nord.de\/produkte\/"},{"@type":"ListItem","position":3,"name":"Egouttoir &#8222;Slim Design&#8220; pour Delonghi Dedica"}]},{"@type":"WebSite","@id":"https:\/\/studio48nord.de\/fr\/#website","url":"https:\/\/studio48nord.de\/fr\/","name":"Studio48Nord| 3D Druck individuell, einzigartig praktisch und lokal","description":"","publisher":{"@id":"https:\/\/studio48nord.de\/fr\/#organization"},"potentialAction":[{"@type":"SearchAction","target":{"@type":"EntryPoint","urlTemplate":"https:\/\/studio48nord.de\/fr\/?s={search_term_string}"},"query-input":{"@type":"PropertyValueSpecification","valueRequired":true,"valueName":"search_term_string"}}],"inLanguage":"fr-FR"},{"@type":"Organization","@id":"https:\/\/studio48nord.de\/fr\/#organization","name":"studio48nord.de","url":"https:\/\/studio48nord.de\/fr\/","logo":{"@type":"ImageObject","inLanguage":"fr-FR","@id":"https:\/\/studio48nord.de\/fr\/#\/schema\/logo\/image\/","url":"https:\/\/studio48nord.de\/wp-content\/uploads\/2025\/10\/Zwischenuberschrift-1.svg","contentUrl":"https:\/\/studio48nord.de\/wp-content\/uploads\/2025\/10\/Zwischenuberschrift-1.svg","width":900,"height":119,"caption":"studio48nord.de"},"image":{"@id":"https:\/\/studio48nord.de\/fr\/#\/schema\/logo\/image\/"}}]}},"jetpack_sharing_enabled":true,"_links":{"self":[{"href":"https:\/\/studio48nord.de\/fr\/wp-json\/wp\/v2\/product\/1171","targetHints":{"allow":["GET"]}}],"collection":[{"href":"https:\/\/studio48nord.de\/fr\/wp-json\/wp\/v2\/product"}],"about":[{"href":"https:\/\/studio48nord.de\/fr\/wp-json\/wp\/v2\/types\/product"}],"replies":[{"embeddable":true,"href":"https:\/\/studio48nord.de\/fr\/wp-json\/wp\/v2\/comments?post=1171"}],"wp:featuredmedia":[{"embeddable":true,"href":"https:\/\/studio48nord.de\/fr\/wp-json\/wp\/v2\/media\/935"}],"wp:attachment":[{"href":"https:\/\/studio48nord.de\/fr\/wp-json\/wp\/v2\/media?parent=1171"}],"wp:term":[{"taxonomy":"product_brand","embeddable":true,"href":"https:\/\/studio48nord.de\/fr\/wp-json\/wp\/v2\/product_brand?post=1171"},{"taxonomy":"product_cat","embeddable":true,"href":"https:\/\/studio48nord.de\/fr\/wp-json\/wp\/v2\/product_cat?post=1171"},{"taxonomy":"product_tag","embeddable":true,"href":"https:\/\/studio48nord.de\/fr\/wp-json\/wp\/v2\/product_tag?post=1171"}],"curies":[{"name":"wp","href":"https:\/\/api.w.org\/{rel}","templated":true}]}}