{"id":1014,"date":"2025-10-23T14:42:47","date_gmt":"2025-10-23T13:42:47","guid":{"rendered":"https:\/\/studio48nord.de\/protezione-dei-dati\/"},"modified":"2026-02-24T10:29:39","modified_gmt":"2026-02-24T09:29:39","slug":"protezione-dei-dati","status":"publish","type":"page","link":"https:\/\/studio48nord.de\/it\/protezione-dei-dati\/","title":{"rendered":"Protezione dei dati"},"content":{"rendered":"\t\t<div data-elementor-type=\"wp-page\" data-elementor-id=\"1014\" class=\"elementor elementor-1014 elementor-71\" data-elementor-post-type=\"page\">\n\t\t\t\t<div class=\"elementor-element elementor-element-4cc217d e-flex e-con-boxed e-con e-parent\" data-id=\"4cc217d\" data-element_type=\"container\" data-e-type=\"container\">\n\t\t\t\t\t<div class=\"e-con-inner\">\n\t\t\t\t<div class=\"elementor-element elementor-element-2ffae49 elementor-widget elementor-widget-html\" data-id=\"2ffae49\" data-element_type=\"widget\" data-e-type=\"widget\" data-widget_type=\"html.default\">\n\t\t\t\t\t<h1>Informativa sulla privacy<\/h1>\n<h2>1. la protezione dei dati in sintesi<\/h2>\n<h3>Informazioni generali<\/h3>\nLe seguenti informazioni forniscono una semplice panoramica di ci\u00f2 che accade ai tuoi dati personali quando visiti questo sito web. Per dati personali si intendono tutti i dati che possono essere utilizzati per identificarti personalmente. Informazioni dettagliate sul tema della protezione dei dati sono disponibili nella nostra dichiarazione sulla protezione dei dati riportata sotto questo testo.  \n<h3>Raccolta di dati su questo sito web<\/h3>\n<h4>Chi \u00e8 responsabile della raccolta dei dati su questo sito?<\/h4>\nIl trattamento dei dati su questo sito web viene effettuato dal gestore del sito. Puoi trovare i dati di contatto dell'operatore nella sezione \"Informazioni sul responsabile del trattamento\" di questa informativa sulla privacy. \n<h4>Come raccogliamo i tuoi dati?<\/h4>\nDa un lato, i tuoi dati vengono raccolti quando ce li fornisci. Ad esempio, possono essere i dati che inserisci in un modulo di contatto. Altri dati vengono raccolti automaticamente o con il tuo consenso dai nostri sistemi informatici quando visiti il sito web. Si tratta principalmente di dati tecnici (ad esempio, il browser internet, il sistema operativo o l'ora di visualizzazione della pagina). Questi dati vengono raccolti automaticamente non appena accedi al sito web.    \n<h4>Per cosa utilizziamo i tuoi dati?<\/h4>\nAlcuni dati vengono raccolti per garantire che il sito web venga fornito senza errori. Altri dati possono essere utilizzati per analizzare il comportamento degli utenti. Se i contratti possono essere conclusi o avviati tramite il sito web, i dati trasmessi saranno elaborati anche per le offerte contrattuali, gli ordini o altre richieste di ordine.  \n<h4>Quali diritti hai in merito ai tuoi dati?<\/h4>\nHai il diritto di ricevere gratuitamente e in qualsiasi momento informazioni sull'origine, il destinatario e lo scopo dei tuoi dati personali memorizzati. Hai inoltre il diritto di richiedere la correzione o la cancellazione di tali dati. Se hai dato il tuo consenso al trattamento dei dati, puoi revocarlo in qualsiasi momento per il futuro. Hai anche il diritto di richiedere la limitazione del trattamento dei tuoi dati personali in determinate circostanze. Hai anche il diritto di presentare un reclamo all'autorit\u00e0 di vigilanza competente. Puoi contattarci in qualsiasi momento in merito a questa e ad altre questioni relative alla protezione dei dati.     \n<h3>Strumenti di analisi e strumenti di fornitori terzi<\/h3>\nQuando visiti questo sito web, il tuo comportamento di navigazione pu\u00f2 essere valutato statisticamente. Ci\u00f2 avviene principalmente utilizzando i cosiddetti programmi di analisi. Informazioni dettagliate su questi programmi di analisi sono disponibili nella seguente informativa sulla privacy.  \n<h2>2. hosting<\/h2>\n<h3>All-Inkl<\/h3>\nIl provider \u00e8 ALL-INKL.COM - Neue Medien M\u00fcnnich, proprietario Ren\u00e9 M\u00fcnnich, Hauptstra\u00dfe 68, 02742 Friedersdorf (di seguito \"All-Inkl\"). I dettagli sono disponibili nell'informativa sulla privacy di All-Inkl: <a href=\"https:\/\/all-inkl.com\/datenschutzinformationen\/\" target=\"_blank\" rel=\"noopener noreferrer\">https:\/\/all-inkl.com\/datenschutzinformationen\/.<\/a>  \n\nL'utilizzo di All-Inkl si basa sull'Art. 6 comma 1 lit. f GDPR. Abbiamo un interesse legittimo a visualizzare il nostro sito web nel modo pi\u00f9 affidabile possibile. Se \u00e8 stato richiesto un consenso corrispondente, il trattamento viene effettuato esclusivamente sulla base dell'Art. 6 par. 1 lit. a GDPR e del \u00a7 25 par. 1 TDDDG. Il consenso pu\u00f2 essere revocato in qualsiasi momento.        \n<h4>Elaborazione dell'ordine<\/h4>\nAbbiamo stipulato un contratto di elaborazione degli ordini (AVV) con il fornitore indicato.\n<h2>3 Note generali e informazioni obbligatorie<\/h2>\n<h3>Protezione dei dati<\/h3>\nGli operatori di queste pagine prendono molto sul serio la protezione dei tuoi dati personali. Trattiamo i tuoi dati personali in modo confidenziale e in conformit\u00e0 con le norme di legge sulla protezione dei dati e con la presente informativa sulla privacy. \n<h3>Nota sull'ente responsabile<\/h3>\nIl responsabile del trattamento dei dati su questo sito web \u00e8:\nMax Fraunhofer\nStudio48\u00b0Nord\nKonradinstr. 18\n81543 Monaco\nTelefono: 0173 \/ 3243525\nEmail: legal@Studio48Nord.de \n<h3>Durata della conservazione<\/h3>\nA meno che non sia stato specificato un periodo di conservazione pi\u00f9 specifico in questa informativa sulla privacy, i tuoi dati personali rimarranno presso di noi fino a quando lo scopo del trattamento dei dati non sar\u00e0 pi\u00f9 applicabile o fino a quando non farai una richiesta giustificata di cancellazione.\n<h3>Base legale<\/h3>\nSe hai acconsentito al trattamento dei dati, elaboriamo i tuoi dati personali sulla base dell'Art. 6 comma 1 lit. a GDPR o dell'Art. 9 comma 2 lit. a GDPR. Se i tuoi dati sono necessari per l'adempimento del contratto, il trattamento viene effettuato sulla base dell'art. 6 par. 1 lett. b GDPR. Ulteriori basi derivano dall'Art. 6 par. 1 lit. c e f GDPR.          \n<h3>Destinatari dei dati personali<\/h3>\nNell'ambito delle nostre attivit\u00e0 commerciali, collaboriamo con soggetti esterni, ad esempio fornitori di servizi tecnici, fornitori di pagamenti o piattaforme. I dati personali vengono trasmessi solo se esiste una base giuridica corrispondente. \n<h3>Revoca del consenso<\/h3>\nPuoi revocare in qualsiasi momento il consenso che hai gi\u00e0 dato. Ci\u00f2 non pregiudica la liceit\u00e0 del trattamento effettuato prima della revoca. \n<h3>Diritto di opporsi alla pubblicit\u00e0 diretta<\/h3>\nSe i tuoi dati personali sono trattati per finalit\u00e0 di marketing diretto, puoi opporti in qualsiasi momento. I tuoi dati non saranno pi\u00f9 utilizzati per questo scopo. \n<h3>Diritto di appello<\/h3>\nIn caso di violazioni del GDPR, hai il diritto di presentare un reclamo all'autorit\u00e0 di vigilanza competente.\n<h3>Crittografia SSL\/TLS<\/h3>\nQuesto sito utilizza la crittografia SSL\/TLS. Puoi riconoscere una connessione crittografata da \"https:\/\/\" e dal simbolo del lucchetto nel browser. \n<h2>4. raccolta di dati su questo sito web<\/h2>\n<h3>Biscotti<\/h3>\nIl nostro sito web utilizza i cookie. I cookie sono piccoli pacchetti di dati che vengono memorizzati sul tuo dispositivo finale. La base giuridica \u00e8 l'art. 6 par. 1 lit. a GDPR o il \u00a7 25 par. 1 TDDDG, nella misura in cui \u00e8 richiesto il consenso.     \n<h3>Richiesta di informazioni via e-mail o telefono<\/h3>\nQuando ci contatti, memorizziamo la tua richiesta di informazioni e i tuoi dati personali ai fini dell'elaborazione. La base \u00e8 l'Art. 6 comma 1 lit. b GDPR o lit. f GDPR.    \n<h2>5\u00b0 Newsletter<\/h2>\nSe ti iscrivi alla nostra newsletter, abbiamo bisogno del tuo indirizzo e-mail. Il trattamento avviene esclusivamente sulla base del tuo consenso (Art. 6 comma 1 lit. a GDPR). Puoi annullare l'iscrizione in qualsiasi momento.  \n<h2>6. plugin e strumenti<\/h2>\n<h3>Conformit\u00e0<\/h3>\nUtilizziamo lo strumento di gestione del consenso \"Complianz\" di Complianz B.V., Kalmarweg 14-5, 9723 JG Groningen, Paesi Bassi. Complianz viene utilizzato per ottenere e gestire il consenso al trattamento dei dati. La base giuridica \u00e8 costituita dall'art. 6 par. 1 lett. c GDPR e dall'art. 6 par. 1 lett. f GDPR.      \n\nInformativa sulla privacy: <a href=\"https:\/\/complianz.io\/privacy-statement\" target=\"_blank\" rel=\"noopener\">https:\/\/complianz.io\/privacy-statement<\/a>\n<h3>Google Tag Manager<\/h3>\nQuesto sito web utilizza il Google Tag Manager di Google Ireland Limited, Gordon House, Barrow Street, Dublino 4, Irlanda. Questo strumento gestisce i tag del sito web, ma non raccoglie alcun dato personale. Base giuridica: Art. 6 comma 1 lit. f GDPR.    \n<h3>Google Analytics<\/h3>\nQuesto sito web utilizza Google Analytics (fornitore: Google Ireland Limited). Google Analytics utilizza i cookie per analizzare il comportamento degli utenti. I dati possono essere trasferiti negli Stati Uniti. Base giuridica: il tuo consenso (Art. 6 comma 1 lit. a GDPR, \u00a7 25 comma 1 TDDDG). Informativa sulla privacy: <a href=\"https:\/\/policies.google.com\/privacy\" target=\"_blank\" rel=\"noopener\">https:\/\/policies.google.com\/privacy<\/a>    \n<h3>Annunci Google e monitoraggio delle conversioni<\/h3>\nUtilizziamo Google Ads per pubblicare annunci pubblicitari e il relativo monitoraggio delle conversioni per misurare il successo di queste campagne. Fornitore: Google Ireland Limited. Base giuridica: il tuo consenso (Art. 6 par. 1 lit. a GDPR, \u00a7 25 par. 1 TDDDG). Informativa sulla privacy: <a href=\"https:\/\/policies.google.com\/privacy\" target=\"_blank\" rel=\"noopener\">https:\/\/policies.google.com\/privacy<\/a>   \n<h3>Remarketing di Google Ads<\/h3>\nQuesto sito web utilizza il Remarketing di Google Ads per effettuare il retargeting dei visitatori con pubblicit\u00e0 personalizzata. Base giuridica: Art. 6 comma 1 lit. a GDPR. Ulteriori informazioni: <a href=\"https:\/\/policies.google.com\/technologies\/ads\" target=\"_blank\" rel=\"noopener\">https:\/\/policies.google.com\/technologies\/ads<\/a>    \n<h3>Google AdSense<\/h3>\nIl nostro sito web utilizza Google AdSense di Google Ireland Limited per visualizzare gli annunci pubblicitari. A tal fine vengono utilizzati dei cookie. Base giuridica: Art. 6 comma 1 lit. a GDPR. Informativa sulla privacy: <a href=\"https:\/\/policies.google.com\/privacy\" target=\"_blank\" rel=\"noopener\">https:\/\/policies.google.com\/privacy<\/a>     \n<h3>Meta Pixel e Meta Conversione API<\/h3>\nUtilizziamo il Meta Pixel e la Meta Conversion API di Meta Platforms Ireland Ltd, 4 Grand Canal Square, Dublino 2, Irlanda. Questi strumenti ci permettono di tracciare il comportamento dei visitatori del sito web che ci hanno raggiunto tramite annunci pubblicitari su Facebook o Instagram. Base giuridica: Art. 6 comma 1 lit. a GDPR. Informativa sulla privacy:  <a href=\"https:\/\/www.facebook.com\/about\/privacy\" target=\"_blank\" rel=\"noopener\">https:\/\/www.facebook.com\/about\/privacy<\/a>\n<h3>Meta Pubblico personalizzato<\/h3>\nUtilizziamo Meta Custom Audiences per inserire pubblicit\u00e0 mirata sulle piattaforme Meta. Base giuridica: Art. 6 comma 1 lit. a GDPR.   \n<h3>Trattamento dei dati dei clienti e dei contratti<\/h3>\nTrattiamo i dati personali dei clienti per l'adempimento dei rapporti contrattuali e delle misure precontrattuali ai sensi dell'art. 6 par. 1 lett. b GDPR.  \n<h3>Trasmissione dei dati al momento della stipula di un contratto per negozi online, rivenditori e spedizione di merci<\/h3>\nTrasferiamo i dati personali a terzi solo se ci\u00f2 \u00e8 necessario per l'adempimento del contratto (ad esempio a fornitori di servizi logistici o di pagamento). Base giuridica: Art. 6 comma 1 lit. b GDPR.   \n<h3>Trasmissione dei dati alla conclusione di un contratto per servizi e contenuti digitali<\/h3>\nI dati personali saranno trasmessi a terzi solo se ci\u00f2 \u00e8 necessario per l'adempimento del contratto o se esiste un obbligo legale in tal senso.\n<h3>Servizi di pagamento<\/h3>\nIntegriamo fornitori esterni di servizi di pagamento (ad esempio PayPal, Stripe, ecc.) attraverso i quali vengono elaborati i pagamenti. I dati delle transazioni vengono trasmessi durante il processo. Base giuridica: Art. 6 comma 1 lit. b GDPR. Per informazioni sulle rispettive disposizioni in materia di protezione dei dati, consulta i siti web dei fornitori.     \n<h3>Negozi TikTok<\/h3>\nIl nostro sito web utilizza le funzioni di TikTok Shops. Il fornitore \u00e8 TikTok Technology Limited, 10 Earlsfort Terrace, Dublino, D02 T380, Irlanda. TikTok tratta i dati personali per fornire le funzioni di shop e checkout. Base giuridica: Art. 6 par. 1 lit. b GDPR per l'adempimento del contratto e Art. 6 par. 1 lit. a GDPR per il consenso. Informativa sulla privacy: <a href=\"https:\/\/www.tiktok.com\/legal\/privacy-policy-eea?lang=de\" target=\"_blank\" rel=\"noopener\">https:\/\/www.tiktok.com\/legal\/privacy-policy-eea?lang=de<\/a>        \n<h3>Wordfence<\/h3>\nPer proteggere il nostro sito web utilizziamo Wordfence (Defiant Inc., 800 5th Ave Ste 4100, Seattle, WA 98104, USA). Base giuridica: Art. 6 comma 1 lit. f GDPR. Informativa sulla privacy: <a href=\"https:\/\/www.wordfence.com\/help\/general-data-protection-regulation\/\" target=\"_blank\" rel=\"noopener\">https:\/\/www.wordfence.com\/help\/general-data-protection-regulation\/<\/a>    \n\nFonte: <a href=\"https:\/\/www.e-recht24.de\" target=\"_blank\" rel=\"noopener\">https:\/\/www.e-recht24.de<\/a>\t\t\t\t<\/div>\n\t\t\t\t\t<\/div>\n\t\t\t\t<\/div>\n\t\t\t\t<\/div>\n\t\t","protected":false},"excerpt":{"rendered":"<p>Informativa sulla privacy 1. la protezione dei dati in sintesi Informazioni generali Le seguenti informazioni forniscono una semplice panoramica di ci\u00f2 che accade ai tuoi dati personali quando visiti questo sito web. Per dati personali si intendono tutti i dati che possono essere utilizzati per identificarti personalmente. Informazioni dettagliate sul tema della protezione dei dati [&hellip;]<\/p>\n","protected":false},"author":1,"featured_media":0,"parent":0,"menu_order":0,"comment_status":"closed","ping_status":"closed","template":"","meta":{"footnotes":""},"class_list":["post-1014","page","type-page","status-publish","hentry"],"yoast_head":"<!-- This site is optimized with the Yoast SEO plugin v27.3 - https:\/\/yoast.com\/product\/yoast-seo-wordpress\/ -->\n<title>Protezione dei dati - studio48nord.de<\/title>\n<meta name=\"robots\" content=\"index, follow, max-snippet:-1, max-image-preview:large, max-video-preview:-1\" \/>\n<link rel=\"canonical\" href=\"https:\/\/studio48nord.de\/it\/protezione-dei-dati\/\" \/>\n<meta property=\"og:locale\" content=\"it_IT\" \/>\n<meta property=\"og:type\" content=\"article\" \/>\n<meta property=\"og:title\" content=\"Protezione dei dati - studio48nord.de\" \/>\n<meta property=\"og:description\" content=\"Informativa sulla privacy 1. la protezione dei dati in sintesi Informazioni generali Le seguenti informazioni forniscono una semplice panoramica di ci\u00f2 che accade ai tuoi dati personali quando visiti questo sito web. Per dati personali si intendono tutti i dati che possono essere utilizzati per identificarti personalmente. Informazioni dettagliate sul tema della protezione dei dati [&hellip;]\" \/>\n<meta property=\"og:url\" content=\"https:\/\/studio48nord.de\/it\/protezione-dei-dati\/\" \/>\n<meta property=\"og:site_name\" content=\"studio48nord.de\" \/>\n<meta property=\"article:modified_time\" content=\"2026-02-24T09:29:39+00:00\" \/>\n<meta name=\"twitter:card\" content=\"summary_large_image\" \/>\n<meta name=\"twitter:label1\" content=\"Tempo di lettura stimato\" \/>\n\t<meta name=\"twitter:data1\" content=\"8 minuti\" \/>\n<script type=\"application\/ld+json\" class=\"yoast-schema-graph\">{\"@context\":\"https:\\\/\\\/schema.org\",\"@graph\":[{\"@type\":\"WebPage\",\"@id\":\"https:\\\/\\\/studio48nord.de\\\/it\\\/protezione-dei-dati\\\/\",\"url\":\"https:\\\/\\\/studio48nord.de\\\/it\\\/protezione-dei-dati\\\/\",\"name\":\"Protezione dei dati - studio48nord.de\",\"isPartOf\":{\"@id\":\"https:\\\/\\\/studio48nord.de\\\/it\\\/#website\"},\"datePublished\":\"2025-10-23T13:42:47+00:00\",\"dateModified\":\"2026-02-24T09:29:39+00:00\",\"breadcrumb\":{\"@id\":\"https:\\\/\\\/studio48nord.de\\\/it\\\/protezione-dei-dati\\\/#breadcrumb\"},\"inLanguage\":\"it-IT\",\"potentialAction\":[{\"@type\":\"ReadAction\",\"target\":[\"https:\\\/\\\/studio48nord.de\\\/it\\\/protezione-dei-dati\\\/\"]}]},{\"@type\":\"BreadcrumbList\",\"@id\":\"https:\\\/\\\/studio48nord.de\\\/it\\\/protezione-dei-dati\\\/#breadcrumb\",\"itemListElement\":[{\"@type\":\"ListItem\",\"position\":1,\"name\":\"Start\",\"item\":\"https:\\\/\\\/studio48nord.de\\\/it\\\/\"},{\"@type\":\"ListItem\",\"position\":2,\"name\":\"Protezione dei dati\"}]},{\"@type\":\"WebSite\",\"@id\":\"https:\\\/\\\/studio48nord.de\\\/it\\\/#website\",\"url\":\"https:\\\/\\\/studio48nord.de\\\/it\\\/\",\"name\":\"Studio48Nord| 3D Druck individuell, einzigartig praktisch und lokal\",\"description\":\"\",\"publisher\":{\"@id\":\"https:\\\/\\\/studio48nord.de\\\/it\\\/#organization\"},\"potentialAction\":[{\"@type\":\"SearchAction\",\"target\":{\"@type\":\"EntryPoint\",\"urlTemplate\":\"https:\\\/\\\/studio48nord.de\\\/it\\\/?s={search_term_string}\"},\"query-input\":{\"@type\":\"PropertyValueSpecification\",\"valueRequired\":true,\"valueName\":\"search_term_string\"}}],\"inLanguage\":\"it-IT\"},{\"@type\":\"Organization\",\"@id\":\"https:\\\/\\\/studio48nord.de\\\/it\\\/#organization\",\"name\":\"studio48nord.de\",\"url\":\"https:\\\/\\\/studio48nord.de\\\/it\\\/\",\"logo\":{\"@type\":\"ImageObject\",\"inLanguage\":\"it-IT\",\"@id\":\"https:\\\/\\\/studio48nord.de\\\/it\\\/#\\\/schema\\\/logo\\\/image\\\/\",\"url\":\"https:\\\/\\\/studio48nord.de\\\/wp-content\\\/uploads\\\/2025\\\/10\\\/Zwischenuberschrift-1.svg\",\"contentUrl\":\"https:\\\/\\\/studio48nord.de\\\/wp-content\\\/uploads\\\/2025\\\/10\\\/Zwischenuberschrift-1.svg\",\"width\":900,\"height\":119,\"caption\":\"studio48nord.de\"},\"image\":{\"@id\":\"https:\\\/\\\/studio48nord.de\\\/it\\\/#\\\/schema\\\/logo\\\/image\\\/\"}}]}<\/script>\n<!-- \/ Yoast SEO plugin. -->","yoast_head_json":{"title":"Protezione dei dati - studio48nord.de","robots":{"index":"index","follow":"follow","max-snippet":"max-snippet:-1","max-image-preview":"max-image-preview:large","max-video-preview":"max-video-preview:-1"},"canonical":"https:\/\/studio48nord.de\/it\/protezione-dei-dati\/","og_locale":"it_IT","og_type":"article","og_title":"Protezione dei dati - studio48nord.de","og_description":"Informativa sulla privacy 1. la protezione dei dati in sintesi Informazioni generali Le seguenti informazioni forniscono una semplice panoramica di ci\u00f2 che accade ai tuoi dati personali quando visiti questo sito web. Per dati personali si intendono tutti i dati che possono essere utilizzati per identificarti personalmente. Informazioni dettagliate sul tema della protezione dei dati [&hellip;]","og_url":"https:\/\/studio48nord.de\/it\/protezione-dei-dati\/","og_site_name":"studio48nord.de","article_modified_time":"2026-02-24T09:29:39+00:00","twitter_card":"summary_large_image","twitter_misc":{"Tempo di lettura stimato":"8 minuti"},"schema":{"@context":"https:\/\/schema.org","@graph":[{"@type":"WebPage","@id":"https:\/\/studio48nord.de\/it\/protezione-dei-dati\/","url":"https:\/\/studio48nord.de\/it\/protezione-dei-dati\/","name":"Protezione dei dati - studio48nord.de","isPartOf":{"@id":"https:\/\/studio48nord.de\/it\/#website"},"datePublished":"2025-10-23T13:42:47+00:00","dateModified":"2026-02-24T09:29:39+00:00","breadcrumb":{"@id":"https:\/\/studio48nord.de\/it\/protezione-dei-dati\/#breadcrumb"},"inLanguage":"it-IT","potentialAction":[{"@type":"ReadAction","target":["https:\/\/studio48nord.de\/it\/protezione-dei-dati\/"]}]},{"@type":"BreadcrumbList","@id":"https:\/\/studio48nord.de\/it\/protezione-dei-dati\/#breadcrumb","itemListElement":[{"@type":"ListItem","position":1,"name":"Start","item":"https:\/\/studio48nord.de\/it\/"},{"@type":"ListItem","position":2,"name":"Protezione dei dati"}]},{"@type":"WebSite","@id":"https:\/\/studio48nord.de\/it\/#website","url":"https:\/\/studio48nord.de\/it\/","name":"Studio48Nord| 3D Druck individuell, einzigartig praktisch und lokal","description":"","publisher":{"@id":"https:\/\/studio48nord.de\/it\/#organization"},"potentialAction":[{"@type":"SearchAction","target":{"@type":"EntryPoint","urlTemplate":"https:\/\/studio48nord.de\/it\/?s={search_term_string}"},"query-input":{"@type":"PropertyValueSpecification","valueRequired":true,"valueName":"search_term_string"}}],"inLanguage":"it-IT"},{"@type":"Organization","@id":"https:\/\/studio48nord.de\/it\/#organization","name":"studio48nord.de","url":"https:\/\/studio48nord.de\/it\/","logo":{"@type":"ImageObject","inLanguage":"it-IT","@id":"https:\/\/studio48nord.de\/it\/#\/schema\/logo\/image\/","url":"https:\/\/studio48nord.de\/wp-content\/uploads\/2025\/10\/Zwischenuberschrift-1.svg","contentUrl":"https:\/\/studio48nord.de\/wp-content\/uploads\/2025\/10\/Zwischenuberschrift-1.svg","width":900,"height":119,"caption":"studio48nord.de"},"image":{"@id":"https:\/\/studio48nord.de\/it\/#\/schema\/logo\/image\/"}}]}},"jetpack_sharing_enabled":true,"_links":{"self":[{"href":"https:\/\/studio48nord.de\/it\/wp-json\/wp\/v2\/pages\/1014","targetHints":{"allow":["GET"]}}],"collection":[{"href":"https:\/\/studio48nord.de\/it\/wp-json\/wp\/v2\/pages"}],"about":[{"href":"https:\/\/studio48nord.de\/it\/wp-json\/wp\/v2\/types\/page"}],"author":[{"embeddable":true,"href":"https:\/\/studio48nord.de\/it\/wp-json\/wp\/v2\/users\/1"}],"replies":[{"embeddable":true,"href":"https:\/\/studio48nord.de\/it\/wp-json\/wp\/v2\/comments?post=1014"}],"version-history":[{"count":2,"href":"https:\/\/studio48nord.de\/it\/wp-json\/wp\/v2\/pages\/1014\/revisions"}],"predecessor-version":[{"id":1034,"href":"https:\/\/studio48nord.de\/it\/wp-json\/wp\/v2\/pages\/1014\/revisions\/1034"}],"wp:attachment":[{"href":"https:\/\/studio48nord.de\/it\/wp-json\/wp\/v2\/media?parent=1014"}],"curies":[{"name":"wp","href":"https:\/\/api.w.org\/{rel}","templated":true}]}}