{"id":1292,"date":"2026-03-05T23:40:53","date_gmt":"2026-03-05T22:40:53","guid":{"rendered":"https:\/\/studio48nord.de\/agb\/"},"modified":"2026-03-18T22:54:54","modified_gmt":"2026-03-18T21:54:54","slug":"agb","status":"publish","type":"page","link":"https:\/\/studio48nord.de\/it\/agb\/","title":{"rendered":"AGB"},"content":{"rendered":"\t\t<div data-elementor-type=\"wp-page\" data-elementor-id=\"1292\" class=\"elementor elementor-1292 elementor-1283\" data-elementor-post-type=\"page\">\n\t\t\t\t<div class=\"elementor-element elementor-element-e5e5d36 e-flex e-con-boxed e-con e-parent\" data-id=\"e5e5d36\" data-element_type=\"container\" data-e-type=\"container\">\n\t\t\t\t\t<div class=\"e-con-inner\">\n\t\t\t\t<div class=\"elementor-element elementor-element-cc968a5 elementor-widget elementor-widget-html\" data-id=\"cc968a5\" data-element_type=\"widget\" data-e-type=\"widget\" data-widget_type=\"html.default\">\n\t\t\t\t\t<h2>Termini e condizioni generali (AGB)<\/h2>\n\n<h3>\u00a7 1 Ambito di applicazione<\/h3>\n<p>I seguenti termini e condizioni si applicano a tutti gli ordini effettuati tramite il nostro negozio online da consumatori e imprenditori.<\/p>\n<p>Un consumatore \u00e8 una persona fisica che conclude un negozio giuridico per scopi prevalentemente estranei alla propria attivit\u00e0 commerciale, imprenditoriale o professionale. Un imprenditore \u00e8 una persona fisica o giuridica o una societ\u00e0 di persone con capacit\u00e0 giuridica che, nel concludere un negozio giuridico, agisce nell'esercizio della propria attivit\u00e0 commerciale o professionale. <\/p>\n\n<h3>\u00a7 2 Partner contrattuale, conclusione del contratto<\/h3>\n<p>Il contratto di acquisto viene stipulato con: <strong>Studio48\u00b0Nord, Max Fraunhofer, Konradinstra\u00dfe 18, 81543 Monaco.<\/strong><\/p>\n<p>La presentazione dei prodotti nel negozio online non costituisce un'offerta legalmente vincolante, ma un catalogo online non vincolante. Cliccando sul pulsante \"Ordina\", effettui un ordine vincolante per i prodotti contenuti nel carrello. La conferma della ricezione dell'ordine viene inviata insieme all'accettazione dello stesso subito dopo l'invio tramite un'e-mail automatica. Il contratto di acquisto si conclude con questa conferma via e-mail.   <\/p>\n\n<h3>\u00a7 3 Lingua del contratto, conservazione del testo del contratto<\/h3>\n<p>La lingua disponibile per la conclusione del contratto \u00e8 il tedesco.<\/p>\n<p>Salviamo il testo del contratto e ti inviamo i dati dell'ordine e i nostri termini e condizioni per e-mail. Per motivi di sicurezza, il testo del contratto non \u00e8 pi\u00f9 accessibile via Internet. <\/p>\n\n<h3>\u00a7 4 Condizioni di consegna<\/h3>\n<p>I costi di spedizione possono essere applicati in aggiunta ai prezzi dei prodotti indicati. Puoi trovare maggiori informazioni sui costi di spedizione nelle offerte. <\/p>\n<p>Consegniamo solo tramite spedizione. Purtroppo non \u00e8 possibile ritirare la merce personalmente. <\/p>\n\n<h3>\u00a7 5 Pagamento<\/h3>\n<p>Nel nostro negozio sono disponibili i seguenti metodi di pagamento:<\/p>\n<ul>\n    <li><strong>PayPal:<\/strong> Durante il processo d'ordine, verrai reindirizzato al sito web del provider online PayPal. Per poter pagare l'importo della fattura tramite PayPal, devi essere registrato o registrarti prima, legittimarti con i tuoi dati di accesso e confermarci le istruzioni di pagamento. Dopo aver effettuato l'ordine nel negozio, chiederemo a PayPal di avviare la transazione di pagamento.  <\/li>\n    <li><strong>Carta di credito:<\/strong> quando effettui un ordine, ci invii anche i dati della tua carta di credito. Una volta che sei stato legittimato come titolare della carta di credito, chiederemo alla compagnia della carta di credito di avviare la transazione di pagamento subito dopo l'invio dell'ordine. <\/li>\n    <li><strong>Apple Pay \/ Google Pay:<\/strong> puoi utilizzare i servizi di pagamento integrati per pagare l'importo della fattura in modo comodo e sicuro utilizzando il metodo di pagamento memorizzato sul tuo dispositivo. Il pagamento viene elaborato immediatamente dopo che l'ordine \u00e8 stato effettuato e confermato dall'utente tramite il proprio dispositivo. <\/li>\n<\/ul>\n<p>Tutti i prezzi sono prezzi totali. L'imposta sul valore aggiunto non \u00e8 indicata ai sensi del \u00a7 19 UStG. <\/p>\n\n<h3>\u00a7 6 Diritto di recesso e condizioni di restituzione<\/h3>\n<p>I consumatori hanno diritto al diritto di recesso previsto dalla legge. Hai il diritto di recedere dal contratto entro quattordici giorni senza fornire alcuna motivazione. Il periodo di recesso \u00e8 di quattordici giorni dal giorno in cui tu o un terzo da te indicato siete entrati in possesso dei beni.  <\/p>\n<p>Per esercitare il diritto di recesso, dovrai informarci (Studio48\u00b0Nord, Max Fraunhofer, Konradinstra\u00dfe 18, 81543 M\u00fcnchen, E-Mail: mail@studio48nord.de) della tua decisione di recedere dal contratto con una dichiarazione chiara.<\/p>\n<p><strong>Restituzione e costi:<\/strong><br>Dovrai restituire o consegnare i beni a noi immediatamente e in ogni caso entro e non oltre quattordici giorni dal giorno in cui ci hai informato della cancellazione del presente contratto. I costi diretti della restituzione dei beni saranno a tuo carico. <\/p>\n<p><strong>Rimborso e condizioni dei beni:<\/strong><br>Se cancelli il contratto, dobbiamo rimborsarti tutti i pagamenti che abbiamo ricevuto da te (compresi i costi di consegna) senza indugio e al pi\u00f9 tardi entro quattordici giorni dal giorno in cui riceviamo la notifica della tua cancellazione. Potremo rifiutarci di rimborsarti fino a quando non avremo ricevuto la merce. L'acquirente \u00e8 responsabile solo dell'eventuale diminuzione del valore dei beni risultante da una manipolazione diversa da quella necessaria per stabilire la natura, le caratteristiche e il funzionamento dei beni.  <\/p>\n<p>Agli imprenditori non \u00e8 concesso il diritto di cancellazione volontaria.<\/p>\n\n<h3>\u00a7 7 Riserva di propriet\u00e0<\/h3>\n<p>La merce rimane di nostra propriet\u00e0 fino al completo pagamento.<\/p>\n\n<h3>\u00a7 8 Danni da trasporto<\/h3>\n<p><strong>Ai consumatori si applica quanto segue:<\/strong> se la merce viene consegnata con evidenti danni da trasporto, ti invitiamo a presentare un reclamo al pi\u00f9 presto al corriere e a contattarci immediatamente. La mancata presentazione di un reclamo o il mancato contatto con noi non ha alcuna conseguenza sui tuoi diritti legali e sulla loro applicazione, in particolare sui tuoi diritti di garanzia. Tuttavia, ci aiuterai a far valere i nostri diritti nei confronti del trasportatore o della compagnia di assicurazione del trasporto.  <\/p>\n\n<h3>\u00a7 9 Garanzia e garanzie<\/h3>\n<p>Se non espressamente concordato diversamente, si applica la responsabilit\u00e0 legale per i difetti.<\/p>\n<p>Le informazioni su eventuali garanzie aggiuntive e le loro condizioni esatte sono disponibili con il prodotto e nelle pagine informative speciali del negozio online.<\/p>\n\n<h3>\u00a7 10 Risoluzione delle controversie<\/h3>\n<p>La Commissione europea mette a disposizione una piattaforma per la risoluzione delle controversie online (OS), che puoi trovare qui: <a href=\"https:\/\/ec.europa.eu\/consumers\/odr\/\" target=\"_blank\" rel=\"noopener noreferrer\">https:\/\/ec.europa.eu\/consumers\/odr\/.<\/a><\/p>\n<p>Non siamo disposti o obbligati a partecipare a procedure di risoluzione delle controversie davanti a un collegio arbitrale dei consumatori.<\/p>\t\t\t\t<\/div>\n\t\t\t\t\t<\/div>\n\t\t\t\t<\/div>\n\t\t\t\t<\/div>\n\t\t","protected":false},"excerpt":{"rendered":"<p>Termini e condizioni generali (AGB) \u00a7 1 Ambito di applicazione I seguenti termini e condizioni si applicano a tutti gli ordini effettuati tramite il nostro negozio online da consumatori e imprenditori. Un consumatore \u00e8 una persona fisica che conclude un negozio giuridico per scopi prevalentemente estranei alla propria attivit\u00e0 commerciale, imprenditoriale o professionale. Un imprenditore [&hellip;]<\/p>\n","protected":false},"author":1,"featured_media":0,"parent":0,"menu_order":0,"comment_status":"closed","ping_status":"closed","template":"","meta":{"footnotes":""},"class_list":["post-1292","page","type-page","status-publish","hentry"],"yoast_head":"<!-- This site is optimized with the Yoast SEO plugin v27.3 - https:\/\/yoast.com\/product\/yoast-seo-wordpress\/ -->\n<title>AGB - studio48nord.de<\/title>\n<meta name=\"robots\" content=\"index, follow, max-snippet:-1, max-image-preview:large, max-video-preview:-1\" \/>\n<link rel=\"canonical\" href=\"https:\/\/studio48nord.de\/it\/agb\/\" \/>\n<meta property=\"og:locale\" content=\"it_IT\" \/>\n<meta property=\"og:type\" content=\"article\" \/>\n<meta property=\"og:title\" content=\"AGB - studio48nord.de\" \/>\n<meta property=\"og:description\" content=\"Termini e condizioni generali (AGB) \u00a7 1 Ambito di applicazione I seguenti termini e condizioni si applicano a tutti gli ordini effettuati tramite il nostro negozio online da consumatori e imprenditori. Un consumatore \u00e8 una persona fisica che conclude un negozio giuridico per scopi prevalentemente estranei alla propria attivit\u00e0 commerciale, imprenditoriale o professionale. Un imprenditore [&hellip;]\" \/>\n<meta property=\"og:url\" content=\"https:\/\/studio48nord.de\/it\/agb\/\" \/>\n<meta property=\"og:site_name\" content=\"studio48nord.de\" \/>\n<meta property=\"article:modified_time\" content=\"2026-03-18T21:54:54+00:00\" \/>\n<meta name=\"twitter:card\" content=\"summary_large_image\" \/>\n<meta name=\"twitter:label1\" content=\"Tempo di lettura stimato\" \/>\n\t<meta name=\"twitter:data1\" content=\"4 minuti\" \/>\n<script type=\"application\/ld+json\" class=\"yoast-schema-graph\">{\"@context\":\"https:\\\/\\\/schema.org\",\"@graph\":[{\"@type\":\"WebPage\",\"@id\":\"https:\\\/\\\/studio48nord.de\\\/it\\\/agb\\\/\",\"url\":\"https:\\\/\\\/studio48nord.de\\\/it\\\/agb\\\/\",\"name\":\"AGB - studio48nord.de\",\"isPartOf\":{\"@id\":\"https:\\\/\\\/studio48nord.de\\\/it\\\/#website\"},\"datePublished\":\"2026-03-05T22:40:53+00:00\",\"dateModified\":\"2026-03-18T21:54:54+00:00\",\"breadcrumb\":{\"@id\":\"https:\\\/\\\/studio48nord.de\\\/it\\\/agb\\\/#breadcrumb\"},\"inLanguage\":\"it-IT\",\"potentialAction\":[{\"@type\":\"ReadAction\",\"target\":[\"https:\\\/\\\/studio48nord.de\\\/it\\\/agb\\\/\"]}]},{\"@type\":\"BreadcrumbList\",\"@id\":\"https:\\\/\\\/studio48nord.de\\\/it\\\/agb\\\/#breadcrumb\",\"itemListElement\":[{\"@type\":\"ListItem\",\"position\":1,\"name\":\"Start\",\"item\":\"https:\\\/\\\/studio48nord.de\\\/it\\\/\"},{\"@type\":\"ListItem\",\"position\":2,\"name\":\"AGB\"}]},{\"@type\":\"WebSite\",\"@id\":\"https:\\\/\\\/studio48nord.de\\\/it\\\/#website\",\"url\":\"https:\\\/\\\/studio48nord.de\\\/it\\\/\",\"name\":\"Studio48Nord| 3D Druck individuell, einzigartig praktisch und lokal\",\"description\":\"\",\"publisher\":{\"@id\":\"https:\\\/\\\/studio48nord.de\\\/it\\\/#organization\"},\"potentialAction\":[{\"@type\":\"SearchAction\",\"target\":{\"@type\":\"EntryPoint\",\"urlTemplate\":\"https:\\\/\\\/studio48nord.de\\\/it\\\/?s={search_term_string}\"},\"query-input\":{\"@type\":\"PropertyValueSpecification\",\"valueRequired\":true,\"valueName\":\"search_term_string\"}}],\"inLanguage\":\"it-IT\"},{\"@type\":\"Organization\",\"@id\":\"https:\\\/\\\/studio48nord.de\\\/it\\\/#organization\",\"name\":\"studio48nord.de\",\"url\":\"https:\\\/\\\/studio48nord.de\\\/it\\\/\",\"logo\":{\"@type\":\"ImageObject\",\"inLanguage\":\"it-IT\",\"@id\":\"https:\\\/\\\/studio48nord.de\\\/it\\\/#\\\/schema\\\/logo\\\/image\\\/\",\"url\":\"https:\\\/\\\/studio48nord.de\\\/wp-content\\\/uploads\\\/2025\\\/10\\\/Zwischenuberschrift-1.svg\",\"contentUrl\":\"https:\\\/\\\/studio48nord.de\\\/wp-content\\\/uploads\\\/2025\\\/10\\\/Zwischenuberschrift-1.svg\",\"width\":900,\"height\":119,\"caption\":\"studio48nord.de\"},\"image\":{\"@id\":\"https:\\\/\\\/studio48nord.de\\\/it\\\/#\\\/schema\\\/logo\\\/image\\\/\"}}]}<\/script>\n<!-- \/ Yoast SEO plugin. -->","yoast_head_json":{"title":"AGB - studio48nord.de","robots":{"index":"index","follow":"follow","max-snippet":"max-snippet:-1","max-image-preview":"max-image-preview:large","max-video-preview":"max-video-preview:-1"},"canonical":"https:\/\/studio48nord.de\/it\/agb\/","og_locale":"it_IT","og_type":"article","og_title":"AGB - studio48nord.de","og_description":"Termini e condizioni generali (AGB) \u00a7 1 Ambito di applicazione I seguenti termini e condizioni si applicano a tutti gli ordini effettuati tramite il nostro negozio online da consumatori e imprenditori. Un consumatore \u00e8 una persona fisica che conclude un negozio giuridico per scopi prevalentemente estranei alla propria attivit\u00e0 commerciale, imprenditoriale o professionale. Un imprenditore [&hellip;]","og_url":"https:\/\/studio48nord.de\/it\/agb\/","og_site_name":"studio48nord.de","article_modified_time":"2026-03-18T21:54:54+00:00","twitter_card":"summary_large_image","twitter_misc":{"Tempo di lettura stimato":"4 minuti"},"schema":{"@context":"https:\/\/schema.org","@graph":[{"@type":"WebPage","@id":"https:\/\/studio48nord.de\/it\/agb\/","url":"https:\/\/studio48nord.de\/it\/agb\/","name":"AGB - studio48nord.de","isPartOf":{"@id":"https:\/\/studio48nord.de\/it\/#website"},"datePublished":"2026-03-05T22:40:53+00:00","dateModified":"2026-03-18T21:54:54+00:00","breadcrumb":{"@id":"https:\/\/studio48nord.de\/it\/agb\/#breadcrumb"},"inLanguage":"it-IT","potentialAction":[{"@type":"ReadAction","target":["https:\/\/studio48nord.de\/it\/agb\/"]}]},{"@type":"BreadcrumbList","@id":"https:\/\/studio48nord.de\/it\/agb\/#breadcrumb","itemListElement":[{"@type":"ListItem","position":1,"name":"Start","item":"https:\/\/studio48nord.de\/it\/"},{"@type":"ListItem","position":2,"name":"AGB"}]},{"@type":"WebSite","@id":"https:\/\/studio48nord.de\/it\/#website","url":"https:\/\/studio48nord.de\/it\/","name":"Studio48Nord| 3D Druck individuell, einzigartig praktisch und lokal","description":"","publisher":{"@id":"https:\/\/studio48nord.de\/it\/#organization"},"potentialAction":[{"@type":"SearchAction","target":{"@type":"EntryPoint","urlTemplate":"https:\/\/studio48nord.de\/it\/?s={search_term_string}"},"query-input":{"@type":"PropertyValueSpecification","valueRequired":true,"valueName":"search_term_string"}}],"inLanguage":"it-IT"},{"@type":"Organization","@id":"https:\/\/studio48nord.de\/it\/#organization","name":"studio48nord.de","url":"https:\/\/studio48nord.de\/it\/","logo":{"@type":"ImageObject","inLanguage":"it-IT","@id":"https:\/\/studio48nord.de\/it\/#\/schema\/logo\/image\/","url":"https:\/\/studio48nord.de\/wp-content\/uploads\/2025\/10\/Zwischenuberschrift-1.svg","contentUrl":"https:\/\/studio48nord.de\/wp-content\/uploads\/2025\/10\/Zwischenuberschrift-1.svg","width":900,"height":119,"caption":"studio48nord.de"},"image":{"@id":"https:\/\/studio48nord.de\/it\/#\/schema\/logo\/image\/"}}]}},"jetpack_sharing_enabled":true,"_links":{"self":[{"href":"https:\/\/studio48nord.de\/it\/wp-json\/wp\/v2\/pages\/1292","targetHints":{"allow":["GET"]}}],"collection":[{"href":"https:\/\/studio48nord.de\/it\/wp-json\/wp\/v2\/pages"}],"about":[{"href":"https:\/\/studio48nord.de\/it\/wp-json\/wp\/v2\/types\/page"}],"author":[{"embeddable":true,"href":"https:\/\/studio48nord.de\/it\/wp-json\/wp\/v2\/users\/1"}],"replies":[{"embeddable":true,"href":"https:\/\/studio48nord.de\/it\/wp-json\/wp\/v2\/comments?post=1292"}],"version-history":[{"count":2,"href":"https:\/\/studio48nord.de\/it\/wp-json\/wp\/v2\/pages\/1292\/revisions"}],"predecessor-version":[{"id":1453,"href":"https:\/\/studio48nord.de\/it\/wp-json\/wp\/v2\/pages\/1292\/revisions\/1453"}],"wp:attachment":[{"href":"https:\/\/studio48nord.de\/it\/wp-json\/wp\/v2\/media?parent=1292"}],"curies":[{"name":"wp","href":"https:\/\/api.w.org\/{rel}","templated":true}]}}