{"id":995,"date":"2025-10-24T14:29:36","date_gmt":"2025-10-24T13:29:36","guid":{"rendered":"https:\/\/studio48nord.de\/informazioni-su\/"},"modified":"2026-02-24T10:29:20","modified_gmt":"2026-02-24T09:29:20","slug":"informazioni-su","status":"publish","type":"page","link":"https:\/\/studio48nord.de\/it\/informazioni-su\/","title":{"rendered":"Informazioni su"},"content":{"rendered":"\t\t<div data-elementor-type=\"wp-page\" data-elementor-id=\"995\" class=\"elementor elementor-995 elementor-140\" data-elementor-post-type=\"page\">\n\t\t\t\t<div class=\"elementor-element elementor-element-5f37cec e-flex e-con-boxed e-con e-parent\" data-id=\"5f37cec\" data-element_type=\"container\" data-e-type=\"container\">\n\t\t\t\t\t<div class=\"e-con-inner\">\n\t\t\t\t<div class=\"elementor-element elementor-element-f2747ed elementor-widget__width-initial elementor-widget elementor-widget-heading\" data-id=\"f2747ed\" data-element_type=\"widget\" data-e-type=\"widget\" data-settings=\"{&quot;motion_fx_motion_fx_scrolling&quot;:&quot;yes&quot;,&quot;motion_fx_devices&quot;:[&quot;desktop&quot;]}\" data-widget_type=\"heading.default\">\n\t\t\t\t\t<h1 class=\"elementor-heading-title elementor-size-default\">Questo \u00e8 Studio48\u00b0Nord<\/h1>\t\t\t\t<\/div>\n\t\t\t\t\t<\/div>\n\t\t\t\t<\/div>\n\t\t<div class=\"elementor-element elementor-element-905c6d7 e-flex e-con-boxed e-con e-parent\" data-id=\"905c6d7\" data-element_type=\"container\" data-e-type=\"container\">\n\t\t\t\t\t<div class=\"e-con-inner\">\n\t\t<div class=\"elementor-element elementor-element-823f34b e-con-full e-flex e-con e-child\" data-id=\"823f34b\" data-element_type=\"container\" data-e-type=\"container\">\n\t\t\t\t<div class=\"elementor-element elementor-element-3054443 elementor-widget elementor-widget-image\" data-id=\"3054443\" data-element_type=\"widget\" data-e-type=\"widget\" data-widget_type=\"image.default\">\n\t\t\t\t\t\t\t\t\t\t\t\t\t\t\t<img fetchpriority=\"high\" decoding=\"async\" width=\"800\" height=\"877\" src=\"https:\/\/studio48nord.de\/wp-content\/uploads\/2025\/12\/IMG_20251119_112057-934x1024.webp\" class=\"attachment-large size-large wp-image-1000\" alt=\"\" srcset=\"https:\/\/studio48nord.de\/wp-content\/uploads\/2025\/12\/IMG_20251119_112057-934x1024.webp 934w, https:\/\/studio48nord.de\/wp-content\/uploads\/2025\/12\/IMG_20251119_112057-scaled-1000x1097.webp 1000w, https:\/\/studio48nord.de\/wp-content\/uploads\/2025\/12\/IMG_20251119_112057-274x300.webp 274w, https:\/\/studio48nord.de\/wp-content\/uploads\/2025\/12\/IMG_20251119_112057-768x842.webp 768w, https:\/\/studio48nord.de\/wp-content\/uploads\/2025\/12\/IMG_20251119_112057-1401x1536.webp 1401w, https:\/\/studio48nord.de\/wp-content\/uploads\/2025\/12\/IMG_20251119_112057-scaled.webp 1751w\" sizes=\"(max-width: 800px) 100vw, 800px\" \/>\t\t\t\t\t\t\t\t\t\t\t\t\t\t\t<\/div>\n\t\t\t\t<div class=\"elementor-element elementor-element-528198c elementor-widget elementor-widget-image\" data-id=\"528198c\" data-element_type=\"widget\" data-e-type=\"widget\" data-widget_type=\"image.default\">\n\t\t\t\t\t\t\t\t\t\t\t\t\t\t\t<img decoding=\"async\" width=\"768\" height=\"1024\" src=\"https:\/\/studio48nord.de\/wp-content\/uploads\/2025\/12\/PXL_20230108_104545845.PORTRAIT-768x1024.jpg\" class=\"attachment-large size-large wp-image-998\" alt=\"\" srcset=\"https:\/\/studio48nord.de\/wp-content\/uploads\/2025\/12\/PXL_20230108_104545845.PORTRAIT-768x1024.jpg 768w, https:\/\/studio48nord.de\/wp-content\/uploads\/2025\/12\/PXL_20230108_104545845.PORTRAIT-scaled-800x1067.jpg 800w, https:\/\/studio48nord.de\/wp-content\/uploads\/2025\/12\/PXL_20230108_104545845.PORTRAIT-scaled-1000x1333.jpg 1000w, https:\/\/studio48nord.de\/wp-content\/uploads\/2025\/12\/PXL_20230108_104545845.PORTRAIT-225x300.jpg 225w, https:\/\/studio48nord.de\/wp-content\/uploads\/2025\/12\/PXL_20230108_104545845.PORTRAIT-1152x1536.jpg 1152w, https:\/\/studio48nord.de\/wp-content\/uploads\/2025\/12\/PXL_20230108_104545845.PORTRAIT-1536x2048.jpg 1536w, https:\/\/studio48nord.de\/wp-content\/uploads\/2025\/12\/PXL_20230108_104545845.PORTRAIT-scaled.jpg 1920w\" sizes=\"(max-width: 768px) 100vw, 768px\" \/>\t\t\t\t\t\t\t\t\t\t\t\t\t\t\t<\/div>\n\t\t\t\t<\/div>\n\t\t<div class=\"elementor-element elementor-element-b4d5474 e-con-full e-flex e-con e-child\" data-id=\"b4d5474\" data-element_type=\"container\" data-e-type=\"container\">\n\t\t\t\t<div class=\"elementor-element elementor-element-cc47a47 elementor-widget elementor-widget-text-editor\" data-id=\"cc47a47\" data-element_type=\"widget\" data-e-type=\"widget\" data-widget_type=\"text-editor.default\">\n\t\t\t\t\t\t\t\t\t<p>\n  Tutto \u00e8 iniziato con una tazza da caff\u00e8 troppo alta e un vassoio raccogli gocce troppo basso. Chiunque ami la propria macchina per caff\u00e8 espresso o la propria scrivania lo sa bene: gli articoli prodotti in serie spesso si adattano solo per il 90% del tempo. Il restante 10% \u00e8 il compromesso quotidiano che alla fine ci fa saltare i nervi.  \n    <\/p>\n    \n    <p>\n  Eravamo stanchi di &#8220;quasi adattarci&#8221;. Ecco perch\u00e9 abbiamo fondato Studio48\u00b0Nord. \n    <\/p>\n\n    <h3>Cosa ci spinge<\/h3>\n    <p>\n  Combiniamo il design digitale con l&#8217;artigianato. I nostri prodotti nascono da un&#8217;esigenza specifica: o manca una soluzione funzionale a un problema &#8211; come riordinare il supporto del setaccio &#8211; o vogliamo rendere tangibile un ricordo, come nel caso dei nostri rilievi montuosi in 3D. \n    <\/p>\n\n    <h3>100% Made in Munich<\/h3>\n    <p>\n  Non abbiamo catene di approvvigionamento anonime. Abbiamo progettato, stampato e confezionato noi stessi ogni articolo che esce dal nostro laboratorio. \n    <\/p>\n    <ul>\n        <li><strong>Design:<\/strong> lavoriamo con il modello fino a quando la vestibilit\u00e0 \u00e8 perfetta.<\/li>\n        <li><strong>Materiale:<\/strong> Utilizziamo plastiche robuste e durevoli come il PLA e il PETG.<\/li>\n        <li><strong>Produzione:<\/strong> La stampa 3D ci permette di ottenere una precisione che sarebbe quasi inaccessibile con i metodi tradizionali.<\/li>\n    <\/ul>\n\n    <h3>Niente kitsch, niente prodotti in serie<\/h3>\n    <p>\n  Studio48\u00b0Nord \u00e8 sinonimo di estetica che funziona. Costruiamo oggetti per persone che apprezzano la qualit\u00e0 e vogliono sapere da dove vengono i loro prodotti. Direttamente da Monaco, senza deviazioni, direttamente per la tua vita quotidiana.  \n    <\/p>\n<\/section>\t\t\t\t\t\t\t\t<\/div>\n\t\t\t\t<\/div>\n\t\t\t\t\t<\/div>\n\t\t\t\t<\/div>\n\t\t<div class=\"elementor-element elementor-element-1e4d1c6 e-con-full e-flex e-con e-parent\" data-id=\"1e4d1c6\" data-element_type=\"container\" data-e-type=\"container\">\n\t\t<div class=\"elementor-element elementor-element-4332dfb e-con-full e-flex e-con e-child\" data-id=\"4332dfb\" data-element_type=\"container\" data-e-type=\"container\" data-settings=\"{&quot;background_background&quot;:&quot;classic&quot;}\">\n\t\t<div class=\"elementor-element elementor-element-199983b e-con-full e-flex e-con e-child\" data-id=\"199983b\" data-element_type=\"container\" data-e-type=\"container\">\n\t\t<div class=\"elementor-element elementor-element-ee47a76 e-con-full e-flex e-con e-child\" data-id=\"ee47a76\" data-element_type=\"container\" data-e-type=\"container\">\n\t\t\t\t<div class=\"elementor-element elementor-element-0f13edf elementor-widget elementor-widget-heading\" data-id=\"0f13edf\" data-element_type=\"widget\" data-e-type=\"widget\" data-widget_type=\"heading.default\">\n\t\t\t\t\t<h3 class=\"elementor-heading-title elementor-size-default\">1. dagli appassionati per gli appassionati<\/h3>\t\t\t\t<\/div>\n\t\t\t\t<div class=\"elementor-element elementor-element-753e6f2 elementor-widget-divider--view-line elementor-widget elementor-widget-divider\" data-id=\"753e6f2\" data-element_type=\"widget\" data-e-type=\"widget\" data-widget_type=\"divider.default\">\n\t\t\t\t\t\t\t<div class=\"elementor-divider\">\n\t\t\t<span class=\"elementor-divider-separator\">\n\t\t\t\t\t\t<\/span>\n\t\t<\/div>\n\t\t\t\t\t\t<\/div>\n\t\t\t\t<div class=\"elementor-element elementor-element-cc93616 elementor-widget elementor-widget-text-editor\" data-id=\"cc93616\" data-element_type=\"widget\" data-e-type=\"widget\" data-widget_type=\"text-editor.default\">\n\t\t\t\t\t\t\t\t\t<p>Non siamo semplici produttori, siamo noi stessi utilizzatori quotidiani. Ogni prodotto che vedi qui &#8211; soprattutto i nostri accessori Dedica &#8211; \u00e8 nato da un&#8217;esigenza reale e personale. Progettiamo, testiamo e perfezioniamo ogni pezzo qui a Monaco fino a quando non risolve l&#8217;esatto problema che abbiamo avuto noi stessi.  <\/p>\t\t\t\t\t\t\t\t<\/div>\n\t\t\t\t<\/div>\n\t\t<div class=\"elementor-element elementor-element-288ddd2 e-con-full e-flex e-con e-child\" data-id=\"288ddd2\" data-element_type=\"container\" data-e-type=\"container\">\n\t\t\t\t<div class=\"elementor-element elementor-element-c2fb764 elementor-widget elementor-widget-heading\" data-id=\"c2fb764\" data-element_type=\"widget\" data-e-type=\"widget\" data-widget_type=\"heading.default\">\n\t\t\t\t\t<h3 class=\"elementor-heading-title elementor-size-default\">2. autentico artigianato di Monaco<\/h3>\t\t\t\t<\/div>\n\t\t\t\t<div class=\"elementor-element elementor-element-f51c9e3 elementor-widget-divider--view-line elementor-widget elementor-widget-divider\" data-id=\"f51c9e3\" data-element_type=\"widget\" data-e-type=\"widget\" data-widget_type=\"divider.default\">\n\t\t\t\t\t\t\t<div class=\"elementor-divider\">\n\t\t\t<span class=\"elementor-divider-separator\">\n\t\t\t\t\t\t<\/span>\n\t\t<\/div>\n\t\t\t\t\t\t<\/div>\n\t\t\t\t<div class=\"elementor-element elementor-element-9065774 elementor-widget elementor-widget-text-editor\" data-id=\"9065774\" data-element_type=\"widget\" data-e-type=\"widget\" data-widget_type=\"text-editor.default\">\n\t\t\t\t\t\t\t\t\t<p>Nessun dropshipping, nessun magazzino anonimo. Dal primo progetto digitale alla stampa 3D precisa e alla spedizione finale, ogni singolo passaggio avviene proprio qui nel nostro piccolo laboratorio di Monaco. Acquisti direttamente dal team che ha realizzato il tuo prodotto con passione.  <\/p><p> <\/p><h3> <\/h3>\t\t\t\t\t\t\t\t<\/div>\n\t\t\t\t<\/div>\n\t\t<div class=\"elementor-element elementor-element-95aa8be e-con-full e-flex e-con e-child\" data-id=\"95aa8be\" data-element_type=\"container\" data-e-type=\"container\">\n\t\t\t\t<div class=\"elementor-element elementor-element-761ae0e elementor-widget elementor-widget-heading\" data-id=\"761ae0e\" data-element_type=\"widget\" data-e-type=\"widget\" data-widget_type=\"heading.default\">\n\t\t\t\t\t<h3 class=\"elementor-heading-title elementor-size-default\">3. alta qualit\u00e0 e sostenibilit\u00e0<\/h3>\t\t\t\t<\/div>\n\t\t\t\t<div class=\"elementor-element elementor-element-bd6e78b elementor-widget-divider--view-line elementor-widget elementor-widget-divider\" data-id=\"bd6e78b\" data-element_type=\"widget\" data-e-type=\"widget\" data-widget_type=\"divider.default\">\n\t\t\t\t\t\t\t<div class=\"elementor-divider\">\n\t\t\t<span class=\"elementor-divider-separator\">\n\t\t\t\t\t\t<\/span>\n\t\t<\/div>\n\t\t\t\t\t\t<\/div>\n\t\t\t\t<div class=\"elementor-element elementor-element-3b953de elementor-widget elementor-widget-text-editor\" data-id=\"3b953de\" data-element_type=\"widget\" data-e-type=\"widget\" data-widget_type=\"text-editor.default\">\n\t\t\t\t\t\t\t\t\t<p>Crediamo in una produzione moderna e responsabile. Per i nostri prodotti utilizziamo un PLA robusto, durevole ed ecologico, un materiale ricavato da materie prime rinnovabili (come l&#8217;amido di mais) e biodegradabile. <\/p>\t\t\t\t\t\t\t\t<\/div>\n\t\t\t\t<\/div>\n\t\t<div class=\"elementor-element elementor-element-842dc80 e-con-full e-flex e-con e-child\" data-id=\"842dc80\" data-element_type=\"container\" data-e-type=\"container\">\n\t\t\t\t<div class=\"elementor-element elementor-element-17545b5 elementor-widget elementor-widget-heading\" data-id=\"17545b5\" data-element_type=\"widget\" data-e-type=\"widget\" data-widget_type=\"heading.default\">\n\t\t\t\t\t<h3 class=\"elementor-heading-title elementor-size-default\">4. elaborazione fulminea in 24 ore<\/h3>\t\t\t\t<\/div>\n\t\t\t\t<div class=\"elementor-element elementor-element-486f15b elementor-widget-divider--view-line elementor-widget elementor-widget-divider\" data-id=\"486f15b\" data-element_type=\"widget\" data-e-type=\"widget\" data-widget_type=\"divider.default\">\n\t\t\t\t\t\t\t<div class=\"elementor-divider\">\n\t\t\t<span class=\"elementor-divider-separator\">\n\t\t\t\t\t\t<\/span>\n\t\t<\/div>\n\t\t\t\t\t\t<\/div>\n\t\t\t\t<div class=\"elementor-element elementor-element-b253a7d elementor-widget elementor-widget-text-editor\" data-id=\"b253a7d\" data-element_type=\"widget\" data-e-type=\"widget\" data-widget_type=\"text-editor.default\">\n\t\t\t\t\t\t\t\t\t<p>Poich\u00e9 produciamo tutto in casa, abbiamo il pieno controllo. Il tuo ordine viene elaborato e prodotto personalmente da noi e di solito viene imballato in modo sicuro e consegnato entro 24 ore (un giorno lavorativo). <\/p>\t\t\t\t\t\t\t\t<\/div>\n\t\t\t\t<\/div>\n\t\t\t\t<\/div>\n\t\t\t\t<\/div>\n\t\t\t\t<\/div>\n\t\t\t\t<\/div>\n\t\t","protected":false},"excerpt":{"rendered":"<p>Questo \u00e8 Studio48\u00b0Nord Tutto \u00e8 iniziato con una tazza da caff\u00e8 troppo alta e un vassoio raccogli gocce troppo basso. Chiunque ami la propria macchina per caff\u00e8 espresso o la propria scrivania lo sa bene: gli articoli prodotti in serie spesso si adattano solo per il 90% del tempo. Il restante 10% \u00e8 il compromesso [&hellip;]<\/p>\n","protected":false},"author":1,"featured_media":1001,"parent":0,"menu_order":0,"comment_status":"closed","ping_status":"closed","template":"","meta":{"footnotes":""},"class_list":["post-995","page","type-page","status-publish","has-post-thumbnail","hentry"],"yoast_head":"<!-- This site is optimized with the Yoast SEO plugin v27.3 - https:\/\/yoast.com\/product\/yoast-seo-wordpress\/ -->\n<title>Informazioni su - studio48nord.de<\/title>\n<meta name=\"robots\" content=\"index, follow, max-snippet:-1, max-image-preview:large, max-video-preview:-1\" \/>\n<link rel=\"canonical\" href=\"https:\/\/studio48nord.de\/it\/informazioni-su\/\" \/>\n<meta property=\"og:locale\" content=\"it_IT\" \/>\n<meta property=\"og:type\" content=\"article\" \/>\n<meta property=\"og:title\" content=\"Informazioni su - studio48nord.de\" \/>\n<meta property=\"og:description\" content=\"Questo \u00e8 Studio48\u00b0Nord Tutto \u00e8 iniziato con una tazza da caff\u00e8 troppo alta e un vassoio raccogli gocce troppo basso. Chiunque ami la propria macchina per caff\u00e8 espresso o la propria scrivania lo sa bene: gli articoli prodotti in serie spesso si adattano solo per il 90% del tempo. Il restante 10% \u00e8 il compromesso [&hellip;]\" \/>\n<meta property=\"og:url\" content=\"https:\/\/studio48nord.de\/it\/informazioni-su\/\" \/>\n<meta property=\"og:site_name\" content=\"studio48nord.de\" \/>\n<meta property=\"article:modified_time\" content=\"2026-02-24T09:29:20+00:00\" \/>\n<meta property=\"og:image\" content=\"https:\/\/studio48nord.de\/wp-content\/uploads\/2025\/10\/About.webp\" \/>\n\t<meta property=\"og:image:width\" content=\"400\" \/>\n\t<meta property=\"og:image:height\" content=\"380\" \/>\n\t<meta property=\"og:image:type\" content=\"image\/webp\" \/>\n<meta name=\"twitter:card\" content=\"summary_large_image\" \/>\n<meta name=\"twitter:label1\" content=\"Tempo di lettura stimato\" \/>\n\t<meta name=\"twitter:data1\" content=\"2 minuti\" \/>\n<script type=\"application\/ld+json\" class=\"yoast-schema-graph\">{\"@context\":\"https:\\\/\\\/schema.org\",\"@graph\":[{\"@type\":\"WebPage\",\"@id\":\"https:\\\/\\\/studio48nord.de\\\/it\\\/informazioni-su\\\/\",\"url\":\"https:\\\/\\\/studio48nord.de\\\/it\\\/informazioni-su\\\/\",\"name\":\"Informazioni su - studio48nord.de\",\"isPartOf\":{\"@id\":\"https:\\\/\\\/studio48nord.de\\\/it\\\/#website\"},\"primaryImageOfPage\":{\"@id\":\"https:\\\/\\\/studio48nord.de\\\/it\\\/informazioni-su\\\/#primaryimage\"},\"image\":{\"@id\":\"https:\\\/\\\/studio48nord.de\\\/it\\\/informazioni-su\\\/#primaryimage\"},\"thumbnailUrl\":\"https:\\\/\\\/studio48nord.de\\\/wp-content\\\/uploads\\\/2025\\\/10\\\/About.webp\",\"datePublished\":\"2025-10-24T13:29:36+00:00\",\"dateModified\":\"2026-02-24T09:29:20+00:00\",\"breadcrumb\":{\"@id\":\"https:\\\/\\\/studio48nord.de\\\/it\\\/informazioni-su\\\/#breadcrumb\"},\"inLanguage\":\"it-IT\",\"potentialAction\":[{\"@type\":\"ReadAction\",\"target\":[\"https:\\\/\\\/studio48nord.de\\\/it\\\/informazioni-su\\\/\"]}]},{\"@type\":\"ImageObject\",\"inLanguage\":\"it-IT\",\"@id\":\"https:\\\/\\\/studio48nord.de\\\/it\\\/informazioni-su\\\/#primaryimage\",\"url\":\"https:\\\/\\\/studio48nord.de\\\/wp-content\\\/uploads\\\/2025\\\/10\\\/About.webp\",\"contentUrl\":\"https:\\\/\\\/studio48nord.de\\\/wp-content\\\/uploads\\\/2025\\\/10\\\/About.webp\",\"width\":400,\"height\":380},{\"@type\":\"BreadcrumbList\",\"@id\":\"https:\\\/\\\/studio48nord.de\\\/it\\\/informazioni-su\\\/#breadcrumb\",\"itemListElement\":[{\"@type\":\"ListItem\",\"position\":1,\"name\":\"Start\",\"item\":\"https:\\\/\\\/studio48nord.de\\\/it\\\/\"},{\"@type\":\"ListItem\",\"position\":2,\"name\":\"Informazioni su\"}]},{\"@type\":\"WebSite\",\"@id\":\"https:\\\/\\\/studio48nord.de\\\/it\\\/#website\",\"url\":\"https:\\\/\\\/studio48nord.de\\\/it\\\/\",\"name\":\"Studio48Nord| 3D Druck individuell, einzigartig praktisch und lokal\",\"description\":\"\",\"publisher\":{\"@id\":\"https:\\\/\\\/studio48nord.de\\\/it\\\/#organization\"},\"potentialAction\":[{\"@type\":\"SearchAction\",\"target\":{\"@type\":\"EntryPoint\",\"urlTemplate\":\"https:\\\/\\\/studio48nord.de\\\/it\\\/?s={search_term_string}\"},\"query-input\":{\"@type\":\"PropertyValueSpecification\",\"valueRequired\":true,\"valueName\":\"search_term_string\"}}],\"inLanguage\":\"it-IT\"},{\"@type\":\"Organization\",\"@id\":\"https:\\\/\\\/studio48nord.de\\\/it\\\/#organization\",\"name\":\"studio48nord.de\",\"url\":\"https:\\\/\\\/studio48nord.de\\\/it\\\/\",\"logo\":{\"@type\":\"ImageObject\",\"inLanguage\":\"it-IT\",\"@id\":\"https:\\\/\\\/studio48nord.de\\\/it\\\/#\\\/schema\\\/logo\\\/image\\\/\",\"url\":\"https:\\\/\\\/studio48nord.de\\\/wp-content\\\/uploads\\\/2025\\\/10\\\/Zwischenuberschrift-1.svg\",\"contentUrl\":\"https:\\\/\\\/studio48nord.de\\\/wp-content\\\/uploads\\\/2025\\\/10\\\/Zwischenuberschrift-1.svg\",\"width\":900,\"height\":119,\"caption\":\"studio48nord.de\"},\"image\":{\"@id\":\"https:\\\/\\\/studio48nord.de\\\/it\\\/#\\\/schema\\\/logo\\\/image\\\/\"}}]}<\/script>\n<!-- \/ Yoast SEO plugin. -->","yoast_head_json":{"title":"Informazioni su - studio48nord.de","robots":{"index":"index","follow":"follow","max-snippet":"max-snippet:-1","max-image-preview":"max-image-preview:large","max-video-preview":"max-video-preview:-1"},"canonical":"https:\/\/studio48nord.de\/it\/informazioni-su\/","og_locale":"it_IT","og_type":"article","og_title":"Informazioni su - studio48nord.de","og_description":"Questo \u00e8 Studio48\u00b0Nord Tutto \u00e8 iniziato con una tazza da caff\u00e8 troppo alta e un vassoio raccogli gocce troppo basso. Chiunque ami la propria macchina per caff\u00e8 espresso o la propria scrivania lo sa bene: gli articoli prodotti in serie spesso si adattano solo per il 90% del tempo. Il restante 10% \u00e8 il compromesso [&hellip;]","og_url":"https:\/\/studio48nord.de\/it\/informazioni-su\/","og_site_name":"studio48nord.de","article_modified_time":"2026-02-24T09:29:20+00:00","og_image":[{"width":400,"height":380,"url":"https:\/\/studio48nord.de\/wp-content\/uploads\/2025\/10\/About.webp","type":"image\/webp"}],"twitter_card":"summary_large_image","twitter_misc":{"Tempo di lettura stimato":"2 minuti"},"schema":{"@context":"https:\/\/schema.org","@graph":[{"@type":"WebPage","@id":"https:\/\/studio48nord.de\/it\/informazioni-su\/","url":"https:\/\/studio48nord.de\/it\/informazioni-su\/","name":"Informazioni su - studio48nord.de","isPartOf":{"@id":"https:\/\/studio48nord.de\/it\/#website"},"primaryImageOfPage":{"@id":"https:\/\/studio48nord.de\/it\/informazioni-su\/#primaryimage"},"image":{"@id":"https:\/\/studio48nord.de\/it\/informazioni-su\/#primaryimage"},"thumbnailUrl":"https:\/\/studio48nord.de\/wp-content\/uploads\/2025\/10\/About.webp","datePublished":"2025-10-24T13:29:36+00:00","dateModified":"2026-02-24T09:29:20+00:00","breadcrumb":{"@id":"https:\/\/studio48nord.de\/it\/informazioni-su\/#breadcrumb"},"inLanguage":"it-IT","potentialAction":[{"@type":"ReadAction","target":["https:\/\/studio48nord.de\/it\/informazioni-su\/"]}]},{"@type":"ImageObject","inLanguage":"it-IT","@id":"https:\/\/studio48nord.de\/it\/informazioni-su\/#primaryimage","url":"https:\/\/studio48nord.de\/wp-content\/uploads\/2025\/10\/About.webp","contentUrl":"https:\/\/studio48nord.de\/wp-content\/uploads\/2025\/10\/About.webp","width":400,"height":380},{"@type":"BreadcrumbList","@id":"https:\/\/studio48nord.de\/it\/informazioni-su\/#breadcrumb","itemListElement":[{"@type":"ListItem","position":1,"name":"Start","item":"https:\/\/studio48nord.de\/it\/"},{"@type":"ListItem","position":2,"name":"Informazioni su"}]},{"@type":"WebSite","@id":"https:\/\/studio48nord.de\/it\/#website","url":"https:\/\/studio48nord.de\/it\/","name":"Studio48Nord| 3D Druck individuell, einzigartig praktisch und lokal","description":"","publisher":{"@id":"https:\/\/studio48nord.de\/it\/#organization"},"potentialAction":[{"@type":"SearchAction","target":{"@type":"EntryPoint","urlTemplate":"https:\/\/studio48nord.de\/it\/?s={search_term_string}"},"query-input":{"@type":"PropertyValueSpecification","valueRequired":true,"valueName":"search_term_string"}}],"inLanguage":"it-IT"},{"@type":"Organization","@id":"https:\/\/studio48nord.de\/it\/#organization","name":"studio48nord.de","url":"https:\/\/studio48nord.de\/it\/","logo":{"@type":"ImageObject","inLanguage":"it-IT","@id":"https:\/\/studio48nord.de\/it\/#\/schema\/logo\/image\/","url":"https:\/\/studio48nord.de\/wp-content\/uploads\/2025\/10\/Zwischenuberschrift-1.svg","contentUrl":"https:\/\/studio48nord.de\/wp-content\/uploads\/2025\/10\/Zwischenuberschrift-1.svg","width":900,"height":119,"caption":"studio48nord.de"},"image":{"@id":"https:\/\/studio48nord.de\/it\/#\/schema\/logo\/image\/"}}]}},"jetpack_sharing_enabled":true,"_links":{"self":[{"href":"https:\/\/studio48nord.de\/it\/wp-json\/wp\/v2\/pages\/995","targetHints":{"allow":["GET"]}}],"collection":[{"href":"https:\/\/studio48nord.de\/it\/wp-json\/wp\/v2\/pages"}],"about":[{"href":"https:\/\/studio48nord.de\/it\/wp-json\/wp\/v2\/types\/page"}],"author":[{"embeddable":true,"href":"https:\/\/studio48nord.de\/it\/wp-json\/wp\/v2\/users\/1"}],"replies":[{"embeddable":true,"href":"https:\/\/studio48nord.de\/it\/wp-json\/wp\/v2\/comments?post=995"}],"version-history":[{"count":1,"href":"https:\/\/studio48nord.de\/it\/wp-json\/wp\/v2\/pages\/995\/revisions"}],"predecessor-version":[{"id":1003,"href":"https:\/\/studio48nord.de\/it\/wp-json\/wp\/v2\/pages\/995\/revisions\/1003"}],"wp:featuredmedia":[{"embeddable":true,"href":"https:\/\/studio48nord.de\/it\/wp-json\/wp\/v2\/media\/1001"}],"wp:attachment":[{"href":"https:\/\/studio48nord.de\/it\/wp-json\/wp\/v2\/media?parent=995"}],"curies":[{"name":"wp","href":"https:\/\/api.w.org\/{rel}","templated":true}]}}