{"id":1103,"date":"2025-10-24T14:29:44","date_gmt":"2025-10-24T14:29:44","guid":{"rendered":"https:\/\/studio48nord.de\/produkte\/vassoio-di-raccolta-con-design-a-nido-dape-per-delonghi-dedica\/"},"modified":"2026-03-21T17:44:07","modified_gmt":"2026-03-21T16:44:07","slug":"vassoio-di-raccolta-con-design-a-nido-dape-per-delonghi-dedica","status":"publish","type":"product","link":"https:\/\/studio48nord.de\/it\/produkte\/vassoio-di-raccolta-con-design-a-nido-dape-per-delonghi-dedica\/","title":{"rendered":"Vassoio di raccolta con design a nido d&#8217;ape per Delonghi Dedica"},"content":{"rendered":"<h3>Punti salienti e vantaggi<\/h3>\n<ul>\n<li>L<strong>&#8216;affascinante design a nido d&#8217;ape \u00e8<\/strong> il fulcro di questo aggiornamento. Il motivo a nido d&#8217;ape, realizzato con precisione, \u00e8 un&#8217;assoluta attrazione visiva. Gioca elegantemente con luci e ombre e conferisce alla tua macchina una profondit\u00e0 tecnica ed estetica senza pari.  <\/li>\n<li><strong>Oltre il 24% di spazio in pi\u00f9 per le tazze:<\/strong> Questo \u00e8 il vantaggio decisivo! Con un&#8217;altezza di soli 3,3 cm, il nostro gocciolatoio \u00e8 pi\u00f9 basso del 24% rispetto alle estensioni tradizionali (che spesso superano i 4,3 cm di altezza). Guadagni pi\u00f9 di un centimetro di spazio fondamentale: la differenza tra &#8220;non entra&#8221; e &#8220;entra perfettamente&#8221;! \u00c8 la soluzione definitiva per tazze e bilance da caff\u00e8 pi\u00f9 grandi.   <\/li>\n<li><strong>Completa il look:<\/strong> questo vassoio raccogli gocce \u00e8 il complemento perfetto per il nostro vassoio per tazze dal design a nido d&#8217;ape. Combina i due prodotti per ottenere un look coerente e assolutamente armonioso che render\u00e0 unico il tuo angolo caff\u00e8. <\/li>\n<li><strong>Perfettamente adatto a Dedica:<\/strong> come tutti i nostri prodotti, questo vassoio raccogli gocce \u00e8 stato realizzato su misura per i modelli EC685 ed EC885. Si adatta perfettamente ed \u00e8 privo di oscillazioni per garantire che le tazze rimangano in piedi in modo sicuro. <\/li>\n<\/ul>\n<h3>Dimensioni e materiale<\/h3>\n<ul>\n<li><strong>Dimensioni (L x L x A):<\/strong> 149 mm x 132,5 mm x 33 mm<\/li>\n<li><strong>Materiale:<\/strong> Realizzato in PLA di alta qualit\u00e0 ed ecologico. Questo robusto materiale \u00e8 ottenuto da materie prime rinnovabili (come l&#8217;amido di mais) ed \u00e8 biodegradabile. <\/li>\n<li><strong>Istruzioni importanti per la cura:<\/strong> pulisci la vaschetta di raccolta solo a mano con acqua tiepida e un po&#8217; di detersivo. Non \u00e8 adatto alla lavastoviglie perch\u00e9 il calore elevato pu\u00f2 deformare il materiale. <\/li>\n<\/ul>\n<h3>L&#8217;aggiornamento perfetto<\/h3>\n<p>Il regalo ideale per chi ama il design e possiede una De&#8217;Longhi Dedica. \u00c8 un regalo fantastico e funzionale per l&#8217;appassionato di caff\u00e8 della tua vita che vuole perfezionare la sua configurazione. <\/p>\n<h3>100% Made in Munich<\/h3>\n<p>Dalla prima bozza del modello a nido d&#8217;ape alla precisa stampa 3D e al confezionamento: ogni fase avviene proprio qui, nel nostro piccolo laboratorio di Monaco. Un vero e proprio lavoro artigianale per la tua passione per il caff\u00e8. <\/p>\n<div style=\"width: 800px;\" class=\"wp-video\"><video class=\"wp-video-shortcode\" id=\"video-1103-1\" width=\"800\" height=\"800\" preload=\"metadata\" controls=\"controls\"><source type=\"video\/mp4\" src=\"http:\/\/studio48nord.de\/wp-content\/uploads\/2025\/10\/Design-ohne-Titel-4.mp4?_=1\" \/><a href=\"http:\/\/studio48nord.de\/wp-content\/uploads\/2025\/10\/Design-ohne-Titel-4.mp4\">http:\/\/studio48nord.de\/wp-content\/uploads\/2025\/10\/Design-ohne-Titel-4.mp4<\/a><\/video><\/div>\n","protected":false},"excerpt":{"rendered":"<p>Quando usavamo quotidianamente la nostra De&#8217;Longhi Dedica, eravamo costantemente frustrati da due cose: lo spazio insufficiente per le nostre tazze preferite e un look standard che&#8230; aveva bisogno di <i>qualcosa di pi\u00f9<\/i>.<\/p>\n<p>Questa frustrazione ha fatto nascere un&#8217;idea ed \u00e8 nato il nostro nuovo scolapiatti extrapiatto. Combina l&#8217;altezza pi\u00f9 bassa tecnicamente possibile con l&#8217;affascinante motivo a nido d&#8217;ape che ci piace tanto. Per noi \u00e8 la fusione perfetta tra l&#8217;utilit\u00e0 quotidiana e un&#8217;estetica tecnica di grande impatto.  <\/p>\n","protected":false},"featured_media":864,"comment_status":"open","ping_status":"closed","template":"","meta":[],"product_brand":[],"product_cat":[77,75],"product_tag":[],"class_list":{"0":"post-1103","1":"product","2":"type-product","3":"status-publish","4":"has-post-thumbnail","6":"product_cat-delonghi-dedica","7":"product_cat-stile-delonghi-dedica","8":"product_shipping_class-post","10":"first","11":"instock","12":"shipping-taxable","13":"purchasable","14":"product-type-variable"},"yoast_head":"<!-- This site is optimized with the Yoast SEO plugin v27.3 - https:\/\/yoast.com\/product\/yoast-seo-wordpress\/ -->\n<title>Vassoio a nido d&#039;ape De&#039;Longhi Dedica | Piatto ed elegante<\/title>\n<meta name=\"description\" content=\"Vassoio piatto da 33 mm con design a nido d&#039;ape per De&#039;Longhi Dedica EC685 ed EC885. Pi\u00f9 spazio per bilance e tazze. Prodotto a Monaco di Baviera.\" \/>\n<meta name=\"robots\" content=\"index, follow, max-snippet:-1, max-image-preview:large, max-video-preview:-1\" \/>\n<link rel=\"canonical\" href=\"https:\/\/studio48nord.de\/it\/produkte\/vassoio-di-raccolta-con-design-a-nido-dape-per-delonghi-dedica\/\" \/>\n<meta property=\"og:locale\" content=\"it_IT\" \/>\n<meta property=\"og:type\" content=\"article\" \/>\n<meta property=\"og:title\" content=\"Vassoio a nido d&#039;ape De&#039;Longhi Dedica | Piatto ed elegante\" \/>\n<meta property=\"og:description\" content=\"Vassoio piatto da 33 mm con design a nido d&#039;ape per De&#039;Longhi Dedica EC685 ed EC885. Pi\u00f9 spazio per bilance e tazze. Prodotto a Monaco di Baviera.\" \/>\n<meta property=\"og:url\" content=\"https:\/\/studio48nord.de\/it\/produkte\/vassoio-di-raccolta-con-design-a-nido-dape-per-delonghi-dedica\/\" \/>\n<meta property=\"og:site_name\" content=\"studio48nord.de\" \/>\n<meta property=\"article:modified_time\" content=\"2026-03-21T16:44:07+00:00\" \/>\n<meta property=\"og:image\" content=\"https:\/\/studio48nord.de\/wp-content\/uploads\/2025\/10\/IMG_20250808_142927-scaled.webp\" \/>\n\t<meta property=\"og:image:width\" content=\"1535\" \/>\n\t<meta property=\"og:image:height\" content=\"1920\" \/>\n\t<meta property=\"og:image:type\" content=\"image\/webp\" \/>\n<meta name=\"twitter:card\" content=\"summary_large_image\" \/>\n<meta name=\"twitter:label1\" content=\"Tempo di lettura stimato\" \/>\n\t<meta name=\"twitter:data1\" content=\"2 minuti\" \/>\n<script type=\"application\/ld+json\" class=\"yoast-schema-graph\">{\"@context\":\"https:\\\/\\\/schema.org\",\"@graph\":[{\"@type\":\"WebPage\",\"@id\":\"https:\\\/\\\/studio48nord.de\\\/it\\\/produkte\\\/vassoio-di-raccolta-con-design-a-nido-dape-per-delonghi-dedica\\\/\",\"url\":\"https:\\\/\\\/studio48nord.de\\\/it\\\/produkte\\\/vassoio-di-raccolta-con-design-a-nido-dape-per-delonghi-dedica\\\/\",\"name\":\"Vassoio a nido d'ape De'Longhi Dedica | Piatto ed elegante\",\"isPartOf\":{\"@id\":\"https:\\\/\\\/studio48nord.de\\\/it\\\/#website\"},\"primaryImageOfPage\":{\"@id\":\"https:\\\/\\\/studio48nord.de\\\/it\\\/produkte\\\/vassoio-di-raccolta-con-design-a-nido-dape-per-delonghi-dedica\\\/#primaryimage\"},\"image\":{\"@id\":\"https:\\\/\\\/studio48nord.de\\\/it\\\/produkte\\\/vassoio-di-raccolta-con-design-a-nido-dape-per-delonghi-dedica\\\/#primaryimage\"},\"thumbnailUrl\":\"https:\\\/\\\/studio48nord.de\\\/wp-content\\\/uploads\\\/2025\\\/10\\\/IMG_20250808_142927-scaled.webp\",\"datePublished\":\"2025-10-24T14:29:44+00:00\",\"dateModified\":\"2026-03-21T16:44:07+00:00\",\"description\":\"Vassoio piatto da 33 mm con design a nido d'ape per De'Longhi Dedica EC685 ed EC885. Pi\u00f9 spazio per bilance e tazze. Prodotto a Monaco di Baviera.\",\"breadcrumb\":{\"@id\":\"https:\\\/\\\/studio48nord.de\\\/it\\\/produkte\\\/vassoio-di-raccolta-con-design-a-nido-dape-per-delonghi-dedica\\\/#breadcrumb\"},\"inLanguage\":\"it-IT\",\"potentialAction\":[{\"@type\":\"ReadAction\",\"target\":[\"https:\\\/\\\/studio48nord.de\\\/it\\\/produkte\\\/vassoio-di-raccolta-con-design-a-nido-dape-per-delonghi-dedica\\\/\"]}]},{\"@type\":\"ImageObject\",\"inLanguage\":\"it-IT\",\"@id\":\"https:\\\/\\\/studio48nord.de\\\/it\\\/produkte\\\/vassoio-di-raccolta-con-design-a-nido-dape-per-delonghi-dedica\\\/#primaryimage\",\"url\":\"https:\\\/\\\/studio48nord.de\\\/wp-content\\\/uploads\\\/2025\\\/10\\\/IMG_20250808_142927-scaled.webp\",\"contentUrl\":\"https:\\\/\\\/studio48nord.de\\\/wp-content\\\/uploads\\\/2025\\\/10\\\/IMG_20250808_142927-scaled.webp\",\"width\":1535,\"height\":1920},{\"@type\":\"BreadcrumbList\",\"@id\":\"https:\\\/\\\/studio48nord.de\\\/it\\\/produkte\\\/vassoio-di-raccolta-con-design-a-nido-dape-per-delonghi-dedica\\\/#breadcrumb\",\"itemListElement\":[{\"@type\":\"ListItem\",\"position\":1,\"name\":\"Start\",\"item\":\"https:\\\/\\\/studio48nord.de\\\/it\\\/\"},{\"@type\":\"ListItem\",\"position\":2,\"name\":\"Shop\",\"item\":\"https:\\\/\\\/studio48nord.de\\\/produkte\\\/\"},{\"@type\":\"ListItem\",\"position\":3,\"name\":\"Vassoio di raccolta con design a nido d&#8217;ape per Delonghi Dedica\"}]},{\"@type\":\"WebSite\",\"@id\":\"https:\\\/\\\/studio48nord.de\\\/it\\\/#website\",\"url\":\"https:\\\/\\\/studio48nord.de\\\/it\\\/\",\"name\":\"Studio48Nord| 3D Druck individuell, einzigartig praktisch und lokal\",\"description\":\"\",\"publisher\":{\"@id\":\"https:\\\/\\\/studio48nord.de\\\/it\\\/#organization\"},\"potentialAction\":[{\"@type\":\"SearchAction\",\"target\":{\"@type\":\"EntryPoint\",\"urlTemplate\":\"https:\\\/\\\/studio48nord.de\\\/it\\\/?s={search_term_string}\"},\"query-input\":{\"@type\":\"PropertyValueSpecification\",\"valueRequired\":true,\"valueName\":\"search_term_string\"}}],\"inLanguage\":\"it-IT\"},{\"@type\":\"Organization\",\"@id\":\"https:\\\/\\\/studio48nord.de\\\/it\\\/#organization\",\"name\":\"studio48nord.de\",\"url\":\"https:\\\/\\\/studio48nord.de\\\/it\\\/\",\"logo\":{\"@type\":\"ImageObject\",\"inLanguage\":\"it-IT\",\"@id\":\"https:\\\/\\\/studio48nord.de\\\/it\\\/#\\\/schema\\\/logo\\\/image\\\/\",\"url\":\"https:\\\/\\\/studio48nord.de\\\/wp-content\\\/uploads\\\/2025\\\/10\\\/Zwischenuberschrift-1.svg\",\"contentUrl\":\"https:\\\/\\\/studio48nord.de\\\/wp-content\\\/uploads\\\/2025\\\/10\\\/Zwischenuberschrift-1.svg\",\"width\":900,\"height\":119,\"caption\":\"studio48nord.de\"},\"image\":{\"@id\":\"https:\\\/\\\/studio48nord.de\\\/it\\\/#\\\/schema\\\/logo\\\/image\\\/\"}}]}<\/script>\n<!-- \/ Yoast SEO plugin. -->","yoast_head_json":{"title":"Vassoio a nido d'ape De'Longhi Dedica | Piatto ed elegante","description":"Vassoio piatto da 33 mm con design a nido d'ape per De'Longhi Dedica EC685 ed EC885. Pi\u00f9 spazio per bilance e tazze. Prodotto a Monaco di Baviera.","robots":{"index":"index","follow":"follow","max-snippet":"max-snippet:-1","max-image-preview":"max-image-preview:large","max-video-preview":"max-video-preview:-1"},"canonical":"https:\/\/studio48nord.de\/it\/produkte\/vassoio-di-raccolta-con-design-a-nido-dape-per-delonghi-dedica\/","og_locale":"it_IT","og_type":"article","og_title":"Vassoio a nido d'ape De'Longhi Dedica | Piatto ed elegante","og_description":"Vassoio piatto da 33 mm con design a nido d'ape per De'Longhi Dedica EC685 ed EC885. Pi\u00f9 spazio per bilance e tazze. Prodotto a Monaco di Baviera.","og_url":"https:\/\/studio48nord.de\/it\/produkte\/vassoio-di-raccolta-con-design-a-nido-dape-per-delonghi-dedica\/","og_site_name":"studio48nord.de","article_modified_time":"2026-03-21T16:44:07+00:00","og_image":[{"width":1535,"height":1920,"url":"https:\/\/studio48nord.de\/wp-content\/uploads\/2025\/10\/IMG_20250808_142927-scaled.webp","type":"image\/webp"}],"twitter_card":"summary_large_image","twitter_misc":{"Tempo di lettura stimato":"2 minuti"},"schema":{"@context":"https:\/\/schema.org","@graph":[{"@type":"WebPage","@id":"https:\/\/studio48nord.de\/it\/produkte\/vassoio-di-raccolta-con-design-a-nido-dape-per-delonghi-dedica\/","url":"https:\/\/studio48nord.de\/it\/produkte\/vassoio-di-raccolta-con-design-a-nido-dape-per-delonghi-dedica\/","name":"Vassoio a nido d'ape De'Longhi Dedica | Piatto ed elegante","isPartOf":{"@id":"https:\/\/studio48nord.de\/it\/#website"},"primaryImageOfPage":{"@id":"https:\/\/studio48nord.de\/it\/produkte\/vassoio-di-raccolta-con-design-a-nido-dape-per-delonghi-dedica\/#primaryimage"},"image":{"@id":"https:\/\/studio48nord.de\/it\/produkte\/vassoio-di-raccolta-con-design-a-nido-dape-per-delonghi-dedica\/#primaryimage"},"thumbnailUrl":"https:\/\/studio48nord.de\/wp-content\/uploads\/2025\/10\/IMG_20250808_142927-scaled.webp","datePublished":"2025-10-24T14:29:44+00:00","dateModified":"2026-03-21T16:44:07+00:00","description":"Vassoio piatto da 33 mm con design a nido d'ape per De'Longhi Dedica EC685 ed EC885. Pi\u00f9 spazio per bilance e tazze. Prodotto a Monaco di Baviera.","breadcrumb":{"@id":"https:\/\/studio48nord.de\/it\/produkte\/vassoio-di-raccolta-con-design-a-nido-dape-per-delonghi-dedica\/#breadcrumb"},"inLanguage":"it-IT","potentialAction":[{"@type":"ReadAction","target":["https:\/\/studio48nord.de\/it\/produkte\/vassoio-di-raccolta-con-design-a-nido-dape-per-delonghi-dedica\/"]}]},{"@type":"ImageObject","inLanguage":"it-IT","@id":"https:\/\/studio48nord.de\/it\/produkte\/vassoio-di-raccolta-con-design-a-nido-dape-per-delonghi-dedica\/#primaryimage","url":"https:\/\/studio48nord.de\/wp-content\/uploads\/2025\/10\/IMG_20250808_142927-scaled.webp","contentUrl":"https:\/\/studio48nord.de\/wp-content\/uploads\/2025\/10\/IMG_20250808_142927-scaled.webp","width":1535,"height":1920},{"@type":"BreadcrumbList","@id":"https:\/\/studio48nord.de\/it\/produkte\/vassoio-di-raccolta-con-design-a-nido-dape-per-delonghi-dedica\/#breadcrumb","itemListElement":[{"@type":"ListItem","position":1,"name":"Start","item":"https:\/\/studio48nord.de\/it\/"},{"@type":"ListItem","position":2,"name":"Shop","item":"https:\/\/studio48nord.de\/produkte\/"},{"@type":"ListItem","position":3,"name":"Vassoio di raccolta con design a nido d&#8217;ape per Delonghi Dedica"}]},{"@type":"WebSite","@id":"https:\/\/studio48nord.de\/it\/#website","url":"https:\/\/studio48nord.de\/it\/","name":"Studio48Nord| 3D Druck individuell, einzigartig praktisch und lokal","description":"","publisher":{"@id":"https:\/\/studio48nord.de\/it\/#organization"},"potentialAction":[{"@type":"SearchAction","target":{"@type":"EntryPoint","urlTemplate":"https:\/\/studio48nord.de\/it\/?s={search_term_string}"},"query-input":{"@type":"PropertyValueSpecification","valueRequired":true,"valueName":"search_term_string"}}],"inLanguage":"it-IT"},{"@type":"Organization","@id":"https:\/\/studio48nord.de\/it\/#organization","name":"studio48nord.de","url":"https:\/\/studio48nord.de\/it\/","logo":{"@type":"ImageObject","inLanguage":"it-IT","@id":"https:\/\/studio48nord.de\/it\/#\/schema\/logo\/image\/","url":"https:\/\/studio48nord.de\/wp-content\/uploads\/2025\/10\/Zwischenuberschrift-1.svg","contentUrl":"https:\/\/studio48nord.de\/wp-content\/uploads\/2025\/10\/Zwischenuberschrift-1.svg","width":900,"height":119,"caption":"studio48nord.de"},"image":{"@id":"https:\/\/studio48nord.de\/it\/#\/schema\/logo\/image\/"}}]}},"jetpack_sharing_enabled":true,"_links":{"self":[{"href":"https:\/\/studio48nord.de\/it\/wp-json\/wp\/v2\/product\/1103","targetHints":{"allow":["GET"]}}],"collection":[{"href":"https:\/\/studio48nord.de\/it\/wp-json\/wp\/v2\/product"}],"about":[{"href":"https:\/\/studio48nord.de\/it\/wp-json\/wp\/v2\/types\/product"}],"replies":[{"embeddable":true,"href":"https:\/\/studio48nord.de\/it\/wp-json\/wp\/v2\/comments?post=1103"}],"wp:featuredmedia":[{"embeddable":true,"href":"https:\/\/studio48nord.de\/it\/wp-json\/wp\/v2\/media\/864"}],"wp:attachment":[{"href":"https:\/\/studio48nord.de\/it\/wp-json\/wp\/v2\/media?parent=1103"}],"wp:term":[{"taxonomy":"product_brand","embeddable":true,"href":"https:\/\/studio48nord.de\/it\/wp-json\/wp\/v2\/product_brand?post=1103"},{"taxonomy":"product_cat","embeddable":true,"href":"https:\/\/studio48nord.de\/it\/wp-json\/wp\/v2\/product_cat?post=1103"},{"taxonomy":"product_tag","embeddable":true,"href":"https:\/\/studio48nord.de\/it\/wp-json\/wp\/v2\/product_tag?post=1103"}],"curies":[{"name":"wp","href":"https:\/\/api.w.org\/{rel}","templated":true}]}}