{"id":1181,"date":"2025-10-28T07:48:41","date_gmt":"2025-10-28T07:48:41","guid":{"rendered":"https:\/\/studio48nord.de\/produkte\/vaschetta-raccogli-gocce-slim-design-per-delonghi-dedica\/"},"modified":"2026-03-21T17:44:06","modified_gmt":"2026-03-21T16:44:06","slug":"vaschetta-raccogli-gocce-slim-design-per-delonghi-dedica","status":"publish","type":"product","link":"https:\/\/studio48nord.de\/it\/produkte\/vaschetta-raccogli-gocce-slim-design-per-delonghi-dedica\/","title":{"rendered":"Vaschetta raccogli gocce &#8220;Slim Design&#8221; per Delonghi Dedica"},"content":{"rendered":"<h3>Dettagli e caratteristiche<\/h3>\n<p>Ecco tutto ci\u00f2 che rende il nostro upgrade per la tua Dedica cos\u00ec speciale:<\/p>\n<h3>Punti salienti e vantaggi<\/h3>\n<ul>\n<li><strong>OLTRE IL 24% DI SPAZIO IN PI\u00d9 IN ALTEZZA:<\/strong> questo \u00e8 il vantaggio decisivo! Con un&#8217;altezza di soli 3,3 cm, il nostro gocciolatoio \u00e8 pi\u00f9 basso del 24% rispetto alle estensioni convenzionali e al gocciolatoio originale (che hanno un&#8217;altezza di oltre 4,3 cm). Ci\u00f2 significa che guadagni pi\u00f9 di un centimetro di spazio fondamentale: la differenza tra &#8220;non entra&#8221; e &#8220;entra perfettamente&#8221;!  <\/li>\n<li><strong>Bicchieri alti e bilance per il caff\u00e8:<\/strong> grazie al design ultrapiatto, i tuoi bicchieri un po&#8217; pi\u00f9 alti, la tua tazza termica preferita e una precisa bilancia per il caff\u00e8 possono finalmente entrare senza problemi sotto il portafiltro.<\/li>\n<li><strong>Base ampia per due tazze:<\/strong> Nonostante il profilo piatto, il design offre spazio sufficiente per due tazze da cappuccino classiche una accanto all&#8217;altra: l&#8217;ideale per un caff\u00e8 per due.<\/li>\n<li><strong>Design elegante e personalizzato:<\/strong> la superficie nera opaca, finemente strutturata, si integra perfettamente nell&#8217;aspetto elegante del tuo Delonghi Dedica (EC685\/EC885) e lo valorizza sottilmente.<\/li>\n<\/ul>\n<h3>Dimensioni e materiale<\/h3>\n<ul>\n<li><strong>Dimensioni (L x L x A):<\/strong> 149 mm x 132,5 mm x 33 mm<\/li>\n<li><strong>Materiale:<\/strong> Realizzato in plastica PLA di alta qualit\u00e0 ed ecologica. Questo materiale \u00e8 ricavato da materie prime rinnovabili come l&#8217;amido di mais ed \u00e8 biodegradabile. <\/li>\n<li><strong>Istruzioni importanti per la cura:<\/strong> anche se la breve esposizione all&#8217;acqua calda della macchina da caff\u00e8 non costituisce un problema, pulisci la vaschetta di raccolta solo a mano con acqua tiepida e un po&#8217; di detersivo. Non \u00e8 adatto alla lavastoviglie! <\/li>\n<\/ul>\n<h3>Colori disponibili<\/h3>\n<p>Attualmente \u00e8 disponibile in un elegante nero opaco, che si abbina perfettamente al design della macchina.<\/p>\n<h3>Perfetto come regalo<\/h3>\n<p>L&#8217;aggiornamento ideale per tutti i possessori di una Delonghi Dedica e un regalo fantastico per tutti gli amanti del caff\u00e8, i baristi per hobby e gli appassionati di design, per compleanni, Natale o semplicemente perch\u00e9.<\/p>\n<h3>100% Made in Munich<\/h3>\n<p>Dalla progettazione digitale iniziale alla stampa 3D precisa, fino alla spedizione accurata e assicurata tramite DHL: tutto avviene nel nostro piccolo laboratorio qui a Monaco. In questo modo sostieni un&#8217;azienda locale e ricevi un prodotto realizzato con passione. <\/p>\n<h3>Conclusione<\/h3>\n<p>Migliora il tuo caff\u00e8 quotidiano con il design intelligente ed elegante di Studio48\u00b0Nord. Se hai domande (o richieste particolari, ad esempio), siamo sempre felici di aiutarti! <\/p>\n","protected":false},"excerpt":{"rendered":"<p>Conosci il problema? La tua tazza preferita non entra sotto la tua Delonghi Dedica e di certo non c&#8217;\u00e8 spazio per la bilancia del caff\u00e8. Niente di tutto questo! Con il nostro vassoio extra basso personalizzato, prodotto dalla nostra manifattura di Monaco di Baviera, potrai finalmente sfruttare al meglio la tua macchina portafiltro e godere di un nuovo look unico che far\u00e0 risaltare la tua DeLonghi Dedica.   <\/p>\n","protected":false},"featured_media":874,"comment_status":"open","ping_status":"closed","template":"","meta":[],"product_brand":[],"product_cat":[77,87,75],"product_tag":[],"class_list":{"0":"post-1181","1":"product","2":"type-product","3":"status-publish","4":"has-post-thumbnail","6":"product_cat-delonghi-dedica","7":"product_cat-delonghi-dedica-duo","8":"product_cat-stile-delonghi-dedica","10":"first","11":"instock","12":"shipping-taxable","13":"purchasable","14":"product-type-variable"},"yoast_head":"<!-- This site is optimized with the Yoast SEO plugin v27.3 - https:\/\/yoast.com\/product\/yoast-seo-wordpress\/ -->\n<title>Vassoio piatto De&#039;Longhi Dedica EC685 &amp; EC885 | Studio48\u00b0Nord<\/title>\n<meta name=\"description\" content=\"Crea spazio per tazze e bilance di grandi dimensioni sotto il tuo Dedica. Alto solo 33 mm, \u00e8 pi\u00f9 sottile del 24% rispetto all&#039;originale. Realizzato a mano a Monaco di Baviera con PLA sostenibile.\" \/>\n<meta name=\"robots\" content=\"index, follow, max-snippet:-1, max-image-preview:large, max-video-preview:-1\" \/>\n<link rel=\"canonical\" href=\"https:\/\/studio48nord.de\/it\/produkte\/vaschetta-raccogli-gocce-slim-design-per-delonghi-dedica\/\" \/>\n<meta property=\"og:locale\" content=\"it_IT\" \/>\n<meta property=\"og:type\" content=\"article\" \/>\n<meta property=\"og:title\" content=\"Vassoio piatto De&#039;Longhi Dedica EC685 &amp; EC885 | Studio48\u00b0Nord\" \/>\n<meta property=\"og:description\" content=\"Crea spazio per tazze e bilance di grandi dimensioni sotto il tuo Dedica. Alto solo 33 mm, \u00e8 pi\u00f9 sottile del 24% rispetto all&#039;originale. Realizzato a mano a Monaco di Baviera con PLA sostenibile.\" \/>\n<meta property=\"og:url\" content=\"https:\/\/studio48nord.de\/it\/produkte\/vaschetta-raccogli-gocce-slim-design-per-delonghi-dedica\/\" \/>\n<meta property=\"og:site_name\" content=\"studio48nord.de\" \/>\n<meta property=\"article:modified_time\" content=\"2026-03-21T16:44:06+00:00\" \/>\n<meta property=\"og:image\" content=\"https:\/\/studio48nord.de\/wp-content\/uploads\/2025\/10\/Slim-Tray-scaled.webp\" \/>\n\t<meta property=\"og:image:width\" content=\"1440\" \/>\n\t<meta property=\"og:image:height\" content=\"1920\" \/>\n\t<meta property=\"og:image:type\" content=\"image\/webp\" \/>\n<meta name=\"twitter:card\" content=\"summary_large_image\" \/>\n<meta name=\"twitter:label1\" content=\"Tempo di lettura stimato\" \/>\n\t<meta name=\"twitter:data1\" content=\"2 minuti\" \/>\n<script type=\"application\/ld+json\" class=\"yoast-schema-graph\">{\"@context\":\"https:\\\/\\\/schema.org\",\"@graph\":[{\"@type\":\"WebPage\",\"@id\":\"https:\\\/\\\/studio48nord.de\\\/it\\\/produkte\\\/vaschetta-raccogli-gocce-slim-design-per-delonghi-dedica\\\/\",\"url\":\"https:\\\/\\\/studio48nord.de\\\/it\\\/produkte\\\/vaschetta-raccogli-gocce-slim-design-per-delonghi-dedica\\\/\",\"name\":\"Vassoio piatto De'Longhi Dedica EC685 & EC885 | Studio48\u00b0Nord\",\"isPartOf\":{\"@id\":\"https:\\\/\\\/studio48nord.de\\\/it\\\/#website\"},\"primaryImageOfPage\":{\"@id\":\"https:\\\/\\\/studio48nord.de\\\/it\\\/produkte\\\/vaschetta-raccogli-gocce-slim-design-per-delonghi-dedica\\\/#primaryimage\"},\"image\":{\"@id\":\"https:\\\/\\\/studio48nord.de\\\/it\\\/produkte\\\/vaschetta-raccogli-gocce-slim-design-per-delonghi-dedica\\\/#primaryimage\"},\"thumbnailUrl\":\"https:\\\/\\\/studio48nord.de\\\/wp-content\\\/uploads\\\/2025\\\/10\\\/Slim-Tray-scaled.webp\",\"datePublished\":\"2025-10-28T07:48:41+00:00\",\"dateModified\":\"2026-03-21T16:44:06+00:00\",\"description\":\"Crea spazio per tazze e bilance di grandi dimensioni sotto il tuo Dedica. Alto solo 33 mm, \u00e8 pi\u00f9 sottile del 24% rispetto all'originale. Realizzato a mano a Monaco di Baviera con PLA sostenibile.\",\"breadcrumb\":{\"@id\":\"https:\\\/\\\/studio48nord.de\\\/it\\\/produkte\\\/vaschetta-raccogli-gocce-slim-design-per-delonghi-dedica\\\/#breadcrumb\"},\"inLanguage\":\"it-IT\",\"potentialAction\":[{\"@type\":\"ReadAction\",\"target\":[\"https:\\\/\\\/studio48nord.de\\\/it\\\/produkte\\\/vaschetta-raccogli-gocce-slim-design-per-delonghi-dedica\\\/\"]}]},{\"@type\":\"ImageObject\",\"inLanguage\":\"it-IT\",\"@id\":\"https:\\\/\\\/studio48nord.de\\\/it\\\/produkte\\\/vaschetta-raccogli-gocce-slim-design-per-delonghi-dedica\\\/#primaryimage\",\"url\":\"https:\\\/\\\/studio48nord.de\\\/wp-content\\\/uploads\\\/2025\\\/10\\\/Slim-Tray-scaled.webp\",\"contentUrl\":\"https:\\\/\\\/studio48nord.de\\\/wp-content\\\/uploads\\\/2025\\\/10\\\/Slim-Tray-scaled.webp\",\"width\":1440,\"height\":1920},{\"@type\":\"BreadcrumbList\",\"@id\":\"https:\\\/\\\/studio48nord.de\\\/it\\\/produkte\\\/vaschetta-raccogli-gocce-slim-design-per-delonghi-dedica\\\/#breadcrumb\",\"itemListElement\":[{\"@type\":\"ListItem\",\"position\":1,\"name\":\"Start\",\"item\":\"https:\\\/\\\/studio48nord.de\\\/it\\\/\"},{\"@type\":\"ListItem\",\"position\":2,\"name\":\"Shop\",\"item\":\"https:\\\/\\\/studio48nord.de\\\/produkte\\\/\"},{\"@type\":\"ListItem\",\"position\":3,\"name\":\"Vaschetta raccogli gocce &#8222;Slim Design&#8220; per Delonghi Dedica\"}]},{\"@type\":\"WebSite\",\"@id\":\"https:\\\/\\\/studio48nord.de\\\/it\\\/#website\",\"url\":\"https:\\\/\\\/studio48nord.de\\\/it\\\/\",\"name\":\"Studio48Nord| 3D Druck individuell, einzigartig praktisch und lokal\",\"description\":\"\",\"publisher\":{\"@id\":\"https:\\\/\\\/studio48nord.de\\\/it\\\/#organization\"},\"potentialAction\":[{\"@type\":\"SearchAction\",\"target\":{\"@type\":\"EntryPoint\",\"urlTemplate\":\"https:\\\/\\\/studio48nord.de\\\/it\\\/?s={search_term_string}\"},\"query-input\":{\"@type\":\"PropertyValueSpecification\",\"valueRequired\":true,\"valueName\":\"search_term_string\"}}],\"inLanguage\":\"it-IT\"},{\"@type\":\"Organization\",\"@id\":\"https:\\\/\\\/studio48nord.de\\\/it\\\/#organization\",\"name\":\"studio48nord.de\",\"url\":\"https:\\\/\\\/studio48nord.de\\\/it\\\/\",\"logo\":{\"@type\":\"ImageObject\",\"inLanguage\":\"it-IT\",\"@id\":\"https:\\\/\\\/studio48nord.de\\\/it\\\/#\\\/schema\\\/logo\\\/image\\\/\",\"url\":\"https:\\\/\\\/studio48nord.de\\\/wp-content\\\/uploads\\\/2025\\\/10\\\/Zwischenuberschrift-1.svg\",\"contentUrl\":\"https:\\\/\\\/studio48nord.de\\\/wp-content\\\/uploads\\\/2025\\\/10\\\/Zwischenuberschrift-1.svg\",\"width\":900,\"height\":119,\"caption\":\"studio48nord.de\"},\"image\":{\"@id\":\"https:\\\/\\\/studio48nord.de\\\/it\\\/#\\\/schema\\\/logo\\\/image\\\/\"}}]}<\/script>\n<!-- \/ Yoast SEO plugin. -->","yoast_head_json":{"title":"Vassoio piatto De'Longhi Dedica EC685 & EC885 | Studio48\u00b0Nord","description":"Crea spazio per tazze e bilance di grandi dimensioni sotto il tuo Dedica. Alto solo 33 mm, \u00e8 pi\u00f9 sottile del 24% rispetto all'originale. Realizzato a mano a Monaco di Baviera con PLA sostenibile.","robots":{"index":"index","follow":"follow","max-snippet":"max-snippet:-1","max-image-preview":"max-image-preview:large","max-video-preview":"max-video-preview:-1"},"canonical":"https:\/\/studio48nord.de\/it\/produkte\/vaschetta-raccogli-gocce-slim-design-per-delonghi-dedica\/","og_locale":"it_IT","og_type":"article","og_title":"Vassoio piatto De'Longhi Dedica EC685 & EC885 | Studio48\u00b0Nord","og_description":"Crea spazio per tazze e bilance di grandi dimensioni sotto il tuo Dedica. Alto solo 33 mm, \u00e8 pi\u00f9 sottile del 24% rispetto all'originale. Realizzato a mano a Monaco di Baviera con PLA sostenibile.","og_url":"https:\/\/studio48nord.de\/it\/produkte\/vaschetta-raccogli-gocce-slim-design-per-delonghi-dedica\/","og_site_name":"studio48nord.de","article_modified_time":"2026-03-21T16:44:06+00:00","og_image":[{"width":1440,"height":1920,"url":"https:\/\/studio48nord.de\/wp-content\/uploads\/2025\/10\/Slim-Tray-scaled.webp","type":"image\/webp"}],"twitter_card":"summary_large_image","twitter_misc":{"Tempo di lettura stimato":"2 minuti"},"schema":{"@context":"https:\/\/schema.org","@graph":[{"@type":"WebPage","@id":"https:\/\/studio48nord.de\/it\/produkte\/vaschetta-raccogli-gocce-slim-design-per-delonghi-dedica\/","url":"https:\/\/studio48nord.de\/it\/produkte\/vaschetta-raccogli-gocce-slim-design-per-delonghi-dedica\/","name":"Vassoio piatto De'Longhi Dedica EC685 & EC885 | Studio48\u00b0Nord","isPartOf":{"@id":"https:\/\/studio48nord.de\/it\/#website"},"primaryImageOfPage":{"@id":"https:\/\/studio48nord.de\/it\/produkte\/vaschetta-raccogli-gocce-slim-design-per-delonghi-dedica\/#primaryimage"},"image":{"@id":"https:\/\/studio48nord.de\/it\/produkte\/vaschetta-raccogli-gocce-slim-design-per-delonghi-dedica\/#primaryimage"},"thumbnailUrl":"https:\/\/studio48nord.de\/wp-content\/uploads\/2025\/10\/Slim-Tray-scaled.webp","datePublished":"2025-10-28T07:48:41+00:00","dateModified":"2026-03-21T16:44:06+00:00","description":"Crea spazio per tazze e bilance di grandi dimensioni sotto il tuo Dedica. Alto solo 33 mm, \u00e8 pi\u00f9 sottile del 24% rispetto all'originale. Realizzato a mano a Monaco di Baviera con PLA sostenibile.","breadcrumb":{"@id":"https:\/\/studio48nord.de\/it\/produkte\/vaschetta-raccogli-gocce-slim-design-per-delonghi-dedica\/#breadcrumb"},"inLanguage":"it-IT","potentialAction":[{"@type":"ReadAction","target":["https:\/\/studio48nord.de\/it\/produkte\/vaschetta-raccogli-gocce-slim-design-per-delonghi-dedica\/"]}]},{"@type":"ImageObject","inLanguage":"it-IT","@id":"https:\/\/studio48nord.de\/it\/produkte\/vaschetta-raccogli-gocce-slim-design-per-delonghi-dedica\/#primaryimage","url":"https:\/\/studio48nord.de\/wp-content\/uploads\/2025\/10\/Slim-Tray-scaled.webp","contentUrl":"https:\/\/studio48nord.de\/wp-content\/uploads\/2025\/10\/Slim-Tray-scaled.webp","width":1440,"height":1920},{"@type":"BreadcrumbList","@id":"https:\/\/studio48nord.de\/it\/produkte\/vaschetta-raccogli-gocce-slim-design-per-delonghi-dedica\/#breadcrumb","itemListElement":[{"@type":"ListItem","position":1,"name":"Start","item":"https:\/\/studio48nord.de\/it\/"},{"@type":"ListItem","position":2,"name":"Shop","item":"https:\/\/studio48nord.de\/produkte\/"},{"@type":"ListItem","position":3,"name":"Vaschetta raccogli gocce &#8222;Slim Design&#8220; per Delonghi Dedica"}]},{"@type":"WebSite","@id":"https:\/\/studio48nord.de\/it\/#website","url":"https:\/\/studio48nord.de\/it\/","name":"Studio48Nord| 3D Druck individuell, einzigartig praktisch und lokal","description":"","publisher":{"@id":"https:\/\/studio48nord.de\/it\/#organization"},"potentialAction":[{"@type":"SearchAction","target":{"@type":"EntryPoint","urlTemplate":"https:\/\/studio48nord.de\/it\/?s={search_term_string}"},"query-input":{"@type":"PropertyValueSpecification","valueRequired":true,"valueName":"search_term_string"}}],"inLanguage":"it-IT"},{"@type":"Organization","@id":"https:\/\/studio48nord.de\/it\/#organization","name":"studio48nord.de","url":"https:\/\/studio48nord.de\/it\/","logo":{"@type":"ImageObject","inLanguage":"it-IT","@id":"https:\/\/studio48nord.de\/it\/#\/schema\/logo\/image\/","url":"https:\/\/studio48nord.de\/wp-content\/uploads\/2025\/10\/Zwischenuberschrift-1.svg","contentUrl":"https:\/\/studio48nord.de\/wp-content\/uploads\/2025\/10\/Zwischenuberschrift-1.svg","width":900,"height":119,"caption":"studio48nord.de"},"image":{"@id":"https:\/\/studio48nord.de\/it\/#\/schema\/logo\/image\/"}}]}},"jetpack_sharing_enabled":true,"_links":{"self":[{"href":"https:\/\/studio48nord.de\/it\/wp-json\/wp\/v2\/product\/1181","targetHints":{"allow":["GET"]}}],"collection":[{"href":"https:\/\/studio48nord.de\/it\/wp-json\/wp\/v2\/product"}],"about":[{"href":"https:\/\/studio48nord.de\/it\/wp-json\/wp\/v2\/types\/product"}],"replies":[{"embeddable":true,"href":"https:\/\/studio48nord.de\/it\/wp-json\/wp\/v2\/comments?post=1181"}],"wp:featuredmedia":[{"embeddable":true,"href":"https:\/\/studio48nord.de\/it\/wp-json\/wp\/v2\/media\/874"}],"wp:attachment":[{"href":"https:\/\/studio48nord.de\/it\/wp-json\/wp\/v2\/media?parent=1181"}],"wp:term":[{"taxonomy":"product_brand","embeddable":true,"href":"https:\/\/studio48nord.de\/it\/wp-json\/wp\/v2\/product_brand?post=1181"},{"taxonomy":"product_cat","embeddable":true,"href":"https:\/\/studio48nord.de\/it\/wp-json\/wp\/v2\/product_cat?post=1181"},{"taxonomy":"product_tag","embeddable":true,"href":"https:\/\/studio48nord.de\/it\/wp-json\/wp\/v2\/product_tag?post=1181"}],"curies":[{"name":"wp","href":"https:\/\/api.w.org\/{rel}","templated":true}]}}